{"id":16,"date":"2024-01-30T16:45:30","date_gmt":"2024-01-30T16:45:30","guid":{"rendered":"https:\/\/spacemanco.com\/?page_id=16"},"modified":"2024-03-20T14:29:25","modified_gmt":"2024-03-20T14:29:25","slug":"about-us-website-about-the-spaceman-game","status":"publish","type":"page","link":"https:\/\/spacemanco.com\/de\/about-us-website-about-the-spaceman-game\/","title":{"rendered":"\u00dcber Uns: Website \u00fcber das Spaceman Spiel"},"content":{"rendered":"<p>Das Online-Spiel Spaceman ist ein einzigartiges Crash-Spiel, das f\u00fcr echte Enthusiasten von Aufregung und aufregenden Abenteuern geschaffen wurde! Wir sind ein Team von Fachleuten, das der Idee der Entwicklung einzigartiger und fesselnder Spielerlebnisse verpflichtet ist. Deshalb haben wir eine Website speziell f\u00fcr dieses sch\u00f6ne und einzigartige Crash-Spiel erstellt.<\/p>\n<p>Spaceman ist ein erstklassiges Crash-Spiel, bei dem jede Spielrunde zu einem aufregenden kosmischen Flug wird. Unser Ziel ist es, den Spielern unvergleichliche Emotionen und die M\u00f6glichkeit zu bieten, in der aufregenden Atmosph\u00e4re einer Weltraumodyssee echtes Geld zu gewinnen.<\/p>\n<h2>Was macht Spaceman besonders? Schauen wir uns diese Frage genauer an.<\/h2>\n<ul>\n<li>Erstens ist es ein innovativer Ansatz zum Gameplay, der absolute Fairness und Zuf\u00e4lligkeit der Ergebnisse gew\u00e4hrleistet.<\/li>\n<li>Zweitens bietet Spaceman den Spielern eine Vielzahl von Optionen zur Anpassung ihres Spielerlebnisses.<\/li>\n<li>Schlie\u00dflich sind die Spieleentwickler stolz auf das hohe Ma\u00df an Sicherheit und Zuverl\u00e4ssigkeit. Spaceman gew\u00e4hrleistet den Schutz der pers\u00f6nlichen Daten der Spieler und garantiert faires Spiel ohne Manipulationen.<\/li>\n<\/ul>\n<p>Auf dieser Website finden Sie Antworten auf alle Fragen im Zusammenhang mit dem Spiel Spaceman.<\/p>\n","protected":false},"excerpt":{"rendered":"<p>Das Online-Spiel Spaceman ist ein einzigartiges Crash-Spiel, das f\u00fcr echte Enthusiasten von Aufregung und aufregenden Abenteuern geschaffen wurde! Wir sind ein Team von Fachleuten, das der Idee der Entwicklung einzigartiger und fesselnder Spielerlebnisse verpflichtet ist. Deshalb haben wir eine Website speziell f\u00fcr dieses sch\u00f6ne und einzigartige Crash-Spiel erstellt. Spaceman ist ein erstklassiges Crash-Spiel, bei dem [&hellip;]<\/p>\n","protected":false},"author":1,"featured_media":43,"parent":0,"menu_order":0,"comment_status":"closed","ping_status":"closed","template":"","meta":{"footnotes":""},"class_list":["post-16","page","type-page","status-publish","has-post-thumbnail","hentry"],"yoast_head":"<!-- This site is optimized with the Yoast SEO plugin v27.2 - https:\/\/yoast.com\/product\/yoast-seo-wordpress\/ -->\n<title>\u041e \u043d\u0430\u0441 \u2013 \u0421\u0430\u0439\u0442 \u043e\u0431 \u0438\u0433\u0440\u0435 Spaceman<\/title>\n<meta name=\"description\" content=\"Informationen \u00fcber eine hilfreiche Website zum Online-Spiel Spaceman. Tipps, Life Hacks, wie man spielt und gewinnt, Einzahlung, Gewinne, Anwendung, Entwickler, Spielermeinungen.\" \/>\n<meta name=\"robots\" content=\"index, follow, max-snippet:-1, max-image-preview:large, max-video-preview:-1\" \/>\n<link rel=\"canonical\" href=\"https:\/\/spacemanco.com\/de\/about-us-website-about-the-spaceman-game\/\" \/>\n<meta property=\"og:locale\" content=\"de_DE\" \/>\n<meta property=\"og:locale:alternate\" content=\"ru_RU\" \/>\n<meta property=\"og:locale:alternate\" content=\"en_US\" \/>\n<meta property=\"og:locale:alternate\" content=\"pt_PT\" \/>\n<meta property=\"og:locale:alternate\" content=\"es_ES\" \/>\n<meta property=\"og:locale:alternate\" content=\"it_IT\" \/>\n<meta property=\"og:locale:alternate\" content=\"fr_FR\" \/>\n<meta property=\"og:locale:alternate\" content=\"sr_RS\" \/>\n<meta property=\"og:locale:alternate\" content=\"bg_BG\" \/>\n<meta property=\"og:locale:alternate\" content=\"ro_RO\" \/>\n<meta property=\"og:locale:alternate\" content=\"pl_PL\" \/>\n<meta property=\"og:type\" content=\"article\" \/>\n<meta property=\"og:title\" content=\"\u041e \u043d\u0430\u0441 \u2013 \u0421\u0430\u0439\u0442 \u043e\u0431 \u0438\u0433\u0440\u0435 Spaceman\" \/>\n<meta property=\"og:description\" content=\"\u0418\u043d\u0444\u043e\u0440\u043c\u0430\u0446\u0438\u044f \u043e \u043f\u043e\u043b\u0435\u0437\u043d\u043e\u043c \u0441\u0430\u0439\u0442\u0435 \u043e\u0431 \u043e\u043d\u043b\u0430\u0439\u043d \u0438\u0433\u0440\u0435 Spaceman. \u0421\u043e\u0432\u0435\u0442\u044b, \u043b\u0430\u0439\u0444\u0445\u0430\u043a\u0438, \u043a\u0430\u043a \u0438\u0433\u0440\u0430\u0442\u044c \u0438 \u043f\u043e\u0431\u0435\u0436\u0434\u0430\u0442\u044c, \u0434\u0435\u043f\u043e\u0437\u0438\u0442, \u0432\u044b\u0438\u0433\u0440\u044b\u0448, \u043f\u0440\u0438\u043b\u043e\u0436\u0435\u043d\u0438\u0435, \u0440\u0430\u0437\u0440\u0430\u0431\u043e\u0442\u0447\u0438\u043a, \u043c\u043d\u0435\u043d\u0438\u0435 \u0438\u0433\u0440\u043e\u043a\u043e\u0432\" \/>\n<meta property=\"og:url\" content=\"https:\/\/spacemanco.com\/de\/about-us-website-about-the-spaceman-game\/\" \/>\n<meta property=\"og:site_name\" content=\"Spaceman\" \/>\n<meta property=\"article:modified_time\" content=\"2024-03-20T14:29:25+00:00\" \/>\n<meta property=\"og:image\" content=\"https:\/\/spacemanco.com\/wp-content\/uploads\/Space-man.jpg\" \/>\n\t<meta property=\"og:image:width\" content=\"1600\" \/>\n\t<meta property=\"og:image:height\" content=\"900\" \/>\n\t<meta property=\"og:image:type\" content=\"image\/jpeg\" \/>\n<meta name=\"twitter:card\" content=\"summary_large_image\" \/>\n<meta name=\"twitter:label1\" content=\"Gesch\u00e4tzte Lesezeit\" \/>\n\t<meta name=\"twitter:data1\" content=\"8\u00a0Minuten\" \/>\n<script type=\"application\/ld+json\" class=\"yoast-schema-graph\">{\"@context\":\"https:\/\/schema.org\",\"@graph\":[{\"@type\":\"WebPage\",\"@id\":\"https:\/\/spacemanco.com\/about-us-website-about-the-spaceman-game\/\",\"url\":\"https:\/\/spacemanco.com\/about-us-website-about-the-spaceman-game\/\",\"name\":\"\u041e \u043d\u0430\u0441 \u2013 \u0421\u0430\u0439\u0442 \u043e\u0431 \u0438\u0433\u0440\u0435 Spaceman\",\"isPartOf\":{\"@id\":\"https:\/\/spacemanco.com\/#website\"},\"primaryImageOfPage\":{\"@id\":\"https:\/\/spacemanco.com\/about-us-website-about-the-spaceman-game\/#primaryimage\"},\"image\":{\"@id\":\"https:\/\/spacemanco.com\/about-us-website-about-the-spaceman-game\/#primaryimage\"},\"thumbnailUrl\":\"https:\/\/spacemanco.com\/wp-content\/uploads\/Space-man.jpg\",\"datePublished\":\"2024-01-30T16:45:30+00:00\",\"dateModified\":\"2024-03-20T14:29:25+00:00\",\"description\":\"\u0418\u043d\u0444\u043e\u0440\u043c\u0430\u0446\u0438\u044f \u043e \u043f\u043e\u043b\u0435\u0437\u043d\u043e\u043c \u0441\u0430\u0439\u0442\u0435 \u043e\u0431 \u043e\u043d\u043b\u0430\u0439\u043d \u0438\u0433\u0440\u0435 Spaceman. \u0421\u043e\u0432\u0435\u0442\u044b, \u043b\u0430\u0439\u0444\u0445\u0430\u043a\u0438, \u043a\u0430\u043a \u0438\u0433\u0440\u0430\u0442\u044c \u0438 \u043f\u043e\u0431\u0435\u0436\u0434\u0430\u0442\u044c, \u0434\u0435\u043f\u043e\u0437\u0438\u0442, \u0432\u044b\u0438\u0433\u0440\u044b\u0448, \u043f\u0440\u0438\u043b\u043e\u0436\u0435\u043d\u0438\u0435, \u0440\u0430\u0437\u0440\u0430\u0431\u043e\u0442\u0447\u0438\u043a, \u043c\u043d\u0435\u043d\u0438\u0435 \u0438\u0433\u0440\u043e\u043a\u043e\u0432\",\"breadcrumb\":{\"@id\":\"https:\/\/spacemanco.com\/about-us-website-about-the-spaceman-game\/#breadcrumb\"},\"inLanguage\":\"de-DE\",\"potentialAction\":[{\"@type\":\"ReadAction\",\"target\":[\"https:\/\/spacemanco.com\/about-us-website-about-the-spaceman-game\/\"]}]},{\"@type\":\"ImageObject\",\"inLanguage\":\"de-DE\",\"@id\":\"https:\/\/spacemanco.com\/about-us-website-about-the-spaceman-game\/#primaryimage\",\"url\":\"https:\/\/spacemanco.com\/wp-content\/uploads\/Space-man.jpg\",\"contentUrl\":\"https:\/\/spacemanco.com\/wp-content\/uploads\/Space-man.jpg\",\"width\":1600,\"height\":900},{\"@type\":\"BreadcrumbList\",\"@id\":\"https:\/\/spacemanco.com\/about-us-website-about-the-spaceman-game\/#breadcrumb\",\"itemListElement\":[{\"@type\":\"ListItem\",\"position\":1,\"name\":\"Home\",\"item\":\"https:\/\/spacemanco.com\/\"},{\"@type\":\"ListItem\",\"position\":2,\"name\":\"\u041e \u043d\u0430\u0441: \u0441\u0430\u0439\u0442 \u043e\u0431 \u0438\u0433\u0440\u0435 Spaceman\u00a0\"}]},{\"@type\":\"WebSite\",\"@id\":\"https:\/\/spacemanco.com\/#website\",\"url\":\"https:\/\/spacemanco.com\/\",\"name\":\"Spaceman\",\"description\":\"\",\"publisher\":{\"@id\":\"https:\/\/spacemanco.com\/#organization\"},\"potentialAction\":[{\"@type\":\"SearchAction\",\"target\":{\"@type\":\"EntryPoint\",\"urlTemplate\":\"https:\/\/spacemanco.com\/?s={search_term_string}\"},\"query-input\":{\"@type\":\"PropertyValueSpecification\",\"valueRequired\":true,\"valueName\":\"search_term_string\"}}],\"inLanguage\":\"de-DE\"},{\"@type\":\"Organization\",\"@id\":\"https:\/\/spacemanco.com\/#organization\",\"name\":\"Spaceman\",\"url\":\"https:\/\/spacemanco.com\/\",\"logo\":{\"@type\":\"ImageObject\",\"inLanguage\":\"de-DE\",\"@id\":\"https:\/\/spacemanco.com\/#\/schema\/logo\/image\/\",\"url\":\"https:\/\/spacemanco.com\/wp-content\/uploads\/spaceman.png\",\"contentUrl\":\"https:\/\/spacemanco.com\/wp-content\/uploads\/spaceman.png\",\"width\":400,\"height\":229,\"caption\":\"Spaceman\"},\"image\":{\"@id\":\"https:\/\/spacemanco.com\/#\/schema\/logo\/image\/\"}}]}<\/script>\n<!-- \/ Yoast SEO plugin. -->","yoast_head_json":{"title":"\u041e \u043d\u0430\u0441 \u2013 \u0421\u0430\u0439\u0442 \u043e\u0431 \u0438\u0433\u0440\u0435 Spaceman","description":"Informationen \u00fcber eine hilfreiche Website zum Online-Spiel Spaceman. Tipps, Life Hacks, wie man spielt und gewinnt, Einzahlung, Gewinne, Anwendung, Entwickler, Spielermeinungen.","robots":{"index":"index","follow":"follow","max-snippet":"max-snippet:-1","max-image-preview":"max-image-preview:large","max-video-preview":"max-video-preview:-1"},"canonical":"https:\/\/spacemanco.com\/de\/about-us-website-about-the-spaceman-game\/","og_locale":"de_DE","og_type":"article","og_title":"\u041e \u043d\u0430\u0441 \u2013 \u0421\u0430\u0439\u0442 \u043e\u0431 \u0438\u0433\u0440\u0435 Spaceman","og_description":"\u0418\u043d\u0444\u043e\u0440\u043c\u0430\u0446\u0438\u044f \u043e \u043f\u043e\u043b\u0435\u0437\u043d\u043e\u043c \u0441\u0430\u0439\u0442\u0435 \u043e\u0431 \u043e\u043d\u043b\u0430\u0439\u043d \u0438\u0433\u0440\u0435 Spaceman. \u0421\u043e\u0432\u0435\u0442\u044b, \u043b\u0430\u0439\u0444\u0445\u0430\u043a\u0438, \u043a\u0430\u043a \u0438\u0433\u0440\u0430\u0442\u044c \u0438 \u043f\u043e\u0431\u0435\u0436\u0434\u0430\u0442\u044c, \u0434\u0435\u043f\u043e\u0437\u0438\u0442, \u0432\u044b\u0438\u0433\u0440\u044b\u0448, \u043f\u0440\u0438\u043b\u043e\u0436\u0435\u043d\u0438\u0435, \u0440\u0430\u0437\u0440\u0430\u0431\u043e\u0442\u0447\u0438\u043a, \u043c\u043d\u0435\u043d\u0438\u0435 \u0438\u0433\u0440\u043e\u043a\u043e\u0432","og_url":"https:\/\/spacemanco.com\/de\/about-us-website-about-the-spaceman-game\/","og_site_name":"Spaceman","article_modified_time":"2024-03-20T14:29:25+00:00","og_image":[{"width":1600,"height":900,"url":"https:\/\/spacemanco.com\/wp-content\/uploads\/Space-man.jpg","type":"image\/jpeg"}],"twitter_card":"summary_large_image","twitter_misc":{"Gesch\u00e4tzte Lesezeit":"8\u00a0Minuten"},"schema":{"@context":"https:\/\/schema.org","@graph":[{"@type":"WebPage","@id":"https:\/\/spacemanco.com\/about-us-website-about-the-spaceman-game\/","url":"https:\/\/spacemanco.com\/about-us-website-about-the-spaceman-game\/","name":"\u041e \u043d\u0430\u0441 \u2013 \u0421\u0430\u0439\u0442 \u043e\u0431 \u0438\u0433\u0440\u0435 Spaceman","isPartOf":{"@id":"https:\/\/spacemanco.com\/#website"},"primaryImageOfPage":{"@id":"https:\/\/spacemanco.com\/about-us-website-about-the-spaceman-game\/#primaryimage"},"image":{"@id":"https:\/\/spacemanco.com\/about-us-website-about-the-spaceman-game\/#primaryimage"},"thumbnailUrl":"https:\/\/spacemanco.com\/wp-content\/uploads\/Space-man.jpg","datePublished":"2024-01-30T16:45:30+00:00","dateModified":"2024-03-20T14:29:25+00:00","description":"\u0418\u043d\u0444\u043e\u0440\u043c\u0430\u0446\u0438\u044f \u043e \u043f\u043e\u043b\u0435\u0437\u043d\u043e\u043c \u0441\u0430\u0439\u0442\u0435 \u043e\u0431 \u043e\u043d\u043b\u0430\u0439\u043d \u0438\u0433\u0440\u0435 Spaceman. \u0421\u043e\u0432\u0435\u0442\u044b, \u043b\u0430\u0439\u0444\u0445\u0430\u043a\u0438, \u043a\u0430\u043a \u0438\u0433\u0440\u0430\u0442\u044c \u0438 \u043f\u043e\u0431\u0435\u0436\u0434\u0430\u0442\u044c, \u0434\u0435\u043f\u043e\u0437\u0438\u0442, \u0432\u044b\u0438\u0433\u0440\u044b\u0448, \u043f\u0440\u0438\u043b\u043e\u0436\u0435\u043d\u0438\u0435, \u0440\u0430\u0437\u0440\u0430\u0431\u043e\u0442\u0447\u0438\u043a, \u043c\u043d\u0435\u043d\u0438\u0435 \u0438\u0433\u0440\u043e\u043a\u043e\u0432","breadcrumb":{"@id":"https:\/\/spacemanco.com\/about-us-website-about-the-spaceman-game\/#breadcrumb"},"inLanguage":"de-DE","potentialAction":[{"@type":"ReadAction","target":["https:\/\/spacemanco.com\/about-us-website-about-the-spaceman-game\/"]}]},{"@type":"ImageObject","inLanguage":"de-DE","@id":"https:\/\/spacemanco.com\/about-us-website-about-the-spaceman-game\/#primaryimage","url":"https:\/\/spacemanco.com\/wp-content\/uploads\/Space-man.jpg","contentUrl":"https:\/\/spacemanco.com\/wp-content\/uploads\/Space-man.jpg","width":1600,"height":900},{"@type":"BreadcrumbList","@id":"https:\/\/spacemanco.com\/about-us-website-about-the-spaceman-game\/#breadcrumb","itemListElement":[{"@type":"ListItem","position":1,"name":"Home","item":"https:\/\/spacemanco.com\/"},{"@type":"ListItem","position":2,"name":"\u041e \u043d\u0430\u0441: \u0441\u0430\u0439\u0442 \u043e\u0431 \u0438\u0433\u0440\u0435 Spaceman\u00a0"}]},{"@type":"WebSite","@id":"https:\/\/spacemanco.com\/#website","url":"https:\/\/spacemanco.com\/","name":"Spaceman","description":"","publisher":{"@id":"https:\/\/spacemanco.com\/#organization"},"potentialAction":[{"@type":"SearchAction","target":{"@type":"EntryPoint","urlTemplate":"https:\/\/spacemanco.com\/?s={search_term_string}"},"query-input":{"@type":"PropertyValueSpecification","valueRequired":true,"valueName":"search_term_string"}}],"inLanguage":"de-DE"},{"@type":"Organization","@id":"https:\/\/spacemanco.com\/#organization","name":"Spaceman","url":"https:\/\/spacemanco.com\/","logo":{"@type":"ImageObject","inLanguage":"de-DE","@id":"https:\/\/spacemanco.com\/#\/schema\/logo\/image\/","url":"https:\/\/spacemanco.com\/wp-content\/uploads\/spaceman.png","contentUrl":"https:\/\/spacemanco.com\/wp-content\/uploads\/spaceman.png","width":400,"height":229,"caption":"Spaceman"},"image":{"@id":"https:\/\/spacemanco.com\/#\/schema\/logo\/image\/"}}]}},"_links":{"self":[{"href":"https:\/\/spacemanco.com\/de\/wp-json\/wp\/v2\/pages\/16","targetHints":{"allow":["GET"]}}],"collection":[{"href":"https:\/\/spacemanco.com\/de\/wp-json\/wp\/v2\/pages"}],"about":[{"href":"https:\/\/spacemanco.com\/de\/wp-json\/wp\/v2\/types\/page"}],"author":[{"embeddable":true,"href":"https:\/\/spacemanco.com\/de\/wp-json\/wp\/v2\/users\/1"}],"replies":[{"embeddable":true,"href":"https:\/\/spacemanco.com\/de\/wp-json\/wp\/v2\/comments?post=16"}],"version-history":[{"count":22,"href":"https:\/\/spacemanco.com\/de\/wp-json\/wp\/v2\/pages\/16\/revisions"}],"predecessor-version":[{"id":229,"href":"https:\/\/spacemanco.com\/de\/wp-json\/wp\/v2\/pages\/16\/revisions\/229"}],"wp:featuredmedia":[{"embeddable":true,"href":"https:\/\/spacemanco.com\/de\/wp-json\/wp\/v2\/media\/43"}],"wp:attachment":[{"href":"https:\/\/spacemanco.com\/de\/wp-json\/wp\/v2\/media?parent=16"}],"curies":[{"name":"wp","href":"https:\/\/api.w.org\/{rel}","templated":true}]}}