{"id":8,"date":"2024-01-30T16:17:42","date_gmt":"2024-01-30T16:17:42","guid":{"rendered":"https:\/\/spacemanco.com\/?page_id=8"},"modified":"2024-04-16T01:42:41","modified_gmt":"2024-04-16T01:42:41","slug":"the-spaceman-crash-game","status":"publish","type":"page","link":"https:\/\/spacemanco.com\/de\/","title":{"rendered":"Das Spaceman Crash Spiel"},"content":{"rendered":"<h1><strong>Crash-Spiel Spaceman<\/strong><\/h1>\n<p>Das Online-Spiel Spaceman ist ein Mehrspieler-Crash-Spiel, bei dem jeder Start ein neues Abenteuer ist! Spaceman ist schon lange eine einzigartige Erfahrung in der Welt der Crash-Spiele, wo die Intuition und Entschlossenheit eines Spielers zu atemberaubenden Siegen f\u00fchren k\u00f6nnen. Denken Sie daran, jeder Flug ist einzigartig, und es liegt am Spieler zu entscheiden, wann es Zeit ist, auf die Schaltfl\u00e4che &#8222;Auszahlung&#8220; zu klicken und sich zur\u00fcckzuziehen.<\/p>\n<h2><strong>Spielregeln<\/strong><\/h2>\n<p>Das Spaceman-Spiel dreht sich um das Wachstum des Multiplikators, der bei 1,00 beginnt und steigt, w\u00e4hrend der Astronaut in einem Raumanzug fliegt und einen zuf\u00e4lligen Wert erreicht, der durch den Zufallszahlengenerator bestimmt wird.<\/p>\n<p>Das Ziel des Spaceman-Spiels, wie bei jedem Crash-Spiel, ist es, den Einsatz auszuzahlen, bevor es abst\u00fcrzt, wenn der Gewinnbetrag dem Einsatzbetrag multipliziert mit dem Koeffizienten zum Zeitpunkt des R\u00fcckzugs entspricht.<\/p>\n<p>Nachdem Sie einen Einsatz platziert haben, warten Sie, bis das Spiel beginnt. Wenn die Wettperiode endet, sehen Sie einen Multiplikator mit einem Wert von 1,00. Dies ist der Startwert, nach dem der Multiplikator zu wachsen beginnt. Zun\u00e4chst w\u00e4chst der Multiplikator langsam, um Spieler zu beeinflussen, die Angst haben zu verlieren und zu diesem Zeitpunkt auszuzahlen. Allerdings steigt der Multiplikator allm\u00e4hlich schneller und schneller.<\/p>\n<p>Je sp\u00e4ter ein Spieler eine Auszahlung anfordert, desto gr\u00f6\u00dfer wird der Gewinn aufgrund des gro\u00dfen Koeffizienten sein, der zu diesem Zeitpunkt einen hohen Wert erreichen wird. Es ist wichtig, vor dem Absturz auszuzahlen, denn danach geht jeder Einsatz, der bis zu diesem Zeitpunkt nicht zur\u00fcckgezogen wurde, verloren.<\/p>\n<p>So platzieren Sie Wetten im Spaceman-Spiel<\/p>\n<p>Um zu beginnen, muss der Spieler den Wetteinsatz ausw\u00e4hlen und ihn durch Klicken auf die Schaltfl\u00e4che &#8222;Wette best\u00e4tigen&#8220; best\u00e4tigen. Auch nachdem eine Wette platziert wurde, kann der Spieler sie stornieren oder \u00e4ndern. Dies kann gemacht werden, bis die Meldung &#8222;N\u00e4chste Runde in &#8230;&#8220; oder &#8222;Warten auf die n\u00e4chste Runde&#8220; auf dem Bildschirm angezeigt wird. Wenn jedoch die Meldung &#8222;Wetten platziert&#8220; auf dem Bildschirm angezeigt wird, ist die M\u00f6glichkeit, die Wette zu \u00e4ndern oder zu stornieren, bereits geschlossen.<\/p>\n<h3><strong>Merkmale des Spaceman-Spiels <\/strong><\/h3>\n<ul>\n<li>Eine teilweise Auszahlung der Gewinne ist m\u00f6glich. Anfangs k\u00f6nnen Sie die H\u00e4lfte des Einsatzes abheben und den Rest sp\u00e4ter.<\/li>\n<li>Einige Abst\u00fcrze sind bei einem Multiplikator von 1,00 m\u00f6glich. In diesem Fall wird der Spieler wahrscheinlich nicht in der Lage sein, den Einsatz zur\u00fcckzuziehen, was bedeutet, dass alle Eins\u00e4tze, die in einer solchen Runde get\u00e4tigt wurden, verloren gehen.<\/li>\n<\/ul>\n<h2><strong>Gr\u00fcnde f\u00fcr die Beliebtheit <\/strong><\/h2>\n<h3><strong>Einzigartige Aufregung<\/strong><\/h3>\n<p>Spaceman hebt sich von anderen Crash-Spielen durch sein einzigartiges Thema und seine Dynamik ab. Das Weltraumthema und die M\u00f6glichkeit, Ihren Gewinn in Echtzeit steigen zu sehen, schaffen eine beispiellose Aufregung.<\/p>\n<h3><strong>Spielercommunity<\/strong><\/h3>\n<p>Dank einer aktiven Spielercommunity, die Strategien und Erfahrungen teilt, treten neue Mitglieder schnell dem Spiel bei und fangen an, es zu genie\u00dfen.<\/p>\n<h3><strong>Bestimmung des besten Zeitpunkts zum Auszahlen<\/strong><\/h3>\n<p>Ein wichtiger Aspekt des Erfolgs bei Spaceman ist die F\u00e4higkeit zu bestimmen, wann es Zeit ist, den Gewinn zu nehmen. Dies kann von vielen Faktoren abh\u00e4ngen, einschlie\u00dflich Ihrer pers\u00f6nlichen Risikostrategie und der Beobachtung fr\u00fcherer Fl\u00fcge.<\/p>\n<h3><strong>Entwicklung Ihrer eigenen Strategie<\/strong><\/h3>\n<p>Wir empfehlen, mit kleinen Eins\u00e4tzen zu beginnen und sie allm\u00e4hlich zu erh\u00f6hen, w\u00e4hrend Sie Vertrauen in Ihre Entscheidungen gewinnen. Es ist auch wichtig, Grenzen f\u00fcr Verluste und Gewinne f\u00fcr jede Spielsitzung festzulegen.<\/p>\n<h3><strong>Kostenlos spielen Testversion<\/strong><\/h3>\n<p>F\u00fcr Anf\u00e4nger bieten wir die M\u00f6glichkeit, mit der Testversion von Spaceman zu beginnen. Dies ist eine gro\u00dfartige M\u00f6glichkeit, sich mit dem Spiel vertraut zu machen, ohne echtes Geld zu riskieren.<\/p>\n<h3><strong>\u00dcbergang zu echten Wetten<\/strong><\/h3>\n<p>Wenn Sie bereit sind, k\u00f6nnen Sie problemlos zu echten Geldspielen wechseln. Beginnen Sie mit kleinen Eins\u00e4tzen, um sich allm\u00e4hlich an die Spielmechanik zu gew\u00f6hnen.<\/p>\n<h3><strong>Sicherheit und verantwortungsbewusstes Spielen<\/strong><\/h3>\n<p>Verantwortungsbewusstes Gl\u00fccksspiel<\/p>\n<p>Wir fordern alle unsere Spieler auf, das Spiel verantwortungsbewusst anzugehen&#8230;<\/p>\n<h3><strong>Spielerischer Schutz<\/strong><\/h3>\n<p>Unsere Plattform stellt sicher, dass alle Sicherheitsma\u00dfnahmen eingehalten werden&#8230;<\/p>\n<h3><strong>Grafiken und Sound<\/strong><\/h3>\n<p>Tauchen Sie ein ins Weltall<\/p>\n<p>Genie\u00dfen Sie hochwertige Grafiken und fesselnde Soundeffekte&#8230;<\/p>\n<h3><strong>Spielerbewertungen<\/strong><\/h3>\n<p>Erfolgsgeschichten<\/p>\n<p>Lesen Sie die Bewertungen unserer Spieler, die ihre spannenden Reisen teilen&#8230;<\/p>\n<h2><strong>H\u00e4ufig gestellte Fragen (FAQs) <\/strong><\/h2>\n<p><strong>Was ist der maximale Gewinn im Spaceman-Spiel?<\/strong><\/p>\n<p>Der maximale Gewinn im Spaceman-Spiel wird durch die Gr\u00f6\u00dfe des Einsatzes des Spielers multipliziert mit dem Multiplikator zum Zeitpunkt des R\u00fcckzugs bestimmt. Die Spielregeln besagen jedoch, dass der Gewinn 500.000 Euro nicht \u00fcberschreiten darf.<\/p>\n<p><strong>Was ist der maximale Multiplikator im Spaceman-Spiel?<\/strong><\/p>\n<p>Der maximale Multiplikator im Spaceman-Spiel betr\u00e4gt 5000x. In diesem Fall stoppt das Spiel automatisch, und alle Spieler, die zu diesem Zeitpunkt noch im Spiel sind, erhalten automatisch einen Gewinn auf ihr Spielerkonto.<\/p>\n<p><strong>Stimmt es, dass Sie im Spaceman-Spiel 50% des Wetteinsatzes abheben k\u00f6nnen?<\/strong><\/p>\n<p>Ja, das ist richtig. Wenn der Spieler den Einsatz abhebt, w\u00e4hlt er aus, ob er 100% des Wetteinsatzes abheben oder 50% abheben m\u00f6chte.<\/p>\n<p><strong>Hat das Spaceman-Spiel eine Auto-Play-Funktion?<\/strong><\/p>\n<p>Ja, das Spaceman-Spiel verf\u00fcgt \u00fcber eine Auto-Play-Funktion, mit der Sie den Einsatz f\u00fcr die ausgew\u00e4hlte Anzahl von Runden wiederholen k\u00f6nnen.<\/p>\n<p><strong>Wo kann ich die neuesten Ergebnisse im Spaceman-Spiel sehen?<\/strong><\/p>\n<p>Die neuesten Runden des Spaceman-Spiels k\u00f6nnen am unteren Bildschirmrand eingesehen werden.<\/p>\n<p><strong>Was ist die Rangliste im Spaceman-Crash-Spiel?<\/strong><\/p>\n<p>Die Rangliste im Spaceman-Spiel ist eine dynamisch aktualisierte Liste der Spieler, die Wetten in der aktuellen Runde des Spiels platziert haben, sowie die Betr\u00e4ge der Wetten und die Multiplikatoren, mit denen die Spieler ihre Wetten abgezogen haben.<\/p>\n<p><strong>K\u00f6nnen Entscheidungen \u00fcber Wetten im Spaceman-Spiel auf der Rangliste basieren?<\/strong><\/p>\n<p>Diese Rangliste ist informativ. Mit anderen Worten, die darin pr\u00e4sentierten Informationen k\u00f6nnen ber\u00fccksichtigt werden, garantieren jedoch keineswegs einen Gewinn.<\/p>\n<h3><strong>Fragen zu Strategien<\/strong><\/h3>\n<p>Erfahren Sie, welche Strategien andere Spieler verwenden und wie sie das Spiel angehen.<\/p>\n<h3><strong>Fragen zur Sicherheit<\/strong><\/h3>\n<p>Hier finden Sie Antworten auf Ihre Fragen zu Sicherheitsma\u00dfnahmen und wie wir Ihre Privatsph\u00e4re und Ihr Geld sch\u00fctzen.<\/p>\n<h3><strong>Kontaktinformationen<\/strong><\/h3>\n<p>Kontaktiere uns<\/p>\n<p>Wenn Sie Fragen oder Anregungen haben, steht Ihnen unser Support-Team jederzeit zur Verf\u00fcgung&#8230;<\/p>\n","protected":false},"excerpt":{"rendered":"<p>Crash-Spiel Spaceman Das Online-Spiel Spaceman ist ein Mehrspieler-Crash-Spiel, bei dem jeder Start ein neues Abenteuer ist! Spaceman ist schon lange eine einzigartige Erfahrung in der Welt der Crash-Spiele, wo die Intuition und Entschlossenheit eines Spielers zu atemberaubenden Siegen f\u00fchren k\u00f6nnen. Denken Sie daran, jeder Flug ist einzigartig, und es liegt am Spieler zu entscheiden, wann [&hellip;]<\/p>\n","protected":false},"author":1,"featured_media":0,"parent":0,"menu_order":0,"comment_status":"closed","ping_status":"closed","template":"page-template\/front-page.php","meta":{"footnotes":""},"class_list":["post-8","page","type-page","status-publish","hentry"],"yoast_head":"<!-- This site is optimized with the Yoast SEO plugin v27.2 - https:\/\/yoast.com\/product\/yoast-seo-wordpress\/ -->\n<title>\u0418\u0433\u0440\u0430\u0442\u044c \u0432 \u043e\u043d\u043b\u0430\u0439\u043d \u0438\u0433\u0440\u0443 Spaceman \u0432 \u043e\u043d\u043b\u0430\u0439\u043d \u043a\u0430\u0437\u0438\u043d\u043e<\/title>\n<meta name=\"description\" content=\"Spielen Sie um echtes Geld im Crash-Spiel Spaceman in den besten Online-Casinos. Spielen und gewinnen Sie jetzt.\" \/>\n<meta name=\"robots\" content=\"index, follow, max-snippet:-1, max-image-preview:large, max-video-preview:-1\" \/>\n<link rel=\"canonical\" href=\"https:\/\/spacemanco.com\/de\/\" \/>\n<meta property=\"og:locale\" content=\"de_DE\" \/>\n<meta property=\"og:locale:alternate\" content=\"ru_RU\" \/>\n<meta property=\"og:locale:alternate\" content=\"en_US\" \/>\n<meta property=\"og:locale:alternate\" content=\"pt_PT\" \/>\n<meta property=\"og:locale:alternate\" content=\"es_ES\" \/>\n<meta property=\"og:locale:alternate\" content=\"it_IT\" \/>\n<meta property=\"og:locale:alternate\" content=\"fr_FR\" \/>\n<meta property=\"og:locale:alternate\" content=\"sr_RS\" \/>\n<meta property=\"og:locale:alternate\" content=\"bg_BG\" \/>\n<meta property=\"og:locale:alternate\" content=\"ro_RO\" \/>\n<meta property=\"og:locale:alternate\" content=\"pl_PL\" \/>\n<meta property=\"og:type\" content=\"article\" \/>\n<meta property=\"og:title\" content=\"\u0418\u0433\u0440\u0430\u0442\u044c \u0432 \u043e\u043d\u043b\u0430\u0439\u043d \u0438\u0433\u0440\u0443 Spaceman \u0432 \u043e\u043d\u043b\u0430\u0439\u043d \u043a\u0430\u0437\u0438\u043d\u043e\" \/>\n<meta property=\"og:description\" content=\"\u0418\u0433\u0440\u0430\u0442\u044c \u043d\u0430 \u0440\u0435\u0430\u043b\u044c\u043d\u044b\u0435 \u0434\u0435\u043d\u044c\u0433\u0438 \u0432 \u043a\u0440\u0430\u0448 \u0438\u0433\u0440\u0443 Spaceman \u0432 \u043b\u0443\u0447\u0448\u0438\u0445 \u043e\u043d\u043b\u0430\u0439\u043d \u043a\u0430\u0437\u0438\u043d\u043e. \u0418\u0433\u0440\u0430\u0442\u044c \u0438 \u0432\u044b\u0438\u0433\u0440\u044b\u0432\u0430\u0442\u044c \u0443\u0436\u0435 \u0441\u0435\u0439\u0447\u0430\u0441.\" \/>\n<meta property=\"og:url\" content=\"https:\/\/spacemanco.com\/de\/\" \/>\n<meta property=\"og:site_name\" content=\"Spaceman\" \/>\n<meta property=\"article:modified_time\" content=\"2024-04-16T01:42:41+00:00\" \/>\n<meta name=\"twitter:card\" content=\"summary_large_image\" \/>\n<meta name=\"twitter:label1\" content=\"Gesch\u00e4tzte Lesezeit\" \/>\n\t<meta name=\"twitter:data1\" content=\"42\u00a0Minuten\" \/>\n<script type=\"application\/ld+json\" class=\"yoast-schema-graph\">{\"@context\":\"https:\/\/schema.org\",\"@graph\":[{\"@type\":\"WebPage\",\"@id\":\"https:\/\/spacemanco.com\/\",\"url\":\"https:\/\/spacemanco.com\/\",\"name\":\"\u0418\u0433\u0440\u0430\u0442\u044c \u0432 \u043e\u043d\u043b\u0430\u0439\u043d \u0438\u0433\u0440\u0443 Spaceman \u0432 \u043e\u043d\u043b\u0430\u0439\u043d \u043a\u0430\u0437\u0438\u043d\u043e\",\"isPartOf\":{\"@id\":\"https:\/\/spacemanco.com\/#website\"},\"datePublished\":\"2024-01-30T16:17:42+00:00\",\"dateModified\":\"2024-04-16T01:42:41+00:00\",\"description\":\"\u0418\u0433\u0440\u0430\u0442\u044c \u043d\u0430 \u0440\u0435\u0430\u043b\u044c\u043d\u044b\u0435 \u0434\u0435\u043d\u044c\u0433\u0438 \u0432 \u043a\u0440\u0430\u0448 \u0438\u0433\u0440\u0443 Spaceman \u0432 \u043b\u0443\u0447\u0448\u0438\u0445 \u043e\u043d\u043b\u0430\u0439\u043d \u043a\u0430\u0437\u0438\u043d\u043e. \u0418\u0433\u0440\u0430\u0442\u044c \u0438 \u0432\u044b\u0438\u0433\u0440\u044b\u0432\u0430\u0442\u044c \u0443\u0436\u0435 \u0441\u0435\u0439\u0447\u0430\u0441.\",\"breadcrumb\":{\"@id\":\"https:\/\/spacemanco.com\/#breadcrumb\"},\"inLanguage\":\"de-DE\",\"potentialAction\":[{\"@type\":\"ReadAction\",\"target\":[\"https:\/\/spacemanco.com\/\"]}]},{\"@type\":\"BreadcrumbList\",\"@id\":\"https:\/\/spacemanco.com\/#breadcrumb\",\"itemListElement\":[{\"@type\":\"ListItem\",\"position\":1,\"name\":\"Home\",\"item\":\"https:\/\/spacemanco.com\/\"},{\"@type\":\"ListItem\",\"position\":2,\"name\":\"\u041a\u0440\u0430\u0448 \u0438\u0433\u0440\u0430 Spaceman\"}]},{\"@type\":\"WebSite\",\"@id\":\"https:\/\/spacemanco.com\/#website\",\"url\":\"https:\/\/spacemanco.com\/\",\"name\":\"Spaceman\",\"description\":\"\",\"publisher\":{\"@id\":\"https:\/\/spacemanco.com\/#organization\"},\"potentialAction\":[{\"@type\":\"SearchAction\",\"target\":{\"@type\":\"EntryPoint\",\"urlTemplate\":\"https:\/\/spacemanco.com\/?s={search_term_string}\"},\"query-input\":{\"@type\":\"PropertyValueSpecification\",\"valueRequired\":true,\"valueName\":\"search_term_string\"}}],\"inLanguage\":\"de-DE\"},{\"@type\":\"Organization\",\"@id\":\"https:\/\/spacemanco.com\/#organization\",\"name\":\"Spaceman\",\"url\":\"https:\/\/spacemanco.com\/\",\"logo\":{\"@type\":\"ImageObject\",\"inLanguage\":\"de-DE\",\"@id\":\"https:\/\/spacemanco.com\/#\/schema\/logo\/image\/\",\"url\":\"https:\/\/spacemanco.com\/wp-content\/uploads\/spaceman.png\",\"contentUrl\":\"https:\/\/spacemanco.com\/wp-content\/uploads\/spaceman.png\",\"width\":400,\"height\":229,\"caption\":\"Spaceman\"},\"image\":{\"@id\":\"https:\/\/spacemanco.com\/#\/schema\/logo\/image\/\"}}]}<\/script>\n<!-- \/ Yoast SEO plugin. -->","yoast_head_json":{"title":"\u0418\u0433\u0440\u0430\u0442\u044c \u0432 \u043e\u043d\u043b\u0430\u0439\u043d \u0438\u0433\u0440\u0443 Spaceman \u0432 \u043e\u043d\u043b\u0430\u0439\u043d \u043a\u0430\u0437\u0438\u043d\u043e","description":"Spielen Sie um echtes Geld im Crash-Spiel Spaceman in den besten Online-Casinos. Spielen und gewinnen Sie jetzt.","robots":{"index":"index","follow":"follow","max-snippet":"max-snippet:-1","max-image-preview":"max-image-preview:large","max-video-preview":"max-video-preview:-1"},"canonical":"https:\/\/spacemanco.com\/de\/","og_locale":"de_DE","og_type":"article","og_title":"\u0418\u0433\u0440\u0430\u0442\u044c \u0432 \u043e\u043d\u043b\u0430\u0439\u043d \u0438\u0433\u0440\u0443 Spaceman \u0432 \u043e\u043d\u043b\u0430\u0439\u043d \u043a\u0430\u0437\u0438\u043d\u043e","og_description":"\u0418\u0433\u0440\u0430\u0442\u044c \u043d\u0430 \u0440\u0435\u0430\u043b\u044c\u043d\u044b\u0435 \u0434\u0435\u043d\u044c\u0433\u0438 \u0432 \u043a\u0440\u0430\u0448 \u0438\u0433\u0440\u0443 Spaceman \u0432 \u043b\u0443\u0447\u0448\u0438\u0445 \u043e\u043d\u043b\u0430\u0439\u043d \u043a\u0430\u0437\u0438\u043d\u043e. \u0418\u0433\u0440\u0430\u0442\u044c \u0438 \u0432\u044b\u0438\u0433\u0440\u044b\u0432\u0430\u0442\u044c \u0443\u0436\u0435 \u0441\u0435\u0439\u0447\u0430\u0441.","og_url":"https:\/\/spacemanco.com\/de\/","og_site_name":"Spaceman","article_modified_time":"2024-04-16T01:42:41+00:00","twitter_card":"summary_large_image","twitter_misc":{"Gesch\u00e4tzte Lesezeit":"42\u00a0Minuten"},"schema":{"@context":"https:\/\/schema.org","@graph":[{"@type":"WebPage","@id":"https:\/\/spacemanco.com\/","url":"https:\/\/spacemanco.com\/","name":"\u0418\u0433\u0440\u0430\u0442\u044c \u0432 \u043e\u043d\u043b\u0430\u0439\u043d \u0438\u0433\u0440\u0443 Spaceman \u0432 \u043e\u043d\u043b\u0430\u0439\u043d \u043a\u0430\u0437\u0438\u043d\u043e","isPartOf":{"@id":"https:\/\/spacemanco.com\/#website"},"datePublished":"2024-01-30T16:17:42+00:00","dateModified":"2024-04-16T01:42:41+00:00","description":"\u0418\u0433\u0440\u0430\u0442\u044c \u043d\u0430 \u0440\u0435\u0430\u043b\u044c\u043d\u044b\u0435 \u0434\u0435\u043d\u044c\u0433\u0438 \u0432 \u043a\u0440\u0430\u0448 \u0438\u0433\u0440\u0443 Spaceman \u0432 \u043b\u0443\u0447\u0448\u0438\u0445 \u043e\u043d\u043b\u0430\u0439\u043d \u043a\u0430\u0437\u0438\u043d\u043e. \u0418\u0433\u0440\u0430\u0442\u044c \u0438 \u0432\u044b\u0438\u0433\u0440\u044b\u0432\u0430\u0442\u044c \u0443\u0436\u0435 \u0441\u0435\u0439\u0447\u0430\u0441.","breadcrumb":{"@id":"https:\/\/spacemanco.com\/#breadcrumb"},"inLanguage":"de-DE","potentialAction":[{"@type":"ReadAction","target":["https:\/\/spacemanco.com\/"]}]},{"@type":"BreadcrumbList","@id":"https:\/\/spacemanco.com\/#breadcrumb","itemListElement":[{"@type":"ListItem","position":1,"name":"Home","item":"https:\/\/spacemanco.com\/"},{"@type":"ListItem","position":2,"name":"\u041a\u0440\u0430\u0448 \u0438\u0433\u0440\u0430 Spaceman"}]},{"@type":"WebSite","@id":"https:\/\/spacemanco.com\/#website","url":"https:\/\/spacemanco.com\/","name":"Spaceman","description":"","publisher":{"@id":"https:\/\/spacemanco.com\/#organization"},"potentialAction":[{"@type":"SearchAction","target":{"@type":"EntryPoint","urlTemplate":"https:\/\/spacemanco.com\/?s={search_term_string}"},"query-input":{"@type":"PropertyValueSpecification","valueRequired":true,"valueName":"search_term_string"}}],"inLanguage":"de-DE"},{"@type":"Organization","@id":"https:\/\/spacemanco.com\/#organization","name":"Spaceman","url":"https:\/\/spacemanco.com\/","logo":{"@type":"ImageObject","inLanguage":"de-DE","@id":"https:\/\/spacemanco.com\/#\/schema\/logo\/image\/","url":"https:\/\/spacemanco.com\/wp-content\/uploads\/spaceman.png","contentUrl":"https:\/\/spacemanco.com\/wp-content\/uploads\/spaceman.png","width":400,"height":229,"caption":"Spaceman"},"image":{"@id":"https:\/\/spacemanco.com\/#\/schema\/logo\/image\/"}}]}},"_links":{"self":[{"href":"https:\/\/spacemanco.com\/de\/wp-json\/wp\/v2\/pages\/8","targetHints":{"allow":["GET"]}}],"collection":[{"href":"https:\/\/spacemanco.com\/de\/wp-json\/wp\/v2\/pages"}],"about":[{"href":"https:\/\/spacemanco.com\/de\/wp-json\/wp\/v2\/types\/page"}],"author":[{"embeddable":true,"href":"https:\/\/spacemanco.com\/de\/wp-json\/wp\/v2\/users\/1"}],"replies":[{"embeddable":true,"href":"https:\/\/spacemanco.com\/de\/wp-json\/wp\/v2\/comments?post=8"}],"version-history":[{"count":42,"href":"https:\/\/spacemanco.com\/de\/wp-json\/wp\/v2\/pages\/8\/revisions"}],"predecessor-version":[{"id":257,"href":"https:\/\/spacemanco.com\/de\/wp-json\/wp\/v2\/pages\/8\/revisions\/257"}],"wp:attachment":[{"href":"https:\/\/spacemanco.com\/de\/wp-json\/wp\/v2\/media?parent=8"}],"curies":[{"name":"wp","href":"https:\/\/api.w.org\/{rel}","templated":true}]}}