{"id":10,"date":"2024-01-30T16:19:59","date_gmt":"2024-01-30T16:19:59","guid":{"rendered":"https:\/\/spacemanco.com\/?page_id=10"},"modified":"2024-03-20T14:25:55","modified_gmt":"2024-03-20T14:25:55","slug":"navigation-and-control-in-the-spaceman-crash-game","status":"publish","type":"page","link":"https:\/\/spacemanco.com\/es\/navigation-and-control-in-the-spaceman-crash-game\/","title":{"rendered":"Navegaci\u00f3n y Control en el Juego Spaceman Crash"},"content":{"rendered":"<p>Los juegos de crash, como Spaceman, son populares gracias a su emocionante jugabilidad y controles sencillos. Comprender la navegaci\u00f3n y el control en estos juegos es cr\u00edticamente importante para garantizar una experiencia de juego agradable y efectiva.<\/p>\n<h2><strong>Interfaz principal del juego Spaceman<\/strong><\/h2>\n<ol>\n<li>Cuando entras en el juego Spaceman, lo primero que ves es la pantalla principal del juego. Aqu\u00ed, ver\u00e1s al astronauta listo para el lanzamiento y un gr\u00e1fico que muestra los multiplicadores de apuestas crecientes. Es hora de hacer tus apuestas.<\/li>\n<li>En la parte inferior de la pantalla se encuentra el panel de control. Aqu\u00ed, puedes establecer el tama\u00f1o de la apuesta, activar el juego autom\u00e1tico y realizar otras acciones importantes.<\/li>\n<li>Para empezar el juego, lo primero que debes hacer es seleccionar el monto de la apuesta. Puedes hacerlo usando los botones &#8216;+&#8217; y &#8216;-&#8216; en el panel de control. Por lo general, la moneda de la apuesta ser\u00e1 la misma que la moneda del casino.<\/li>\n<li>No te olvides de la opci\u00f3n de apuestas autom\u00e1ticas. Para simplificar el proceso de juego, est\u00e1 disponible la funci\u00f3n de apuestas autom\u00e1ticas. Puedes configurarla para un cierto n\u00famero de rondas o hasta alcanzar un cierto saldo.<\/li>\n<\/ol>\n<h2><strong>Inicio del juego Spaceman<\/strong><\/h2>\n<ol>\n<li>Despu\u00e9s de hacer la apuesta, el juego comienza con el lanzamiento del astronauta. A partir de este momento, el multiplicador de tus posibles ganancias comienza a aumentar.<\/li>\n<li>El jugador puede retirar el 50% de las ganancias o la cantidad total. Para ello, hay botones correspondientes en la interfaz.<\/li>\n<\/ol>\n<h2><strong>Salir del juego Spaceman<\/strong><\/h2>\n<p>La parte m\u00e1s importante del control de Spaceman es decidir cu\u00e1ndo salir del juego. Para hacerlo, debes presionar el bot\u00f3n \u00abTomar\u00bb, que fija tus ganancias en el nivel de multiplicador actual.<\/p>\n<h2><strong>Caracter\u00edsticas de la interfaz del juego Spaceman<\/strong><\/h2>\n<h3><strong>Historial de apuestas<\/strong><\/h3>\n<p>Hay una secci\u00f3n para el historial de apuestas en la pantalla, donde puedes ver los resultados de rondas anteriores. Esto puede ayudar a tomar decisiones sobre futuras apuestas.<\/p>\n<h3><strong>Ajustes<\/strong><\/h3>\n<p>Quiz\u00e1s una de las partes m\u00e1s importantes de la interfaz en el juego. En la secci\u00f3n de ajustes, puedes cambiar varios par\u00e1metros del juego, como el sonido, los gr\u00e1ficos y la velocidad del juego.<\/p>\n<h3><strong>Servicio de atenci\u00f3n al jugador<\/strong><\/h3>\n<p>Si tienes alguna pregunta o problema, siempre puedes ir a la secci\u00f3n de ayuda o ponerte en contacto con el servicio de atenci\u00f3n al cliente del casino en l\u00ednea. Los especialistas del equipo de soporte responder\u00e1n a tus preguntas. Estos son empleados del casino, no desarrolladores del juego Spaceman, pero est\u00e1n capacitados para responder cualquier pregunta.<\/p>\n<h2><strong>Conclusiones sobre la navegaci\u00f3n en Spaceman<\/strong><\/h2>\n<p>La navegaci\u00f3n y el control en Spaceman son intuitivos y f\u00e1ciles de aprender incluso para jugadores principiantes. El principio de navegaci\u00f3n en los juegos de crash no difiere mucho. Lo principal es recordar las reglas del juego y gestionar h\u00e1bilmente tus apuestas y decisiones para salir del juego. Elegir el momento adecuado para retirar la apuesta es la decisi\u00f3n m\u00e1s importante que debes tomar durante el juego. Con una gesti\u00f3n efectiva y comprensi\u00f3n de la navegaci\u00f3n, tu experiencia de juego en Spaceman no solo ser\u00e1 agradable sino tambi\u00e9n potencialmente rentable. Es importante abordar el juego de manera responsable y recordar los riesgos asociados con el juego.<\/p>\n","protected":false},"excerpt":{"rendered":"<p>Los juegos de crash, como Spaceman, son populares gracias a su emocionante jugabilidad y controles sencillos. Comprender la navegaci\u00f3n y el control en estos juegos es cr\u00edticamente importante para garantizar una experiencia de juego agradable y efectiva. Interfaz principal del juego Spaceman Cuando entras en el juego Spaceman, lo primero que ves es la pantalla [&hellip;]<\/p>\n","protected":false},"author":1,"featured_media":43,"parent":0,"menu_order":0,"comment_status":"closed","ping_status":"closed","template":"","meta":{"footnotes":""},"class_list":["post-10","page","type-page","status-publish","has-post-thumbnail","hentry"],"yoast_head":"<!-- This site is optimized with the Yoast SEO plugin v27.2 - https:\/\/yoast.com\/product\/yoast-seo-wordpress\/ -->\n<title>Nawigacja w grze Spaceman<\/title>\n<meta name=\"description\" content=\"Instrucciones sobre c\u00f3mo navegar en el juego Spaceman. Gu\u00eda paso a paso. S\u00edmbolos en el juego Spaceman, configuraciones, gesti\u00f3n de apuestas, soporte al cliente.\" \/>\n<meta name=\"robots\" content=\"index, follow, max-snippet:-1, max-image-preview:large, max-video-preview:-1\" \/>\n<link rel=\"canonical\" href=\"https:\/\/spacemanco.com\/es\/navigation-and-control-in-the-spaceman-crash-game\/\" \/>\n<meta property=\"og:locale\" content=\"es_ES\" \/>\n<meta property=\"og:locale:alternate\" content=\"ru_RU\" \/>\n<meta property=\"og:locale:alternate\" content=\"en_US\" \/>\n<meta property=\"og:locale:alternate\" content=\"pt_PT\" \/>\n<meta property=\"og:locale:alternate\" content=\"it_IT\" \/>\n<meta property=\"og:locale:alternate\" content=\"fr_FR\" \/>\n<meta property=\"og:locale:alternate\" content=\"de_DE\" \/>\n<meta property=\"og:locale:alternate\" content=\"sr_RS\" \/>\n<meta property=\"og:locale:alternate\" content=\"bg_BG\" \/>\n<meta property=\"og:locale:alternate\" content=\"ro_RO\" \/>\n<meta property=\"og:locale:alternate\" content=\"pl_PL\" \/>\n<meta property=\"og:type\" content=\"article\" \/>\n<meta property=\"og:title\" content=\"Nawigacja w grze Spaceman\" \/>\n<meta property=\"og:description\" content=\"Instrukcje dotycz\u0105ce nawigacji w grze Spaceman. Przewodnik krok po kroku. Symbole w grze Spaceman, ustawienia, zarz\u0105dzanie zak\u0142adami, obs\u0142uga klienta.\" \/>\n<meta property=\"og:url\" content=\"https:\/\/spacemanco.com\/es\/navigation-and-control-in-the-spaceman-crash-game\/\" \/>\n<meta property=\"og:site_name\" content=\"Spaceman\" \/>\n<meta property=\"article:modified_time\" content=\"2024-03-20T14:25:55+00:00\" \/>\n<meta property=\"og:image\" content=\"https:\/\/spacemanco.com\/wp-content\/uploads\/Space-man.jpg\" \/>\n\t<meta property=\"og:image:width\" content=\"1600\" \/>\n\t<meta property=\"og:image:height\" content=\"900\" \/>\n\t<meta property=\"og:image:type\" content=\"image\/jpeg\" \/>\n<meta name=\"twitter:card\" content=\"summary_large_image\" \/>\n<meta name=\"twitter:label1\" content=\"Tiempo de lectura\" \/>\n\t<meta name=\"twitter:data1\" content=\"21 minutos\" \/>\n<script type=\"application\/ld+json\" class=\"yoast-schema-graph\">{\"@context\":\"https:\/\/schema.org\",\"@graph\":[{\"@type\":\"WebPage\",\"@id\":\"https:\/\/spacemanco.com\/pl\/navigation-and-control-in-the-spaceman-crash-game\/\",\"url\":\"https:\/\/spacemanco.com\/pl\/navigation-and-control-in-the-spaceman-crash-game\/\",\"name\":\"Nawigacja w grze Spaceman\",\"isPartOf\":{\"@id\":\"https:\/\/spacemanco.com\/#website\"},\"primaryImageOfPage\":{\"@id\":\"https:\/\/spacemanco.com\/pl\/navigation-and-control-in-the-spaceman-crash-game\/#primaryimage\"},\"image\":{\"@id\":\"https:\/\/spacemanco.com\/pl\/navigation-and-control-in-the-spaceman-crash-game\/#primaryimage\"},\"thumbnailUrl\":\"https:\/\/spacemanco.com\/wp-content\/uploads\/Space-man.jpg\",\"datePublished\":\"2024-01-30T16:19:59+00:00\",\"dateModified\":\"2024-03-20T14:25:55+00:00\",\"description\":\"Instrukcje dotycz\u0105ce nawigacji w grze Spaceman. Przewodnik krok po kroku. Symbole w grze Spaceman, ustawienia, zarz\u0105dzanie zak\u0142adami, obs\u0142uga klienta.\",\"breadcrumb\":{\"@id\":\"https:\/\/spacemanco.com\/pl\/navigation-and-control-in-the-spaceman-crash-game\/#breadcrumb\"},\"inLanguage\":\"es-ES\",\"potentialAction\":[{\"@type\":\"ReadAction\",\"target\":[\"https:\/\/spacemanco.com\/pl\/navigation-and-control-in-the-spaceman-crash-game\/\"]}]},{\"@type\":\"ImageObject\",\"inLanguage\":\"es-ES\",\"@id\":\"https:\/\/spacemanco.com\/pl\/navigation-and-control-in-the-spaceman-crash-game\/#primaryimage\",\"url\":\"https:\/\/spacemanco.com\/wp-content\/uploads\/Space-man.jpg\",\"contentUrl\":\"https:\/\/spacemanco.com\/wp-content\/uploads\/Space-man.jpg\",\"width\":1600,\"height\":900},{\"@type\":\"BreadcrumbList\",\"@id\":\"https:\/\/spacemanco.com\/pl\/navigation-and-control-in-the-spaceman-crash-game\/#breadcrumb\",\"itemListElement\":[{\"@type\":\"ListItem\",\"position\":1,\"name\":\"Home\",\"item\":\"https:\/\/spacemanco.com\/\"},{\"@type\":\"ListItem\",\"position\":2,\"name\":\"Nawigacja i Kontrola w grze Spaceman Crash\"}]},{\"@type\":\"WebSite\",\"@id\":\"https:\/\/spacemanco.com\/#website\",\"url\":\"https:\/\/spacemanco.com\/\",\"name\":\"Spaceman\",\"description\":\"\",\"publisher\":{\"@id\":\"https:\/\/spacemanco.com\/#organization\"},\"potentialAction\":[{\"@type\":\"SearchAction\",\"target\":{\"@type\":\"EntryPoint\",\"urlTemplate\":\"https:\/\/spacemanco.com\/?s={search_term_string}\"},\"query-input\":{\"@type\":\"PropertyValueSpecification\",\"valueRequired\":true,\"valueName\":\"search_term_string\"}}],\"inLanguage\":\"es-ES\"},{\"@type\":\"Organization\",\"@id\":\"https:\/\/spacemanco.com\/#organization\",\"name\":\"Spaceman\",\"url\":\"https:\/\/spacemanco.com\/\",\"logo\":{\"@type\":\"ImageObject\",\"inLanguage\":\"es-ES\",\"@id\":\"https:\/\/spacemanco.com\/#\/schema\/logo\/image\/\",\"url\":\"https:\/\/spacemanco.com\/wp-content\/uploads\/spaceman.png\",\"contentUrl\":\"https:\/\/spacemanco.com\/wp-content\/uploads\/spaceman.png\",\"width\":400,\"height\":229,\"caption\":\"Spaceman\"},\"image\":{\"@id\":\"https:\/\/spacemanco.com\/#\/schema\/logo\/image\/\"}}]}<\/script>\n<!-- \/ Yoast SEO plugin. -->","yoast_head_json":{"title":"Nawigacja w grze Spaceman","description":"Instrucciones sobre c\u00f3mo navegar en el juego Spaceman. Gu\u00eda paso a paso. S\u00edmbolos en el juego Spaceman, configuraciones, gesti\u00f3n de apuestas, soporte al cliente.","robots":{"index":"index","follow":"follow","max-snippet":"max-snippet:-1","max-image-preview":"max-image-preview:large","max-video-preview":"max-video-preview:-1"},"canonical":"https:\/\/spacemanco.com\/es\/navigation-and-control-in-the-spaceman-crash-game\/","og_locale":"es_ES","og_type":"article","og_title":"Nawigacja w grze Spaceman","og_description":"Instrukcje dotycz\u0105ce nawigacji w grze Spaceman. Przewodnik krok po kroku. Symbole w grze Spaceman, ustawienia, zarz\u0105dzanie zak\u0142adami, obs\u0142uga klienta.","og_url":"https:\/\/spacemanco.com\/es\/navigation-and-control-in-the-spaceman-crash-game\/","og_site_name":"Spaceman","article_modified_time":"2024-03-20T14:25:55+00:00","og_image":[{"width":1600,"height":900,"url":"https:\/\/spacemanco.com\/wp-content\/uploads\/Space-man.jpg","type":"image\/jpeg"}],"twitter_card":"summary_large_image","twitter_misc":{"Tiempo de lectura":"21 minutos"},"schema":{"@context":"https:\/\/schema.org","@graph":[{"@type":"WebPage","@id":"https:\/\/spacemanco.com\/pl\/navigation-and-control-in-the-spaceman-crash-game\/","url":"https:\/\/spacemanco.com\/pl\/navigation-and-control-in-the-spaceman-crash-game\/","name":"Nawigacja w grze Spaceman","isPartOf":{"@id":"https:\/\/spacemanco.com\/#website"},"primaryImageOfPage":{"@id":"https:\/\/spacemanco.com\/pl\/navigation-and-control-in-the-spaceman-crash-game\/#primaryimage"},"image":{"@id":"https:\/\/spacemanco.com\/pl\/navigation-and-control-in-the-spaceman-crash-game\/#primaryimage"},"thumbnailUrl":"https:\/\/spacemanco.com\/wp-content\/uploads\/Space-man.jpg","datePublished":"2024-01-30T16:19:59+00:00","dateModified":"2024-03-20T14:25:55+00:00","description":"Instrukcje dotycz\u0105ce nawigacji w grze Spaceman. Przewodnik krok po kroku. Symbole w grze Spaceman, ustawienia, zarz\u0105dzanie zak\u0142adami, obs\u0142uga klienta.","breadcrumb":{"@id":"https:\/\/spacemanco.com\/pl\/navigation-and-control-in-the-spaceman-crash-game\/#breadcrumb"},"inLanguage":"es-ES","potentialAction":[{"@type":"ReadAction","target":["https:\/\/spacemanco.com\/pl\/navigation-and-control-in-the-spaceman-crash-game\/"]}]},{"@type":"ImageObject","inLanguage":"es-ES","@id":"https:\/\/spacemanco.com\/pl\/navigation-and-control-in-the-spaceman-crash-game\/#primaryimage","url":"https:\/\/spacemanco.com\/wp-content\/uploads\/Space-man.jpg","contentUrl":"https:\/\/spacemanco.com\/wp-content\/uploads\/Space-man.jpg","width":1600,"height":900},{"@type":"BreadcrumbList","@id":"https:\/\/spacemanco.com\/pl\/navigation-and-control-in-the-spaceman-crash-game\/#breadcrumb","itemListElement":[{"@type":"ListItem","position":1,"name":"Home","item":"https:\/\/spacemanco.com\/"},{"@type":"ListItem","position":2,"name":"Nawigacja i Kontrola w grze Spaceman Crash"}]},{"@type":"WebSite","@id":"https:\/\/spacemanco.com\/#website","url":"https:\/\/spacemanco.com\/","name":"Spaceman","description":"","publisher":{"@id":"https:\/\/spacemanco.com\/#organization"},"potentialAction":[{"@type":"SearchAction","target":{"@type":"EntryPoint","urlTemplate":"https:\/\/spacemanco.com\/?s={search_term_string}"},"query-input":{"@type":"PropertyValueSpecification","valueRequired":true,"valueName":"search_term_string"}}],"inLanguage":"es-ES"},{"@type":"Organization","@id":"https:\/\/spacemanco.com\/#organization","name":"Spaceman","url":"https:\/\/spacemanco.com\/","logo":{"@type":"ImageObject","inLanguage":"es-ES","@id":"https:\/\/spacemanco.com\/#\/schema\/logo\/image\/","url":"https:\/\/spacemanco.com\/wp-content\/uploads\/spaceman.png","contentUrl":"https:\/\/spacemanco.com\/wp-content\/uploads\/spaceman.png","width":400,"height":229,"caption":"Spaceman"},"image":{"@id":"https:\/\/spacemanco.com\/#\/schema\/logo\/image\/"}}]}},"_links":{"self":[{"href":"https:\/\/spacemanco.com\/es\/wp-json\/wp\/v2\/pages\/10","targetHints":{"allow":["GET"]}}],"collection":[{"href":"https:\/\/spacemanco.com\/es\/wp-json\/wp\/v2\/pages"}],"about":[{"href":"https:\/\/spacemanco.com\/es\/wp-json\/wp\/v2\/types\/page"}],"author":[{"embeddable":true,"href":"https:\/\/spacemanco.com\/es\/wp-json\/wp\/v2\/users\/1"}],"replies":[{"embeddable":true,"href":"https:\/\/spacemanco.com\/es\/wp-json\/wp\/v2\/comments?post=10"}],"version-history":[{"count":26,"href":"https:\/\/spacemanco.com\/es\/wp-json\/wp\/v2\/pages\/10\/revisions"}],"predecessor-version":[{"id":228,"href":"https:\/\/spacemanco.com\/es\/wp-json\/wp\/v2\/pages\/10\/revisions\/228"}],"wp:featuredmedia":[{"embeddable":true,"href":"https:\/\/spacemanco.com\/es\/wp-json\/wp\/v2\/media\/43"}],"wp:attachment":[{"href":"https:\/\/spacemanco.com\/es\/wp-json\/wp\/v2\/media?parent=10"}],"curies":[{"name":"wp","href":"https:\/\/api.w.org\/{rel}","templated":true}]}}