{"id":12,"date":"2024-01-30T16:21:29","date_gmt":"2024-01-30T16:21:29","guid":{"rendered":"https:\/\/spacemanco.com\/?page_id=12"},"modified":"2024-03-20T14:13:53","modified_gmt":"2024-03-20T14:13:53","slug":"auto-play-in-the-spaceman-crash-game","status":"publish","type":"page","link":"https:\/\/spacemanco.com\/es\/auto-play-in-the-spaceman-crash-game\/","title":{"rendered":"Auto-juego en el juego Spaceman Crash"},"content":{"rendered":"<p><strong style=\"color: #666666; font-size: 1.25rem;\">Ventajas del Auto-Play en Spaceman<\/strong><\/p>\n<p>El Auto-Play en el juego de choque Spaceman ofrece varias ventajas que pueden enriquecer la experiencia de juego y simplificar el proceso de participaci\u00f3n en el juego. Aqu\u00ed hay algunas ventajas clave del auto-play en Spaceman:<\/p>\n<ol>\n<li><strong>Consistencia de las apuestas:<\/strong> El auto-play permite realizar apuestas autom\u00e1ticamente, garantizando la consistencia en el tama\u00f1o de la apuesta. Esto puede ser \u00fatil para ciertas estrategias de jugador. Por ejemplo, si un jugador ha calculado su bankroll de antemano, determinar el monto de la apuesta puede ayudar a prever la cantidad de rondas en las que el jugador puede participar.<\/li>\n<li><strong>Gesti\u00f3n del riesgo:<\/strong> Al utilizar el auto-play, los jugadores pueden predefinir su estrategia de retiro de apuestas, lo que ayuda a gestionar los riesgos de manera m\u00e1s efectiva. Por ejemplo, se puede configurar la salida autom\u00e1tica del juego al alcanzar cierto multiplicador de ganancia. Si un jugador decide jugar en multiplicadores peque\u00f1os, el auto-play puede seguir esta estrategia con confianza. Es desafiante tomar constantemente decisiones sobre el retiro en, por ejemplo, un multiplicador de 1.5x. El auto-play resuelve este problema.<\/li>\n<li><strong>Ahorro de tiempo:<\/strong> El auto-play permite a los jugadores ahorrar tiempo en cada ronda de juego. Esto es especialmente \u00fatil si un jugador est\u00e1 ocupado o desea participar en otra actividad simult\u00e1neamente, como ver una serie o lavar platos.<\/li>\n<li><strong>Evitar decisiones emocionales:<\/strong> El auto-play elimina el factor emocional, que a menudo conduce a decisiones impulsivas durante el juego. Esto ayuda a mantener un enfoque objetivo y racional en el juego. Por ejemplo, despu\u00e9s de un par de p\u00e9rdidas, un jugador puede decidir perseguir las p\u00e9rdidas y tomar una decisi\u00f3n emocional de aumentar al m\u00e1ximo el multiplicador, lo que puede no conducir a la recuperaci\u00f3n, sino a otra p\u00e9rdida. Este es un ejemplo de una decisi\u00f3n emocional que es recomendable evitar.<\/li>\n<li><strong>Conveniencia para principiantes:<\/strong> Para los nuevos jugadores que a\u00fan no est\u00e1n seguros de sus estrategias o que no desean monitorear constantemente el juego, el auto-play puede ser una forma conveniente de familiarizarse con la din\u00e1mica del juego. Configure el auto-play al multiplicador m\u00ednimo y observe el resultado.<\/li>\n<li><strong>Selecci\u00f3n de estrategia:<\/strong> El auto-play permite a los jugadores preseleccionar su estrategia basada en el an\u00e1lisis de juegos y estad\u00edsticas anteriores, lo que puede mejorar la eficiencia general del juego y traer la tan esperada victoria.<\/li>\n<li><strong>Prevenci\u00f3n de la fatiga:<\/strong> Seamos sinceros: es muy f\u00e1cil cansarse durante sesiones de juego largas. El auto-play ayuda a prevenir la fatiga y mantener la concentraci\u00f3n. Un jugador no cometer\u00e1 errores en la toma de decisiones.<\/li>\n<li><strong>Facilidad de personalizaci\u00f3n:<\/strong> La mayor\u00eda de las plataformas de juegos de choque ofrecen configuraciones intuitivas de auto-play, lo que permite a los jugadores adaptarlas f\u00e1cilmente a sus preferencias y estrategias de juego.<\/li>\n<\/ol>\n<p>Es importante recordar que a pesar de estas ventajas, el auto-play no garantiza una victoria y tambi\u00e9n est\u00e1 sujeto a riesgos asociados con el juego. Los jugadores deben abordar el uso de esta funci\u00f3n con precauci\u00f3n y responsabilidad.<\/p>\n<h2><strong>Activaci\u00f3n de la funci\u00f3n Auto-Play<\/strong><\/h2>\n<p>Activar la funci\u00f3n Auto-Play es f\u00e1cil. Simplemente realice una apuesta, habilite opcionalmente la opci\u00f3n \u00abAuto-Cashout\u00bb y presione el bot\u00f3n \u00abAuto-Play\u00bb. Despu\u00e9s de eso, se abrir\u00e1 la ventana \u00abAuto-Play\u00bb, que mostrar\u00e1 todas las configuraciones para el lanzamiento. Tenga en cuenta que las configuraciones de auto-play pueden variar en diferentes pa\u00edses debido a los requisitos legislativos con respecto a ciertos par\u00e1metros.<\/p>\n<p>Mientras la ventana de Auto-Play est\u00e9 abierta, se puede activar en la misma ronda en la que se lanz\u00f3 o en cualquiera de las siguientes rondas de juego. El n\u00famero restante de rondas de Auto-Play se indicar\u00e1 junto al bot\u00f3n \u00abEditar Auto-Play\u00bb.<\/p>\n<h2><strong>Preguntas frecuentes sobre la funci\u00f3n Auto-Play en el juego de choque Spaceman<\/strong><\/h2>\n<p><strong>\u00bfPuedo cambiar el tama\u00f1o de la apuesta despu\u00e9s de activar el Auto-Play en Spaceman?<\/strong><\/p>\n<p>No, despu\u00e9s de activar el modo \u00abAuto-Play\u00bb, el jugador no puede cambiar la apuesta. Para cambiar la apuesta u otras configuraciones, debe detener el Auto-Play.<\/p>\n<p><strong>\u00bfC\u00f3mo detengo la funci\u00f3n Auto-Play en Spaceman?<\/strong><\/p>\n<p>Para detener la funci\u00f3n Auto-Play, abra la ventana de Auto-Play y presione el bot\u00f3n \u00abDetener\u00bb.<\/p>\n<p><strong>\u00bfPuede la funci\u00f3n Auto-Play en Spaceman detenerse sin el consentimiento del jugador?<\/strong><\/p>\n<p>S\u00ed, en algunos casos, el auto-play puede detenerse autom\u00e1ticamente. Esto suceder\u00e1 en uno de tres casos:<\/p>\n<ul>\n<li>El n\u00famero seleccionado de rondas de auto-play alcanza 0. En este caso, aparecer\u00e1 una notificaci\u00f3n correspondiente, y el auto-play se detendr\u00e1.<\/li>\n<li>El saldo de la cuenta de juego disminuye a una cantidad insuficiente para la pr\u00f3xima apuesta.<\/li>\n<li>Se cumplen una o m\u00e1s condiciones de detenci\u00f3n del auto-play: el saldo disminuye o aumenta hasta un l\u00edmite espec\u00edfico, una sola ganancia supera un valor especificado.<\/li>\n<\/ul>\n","protected":false},"excerpt":{"rendered":"<p>Ventajas del Auto-Play en Spaceman El Auto-Play en el juego de choque Spaceman ofrece varias ventajas que pueden enriquecer la experiencia de juego y simplificar el proceso de participaci\u00f3n en el juego. Aqu\u00ed hay algunas ventajas clave del auto-play en Spaceman: Consistencia de las apuestas: El auto-play permite realizar apuestas autom\u00e1ticamente, garantizando la consistencia en [&hellip;]<\/p>\n","protected":false},"author":1,"featured_media":43,"parent":0,"menu_order":0,"comment_status":"closed","ping_status":"closed","template":"","meta":{"footnotes":""},"class_list":["post-12","page","type-page","status-publish","has-post-thumbnail","hentry"],"yoast_head":"<!-- This site is optimized with the Yoast SEO plugin v27.2 - https:\/\/yoast.com\/product\/yoast-seo-wordpress\/ -->\n<title>Auto Play w grze Spaceman Crash<\/title>\n<meta name=\"description\" content=\"C\u00f3mo configurar el juego autom\u00e1tico y las apuestas en modo autom\u00e1tico en el juego en l\u00ednea Spaceman\" \/>\n<meta name=\"robots\" content=\"index, follow, max-snippet:-1, max-image-preview:large, max-video-preview:-1\" \/>\n<link rel=\"canonical\" href=\"https:\/\/spacemanco.com\/es\/auto-play-in-the-spaceman-crash-game\/\" \/>\n<meta property=\"og:locale\" content=\"es_ES\" \/>\n<meta property=\"og:locale:alternate\" content=\"ru_RU\" \/>\n<meta property=\"og:locale:alternate\" content=\"en_US\" \/>\n<meta property=\"og:locale:alternate\" content=\"pt_PT\" \/>\n<meta property=\"og:locale:alternate\" content=\"it_IT\" \/>\n<meta property=\"og:locale:alternate\" content=\"fr_FR\" \/>\n<meta property=\"og:locale:alternate\" content=\"de_DE\" \/>\n<meta property=\"og:locale:alternate\" content=\"sr_RS\" \/>\n<meta property=\"og:locale:alternate\" content=\"bg_BG\" \/>\n<meta property=\"og:locale:alternate\" content=\"ro_RO\" \/>\n<meta property=\"og:locale:alternate\" content=\"pl_PL\" \/>\n<meta property=\"og:type\" content=\"article\" \/>\n<meta property=\"og:title\" content=\"Auto Play w grze Spaceman Crash\" \/>\n<meta property=\"og:description\" content=\"Jak ustawi\u0107 auto play i zak\u0142ady w trybie automatycznym w grze online Spaceman\" \/>\n<meta property=\"og:url\" content=\"https:\/\/spacemanco.com\/es\/auto-play-in-the-spaceman-crash-game\/\" \/>\n<meta property=\"og:site_name\" content=\"Spaceman\" \/>\n<meta property=\"article:modified_time\" content=\"2024-03-20T14:13:53+00:00\" \/>\n<meta property=\"og:image\" content=\"https:\/\/spacemanco.com\/wp-content\/uploads\/Space-man.jpg\" \/>\n\t<meta property=\"og:image:width\" content=\"1600\" \/>\n\t<meta property=\"og:image:height\" content=\"900\" \/>\n\t<meta property=\"og:image:type\" content=\"image\/jpeg\" \/>\n<meta name=\"twitter:card\" content=\"summary_large_image\" \/>\n<meta name=\"twitter:label1\" content=\"Tiempo de lectura\" \/>\n\t<meta name=\"twitter:data1\" content=\"31 minutos\" \/>\n<script type=\"application\/ld+json\" class=\"yoast-schema-graph\">{\"@context\":\"https:\/\/schema.org\",\"@graph\":[{\"@type\":\"WebPage\",\"@id\":\"https:\/\/spacemanco.com\/pl\/auto-play-in-the-spaceman-crash-game\/\",\"url\":\"https:\/\/spacemanco.com\/pl\/auto-play-in-the-spaceman-crash-game\/\",\"name\":\"Auto Play w grze Spaceman Crash\",\"isPartOf\":{\"@id\":\"https:\/\/spacemanco.com\/#website\"},\"primaryImageOfPage\":{\"@id\":\"https:\/\/spacemanco.com\/pl\/auto-play-in-the-spaceman-crash-game\/#primaryimage\"},\"image\":{\"@id\":\"https:\/\/spacemanco.com\/pl\/auto-play-in-the-spaceman-crash-game\/#primaryimage\"},\"thumbnailUrl\":\"https:\/\/spacemanco.com\/wp-content\/uploads\/Space-man.jpg\",\"datePublished\":\"2024-01-30T16:21:29+00:00\",\"dateModified\":\"2024-03-20T14:13:53+00:00\",\"description\":\"Jak ustawi\u0107 auto play i zak\u0142ady w trybie automatycznym w grze online Spaceman\",\"breadcrumb\":{\"@id\":\"https:\/\/spacemanco.com\/pl\/auto-play-in-the-spaceman-crash-game\/#breadcrumb\"},\"inLanguage\":\"es-ES\",\"potentialAction\":[{\"@type\":\"ReadAction\",\"target\":[\"https:\/\/spacemanco.com\/pl\/auto-play-in-the-spaceman-crash-game\/\"]}]},{\"@type\":\"ImageObject\",\"inLanguage\":\"es-ES\",\"@id\":\"https:\/\/spacemanco.com\/pl\/auto-play-in-the-spaceman-crash-game\/#primaryimage\",\"url\":\"https:\/\/spacemanco.com\/wp-content\/uploads\/Space-man.jpg\",\"contentUrl\":\"https:\/\/spacemanco.com\/wp-content\/uploads\/Space-man.jpg\",\"width\":1600,\"height\":900},{\"@type\":\"BreadcrumbList\",\"@id\":\"https:\/\/spacemanco.com\/pl\/auto-play-in-the-spaceman-crash-game\/#breadcrumb\",\"itemListElement\":[{\"@type\":\"ListItem\",\"position\":1,\"name\":\"Home\",\"item\":\"https:\/\/spacemanco.com\/\"},{\"@type\":\"ListItem\",\"position\":2,\"name\":\"Auto-play w grze Spaceman Crash\"}]},{\"@type\":\"WebSite\",\"@id\":\"https:\/\/spacemanco.com\/#website\",\"url\":\"https:\/\/spacemanco.com\/\",\"name\":\"Spaceman\",\"description\":\"\",\"publisher\":{\"@id\":\"https:\/\/spacemanco.com\/#organization\"},\"potentialAction\":[{\"@type\":\"SearchAction\",\"target\":{\"@type\":\"EntryPoint\",\"urlTemplate\":\"https:\/\/spacemanco.com\/?s={search_term_string}\"},\"query-input\":{\"@type\":\"PropertyValueSpecification\",\"valueRequired\":true,\"valueName\":\"search_term_string\"}}],\"inLanguage\":\"es-ES\"},{\"@type\":\"Organization\",\"@id\":\"https:\/\/spacemanco.com\/#organization\",\"name\":\"Spaceman\",\"url\":\"https:\/\/spacemanco.com\/\",\"logo\":{\"@type\":\"ImageObject\",\"inLanguage\":\"es-ES\",\"@id\":\"https:\/\/spacemanco.com\/#\/schema\/logo\/image\/\",\"url\":\"https:\/\/spacemanco.com\/wp-content\/uploads\/spaceman.png\",\"contentUrl\":\"https:\/\/spacemanco.com\/wp-content\/uploads\/spaceman.png\",\"width\":400,\"height\":229,\"caption\":\"Spaceman\"},\"image\":{\"@id\":\"https:\/\/spacemanco.com\/#\/schema\/logo\/image\/\"}}]}<\/script>\n<!-- \/ Yoast SEO plugin. -->","yoast_head_json":{"title":"Auto Play w grze Spaceman Crash","description":"C\u00f3mo configurar el juego autom\u00e1tico y las apuestas en modo autom\u00e1tico en el juego en l\u00ednea Spaceman","robots":{"index":"index","follow":"follow","max-snippet":"max-snippet:-1","max-image-preview":"max-image-preview:large","max-video-preview":"max-video-preview:-1"},"canonical":"https:\/\/spacemanco.com\/es\/auto-play-in-the-spaceman-crash-game\/","og_locale":"es_ES","og_type":"article","og_title":"Auto Play w grze Spaceman Crash","og_description":"Jak ustawi\u0107 auto play i zak\u0142ady w trybie automatycznym w grze online Spaceman","og_url":"https:\/\/spacemanco.com\/es\/auto-play-in-the-spaceman-crash-game\/","og_site_name":"Spaceman","article_modified_time":"2024-03-20T14:13:53+00:00","og_image":[{"width":1600,"height":900,"url":"https:\/\/spacemanco.com\/wp-content\/uploads\/Space-man.jpg","type":"image\/jpeg"}],"twitter_card":"summary_large_image","twitter_misc":{"Tiempo de lectura":"31 minutos"},"schema":{"@context":"https:\/\/schema.org","@graph":[{"@type":"WebPage","@id":"https:\/\/spacemanco.com\/pl\/auto-play-in-the-spaceman-crash-game\/","url":"https:\/\/spacemanco.com\/pl\/auto-play-in-the-spaceman-crash-game\/","name":"Auto Play w grze Spaceman Crash","isPartOf":{"@id":"https:\/\/spacemanco.com\/#website"},"primaryImageOfPage":{"@id":"https:\/\/spacemanco.com\/pl\/auto-play-in-the-spaceman-crash-game\/#primaryimage"},"image":{"@id":"https:\/\/spacemanco.com\/pl\/auto-play-in-the-spaceman-crash-game\/#primaryimage"},"thumbnailUrl":"https:\/\/spacemanco.com\/wp-content\/uploads\/Space-man.jpg","datePublished":"2024-01-30T16:21:29+00:00","dateModified":"2024-03-20T14:13:53+00:00","description":"Jak ustawi\u0107 auto play i zak\u0142ady w trybie automatycznym w grze online Spaceman","breadcrumb":{"@id":"https:\/\/spacemanco.com\/pl\/auto-play-in-the-spaceman-crash-game\/#breadcrumb"},"inLanguage":"es-ES","potentialAction":[{"@type":"ReadAction","target":["https:\/\/spacemanco.com\/pl\/auto-play-in-the-spaceman-crash-game\/"]}]},{"@type":"ImageObject","inLanguage":"es-ES","@id":"https:\/\/spacemanco.com\/pl\/auto-play-in-the-spaceman-crash-game\/#primaryimage","url":"https:\/\/spacemanco.com\/wp-content\/uploads\/Space-man.jpg","contentUrl":"https:\/\/spacemanco.com\/wp-content\/uploads\/Space-man.jpg","width":1600,"height":900},{"@type":"BreadcrumbList","@id":"https:\/\/spacemanco.com\/pl\/auto-play-in-the-spaceman-crash-game\/#breadcrumb","itemListElement":[{"@type":"ListItem","position":1,"name":"Home","item":"https:\/\/spacemanco.com\/"},{"@type":"ListItem","position":2,"name":"Auto-play w grze Spaceman Crash"}]},{"@type":"WebSite","@id":"https:\/\/spacemanco.com\/#website","url":"https:\/\/spacemanco.com\/","name":"Spaceman","description":"","publisher":{"@id":"https:\/\/spacemanco.com\/#organization"},"potentialAction":[{"@type":"SearchAction","target":{"@type":"EntryPoint","urlTemplate":"https:\/\/spacemanco.com\/?s={search_term_string}"},"query-input":{"@type":"PropertyValueSpecification","valueRequired":true,"valueName":"search_term_string"}}],"inLanguage":"es-ES"},{"@type":"Organization","@id":"https:\/\/spacemanco.com\/#organization","name":"Spaceman","url":"https:\/\/spacemanco.com\/","logo":{"@type":"ImageObject","inLanguage":"es-ES","@id":"https:\/\/spacemanco.com\/#\/schema\/logo\/image\/","url":"https:\/\/spacemanco.com\/wp-content\/uploads\/spaceman.png","contentUrl":"https:\/\/spacemanco.com\/wp-content\/uploads\/spaceman.png","width":400,"height":229,"caption":"Spaceman"},"image":{"@id":"https:\/\/spacemanco.com\/#\/schema\/logo\/image\/"}}]}},"_links":{"self":[{"href":"https:\/\/spacemanco.com\/es\/wp-json\/wp\/v2\/pages\/12","targetHints":{"allow":["GET"]}}],"collection":[{"href":"https:\/\/spacemanco.com\/es\/wp-json\/wp\/v2\/pages"}],"about":[{"href":"https:\/\/spacemanco.com\/es\/wp-json\/wp\/v2\/types\/page"}],"author":[{"embeddable":true,"href":"https:\/\/spacemanco.com\/es\/wp-json\/wp\/v2\/users\/1"}],"replies":[{"embeddable":true,"href":"https:\/\/spacemanco.com\/es\/wp-json\/wp\/v2\/comments?post=12"}],"version-history":[{"count":24,"href":"https:\/\/spacemanco.com\/es\/wp-json\/wp\/v2\/pages\/12\/revisions"}],"predecessor-version":[{"id":226,"href":"https:\/\/spacemanco.com\/es\/wp-json\/wp\/v2\/pages\/12\/revisions\/226"}],"wp:featuredmedia":[{"embeddable":true,"href":"https:\/\/spacemanco.com\/es\/wp-json\/wp\/v2\/media\/43"}],"wp:attachment":[{"href":"https:\/\/spacemanco.com\/es\/wp-json\/wp\/v2\/media?parent=12"}],"curies":[{"name":"wp","href":"https:\/\/api.w.org\/{rel}","templated":true}]}}