{"id":18,"date":"2024-01-30T16:58:25","date_gmt":"2024-01-30T16:58:25","guid":{"rendered":"https:\/\/spacemanco.com\/?page_id=18"},"modified":"2024-03-20T14:38:54","modified_gmt":"2024-03-20T14:38:54","slug":"strategies-for-playing-the-spaceman-crash-game","status":"publish","type":"page","link":"https:\/\/spacemanco.com\/es\/strategies-for-playing-the-spaceman-crash-game\/","title":{"rendered":"Estrategias para Jugar al Juego Spaceman Crash"},"content":{"rendered":"<p>Los juegos de crash, como Spaceman, han ganado popularidad debido a su simplicidad y din\u00e1mica emocionante. Aunque los resultados en estos juegos dependen en gran medida del azar, existen ciertas estrategias que pueden ayudar a los jugadores a aumentar sus posibilidades de \u00e9xito. Veamos algunas de las estrategias m\u00e1s populares para jugar a Spaceman.<\/p>\n<h2><strong>Principios clave del juego Spaceman<\/strong><\/h2>\n<p>Antes de adentrarnos en las estrategias, es importante entender los principios b\u00e1sicos del juego de crash Spaceman. En este juego, los jugadores realizan apuestas y observan c\u00f3mo el multiplicador de ganancias potenciales aumenta mientras el astronauta contin\u00faa su vuelo. El objetivo principal es salir del juego (tomar la apuesta) antes de que ocurra un crash. Bas\u00e1ndonos en esto, podemos formular algunos principios b\u00e1sicos del juego:<\/p>\n<ul>\n<li>El juego Spaceman se basa en un generador de n\u00fameros aleatorios, por lo que es importante entender que el resultado del juego es impredecible.<\/li>\n<li>En el juego de crash Spaceman, los jugadores pueden ganar dinero real.<\/li>\n<li>Es importante elegir una estrategia de juego, entendiendo tus objetivos y capacidades financieras.<\/li>\n<\/ul>\n<h2><strong>Estrategia de Multiplicador Fijo<\/strong><\/h2>\n<p>Esta estrategia de juego de Spaceman implica salir siempre del juego cuando se alcanza cierto multiplicador preestablecido. Por ejemplo, un jugador siempre puede tomar la apuesta cuando el multiplicador alcanza 2x.<\/p>\n<p>La ventaja de esta estrategia radica en su simplicidad y previsibilidad. Con esta estrategia, incluso puedes usar la funci\u00f3n de auto-juego. Sin embargo, no tiene en cuenta la din\u00e1mica de cada ronda individual y puede llevar a perder ganancias m\u00e1s grandes. Sin embargo, es una estrategia efectiva que, al elegir un multiplicador peque\u00f1o como fijo, puede conducir a buenas ganancias.<\/p>\n<h2><strong>Estrategia Martingala<\/strong><\/h2>\n<p>Se ha hablado mucho sobre esta estrategia de juego. La estrategia Martingala implica duplicar la apuesta despu\u00e9s de cada p\u00e9rdida. El objetivo es recuperar las p\u00e9rdidas y salir adelante con la primera victoria.<\/p>\n<p>Esta estrategia puede ser efectiva para recuperar p\u00e9rdidas, pero requiere un saldo de cuenta de juego significativo y puede ser arriesgada, especialmente en juegos con alta volatilidad, como Spaceman. Adem\u00e1s, muchos jugadores pueden encontrar emocionalmente dif\u00edcil duplicar la apuesta despu\u00e9s de cada p\u00e9rdida.<\/p>\n<h2><strong>Estrategia de la Escalera<\/strong><\/h2>\n<p>La estrategia de la Escalera es muy similar a la estrategia Martingala e implica aumentar gradualmente el multiplicador para salir del juego. Por ejemplo, un jugador comienza con 1.5x, luego pasa a 2x, y as\u00ed sucesivamente.<\/p>\n<p>Esta estrategia permite a los jugadores adaptarse a los cambios en la din\u00e1mica del juego y puede conducir a grandes ganancias. Sin embargo, requiere paciencia y una buena comprensi\u00f3n de las tendencias del juego. B\u00e1sicamente, el jugador debe estar completamente comprometido con el juego en todo momento.<\/p>\n<h2><strong>Estrategia de Salida Temprana<\/strong><\/h2>\n<p>La estrategia implica salir siempre del juego en una etapa muy temprana, por ejemplo, cuando el multiplicador alcanza 1.1x o 1.2x.<\/p>\n<p>Esta estrategia minimiza los riesgos pero tambi\u00e9n reduce significativamente las ganancias potenciales. Es adecuada para aquellos que prefieren un ingreso peque\u00f1o pero m\u00e1s estable. El problema principal es que a\u00fan habr\u00e1 rondas con multiplicadores de 1.00 o 1.01, donde el jugador pr\u00e1cticamente no podr\u00e1 salir con \u00e9xito de la ronda, y la apuesta a\u00fan se perder\u00e1. Y luego, jugando con multiplicadores bajos, se requerir\u00e1n varias rondas exitosas para jugar la cantidad deseada.<\/p>\n<p>Incluso dentro de esta estrategia, los jugadores ganan dinero con \u00e9xito, sin embargo, al retirar un multiplicador de 1.1 o 1.2, esta tarea parece m\u00e1s dif\u00edcil.<\/p>\n<h2><strong>Conclusi\u00f3n sobre las Estrategias del Juego Spaceman<\/strong><\/h2>\n<p>Como puedes ver, hay muchas estrategias para jugar a Spaceman. La elecci\u00f3n de la estrategia depende de las preferencias personales de cada jugador, su estilo de juego y su tolerancia al riesgo. Es importante recordar que los juegos de crash son una forma de juego, y siempre implican el riesgo de perder dinero. \u00a1Enfrenta el juego de manera responsable y disfruta del proceso!<\/p>\n<table>\n<tbody>\n<tr>\n<td><strong>T\u00edtulo de la Estrategia del Juego<\/strong><\/td>\n<td><strong>Ventajas<\/strong><\/td>\n<td><strong>Desventajas<\/strong><\/td>\n<\/tr>\n<tr>\n<td>Estrategia del Multiplicador Fijo<\/td>\n<td>Simplicidad de implementaci\u00f3n a trav\u00e9s del auto-juego y previsibilidad<\/td>\n<td>Imposibilidad de esperar un multiplicador grande y ganar una gran suma<\/td>\n<\/tr>\n<tr>\n<td>Estrategia Martingala<\/td>\n<td>Casi un 100% de probabilidad de no perder el saldo del juego<\/td>\n<td>Necesidad de tener una gran suma en la cuenta de juego y dif\u00edcil emocionalmente duplicar la apuesta cada vez<\/td>\n<\/tr>\n<tr>\n<td>Estrategia de la Escalera<\/td>\n<td>Adaptaci\u00f3n f\u00e1cil al curso del juego<\/td>\n<td>Requiere m\u00e1xima participaci\u00f3n en el juego<\/td>\n<\/tr>\n<tr>\n<td>Estrategia de Salida Temprana<\/td>\n<td>Riesgo general reducido de p\u00e9rdida y en particular de grandes sumas<\/td>\n<td><span style=\"font-weight: 400;\">Imposibilidad de ganar grandes sumas. Existe la posibilidad de caer en un peque\u00f1o saldo negativo.<\/span><\/td>\n<\/tr>\n<\/tbody>\n<\/table>\n","protected":false},"excerpt":{"rendered":"<p>Los juegos de crash, como Spaceman, han ganado popularidad debido a su simplicidad y din\u00e1mica emocionante. Aunque los resultados en estos juegos dependen en gran medida del azar, existen ciertas estrategias que pueden ayudar a los jugadores a aumentar sus posibilidades de \u00e9xito. Veamos algunas de las estrategias m\u00e1s populares para jugar a Spaceman. Principios [&hellip;]<\/p>\n","protected":false},"author":1,"featured_media":43,"parent":0,"menu_order":0,"comment_status":"closed","ping_status":"closed","template":"","meta":{"footnotes":""},"class_list":["post-18","page","type-page","status-publish","has-post-thumbnail","hentry"],"yoast_head":"<!-- This site is optimized with the Yoast SEO plugin v27.2 - https:\/\/yoast.com\/product\/yoast-seo-wordpress\/ -->\n<title>Estrategias y T\u00e1cticas del Juego Spaceman<\/title>\n<meta name=\"description\" content=\"C\u00f3mo jugar y ganar dinero real en el juego de choque Spaceman. Las mejores estrategias y t\u00e1cticas para el juego. C\u00f3mo elegir una estrategia para ganar en Spaceman.\" \/>\n<meta name=\"robots\" content=\"index, follow, max-snippet:-1, max-image-preview:large, max-video-preview:-1\" \/>\n<link rel=\"canonical\" href=\"https:\/\/spacemanco.com\/es\/strategies-for-playing-the-spaceman-crash-game\/\" \/>\n<meta property=\"og:locale\" content=\"es_ES\" \/>\n<meta property=\"og:locale:alternate\" content=\"ru_RU\" \/>\n<meta property=\"og:locale:alternate\" content=\"en_US\" \/>\n<meta property=\"og:locale:alternate\" content=\"pt_PT\" \/>\n<meta property=\"og:locale:alternate\" content=\"it_IT\" \/>\n<meta property=\"og:locale:alternate\" content=\"fr_FR\" \/>\n<meta property=\"og:locale:alternate\" content=\"de_DE\" \/>\n<meta property=\"og:locale:alternate\" content=\"sr_RS\" \/>\n<meta property=\"og:locale:alternate\" content=\"bg_BG\" \/>\n<meta property=\"og:locale:alternate\" content=\"ro_RO\" \/>\n<meta property=\"og:locale:alternate\" content=\"pl_PL\" \/>\n<meta property=\"og:type\" content=\"article\" \/>\n<meta property=\"og:title\" content=\"Estrategias y T\u00e1cticas del Juego Spaceman\" \/>\n<meta property=\"og:description\" content=\"C\u00f3mo jugar y ganar dinero real en el juego de choque Spaceman. Las mejores estrategias y t\u00e1cticas para el juego. C\u00f3mo elegir una estrategia para ganar en Spaceman.\" \/>\n<meta property=\"og:url\" content=\"https:\/\/spacemanco.com\/es\/strategies-for-playing-the-spaceman-crash-game\/\" \/>\n<meta property=\"og:site_name\" content=\"Spaceman\" \/>\n<meta property=\"article:modified_time\" content=\"2024-03-20T14:38:54+00:00\" \/>\n<meta property=\"og:image\" content=\"https:\/\/spacemanco.com\/wp-content\/uploads\/Space-man.jpg\" \/>\n\t<meta property=\"og:image:width\" content=\"1600\" \/>\n\t<meta property=\"og:image:height\" content=\"900\" \/>\n\t<meta property=\"og:image:type\" content=\"image\/jpeg\" \/>\n<meta name=\"twitter:card\" content=\"summary_large_image\" \/>\n<meta name=\"twitter:label1\" content=\"Tiempo de lectura\" \/>\n\t<meta name=\"twitter:data1\" content=\"28 minutos\" \/>\n<script type=\"application\/ld+json\" class=\"yoast-schema-graph\">{\"@context\":\"https:\/\/schema.org\",\"@graph\":[{\"@type\":\"WebPage\",\"@id\":\"https:\/\/spacemanco.com\/es\/strategies-for-playing-the-spaceman-crash-game\/\",\"url\":\"https:\/\/spacemanco.com\/es\/strategies-for-playing-the-spaceman-crash-game\/\",\"name\":\"Estrategias y T\u00e1cticas del Juego Spaceman\",\"isPartOf\":{\"@id\":\"https:\/\/spacemanco.com\/#website\"},\"primaryImageOfPage\":{\"@id\":\"https:\/\/spacemanco.com\/es\/strategies-for-playing-the-spaceman-crash-game\/#primaryimage\"},\"image\":{\"@id\":\"https:\/\/spacemanco.com\/es\/strategies-for-playing-the-spaceman-crash-game\/#primaryimage\"},\"thumbnailUrl\":\"https:\/\/spacemanco.com\/wp-content\/uploads\/Space-man.jpg\",\"datePublished\":\"2024-01-30T16:58:25+00:00\",\"dateModified\":\"2024-03-20T14:38:54+00:00\",\"description\":\"C\u00f3mo jugar y ganar dinero real en el juego de choque Spaceman. Las mejores estrategias y t\u00e1cticas para el juego. C\u00f3mo elegir una estrategia para ganar en Spaceman.\",\"breadcrumb\":{\"@id\":\"https:\/\/spacemanco.com\/es\/strategies-for-playing-the-spaceman-crash-game\/#breadcrumb\"},\"inLanguage\":\"es-ES\",\"potentialAction\":[{\"@type\":\"ReadAction\",\"target\":[\"https:\/\/spacemanco.com\/es\/strategies-for-playing-the-spaceman-crash-game\/\"]}]},{\"@type\":\"ImageObject\",\"inLanguage\":\"es-ES\",\"@id\":\"https:\/\/spacemanco.com\/es\/strategies-for-playing-the-spaceman-crash-game\/#primaryimage\",\"url\":\"https:\/\/spacemanco.com\/wp-content\/uploads\/Space-man.jpg\",\"contentUrl\":\"https:\/\/spacemanco.com\/wp-content\/uploads\/Space-man.jpg\",\"width\":1600,\"height\":900},{\"@type\":\"BreadcrumbList\",\"@id\":\"https:\/\/spacemanco.com\/es\/strategies-for-playing-the-spaceman-crash-game\/#breadcrumb\",\"itemListElement\":[{\"@type\":\"ListItem\",\"position\":1,\"name\":\"Home\",\"item\":\"https:\/\/spacemanco.com\/\"},{\"@type\":\"ListItem\",\"position\":2,\"name\":\"Estrategias para Jugar al Juego Spaceman Crash\"}]},{\"@type\":\"WebSite\",\"@id\":\"https:\/\/spacemanco.com\/#website\",\"url\":\"https:\/\/spacemanco.com\/\",\"name\":\"Spaceman\",\"description\":\"\",\"publisher\":{\"@id\":\"https:\/\/spacemanco.com\/#organization\"},\"potentialAction\":[{\"@type\":\"SearchAction\",\"target\":{\"@type\":\"EntryPoint\",\"urlTemplate\":\"https:\/\/spacemanco.com\/?s={search_term_string}\"},\"query-input\":{\"@type\":\"PropertyValueSpecification\",\"valueRequired\":true,\"valueName\":\"search_term_string\"}}],\"inLanguage\":\"es-ES\"},{\"@type\":\"Organization\",\"@id\":\"https:\/\/spacemanco.com\/#organization\",\"name\":\"Spaceman\",\"url\":\"https:\/\/spacemanco.com\/\",\"logo\":{\"@type\":\"ImageObject\",\"inLanguage\":\"es-ES\",\"@id\":\"https:\/\/spacemanco.com\/#\/schema\/logo\/image\/\",\"url\":\"https:\/\/spacemanco.com\/wp-content\/uploads\/spaceman.png\",\"contentUrl\":\"https:\/\/spacemanco.com\/wp-content\/uploads\/spaceman.png\",\"width\":400,\"height\":229,\"caption\":\"Spaceman\"},\"image\":{\"@id\":\"https:\/\/spacemanco.com\/#\/schema\/logo\/image\/\"}}]}<\/script>\n<!-- \/ Yoast SEO plugin. -->","yoast_head_json":{"title":"Estrategias y T\u00e1cticas del Juego Spaceman","description":"C\u00f3mo jugar y ganar dinero real en el juego de choque Spaceman. Las mejores estrategias y t\u00e1cticas para el juego. C\u00f3mo elegir una estrategia para ganar en Spaceman.","robots":{"index":"index","follow":"follow","max-snippet":"max-snippet:-1","max-image-preview":"max-image-preview:large","max-video-preview":"max-video-preview:-1"},"canonical":"https:\/\/spacemanco.com\/es\/strategies-for-playing-the-spaceman-crash-game\/","og_locale":"es_ES","og_type":"article","og_title":"Estrategias y T\u00e1cticas del Juego Spaceman","og_description":"C\u00f3mo jugar y ganar dinero real en el juego de choque Spaceman. Las mejores estrategias y t\u00e1cticas para el juego. C\u00f3mo elegir una estrategia para ganar en Spaceman.","og_url":"https:\/\/spacemanco.com\/es\/strategies-for-playing-the-spaceman-crash-game\/","og_site_name":"Spaceman","article_modified_time":"2024-03-20T14:38:54+00:00","og_image":[{"width":1600,"height":900,"url":"https:\/\/spacemanco.com\/wp-content\/uploads\/Space-man.jpg","type":"image\/jpeg"}],"twitter_card":"summary_large_image","twitter_misc":{"Tiempo de lectura":"28 minutos"},"schema":{"@context":"https:\/\/schema.org","@graph":[{"@type":"WebPage","@id":"https:\/\/spacemanco.com\/es\/strategies-for-playing-the-spaceman-crash-game\/","url":"https:\/\/spacemanco.com\/es\/strategies-for-playing-the-spaceman-crash-game\/","name":"Estrategias y T\u00e1cticas del Juego Spaceman","isPartOf":{"@id":"https:\/\/spacemanco.com\/#website"},"primaryImageOfPage":{"@id":"https:\/\/spacemanco.com\/es\/strategies-for-playing-the-spaceman-crash-game\/#primaryimage"},"image":{"@id":"https:\/\/spacemanco.com\/es\/strategies-for-playing-the-spaceman-crash-game\/#primaryimage"},"thumbnailUrl":"https:\/\/spacemanco.com\/wp-content\/uploads\/Space-man.jpg","datePublished":"2024-01-30T16:58:25+00:00","dateModified":"2024-03-20T14:38:54+00:00","description":"C\u00f3mo jugar y ganar dinero real en el juego de choque Spaceman. Las mejores estrategias y t\u00e1cticas para el juego. C\u00f3mo elegir una estrategia para ganar en Spaceman.","breadcrumb":{"@id":"https:\/\/spacemanco.com\/es\/strategies-for-playing-the-spaceman-crash-game\/#breadcrumb"},"inLanguage":"es-ES","potentialAction":[{"@type":"ReadAction","target":["https:\/\/spacemanco.com\/es\/strategies-for-playing-the-spaceman-crash-game\/"]}]},{"@type":"ImageObject","inLanguage":"es-ES","@id":"https:\/\/spacemanco.com\/es\/strategies-for-playing-the-spaceman-crash-game\/#primaryimage","url":"https:\/\/spacemanco.com\/wp-content\/uploads\/Space-man.jpg","contentUrl":"https:\/\/spacemanco.com\/wp-content\/uploads\/Space-man.jpg","width":1600,"height":900},{"@type":"BreadcrumbList","@id":"https:\/\/spacemanco.com\/es\/strategies-for-playing-the-spaceman-crash-game\/#breadcrumb","itemListElement":[{"@type":"ListItem","position":1,"name":"Home","item":"https:\/\/spacemanco.com\/"},{"@type":"ListItem","position":2,"name":"Estrategias para Jugar al Juego Spaceman Crash"}]},{"@type":"WebSite","@id":"https:\/\/spacemanco.com\/#website","url":"https:\/\/spacemanco.com\/","name":"Spaceman","description":"","publisher":{"@id":"https:\/\/spacemanco.com\/#organization"},"potentialAction":[{"@type":"SearchAction","target":{"@type":"EntryPoint","urlTemplate":"https:\/\/spacemanco.com\/?s={search_term_string}"},"query-input":{"@type":"PropertyValueSpecification","valueRequired":true,"valueName":"search_term_string"}}],"inLanguage":"es-ES"},{"@type":"Organization","@id":"https:\/\/spacemanco.com\/#organization","name":"Spaceman","url":"https:\/\/spacemanco.com\/","logo":{"@type":"ImageObject","inLanguage":"es-ES","@id":"https:\/\/spacemanco.com\/#\/schema\/logo\/image\/","url":"https:\/\/spacemanco.com\/wp-content\/uploads\/spaceman.png","contentUrl":"https:\/\/spacemanco.com\/wp-content\/uploads\/spaceman.png","width":400,"height":229,"caption":"Spaceman"},"image":{"@id":"https:\/\/spacemanco.com\/#\/schema\/logo\/image\/"}}]}},"_links":{"self":[{"href":"https:\/\/spacemanco.com\/es\/wp-json\/wp\/v2\/pages\/18","targetHints":{"allow":["GET"]}}],"collection":[{"href":"https:\/\/spacemanco.com\/es\/wp-json\/wp\/v2\/pages"}],"about":[{"href":"https:\/\/spacemanco.com\/es\/wp-json\/wp\/v2\/types\/page"}],"author":[{"embeddable":true,"href":"https:\/\/spacemanco.com\/es\/wp-json\/wp\/v2\/users\/1"}],"replies":[{"embeddable":true,"href":"https:\/\/spacemanco.com\/es\/wp-json\/wp\/v2\/comments?post=18"}],"version-history":[{"count":24,"href":"https:\/\/spacemanco.com\/es\/wp-json\/wp\/v2\/pages\/18\/revisions"}],"predecessor-version":[{"id":231,"href":"https:\/\/spacemanco.com\/es\/wp-json\/wp\/v2\/pages\/18\/revisions\/231"}],"wp:featuredmedia":[{"embeddable":true,"href":"https:\/\/spacemanco.com\/es\/wp-json\/wp\/v2\/media\/43"}],"wp:attachment":[{"href":"https:\/\/spacemanco.com\/es\/wp-json\/wp\/v2\/media?parent=18"}],"curies":[{"name":"wp","href":"https:\/\/api.w.org\/{rel}","templated":true}]}}