{"id":10,"date":"2024-01-30T16:19:59","date_gmt":"2024-01-30T16:19:59","guid":{"rendered":"https:\/\/spacemanco.com\/?page_id=10"},"modified":"2024-03-20T14:25:55","modified_gmt":"2024-03-20T14:25:55","slug":"navigation-and-control-in-the-spaceman-crash-game","status":"publish","type":"page","link":"https:\/\/spacemanco.com\/fr\/navigation-and-control-in-the-spaceman-crash-game\/","title":{"rendered":"Navigation et Contr\u00f4le dans le Jeu Spaceman Crash"},"content":{"rendered":"<p>Les jeux de crash, comme Spaceman, sont populaires gr\u00e2ce \u00e0 leur gameplay excitant et \u00e0 leurs commandes simples. Comprendre la navigation et le contr\u00f4le dans ces jeux est d&rsquo;une importance critique pour garantir une exp\u00e9rience de jeu agr\u00e9able et efficace.<\/p>\n<h2><strong>Interface principale du jeu Spaceman<\/strong><\/h2>\n<ol>\n<li>Lorsque vous entrez dans le jeu Spaceman, la premi\u00e8re chose que vous voyez est l&rsquo;\u00e9cran principal du jeu. Ici, vous verrez l&rsquo;astronaute pr\u00eat pour le lancement et un graphique montrant l&rsquo;augmentation des multiplicateurs de paris. Il est temps de placer vos paris.<\/li>\n<li>Au bas de l&rsquo;\u00e9cran se trouve le panneau de contr\u00f4le. Ici, vous pouvez d\u00e9finir la taille de la mise, activer le mode de lecture automatique et effectuer d&rsquo;autres actions importantes.<\/li>\n<li>Pour d\u00e9marrer le jeu, la premi\u00e8re chose \u00e0 faire est de s\u00e9lectionner le montant de la mise. Vous pouvez le faire \u00e0 l&rsquo;aide des boutons \u00ab\u00a0+\u00a0\u00bb et \u00ab\u00a0&#8211;\u00a0\u00bb sur le panneau de contr\u00f4le. En g\u00e9n\u00e9ral, la devise de mise sera la m\u00eame que votre devise de casino.<\/li>\n<li>N&rsquo;oubliez pas l&rsquo;option de mise automatique. Pour simplifier le processus de jeu, la fonction de mise automatique est disponible. Vous pouvez le configurer pour un certain nombre de tours ou jusqu&rsquo;\u00e0 atteindre un certain solde.<\/li>\n<\/ol>\n<h2><strong>D\u00e9marrage du jeu Spaceman<\/strong><\/h2>\n<ol>\n<li>Apr\u00e8s avoir plac\u00e9 la mise, le jeu commence avec le lancement de l&rsquo;astronaute. \u00c0 partir de ce moment, le multiplicateur de vos gains potentiels commence \u00e0 augmenter.<\/li>\n<li>Le joueur peut retirer 50 % des gains ou la totalit\u00e9 du montant. \u00c0 cette fin, des boutons correspondants sont pr\u00e9vus dans l&rsquo;interface.<\/li>\n<\/ol>\n<h2><strong>Quitter le jeu Spaceman<\/strong><\/h2>\n<p>La partie la plus importante du contr\u00f4le de Spaceman est de d\u00e9cider quand quitter le jeu. Pour ce faire, vous devez appuyer sur le bouton \u00ab\u00a0Prendre\u00a0\u00bb, qui fixe vos gains au niveau actuel du multiplicateur.<\/p>\n<h3><strong>Fonctionnalit\u00e9s de l&rsquo;interface du jeu Spaceman<\/strong><\/h3>\n<h3><strong>Historique des paris<\/strong><\/h3>\n<p>Il y a une section pour l&rsquo;historique des paris \u00e0 l&rsquo;\u00e9cran, o\u00f9 vous pouvez voir les r\u00e9sultats des tours pr\u00e9c\u00e9dents. Cela peut aider \u00e0 prendre des d\u00e9cisions concernant les paris futurs.<\/p>\n<h3><strong>Param\u00e8tres<\/strong><\/h3>\n<p>Peut-\u00eatre l&rsquo;une des parties les plus importantes de l&rsquo;interface dans le jeu. Dans la section des param\u00e8tres, vous pouvez modifier divers param\u00e8tres de jeu, tels que le son, les graphismes et la vitesse de jeu.<\/p>\n<h3><strong>Service de support aux joueurs<\/strong><\/h3>\n<p>Si vous avez des questions ou des probl\u00e8mes, vous pouvez toujours vous rendre \u00e0 la section d&rsquo;aide ou contacter le service de support du casino en ligne. Les sp\u00e9cialistes de l&rsquo;\u00e9quipe de support r\u00e9pondront \u00e0 vos questions. Ce sont des employ\u00e9s du casino, pas les d\u00e9veloppeurs du jeu Spaceman, mais ils sont comp\u00e9tents pour r\u00e9pondre \u00e0 toutes les questions.<\/p>\n<h2><strong>Conclusions sur la navigation dans Spaceman<\/strong><\/h2>\n<p>La navigation et le contr\u00f4le dans Spaceman sont intuitifs et faciles \u00e0 apprendre m\u00eame pour les joueurs d\u00e9butants. Le principe de navigation dans les jeux de crash ne diff\u00e8re pas beaucoup. Le plus important est de se rappeler les r\u00e8gles du jeu et de g\u00e9rer habilement vos paris et d\u00e9cisions pour quitter le jeu. Choisir le bon moment pour retirer la mise est la d\u00e9cision la plus importante \u00e0 prendre pendant le jeu. Avec une gestion efficace et une compr\u00e9hension de la navigation, votre exp\u00e9rience de jeu dans Spaceman sera non seulement agr\u00e9able mais aussi potentiellement rentable. Il est important d&rsquo;aborder le jeu avec responsabilit\u00e9 et de se rappeler les risques li\u00e9s aux jeux d&rsquo;argent.<\/p>\n","protected":false},"excerpt":{"rendered":"<p>Les jeux de crash, comme Spaceman, sont populaires gr\u00e2ce \u00e0 leur gameplay excitant et \u00e0 leurs commandes simples. Comprendre la navigation et le contr\u00f4le dans ces jeux est d&rsquo;une importance critique pour garantir une exp\u00e9rience de jeu agr\u00e9able et efficace. Interface principale du jeu Spaceman Lorsque vous entrez dans le jeu Spaceman, la premi\u00e8re chose [&hellip;]<\/p>\n","protected":false},"author":1,"featured_media":43,"parent":0,"menu_order":0,"comment_status":"closed","ping_status":"closed","template":"","meta":{"footnotes":""},"class_list":["post-10","page","type-page","status-publish","has-post-thumbnail","hentry"],"yoast_head":"<!-- This site is optimized with the Yoast SEO plugin v27.2 - https:\/\/yoast.com\/product\/yoast-seo-wordpress\/ -->\n<title>Nawigacja w grze Spaceman<\/title>\n<meta name=\"description\" content=\"Instructions sur la mani\u00e8re de naviguer dans le jeu Spaceman. Guide \u00e9tape par \u00e9tape. Symboles dans le jeu Spaceman, param\u00e8tres, gestion des paris, assistance client.\" \/>\n<meta name=\"robots\" content=\"index, follow, max-snippet:-1, max-image-preview:large, max-video-preview:-1\" \/>\n<link rel=\"canonical\" href=\"https:\/\/spacemanco.com\/fr\/navigation-and-control-in-the-spaceman-crash-game\/\" \/>\n<meta property=\"og:locale\" content=\"fr_FR\" \/>\n<meta property=\"og:locale:alternate\" content=\"ru_RU\" \/>\n<meta property=\"og:locale:alternate\" content=\"en_US\" \/>\n<meta property=\"og:locale:alternate\" content=\"pt_PT\" \/>\n<meta property=\"og:locale:alternate\" content=\"es_ES\" \/>\n<meta property=\"og:locale:alternate\" content=\"it_IT\" \/>\n<meta property=\"og:locale:alternate\" content=\"de_DE\" \/>\n<meta property=\"og:locale:alternate\" content=\"sr_RS\" \/>\n<meta property=\"og:locale:alternate\" content=\"bg_BG\" \/>\n<meta property=\"og:locale:alternate\" content=\"ro_RO\" \/>\n<meta property=\"og:locale:alternate\" content=\"pl_PL\" \/>\n<meta property=\"og:type\" content=\"article\" \/>\n<meta property=\"og:title\" content=\"Nawigacja w grze Spaceman\" \/>\n<meta property=\"og:description\" content=\"Instrukcje dotycz\u0105ce nawigacji w grze Spaceman. Przewodnik krok po kroku. Symbole w grze Spaceman, ustawienia, zarz\u0105dzanie zak\u0142adami, obs\u0142uga klienta.\" \/>\n<meta property=\"og:url\" content=\"https:\/\/spacemanco.com\/fr\/navigation-and-control-in-the-spaceman-crash-game\/\" \/>\n<meta property=\"og:site_name\" content=\"Spaceman\" \/>\n<meta property=\"article:modified_time\" content=\"2024-03-20T14:25:55+00:00\" \/>\n<meta property=\"og:image\" content=\"https:\/\/spacemanco.com\/wp-content\/uploads\/Space-man.jpg\" \/>\n\t<meta property=\"og:image:width\" content=\"1600\" \/>\n\t<meta property=\"og:image:height\" content=\"900\" \/>\n\t<meta property=\"og:image:type\" content=\"image\/jpeg\" \/>\n<meta name=\"twitter:card\" content=\"summary_large_image\" \/>\n<meta name=\"twitter:label1\" content=\"Dur\u00e9e de lecture estim\u00e9e\" \/>\n\t<meta name=\"twitter:data1\" content=\"21 minutes\" \/>\n<script type=\"application\/ld+json\" class=\"yoast-schema-graph\">{\"@context\":\"https:\/\/schema.org\",\"@graph\":[{\"@type\":\"WebPage\",\"@id\":\"https:\/\/spacemanco.com\/pl\/navigation-and-control-in-the-spaceman-crash-game\/\",\"url\":\"https:\/\/spacemanco.com\/pl\/navigation-and-control-in-the-spaceman-crash-game\/\",\"name\":\"Nawigacja w grze Spaceman\",\"isPartOf\":{\"@id\":\"https:\/\/spacemanco.com\/#website\"},\"primaryImageOfPage\":{\"@id\":\"https:\/\/spacemanco.com\/pl\/navigation-and-control-in-the-spaceman-crash-game\/#primaryimage\"},\"image\":{\"@id\":\"https:\/\/spacemanco.com\/pl\/navigation-and-control-in-the-spaceman-crash-game\/#primaryimage\"},\"thumbnailUrl\":\"https:\/\/spacemanco.com\/wp-content\/uploads\/Space-man.jpg\",\"datePublished\":\"2024-01-30T16:19:59+00:00\",\"dateModified\":\"2024-03-20T14:25:55+00:00\",\"description\":\"Instrukcje dotycz\u0105ce nawigacji w grze Spaceman. Przewodnik krok po kroku. Symbole w grze Spaceman, ustawienia, zarz\u0105dzanie zak\u0142adami, obs\u0142uga klienta.\",\"breadcrumb\":{\"@id\":\"https:\/\/spacemanco.com\/pl\/navigation-and-control-in-the-spaceman-crash-game\/#breadcrumb\"},\"inLanguage\":\"fr-FR\",\"potentialAction\":[{\"@type\":\"ReadAction\",\"target\":[\"https:\/\/spacemanco.com\/pl\/navigation-and-control-in-the-spaceman-crash-game\/\"]}]},{\"@type\":\"ImageObject\",\"inLanguage\":\"fr-FR\",\"@id\":\"https:\/\/spacemanco.com\/pl\/navigation-and-control-in-the-spaceman-crash-game\/#primaryimage\",\"url\":\"https:\/\/spacemanco.com\/wp-content\/uploads\/Space-man.jpg\",\"contentUrl\":\"https:\/\/spacemanco.com\/wp-content\/uploads\/Space-man.jpg\",\"width\":1600,\"height\":900},{\"@type\":\"BreadcrumbList\",\"@id\":\"https:\/\/spacemanco.com\/pl\/navigation-and-control-in-the-spaceman-crash-game\/#breadcrumb\",\"itemListElement\":[{\"@type\":\"ListItem\",\"position\":1,\"name\":\"Home\",\"item\":\"https:\/\/spacemanco.com\/\"},{\"@type\":\"ListItem\",\"position\":2,\"name\":\"Nawigacja i Kontrola w grze Spaceman Crash\"}]},{\"@type\":\"WebSite\",\"@id\":\"https:\/\/spacemanco.com\/#website\",\"url\":\"https:\/\/spacemanco.com\/\",\"name\":\"Spaceman\",\"description\":\"\",\"publisher\":{\"@id\":\"https:\/\/spacemanco.com\/#organization\"},\"potentialAction\":[{\"@type\":\"SearchAction\",\"target\":{\"@type\":\"EntryPoint\",\"urlTemplate\":\"https:\/\/spacemanco.com\/?s={search_term_string}\"},\"query-input\":{\"@type\":\"PropertyValueSpecification\",\"valueRequired\":true,\"valueName\":\"search_term_string\"}}],\"inLanguage\":\"fr-FR\"},{\"@type\":\"Organization\",\"@id\":\"https:\/\/spacemanco.com\/#organization\",\"name\":\"Spaceman\",\"url\":\"https:\/\/spacemanco.com\/\",\"logo\":{\"@type\":\"ImageObject\",\"inLanguage\":\"fr-FR\",\"@id\":\"https:\/\/spacemanco.com\/#\/schema\/logo\/image\/\",\"url\":\"https:\/\/spacemanco.com\/wp-content\/uploads\/spaceman.png\",\"contentUrl\":\"https:\/\/spacemanco.com\/wp-content\/uploads\/spaceman.png\",\"width\":400,\"height\":229,\"caption\":\"Spaceman\"},\"image\":{\"@id\":\"https:\/\/spacemanco.com\/#\/schema\/logo\/image\/\"}}]}<\/script>\n<!-- \/ Yoast SEO plugin. -->","yoast_head_json":{"title":"Nawigacja w grze Spaceman","description":"Instructions sur la mani\u00e8re de naviguer dans le jeu Spaceman. Guide \u00e9tape par \u00e9tape. Symboles dans le jeu Spaceman, param\u00e8tres, gestion des paris, assistance client.","robots":{"index":"index","follow":"follow","max-snippet":"max-snippet:-1","max-image-preview":"max-image-preview:large","max-video-preview":"max-video-preview:-1"},"canonical":"https:\/\/spacemanco.com\/fr\/navigation-and-control-in-the-spaceman-crash-game\/","og_locale":"fr_FR","og_type":"article","og_title":"Nawigacja w grze Spaceman","og_description":"Instrukcje dotycz\u0105ce nawigacji w grze Spaceman. Przewodnik krok po kroku. Symbole w grze Spaceman, ustawienia, zarz\u0105dzanie zak\u0142adami, obs\u0142uga klienta.","og_url":"https:\/\/spacemanco.com\/fr\/navigation-and-control-in-the-spaceman-crash-game\/","og_site_name":"Spaceman","article_modified_time":"2024-03-20T14:25:55+00:00","og_image":[{"width":1600,"height":900,"url":"https:\/\/spacemanco.com\/wp-content\/uploads\/Space-man.jpg","type":"image\/jpeg"}],"twitter_card":"summary_large_image","twitter_misc":{"Dur\u00e9e de lecture estim\u00e9e":"21 minutes"},"schema":{"@context":"https:\/\/schema.org","@graph":[{"@type":"WebPage","@id":"https:\/\/spacemanco.com\/pl\/navigation-and-control-in-the-spaceman-crash-game\/","url":"https:\/\/spacemanco.com\/pl\/navigation-and-control-in-the-spaceman-crash-game\/","name":"Nawigacja w grze Spaceman","isPartOf":{"@id":"https:\/\/spacemanco.com\/#website"},"primaryImageOfPage":{"@id":"https:\/\/spacemanco.com\/pl\/navigation-and-control-in-the-spaceman-crash-game\/#primaryimage"},"image":{"@id":"https:\/\/spacemanco.com\/pl\/navigation-and-control-in-the-spaceman-crash-game\/#primaryimage"},"thumbnailUrl":"https:\/\/spacemanco.com\/wp-content\/uploads\/Space-man.jpg","datePublished":"2024-01-30T16:19:59+00:00","dateModified":"2024-03-20T14:25:55+00:00","description":"Instrukcje dotycz\u0105ce nawigacji w grze Spaceman. Przewodnik krok po kroku. Symbole w grze Spaceman, ustawienia, zarz\u0105dzanie zak\u0142adami, obs\u0142uga klienta.","breadcrumb":{"@id":"https:\/\/spacemanco.com\/pl\/navigation-and-control-in-the-spaceman-crash-game\/#breadcrumb"},"inLanguage":"fr-FR","potentialAction":[{"@type":"ReadAction","target":["https:\/\/spacemanco.com\/pl\/navigation-and-control-in-the-spaceman-crash-game\/"]}]},{"@type":"ImageObject","inLanguage":"fr-FR","@id":"https:\/\/spacemanco.com\/pl\/navigation-and-control-in-the-spaceman-crash-game\/#primaryimage","url":"https:\/\/spacemanco.com\/wp-content\/uploads\/Space-man.jpg","contentUrl":"https:\/\/spacemanco.com\/wp-content\/uploads\/Space-man.jpg","width":1600,"height":900},{"@type":"BreadcrumbList","@id":"https:\/\/spacemanco.com\/pl\/navigation-and-control-in-the-spaceman-crash-game\/#breadcrumb","itemListElement":[{"@type":"ListItem","position":1,"name":"Home","item":"https:\/\/spacemanco.com\/"},{"@type":"ListItem","position":2,"name":"Nawigacja i Kontrola w grze Spaceman Crash"}]},{"@type":"WebSite","@id":"https:\/\/spacemanco.com\/#website","url":"https:\/\/spacemanco.com\/","name":"Spaceman","description":"","publisher":{"@id":"https:\/\/spacemanco.com\/#organization"},"potentialAction":[{"@type":"SearchAction","target":{"@type":"EntryPoint","urlTemplate":"https:\/\/spacemanco.com\/?s={search_term_string}"},"query-input":{"@type":"PropertyValueSpecification","valueRequired":true,"valueName":"search_term_string"}}],"inLanguage":"fr-FR"},{"@type":"Organization","@id":"https:\/\/spacemanco.com\/#organization","name":"Spaceman","url":"https:\/\/spacemanco.com\/","logo":{"@type":"ImageObject","inLanguage":"fr-FR","@id":"https:\/\/spacemanco.com\/#\/schema\/logo\/image\/","url":"https:\/\/spacemanco.com\/wp-content\/uploads\/spaceman.png","contentUrl":"https:\/\/spacemanco.com\/wp-content\/uploads\/spaceman.png","width":400,"height":229,"caption":"Spaceman"},"image":{"@id":"https:\/\/spacemanco.com\/#\/schema\/logo\/image\/"}}]}},"_links":{"self":[{"href":"https:\/\/spacemanco.com\/fr\/wp-json\/wp\/v2\/pages\/10","targetHints":{"allow":["GET"]}}],"collection":[{"href":"https:\/\/spacemanco.com\/fr\/wp-json\/wp\/v2\/pages"}],"about":[{"href":"https:\/\/spacemanco.com\/fr\/wp-json\/wp\/v2\/types\/page"}],"author":[{"embeddable":true,"href":"https:\/\/spacemanco.com\/fr\/wp-json\/wp\/v2\/users\/1"}],"replies":[{"embeddable":true,"href":"https:\/\/spacemanco.com\/fr\/wp-json\/wp\/v2\/comments?post=10"}],"version-history":[{"count":26,"href":"https:\/\/spacemanco.com\/fr\/wp-json\/wp\/v2\/pages\/10\/revisions"}],"predecessor-version":[{"id":228,"href":"https:\/\/spacemanco.com\/fr\/wp-json\/wp\/v2\/pages\/10\/revisions\/228"}],"wp:featuredmedia":[{"embeddable":true,"href":"https:\/\/spacemanco.com\/fr\/wp-json\/wp\/v2\/media\/43"}],"wp:attachment":[{"href":"https:\/\/spacemanco.com\/fr\/wp-json\/wp\/v2\/media?parent=10"}],"curies":[{"name":"wp","href":"https:\/\/api.w.org\/{rel}","templated":true}]}}