{"id":12,"date":"2024-01-30T16:21:29","date_gmt":"2024-01-30T16:21:29","guid":{"rendered":"https:\/\/spacemanco.com\/?page_id=12"},"modified":"2024-03-20T14:13:53","modified_gmt":"2024-03-20T14:13:53","slug":"auto-play-in-the-spaceman-crash-game","status":"publish","type":"page","link":"https:\/\/spacemanco.com\/fr\/auto-play-in-the-spaceman-crash-game\/","title":{"rendered":"Auto-play dans le jeu Spaceman Crash"},"content":{"rendered":"<p><strong style=\"color: #666666; font-size: 1.25rem;\">Avantages de l&rsquo;Auto-Play dans Spaceman<\/strong><\/p>\n<p>L&rsquo;Auto-Play dans le jeu de crash Spaceman offre plusieurs avantages qui peuvent enrichir l&rsquo;exp\u00e9rience de jeu et simplifier le processus de participation au jeu. Voici quelques avantages cl\u00e9s de l&rsquo;Auto-Play dans Spaceman :<\/p>\n<ol>\n<li><strong>Consistance des mises :<\/strong> L&rsquo;Auto-Play permet de faire des mises automatiquement, assurant ainsi une consistance dans la taille des mises. Cela peut \u00eatre utile pour certaines strat\u00e9gies de joueur. Par exemple, si un joueur a calcul\u00e9 son capital \u00e0 l&rsquo;avance, d\u00e9terminer le montant de la mise peut aider \u00e0 pr\u00e9voir le nombre de tours auxquels le joueur peut participer.<\/li>\n<li><strong>Gestion des risques :<\/strong> En utilisant l&rsquo;Auto-Play, les joueurs peuvent pr\u00e9-d\u00e9terminer leur strat\u00e9gie de retrait des mises, ce qui aide \u00e0 g\u00e9rer les risques de mani\u00e8re plus efficace. Par exemple, on peut configurer la sortie automatique du jeu d\u00e8s qu&rsquo;un certain multiplicateur de gains est atteint. Si un joueur d\u00e9cide de jouer sur de petits multiplicateurs, l&rsquo;Auto-Play peut suivre cette strat\u00e9gie en toute confiance. Il est difficile de prendre constamment des d\u00e9cisions concernant le retrait \u00e0, par exemple, un multiplicateur de 1,5x. L&rsquo;Auto-Play r\u00e9sout ce probl\u00e8me.<\/li>\n<li><strong>\u00c9conomie de temps :<\/strong> L&rsquo;Auto-Play permet aux joueurs d&rsquo;\u00e9conomiser du temps \u00e0 chaque tour de jeu. Cela est particuli\u00e8rement utile si un joueur est occup\u00e9 ou souhaite s&rsquo;engager dans autre chose en m\u00eame temps, comme regarder une s\u00e9rie ou faire la vaisselle.<\/li>\n<li><strong>\u00c9viter les d\u00e9cisions \u00e9motionnelles :<\/strong> L&rsquo;Auto-Play \u00e9limine le facteur \u00e9motionnel, qui conduit souvent \u00e0 des d\u00e9cisions impulsives pendant le jeu. Cela aide \u00e0 maintenir une approche objective et rationnelle du jeu. Par exemple, apr\u00e8s quelques pertes, un joueur peut d\u00e9cider de poursuivre les pertes et de prendre une d\u00e9cision \u00e9motionnelle pour pousser le multiplicateur au maximum, ce qui peut ne pas conduire \u00e0 la r\u00e9cup\u00e9ration mais plut\u00f4t \u00e0 une autre perte. C&rsquo;est un exemple de d\u00e9cision \u00e9motionnelle qu&rsquo;il est conseill\u00e9 d&rsquo;\u00e9viter.<\/li>\n<li><strong>Confort pour les d\u00e9butants :<\/strong> Pour les nouveaux joueurs qui ne sont pas encore confiants dans leurs strat\u00e9gies ou qui ne veulent pas surveiller constamment le jeu, l&rsquo;Auto-Play peut \u00eatre un moyen pratique de se familiariser avec la dynamique du jeu. R\u00e9glez l&rsquo;Auto-Play sur le multiplicateur minimum et observez le r\u00e9sultat.<\/li>\n<li><strong>S\u00e9lection de la strat\u00e9gie :<\/strong> L&rsquo;Auto-Play permet aux joueurs de pr\u00e9-s\u00e9lectionner leur strat\u00e9gie en fonction de l&rsquo;analyse des jeux pr\u00e9c\u00e9dents et des statistiques, ce qui peut am\u00e9liorer l&rsquo;efficacit\u00e9 globale du jeu et apporter la victoire tant attendue.<\/li>\n<li><strong>Pr\u00e9vention de la fatigue :<\/strong> Soyons honn\u00eates &#8211; il est tr\u00e8s facile de se fatiguer pendant de longues sessions de jeu. L&rsquo;Auto-Play aide \u00e0 pr\u00e9venir la fatigue et \u00e0 maintenir la concentration. Un joueur ne fera pas d&rsquo;erreurs dans la prise de d\u00e9cision.<\/li>\n<li><strong>Facilit\u00e9 de personnalisation :<\/strong> La plupart des plateformes de jeu de crash offrent des param\u00e8tres d&rsquo;Auto-Play intuitifs, permettant aux joueurs de les adapter facilement \u00e0 leurs pr\u00e9f\u00e9rences et \u00e0 leur strat\u00e9gie de jeu.<\/li>\n<\/ol>\n<p>Il est important de se rappeler que malgr\u00e9 ces avantages, l&rsquo;Auto-Play ne garantit pas une victoire et est \u00e9galement soumis aux risques associ\u00e9s au jeu. Les joueurs doivent aborder l&rsquo;utilisation de cette fonction avec prudence et responsabilit\u00e9.<\/p>\n<h2><strong>Activation de la fonction Auto-Play<\/strong><\/h2>\n<p>Activer la fonction Auto-Play est facile. Il suffit de placer une mise, d&rsquo;activer \u00e9ventuellement l&rsquo;option \u00ab\u00a0Auto-Cashout\u00a0\u00bb et d&rsquo;appuyer sur le bouton \u00ab\u00a0Auto-Play\u00a0\u00bb. Ensuite, la fen\u00eatre \u00ab\u00a0Auto-Play\u00a0\u00bb s&rsquo;ouvrira, affichant tous les param\u00e8tres de lancement. Notez que les param\u00e8tres d&rsquo;Auto-Play peuvent varier dans diff\u00e9rents pays en raison des exigences l\u00e9gislatives concernant certains param\u00e8tres.<\/p>\n<p>Pendant que la fen\u00eatre Auto-Play est ouverte, elle peut \u00eatre activ\u00e9e dans le m\u00eame tour o\u00f9 elle a \u00e9t\u00e9 lanc\u00e9e ou dans l&rsquo;un des tours de jeu suivants. Le nombre de tours restants d&rsquo;Auto-Play sera indiqu\u00e9 \u00e0 c\u00f4t\u00e9 du bouton \u00ab\u00a0Modifier l&rsquo;Auto-Play\u00a0\u00bb.<\/p>\n<h2><strong>Questions fr\u00e9quemment pos\u00e9es sur la fonction Auto-Play dans le jeu de crash Spaceman<\/strong><\/h2>\n<p><strong>Puis-je changer la taille de la mise apr\u00e8s avoir activ\u00e9 l&rsquo;Auto-Play dans Spaceman ?<\/strong><\/p>\n<p>Non, apr\u00e8s avoir activ\u00e9 le mode \u00ab\u00a0Auto-Play\u00a0\u00bb, le joueur ne peut pas changer la mise. Pour changer la mise ou d&rsquo;autres param\u00e8tres, vous devez arr\u00eater l&rsquo;Auto-Play.<\/p>\n<p><strong>Comment arr\u00eater la fonction Auto-Play dans Spaceman ?<\/strong><\/p>\n<p>Pour arr\u00eater la fonction Auto-Play, ouvrez la fen\u00eatre Auto-Play et appuyez sur le bouton \u00ab\u00a0Arr\u00eater\u00a0\u00bb.<\/p>\n<p><strong>La fonction Auto-Play dans Spaceman peut-elle s&rsquo;arr\u00eater sans le consentement du joueur ?<\/strong><\/p>\n<p>Oui, dans certains cas, l&rsquo;Auto-Play peut s&rsquo;arr\u00eater automatiquement. Cela se produira dans l&rsquo;un des trois cas suivants :<\/p>\n<ul>\n<li>Le nombre s\u00e9lectionn\u00e9 de tours d&rsquo;Auto-Play atteint 0. Dans ce cas, une notification correspondante appara\u00eetra et l&rsquo;Auto-Play s&rsquo;arr\u00eatera.<\/li>\n<li>Le solde du compte de jeu tombe \u00e0 un montant insuffisant pour la prochaine mise.<\/li>\n<li>Une ou plusieurs conditions d&rsquo;arr\u00eat d&rsquo;Auto-Play sont remplies : le solde diminue ou augmente jusqu&rsquo;\u00e0 une certaine limite, un seul gain d\u00e9passe une valeur sp\u00e9cifi\u00e9e.<\/li>\n<\/ul>\n","protected":false},"excerpt":{"rendered":"<p>Avantages de l&rsquo;Auto-Play dans Spaceman L&rsquo;Auto-Play dans le jeu de crash Spaceman offre plusieurs avantages qui peuvent enrichir l&rsquo;exp\u00e9rience de jeu et simplifier le processus de participation au jeu. Voici quelques avantages cl\u00e9s de l&rsquo;Auto-Play dans Spaceman : Consistance des mises : L&rsquo;Auto-Play permet de faire des mises automatiquement, assurant ainsi une consistance dans la [&hellip;]<\/p>\n","protected":false},"author":1,"featured_media":43,"parent":0,"menu_order":0,"comment_status":"closed","ping_status":"closed","template":"","meta":{"footnotes":""},"class_list":["post-12","page","type-page","status-publish","has-post-thumbnail","hentry"],"yoast_head":"<!-- This site is optimized with the Yoast SEO plugin v27.2 - https:\/\/yoast.com\/product\/yoast-seo-wordpress\/ -->\n<title>Auto Play w grze Spaceman Crash<\/title>\n<meta name=\"description\" content=\"Comment configurer la lecture automatique et les paris en mode automatique dans le jeu en ligne Spaceman\" \/>\n<meta name=\"robots\" content=\"index, follow, max-snippet:-1, max-image-preview:large, max-video-preview:-1\" \/>\n<link rel=\"canonical\" href=\"https:\/\/spacemanco.com\/fr\/auto-play-in-the-spaceman-crash-game\/\" \/>\n<meta property=\"og:locale\" content=\"fr_FR\" \/>\n<meta property=\"og:locale:alternate\" content=\"ru_RU\" \/>\n<meta property=\"og:locale:alternate\" content=\"en_US\" \/>\n<meta property=\"og:locale:alternate\" content=\"pt_PT\" \/>\n<meta property=\"og:locale:alternate\" content=\"es_ES\" \/>\n<meta property=\"og:locale:alternate\" content=\"it_IT\" \/>\n<meta property=\"og:locale:alternate\" content=\"de_DE\" \/>\n<meta property=\"og:locale:alternate\" content=\"sr_RS\" \/>\n<meta property=\"og:locale:alternate\" content=\"bg_BG\" \/>\n<meta property=\"og:locale:alternate\" content=\"ro_RO\" \/>\n<meta property=\"og:locale:alternate\" content=\"pl_PL\" \/>\n<meta property=\"og:type\" content=\"article\" \/>\n<meta property=\"og:title\" content=\"Auto Play w grze Spaceman Crash\" \/>\n<meta property=\"og:description\" content=\"Jak ustawi\u0107 auto play i zak\u0142ady w trybie automatycznym w grze online Spaceman\" \/>\n<meta property=\"og:url\" content=\"https:\/\/spacemanco.com\/fr\/auto-play-in-the-spaceman-crash-game\/\" \/>\n<meta property=\"og:site_name\" content=\"Spaceman\" \/>\n<meta property=\"article:modified_time\" content=\"2024-03-20T14:13:53+00:00\" \/>\n<meta property=\"og:image\" content=\"https:\/\/spacemanco.com\/wp-content\/uploads\/Space-man.jpg\" \/>\n\t<meta property=\"og:image:width\" content=\"1600\" \/>\n\t<meta property=\"og:image:height\" content=\"900\" \/>\n\t<meta property=\"og:image:type\" content=\"image\/jpeg\" \/>\n<meta name=\"twitter:card\" content=\"summary_large_image\" \/>\n<meta name=\"twitter:label1\" content=\"Dur\u00e9e de lecture estim\u00e9e\" \/>\n\t<meta name=\"twitter:data1\" content=\"31 minutes\" \/>\n<script type=\"application\/ld+json\" class=\"yoast-schema-graph\">{\"@context\":\"https:\/\/schema.org\",\"@graph\":[{\"@type\":\"WebPage\",\"@id\":\"https:\/\/spacemanco.com\/pl\/auto-play-in-the-spaceman-crash-game\/\",\"url\":\"https:\/\/spacemanco.com\/pl\/auto-play-in-the-spaceman-crash-game\/\",\"name\":\"Auto Play w grze Spaceman Crash\",\"isPartOf\":{\"@id\":\"https:\/\/spacemanco.com\/#website\"},\"primaryImageOfPage\":{\"@id\":\"https:\/\/spacemanco.com\/pl\/auto-play-in-the-spaceman-crash-game\/#primaryimage\"},\"image\":{\"@id\":\"https:\/\/spacemanco.com\/pl\/auto-play-in-the-spaceman-crash-game\/#primaryimage\"},\"thumbnailUrl\":\"https:\/\/spacemanco.com\/wp-content\/uploads\/Space-man.jpg\",\"datePublished\":\"2024-01-30T16:21:29+00:00\",\"dateModified\":\"2024-03-20T14:13:53+00:00\",\"description\":\"Jak ustawi\u0107 auto play i zak\u0142ady w trybie automatycznym w grze online Spaceman\",\"breadcrumb\":{\"@id\":\"https:\/\/spacemanco.com\/pl\/auto-play-in-the-spaceman-crash-game\/#breadcrumb\"},\"inLanguage\":\"fr-FR\",\"potentialAction\":[{\"@type\":\"ReadAction\",\"target\":[\"https:\/\/spacemanco.com\/pl\/auto-play-in-the-spaceman-crash-game\/\"]}]},{\"@type\":\"ImageObject\",\"inLanguage\":\"fr-FR\",\"@id\":\"https:\/\/spacemanco.com\/pl\/auto-play-in-the-spaceman-crash-game\/#primaryimage\",\"url\":\"https:\/\/spacemanco.com\/wp-content\/uploads\/Space-man.jpg\",\"contentUrl\":\"https:\/\/spacemanco.com\/wp-content\/uploads\/Space-man.jpg\",\"width\":1600,\"height\":900},{\"@type\":\"BreadcrumbList\",\"@id\":\"https:\/\/spacemanco.com\/pl\/auto-play-in-the-spaceman-crash-game\/#breadcrumb\",\"itemListElement\":[{\"@type\":\"ListItem\",\"position\":1,\"name\":\"Home\",\"item\":\"https:\/\/spacemanco.com\/\"},{\"@type\":\"ListItem\",\"position\":2,\"name\":\"Auto-play w grze Spaceman Crash\"}]},{\"@type\":\"WebSite\",\"@id\":\"https:\/\/spacemanco.com\/#website\",\"url\":\"https:\/\/spacemanco.com\/\",\"name\":\"Spaceman\",\"description\":\"\",\"publisher\":{\"@id\":\"https:\/\/spacemanco.com\/#organization\"},\"potentialAction\":[{\"@type\":\"SearchAction\",\"target\":{\"@type\":\"EntryPoint\",\"urlTemplate\":\"https:\/\/spacemanco.com\/?s={search_term_string}\"},\"query-input\":{\"@type\":\"PropertyValueSpecification\",\"valueRequired\":true,\"valueName\":\"search_term_string\"}}],\"inLanguage\":\"fr-FR\"},{\"@type\":\"Organization\",\"@id\":\"https:\/\/spacemanco.com\/#organization\",\"name\":\"Spaceman\",\"url\":\"https:\/\/spacemanco.com\/\",\"logo\":{\"@type\":\"ImageObject\",\"inLanguage\":\"fr-FR\",\"@id\":\"https:\/\/spacemanco.com\/#\/schema\/logo\/image\/\",\"url\":\"https:\/\/spacemanco.com\/wp-content\/uploads\/spaceman.png\",\"contentUrl\":\"https:\/\/spacemanco.com\/wp-content\/uploads\/spaceman.png\",\"width\":400,\"height\":229,\"caption\":\"Spaceman\"},\"image\":{\"@id\":\"https:\/\/spacemanco.com\/#\/schema\/logo\/image\/\"}}]}<\/script>\n<!-- \/ Yoast SEO plugin. -->","yoast_head_json":{"title":"Auto Play w grze Spaceman Crash","description":"Comment configurer la lecture automatique et les paris en mode automatique dans le jeu en ligne Spaceman","robots":{"index":"index","follow":"follow","max-snippet":"max-snippet:-1","max-image-preview":"max-image-preview:large","max-video-preview":"max-video-preview:-1"},"canonical":"https:\/\/spacemanco.com\/fr\/auto-play-in-the-spaceman-crash-game\/","og_locale":"fr_FR","og_type":"article","og_title":"Auto Play w grze Spaceman Crash","og_description":"Jak ustawi\u0107 auto play i zak\u0142ady w trybie automatycznym w grze online Spaceman","og_url":"https:\/\/spacemanco.com\/fr\/auto-play-in-the-spaceman-crash-game\/","og_site_name":"Spaceman","article_modified_time":"2024-03-20T14:13:53+00:00","og_image":[{"width":1600,"height":900,"url":"https:\/\/spacemanco.com\/wp-content\/uploads\/Space-man.jpg","type":"image\/jpeg"}],"twitter_card":"summary_large_image","twitter_misc":{"Dur\u00e9e de lecture estim\u00e9e":"31 minutes"},"schema":{"@context":"https:\/\/schema.org","@graph":[{"@type":"WebPage","@id":"https:\/\/spacemanco.com\/pl\/auto-play-in-the-spaceman-crash-game\/","url":"https:\/\/spacemanco.com\/pl\/auto-play-in-the-spaceman-crash-game\/","name":"Auto Play w grze Spaceman Crash","isPartOf":{"@id":"https:\/\/spacemanco.com\/#website"},"primaryImageOfPage":{"@id":"https:\/\/spacemanco.com\/pl\/auto-play-in-the-spaceman-crash-game\/#primaryimage"},"image":{"@id":"https:\/\/spacemanco.com\/pl\/auto-play-in-the-spaceman-crash-game\/#primaryimage"},"thumbnailUrl":"https:\/\/spacemanco.com\/wp-content\/uploads\/Space-man.jpg","datePublished":"2024-01-30T16:21:29+00:00","dateModified":"2024-03-20T14:13:53+00:00","description":"Jak ustawi\u0107 auto play i zak\u0142ady w trybie automatycznym w grze online Spaceman","breadcrumb":{"@id":"https:\/\/spacemanco.com\/pl\/auto-play-in-the-spaceman-crash-game\/#breadcrumb"},"inLanguage":"fr-FR","potentialAction":[{"@type":"ReadAction","target":["https:\/\/spacemanco.com\/pl\/auto-play-in-the-spaceman-crash-game\/"]}]},{"@type":"ImageObject","inLanguage":"fr-FR","@id":"https:\/\/spacemanco.com\/pl\/auto-play-in-the-spaceman-crash-game\/#primaryimage","url":"https:\/\/spacemanco.com\/wp-content\/uploads\/Space-man.jpg","contentUrl":"https:\/\/spacemanco.com\/wp-content\/uploads\/Space-man.jpg","width":1600,"height":900},{"@type":"BreadcrumbList","@id":"https:\/\/spacemanco.com\/pl\/auto-play-in-the-spaceman-crash-game\/#breadcrumb","itemListElement":[{"@type":"ListItem","position":1,"name":"Home","item":"https:\/\/spacemanco.com\/"},{"@type":"ListItem","position":2,"name":"Auto-play w grze Spaceman Crash"}]},{"@type":"WebSite","@id":"https:\/\/spacemanco.com\/#website","url":"https:\/\/spacemanco.com\/","name":"Spaceman","description":"","publisher":{"@id":"https:\/\/spacemanco.com\/#organization"},"potentialAction":[{"@type":"SearchAction","target":{"@type":"EntryPoint","urlTemplate":"https:\/\/spacemanco.com\/?s={search_term_string}"},"query-input":{"@type":"PropertyValueSpecification","valueRequired":true,"valueName":"search_term_string"}}],"inLanguage":"fr-FR"},{"@type":"Organization","@id":"https:\/\/spacemanco.com\/#organization","name":"Spaceman","url":"https:\/\/spacemanco.com\/","logo":{"@type":"ImageObject","inLanguage":"fr-FR","@id":"https:\/\/spacemanco.com\/#\/schema\/logo\/image\/","url":"https:\/\/spacemanco.com\/wp-content\/uploads\/spaceman.png","contentUrl":"https:\/\/spacemanco.com\/wp-content\/uploads\/spaceman.png","width":400,"height":229,"caption":"Spaceman"},"image":{"@id":"https:\/\/spacemanco.com\/#\/schema\/logo\/image\/"}}]}},"_links":{"self":[{"href":"https:\/\/spacemanco.com\/fr\/wp-json\/wp\/v2\/pages\/12","targetHints":{"allow":["GET"]}}],"collection":[{"href":"https:\/\/spacemanco.com\/fr\/wp-json\/wp\/v2\/pages"}],"about":[{"href":"https:\/\/spacemanco.com\/fr\/wp-json\/wp\/v2\/types\/page"}],"author":[{"embeddable":true,"href":"https:\/\/spacemanco.com\/fr\/wp-json\/wp\/v2\/users\/1"}],"replies":[{"embeddable":true,"href":"https:\/\/spacemanco.com\/fr\/wp-json\/wp\/v2\/comments?post=12"}],"version-history":[{"count":24,"href":"https:\/\/spacemanco.com\/fr\/wp-json\/wp\/v2\/pages\/12\/revisions"}],"predecessor-version":[{"id":226,"href":"https:\/\/spacemanco.com\/fr\/wp-json\/wp\/v2\/pages\/12\/revisions\/226"}],"wp:featuredmedia":[{"embeddable":true,"href":"https:\/\/spacemanco.com\/fr\/wp-json\/wp\/v2\/media\/43"}],"wp:attachment":[{"href":"https:\/\/spacemanco.com\/fr\/wp-json\/wp\/v2\/media?parent=12"}],"curies":[{"name":"wp","href":"https:\/\/api.w.org\/{rel}","templated":true}]}}