{"id":16,"date":"2024-01-30T16:45:30","date_gmt":"2024-01-30T16:45:30","guid":{"rendered":"https:\/\/spacemanco.com\/?page_id=16"},"modified":"2024-03-20T14:29:25","modified_gmt":"2024-03-20T14:29:25","slug":"about-us-website-about-the-spaceman-game","status":"publish","type":"page","link":"https:\/\/spacemanco.com\/fr\/about-us-website-about-the-spaceman-game\/","title":{"rendered":"\u00c0 Propos de Nous : Site sur le Jeu Spaceman"},"content":{"rendered":"<p>Le jeu en ligne Spaceman est un jeu de crash unique cr\u00e9\u00e9 pour les vrais passionn\u00e9s d&rsquo;excitation et d&rsquo;aventures palpitantes ! Nous sommes une \u00e9quipe de professionnels d\u00e9vou\u00e9s \u00e0 l&rsquo;id\u00e9e de d\u00e9velopper des exp\u00e9riences de jeu uniques et captivantes. C&rsquo;est pourquoi nous avons cr\u00e9\u00e9 un site Web d\u00e9di\u00e9 \u00e0 ce beau et unique jeu de crash.<\/p>\n<p>Spaceman est un jeu de crash de haut niveau o\u00f9 chaque manche de jeu devient un vol cosmique excitant. Notre objectif est de fournir aux joueurs des \u00e9motions incomparables et la possibilit\u00e9 de gagner de l&rsquo;argent r\u00e9el dans l&rsquo;atmosph\u00e8re palpitante d&rsquo;une odyss\u00e9e spatiale.<\/p>\n<h2>Qu&rsquo;est-ce qui rend Spaceman sp\u00e9cial ? Examinons de plus pr\u00e8s cette question.<\/h2>\n<ul>\n<li>Tout d&rsquo;abord, c&rsquo;est une approche innovante du gameplay qui garantit une \u00e9quit\u00e9 absolue et une al\u00e9atoire des r\u00e9sultats.<\/li>\n<li>Deuxi\u00e8mement, Spaceman offre aux joueurs une large gamme d&rsquo;options pour personnaliser leur exp\u00e9rience de jeu.<\/li>\n<li>Enfin, les d\u00e9veloppeurs du jeu sont fiers du haut niveau de s\u00e9curit\u00e9 et de fiabilit\u00e9. Spaceman garantit la protection des donn\u00e9es personnelles des joueurs et garantit un jeu \u00e9quitable sans aucune manipulation.<\/li>\n<\/ul>\n<p>Sur ce site Web, vous trouverez des r\u00e9ponses \u00e0 toutes les questions li\u00e9es au jeu Spaceman.<\/p>\n","protected":false},"excerpt":{"rendered":"<p>Le jeu en ligne Spaceman est un jeu de crash unique cr\u00e9\u00e9 pour les vrais passionn\u00e9s d&rsquo;excitation et d&rsquo;aventures palpitantes ! Nous sommes une \u00e9quipe de professionnels d\u00e9vou\u00e9s \u00e0 l&rsquo;id\u00e9e de d\u00e9velopper des exp\u00e9riences de jeu uniques et captivantes. C&rsquo;est pourquoi nous avons cr\u00e9\u00e9 un site Web d\u00e9di\u00e9 \u00e0 ce beau et unique jeu de [&hellip;]<\/p>\n","protected":false},"author":1,"featured_media":43,"parent":0,"menu_order":0,"comment_status":"closed","ping_status":"closed","template":"","meta":{"footnotes":""},"class_list":["post-16","page","type-page","status-publish","has-post-thumbnail","hentry"],"yoast_head":"<!-- This site is optimized with the Yoast SEO plugin v27.2 - https:\/\/yoast.com\/product\/yoast-seo-wordpress\/ -->\n<title>\u041e \u043d\u0430\u0441 \u2013 \u0421\u0430\u0439\u0442 \u043e\u0431 \u0438\u0433\u0440\u0435 Spaceman<\/title>\n<meta name=\"description\" content=\"Informations sur un site Web utile sur le jeu en ligne Spaceman. Conseils, astuces, comment jouer et gagner, d\u00e9p\u00f4t, gains, application, d\u00e9veloppeur, opinions des joueurs.\" \/>\n<meta name=\"robots\" content=\"index, follow, max-snippet:-1, max-image-preview:large, max-video-preview:-1\" \/>\n<link rel=\"canonical\" href=\"https:\/\/spacemanco.com\/fr\/about-us-website-about-the-spaceman-game\/\" \/>\n<meta property=\"og:locale\" content=\"fr_FR\" \/>\n<meta property=\"og:locale:alternate\" content=\"ru_RU\" \/>\n<meta property=\"og:locale:alternate\" content=\"en_US\" \/>\n<meta property=\"og:locale:alternate\" content=\"pt_PT\" \/>\n<meta property=\"og:locale:alternate\" content=\"es_ES\" \/>\n<meta property=\"og:locale:alternate\" content=\"it_IT\" \/>\n<meta property=\"og:locale:alternate\" content=\"de_DE\" \/>\n<meta property=\"og:locale:alternate\" content=\"sr_RS\" \/>\n<meta property=\"og:locale:alternate\" content=\"bg_BG\" \/>\n<meta property=\"og:locale:alternate\" content=\"ro_RO\" \/>\n<meta property=\"og:locale:alternate\" content=\"pl_PL\" \/>\n<meta property=\"og:type\" content=\"article\" \/>\n<meta property=\"og:title\" content=\"\u041e \u043d\u0430\u0441 \u2013 \u0421\u0430\u0439\u0442 \u043e\u0431 \u0438\u0433\u0440\u0435 Spaceman\" \/>\n<meta property=\"og:description\" content=\"\u0418\u043d\u0444\u043e\u0440\u043c\u0430\u0446\u0438\u044f \u043e \u043f\u043e\u043b\u0435\u0437\u043d\u043e\u043c \u0441\u0430\u0439\u0442\u0435 \u043e\u0431 \u043e\u043d\u043b\u0430\u0439\u043d \u0438\u0433\u0440\u0435 Spaceman. \u0421\u043e\u0432\u0435\u0442\u044b, \u043b\u0430\u0439\u0444\u0445\u0430\u043a\u0438, \u043a\u0430\u043a \u0438\u0433\u0440\u0430\u0442\u044c \u0438 \u043f\u043e\u0431\u0435\u0436\u0434\u0430\u0442\u044c, \u0434\u0435\u043f\u043e\u0437\u0438\u0442, \u0432\u044b\u0438\u0433\u0440\u044b\u0448, \u043f\u0440\u0438\u043b\u043e\u0436\u0435\u043d\u0438\u0435, \u0440\u0430\u0437\u0440\u0430\u0431\u043e\u0442\u0447\u0438\u043a, \u043c\u043d\u0435\u043d\u0438\u0435 \u0438\u0433\u0440\u043e\u043a\u043e\u0432\" \/>\n<meta property=\"og:url\" content=\"https:\/\/spacemanco.com\/fr\/about-us-website-about-the-spaceman-game\/\" \/>\n<meta property=\"og:site_name\" content=\"Spaceman\" \/>\n<meta property=\"article:modified_time\" content=\"2024-03-20T14:29:25+00:00\" \/>\n<meta property=\"og:image\" content=\"https:\/\/spacemanco.com\/wp-content\/uploads\/Space-man.jpg\" \/>\n\t<meta property=\"og:image:width\" content=\"1600\" \/>\n\t<meta property=\"og:image:height\" content=\"900\" \/>\n\t<meta property=\"og:image:type\" content=\"image\/jpeg\" \/>\n<meta name=\"twitter:card\" content=\"summary_large_image\" \/>\n<meta name=\"twitter:label1\" content=\"Dur\u00e9e de lecture estim\u00e9e\" \/>\n\t<meta name=\"twitter:data1\" content=\"8 minutes\" \/>\n<script type=\"application\/ld+json\" class=\"yoast-schema-graph\">{\"@context\":\"https:\/\/schema.org\",\"@graph\":[{\"@type\":\"WebPage\",\"@id\":\"https:\/\/spacemanco.com\/about-us-website-about-the-spaceman-game\/\",\"url\":\"https:\/\/spacemanco.com\/about-us-website-about-the-spaceman-game\/\",\"name\":\"\u041e \u043d\u0430\u0441 \u2013 \u0421\u0430\u0439\u0442 \u043e\u0431 \u0438\u0433\u0440\u0435 Spaceman\",\"isPartOf\":{\"@id\":\"https:\/\/spacemanco.com\/#website\"},\"primaryImageOfPage\":{\"@id\":\"https:\/\/spacemanco.com\/about-us-website-about-the-spaceman-game\/#primaryimage\"},\"image\":{\"@id\":\"https:\/\/spacemanco.com\/about-us-website-about-the-spaceman-game\/#primaryimage\"},\"thumbnailUrl\":\"https:\/\/spacemanco.com\/wp-content\/uploads\/Space-man.jpg\",\"datePublished\":\"2024-01-30T16:45:30+00:00\",\"dateModified\":\"2024-03-20T14:29:25+00:00\",\"description\":\"\u0418\u043d\u0444\u043e\u0440\u043c\u0430\u0446\u0438\u044f \u043e \u043f\u043e\u043b\u0435\u0437\u043d\u043e\u043c \u0441\u0430\u0439\u0442\u0435 \u043e\u0431 \u043e\u043d\u043b\u0430\u0439\u043d \u0438\u0433\u0440\u0435 Spaceman. \u0421\u043e\u0432\u0435\u0442\u044b, \u043b\u0430\u0439\u0444\u0445\u0430\u043a\u0438, \u043a\u0430\u043a \u0438\u0433\u0440\u0430\u0442\u044c \u0438 \u043f\u043e\u0431\u0435\u0436\u0434\u0430\u0442\u044c, \u0434\u0435\u043f\u043e\u0437\u0438\u0442, \u0432\u044b\u0438\u0433\u0440\u044b\u0448, \u043f\u0440\u0438\u043b\u043e\u0436\u0435\u043d\u0438\u0435, \u0440\u0430\u0437\u0440\u0430\u0431\u043e\u0442\u0447\u0438\u043a, \u043c\u043d\u0435\u043d\u0438\u0435 \u0438\u0433\u0440\u043e\u043a\u043e\u0432\",\"breadcrumb\":{\"@id\":\"https:\/\/spacemanco.com\/about-us-website-about-the-spaceman-game\/#breadcrumb\"},\"inLanguage\":\"fr-FR\",\"potentialAction\":[{\"@type\":\"ReadAction\",\"target\":[\"https:\/\/spacemanco.com\/about-us-website-about-the-spaceman-game\/\"]}]},{\"@type\":\"ImageObject\",\"inLanguage\":\"fr-FR\",\"@id\":\"https:\/\/spacemanco.com\/about-us-website-about-the-spaceman-game\/#primaryimage\",\"url\":\"https:\/\/spacemanco.com\/wp-content\/uploads\/Space-man.jpg\",\"contentUrl\":\"https:\/\/spacemanco.com\/wp-content\/uploads\/Space-man.jpg\",\"width\":1600,\"height\":900},{\"@type\":\"BreadcrumbList\",\"@id\":\"https:\/\/spacemanco.com\/about-us-website-about-the-spaceman-game\/#breadcrumb\",\"itemListElement\":[{\"@type\":\"ListItem\",\"position\":1,\"name\":\"Home\",\"item\":\"https:\/\/spacemanco.com\/\"},{\"@type\":\"ListItem\",\"position\":2,\"name\":\"\u041e \u043d\u0430\u0441: \u0441\u0430\u0439\u0442 \u043e\u0431 \u0438\u0433\u0440\u0435 Spaceman\u00a0\"}]},{\"@type\":\"WebSite\",\"@id\":\"https:\/\/spacemanco.com\/#website\",\"url\":\"https:\/\/spacemanco.com\/\",\"name\":\"Spaceman\",\"description\":\"\",\"publisher\":{\"@id\":\"https:\/\/spacemanco.com\/#organization\"},\"potentialAction\":[{\"@type\":\"SearchAction\",\"target\":{\"@type\":\"EntryPoint\",\"urlTemplate\":\"https:\/\/spacemanco.com\/?s={search_term_string}\"},\"query-input\":{\"@type\":\"PropertyValueSpecification\",\"valueRequired\":true,\"valueName\":\"search_term_string\"}}],\"inLanguage\":\"fr-FR\"},{\"@type\":\"Organization\",\"@id\":\"https:\/\/spacemanco.com\/#organization\",\"name\":\"Spaceman\",\"url\":\"https:\/\/spacemanco.com\/\",\"logo\":{\"@type\":\"ImageObject\",\"inLanguage\":\"fr-FR\",\"@id\":\"https:\/\/spacemanco.com\/#\/schema\/logo\/image\/\",\"url\":\"https:\/\/spacemanco.com\/wp-content\/uploads\/spaceman.png\",\"contentUrl\":\"https:\/\/spacemanco.com\/wp-content\/uploads\/spaceman.png\",\"width\":400,\"height\":229,\"caption\":\"Spaceman\"},\"image\":{\"@id\":\"https:\/\/spacemanco.com\/#\/schema\/logo\/image\/\"}}]}<\/script>\n<!-- \/ Yoast SEO plugin. -->","yoast_head_json":{"title":"\u041e \u043d\u0430\u0441 \u2013 \u0421\u0430\u0439\u0442 \u043e\u0431 \u0438\u0433\u0440\u0435 Spaceman","description":"Informations sur un site Web utile sur le jeu en ligne Spaceman. Conseils, astuces, comment jouer et gagner, d\u00e9p\u00f4t, gains, application, d\u00e9veloppeur, opinions des joueurs.","robots":{"index":"index","follow":"follow","max-snippet":"max-snippet:-1","max-image-preview":"max-image-preview:large","max-video-preview":"max-video-preview:-1"},"canonical":"https:\/\/spacemanco.com\/fr\/about-us-website-about-the-spaceman-game\/","og_locale":"fr_FR","og_type":"article","og_title":"\u041e \u043d\u0430\u0441 \u2013 \u0421\u0430\u0439\u0442 \u043e\u0431 \u0438\u0433\u0440\u0435 Spaceman","og_description":"\u0418\u043d\u0444\u043e\u0440\u043c\u0430\u0446\u0438\u044f \u043e \u043f\u043e\u043b\u0435\u0437\u043d\u043e\u043c \u0441\u0430\u0439\u0442\u0435 \u043e\u0431 \u043e\u043d\u043b\u0430\u0439\u043d \u0438\u0433\u0440\u0435 Spaceman. \u0421\u043e\u0432\u0435\u0442\u044b, \u043b\u0430\u0439\u0444\u0445\u0430\u043a\u0438, \u043a\u0430\u043a \u0438\u0433\u0440\u0430\u0442\u044c \u0438 \u043f\u043e\u0431\u0435\u0436\u0434\u0430\u0442\u044c, \u0434\u0435\u043f\u043e\u0437\u0438\u0442, \u0432\u044b\u0438\u0433\u0440\u044b\u0448, \u043f\u0440\u0438\u043b\u043e\u0436\u0435\u043d\u0438\u0435, \u0440\u0430\u0437\u0440\u0430\u0431\u043e\u0442\u0447\u0438\u043a, \u043c\u043d\u0435\u043d\u0438\u0435 \u0438\u0433\u0440\u043e\u043a\u043e\u0432","og_url":"https:\/\/spacemanco.com\/fr\/about-us-website-about-the-spaceman-game\/","og_site_name":"Spaceman","article_modified_time":"2024-03-20T14:29:25+00:00","og_image":[{"width":1600,"height":900,"url":"https:\/\/spacemanco.com\/wp-content\/uploads\/Space-man.jpg","type":"image\/jpeg"}],"twitter_card":"summary_large_image","twitter_misc":{"Dur\u00e9e de lecture estim\u00e9e":"8 minutes"},"schema":{"@context":"https:\/\/schema.org","@graph":[{"@type":"WebPage","@id":"https:\/\/spacemanco.com\/about-us-website-about-the-spaceman-game\/","url":"https:\/\/spacemanco.com\/about-us-website-about-the-spaceman-game\/","name":"\u041e \u043d\u0430\u0441 \u2013 \u0421\u0430\u0439\u0442 \u043e\u0431 \u0438\u0433\u0440\u0435 Spaceman","isPartOf":{"@id":"https:\/\/spacemanco.com\/#website"},"primaryImageOfPage":{"@id":"https:\/\/spacemanco.com\/about-us-website-about-the-spaceman-game\/#primaryimage"},"image":{"@id":"https:\/\/spacemanco.com\/about-us-website-about-the-spaceman-game\/#primaryimage"},"thumbnailUrl":"https:\/\/spacemanco.com\/wp-content\/uploads\/Space-man.jpg","datePublished":"2024-01-30T16:45:30+00:00","dateModified":"2024-03-20T14:29:25+00:00","description":"\u0418\u043d\u0444\u043e\u0440\u043c\u0430\u0446\u0438\u044f \u043e \u043f\u043e\u043b\u0435\u0437\u043d\u043e\u043c \u0441\u0430\u0439\u0442\u0435 \u043e\u0431 \u043e\u043d\u043b\u0430\u0439\u043d \u0438\u0433\u0440\u0435 Spaceman. \u0421\u043e\u0432\u0435\u0442\u044b, \u043b\u0430\u0439\u0444\u0445\u0430\u043a\u0438, \u043a\u0430\u043a \u0438\u0433\u0440\u0430\u0442\u044c \u0438 \u043f\u043e\u0431\u0435\u0436\u0434\u0430\u0442\u044c, \u0434\u0435\u043f\u043e\u0437\u0438\u0442, \u0432\u044b\u0438\u0433\u0440\u044b\u0448, \u043f\u0440\u0438\u043b\u043e\u0436\u0435\u043d\u0438\u0435, \u0440\u0430\u0437\u0440\u0430\u0431\u043e\u0442\u0447\u0438\u043a, \u043c\u043d\u0435\u043d\u0438\u0435 \u0438\u0433\u0440\u043e\u043a\u043e\u0432","breadcrumb":{"@id":"https:\/\/spacemanco.com\/about-us-website-about-the-spaceman-game\/#breadcrumb"},"inLanguage":"fr-FR","potentialAction":[{"@type":"ReadAction","target":["https:\/\/spacemanco.com\/about-us-website-about-the-spaceman-game\/"]}]},{"@type":"ImageObject","inLanguage":"fr-FR","@id":"https:\/\/spacemanco.com\/about-us-website-about-the-spaceman-game\/#primaryimage","url":"https:\/\/spacemanco.com\/wp-content\/uploads\/Space-man.jpg","contentUrl":"https:\/\/spacemanco.com\/wp-content\/uploads\/Space-man.jpg","width":1600,"height":900},{"@type":"BreadcrumbList","@id":"https:\/\/spacemanco.com\/about-us-website-about-the-spaceman-game\/#breadcrumb","itemListElement":[{"@type":"ListItem","position":1,"name":"Home","item":"https:\/\/spacemanco.com\/"},{"@type":"ListItem","position":2,"name":"\u041e \u043d\u0430\u0441: \u0441\u0430\u0439\u0442 \u043e\u0431 \u0438\u0433\u0440\u0435 Spaceman\u00a0"}]},{"@type":"WebSite","@id":"https:\/\/spacemanco.com\/#website","url":"https:\/\/spacemanco.com\/","name":"Spaceman","description":"","publisher":{"@id":"https:\/\/spacemanco.com\/#organization"},"potentialAction":[{"@type":"SearchAction","target":{"@type":"EntryPoint","urlTemplate":"https:\/\/spacemanco.com\/?s={search_term_string}"},"query-input":{"@type":"PropertyValueSpecification","valueRequired":true,"valueName":"search_term_string"}}],"inLanguage":"fr-FR"},{"@type":"Organization","@id":"https:\/\/spacemanco.com\/#organization","name":"Spaceman","url":"https:\/\/spacemanco.com\/","logo":{"@type":"ImageObject","inLanguage":"fr-FR","@id":"https:\/\/spacemanco.com\/#\/schema\/logo\/image\/","url":"https:\/\/spacemanco.com\/wp-content\/uploads\/spaceman.png","contentUrl":"https:\/\/spacemanco.com\/wp-content\/uploads\/spaceman.png","width":400,"height":229,"caption":"Spaceman"},"image":{"@id":"https:\/\/spacemanco.com\/#\/schema\/logo\/image\/"}}]}},"_links":{"self":[{"href":"https:\/\/spacemanco.com\/fr\/wp-json\/wp\/v2\/pages\/16","targetHints":{"allow":["GET"]}}],"collection":[{"href":"https:\/\/spacemanco.com\/fr\/wp-json\/wp\/v2\/pages"}],"about":[{"href":"https:\/\/spacemanco.com\/fr\/wp-json\/wp\/v2\/types\/page"}],"author":[{"embeddable":true,"href":"https:\/\/spacemanco.com\/fr\/wp-json\/wp\/v2\/users\/1"}],"replies":[{"embeddable":true,"href":"https:\/\/spacemanco.com\/fr\/wp-json\/wp\/v2\/comments?post=16"}],"version-history":[{"count":22,"href":"https:\/\/spacemanco.com\/fr\/wp-json\/wp\/v2\/pages\/16\/revisions"}],"predecessor-version":[{"id":229,"href":"https:\/\/spacemanco.com\/fr\/wp-json\/wp\/v2\/pages\/16\/revisions\/229"}],"wp:featuredmedia":[{"embeddable":true,"href":"https:\/\/spacemanco.com\/fr\/wp-json\/wp\/v2\/media\/43"}],"wp:attachment":[{"href":"https:\/\/spacemanco.com\/fr\/wp-json\/wp\/v2\/media?parent=16"}],"curies":[{"name":"wp","href":"https:\/\/api.w.org\/{rel}","templated":true}]}}