{"id":18,"date":"2024-01-30T16:58:25","date_gmt":"2024-01-30T16:58:25","guid":{"rendered":"https:\/\/spacemanco.com\/?page_id=18"},"modified":"2024-03-20T14:38:54","modified_gmt":"2024-03-20T14:38:54","slug":"strategies-for-playing-the-spaceman-crash-game","status":"publish","type":"page","link":"https:\/\/spacemanco.com\/fr\/strategies-for-playing-the-spaceman-crash-game\/","title":{"rendered":"Strat\u00e9gies pour Jouer au Jeu Spaceman Crash"},"content":{"rendered":"<p>Jeux de crash, comme Spaceman, ont gagn\u00e9 en popularit\u00e9 en raison de leur simplicit\u00e9 et de leur dynamique excitante. Bien que les r\u00e9sultats de ces jeux d\u00e9pendent largement du hasard, il existe certaines strat\u00e9gies qui peuvent aider les joueurs \u00e0 augmenter leurs chances de succ\u00e8s. Jetons un coup d&rsquo;\u0153il \u00e0 certaines des strat\u00e9gies les plus populaires pour jouer \u00e0 Spaceman.<\/p>\n<h2><strong>Principes cl\u00e9s du jeu Spaceman<\/strong><\/h2>\n<p>Avant de plonger dans les strat\u00e9gies, il est important de comprendre les principes de base du jeu de crash Spaceman. Dans ce jeu, les joueurs placent des paris et regardent le multiplicateur potentiel des gains augmenter pendant que l&rsquo;astronaute poursuit son vol. L&rsquo;objectif principal est de sortir du jeu (de prendre le pari) avant qu&rsquo;un crash ne se produise. Sur cette base, nous pouvons formuler certains principes de base du jeu :<\/p>\n<ul>\n<li>Le jeu Spaceman est bas\u00e9 sur un g\u00e9n\u00e9rateur de nombres al\u00e9atoires, il est donc important de comprendre que le r\u00e9sultat du jeu est impr\u00e9visible.<\/li>\n<li>Dans le jeu de crash Spaceman, les joueurs peuvent gagner de l&rsquo;argent r\u00e9el.<\/li>\n<li>Il est important de choisir une strat\u00e9gie de jeu, en comprenant vos objectifs et vos capacit\u00e9s financi\u00e8res.<\/li>\n<\/ul>\n<h2><strong>Strat\u00e9gie de multiplicateur fixe<\/strong><\/h2>\n<p>Cette strat\u00e9gie de jeu Spaceman consiste toujours \u00e0 sortir du jeu lorsque un certain multiplicateur, pr\u00e9d\u00e9termin\u00e9, est atteint. Par exemple, un joueur peut toujours prendre le pari lorsque le multiplicateur atteint 2x.<\/p>\n<p>L&rsquo;avantage de cette strat\u00e9gie r\u00e9side dans sa simplicit\u00e9 et sa pr\u00e9visibilit\u00e9. Avec cette strat\u00e9gie, vous pouvez m\u00eame utiliser la fonction de lecture automatique. Cependant, elle ne prend pas en compte la dynamique de chaque tour individuel et peut entra\u00eener la perte de gains plus importants. N\u00e9anmoins, c&rsquo;est une strat\u00e9gie efficace qui, en choisissant un petit multiplicateur comme fixe, peut conduire \u00e0 de bons gains.<\/p>\n<h2><strong>Strat\u00e9gie de Martingale<\/strong><\/h2>\n<p>Beaucoup a \u00e9t\u00e9 dit sur cette strat\u00e9gie de jeu. La strat\u00e9gie de Martingale consiste \u00e0 doubler la mise apr\u00e8s chaque perte. Le but est de r\u00e9cup\u00e9rer les pertes et de sortir gagnant avec la premi\u00e8re victoire.<\/p>\n<p>Cette strat\u00e9gie peut \u00eatre efficace pour r\u00e9cup\u00e9rer les pertes, mais n\u00e9cessite un solde de compte de jeu significatif et peut \u00eatre risqu\u00e9e, surtout dans les jeux avec une forte volatilit\u00e9, comme Spaceman. De plus, de nombreux joueurs peuvent trouver \u00e9motionnellement difficile de doubler la mise apr\u00e8s chaque perte.<\/p>\n<h2><strong>Strat\u00e9gie d&rsquo;\u00e9chelle<\/strong><\/h2>\n<p>La strat\u00e9gie de l&rsquo;\u00e9chelle est tr\u00e8s similaire \u00e0 la strat\u00e9gie de Martingale et consiste \u00e0 augmenter progressivement le multiplicateur pour sortir du jeu. Par exemple, un joueur commence avec 1,5x, puis passe \u00e0 2x, et ainsi de suite.<\/p>\n<p>Cette strat\u00e9gie permet aux joueurs de s&rsquo;adapter aux changements de la dynamique du jeu et peut conduire \u00e0 de gros gains. Cependant, elle n\u00e9cessite de la patience et une bonne compr\u00e9hension des tendances du jeu. Fondamentalement, le joueur doit \u00eatre pleinement engag\u00e9 dans le jeu en tout temps.<\/p>\n<h2><strong>Strat\u00e9gie de sortie anticip\u00e9e<\/strong><\/h2>\n<p>La strat\u00e9gie consiste \u00e0 sortir toujours du jeu \u00e0 un stade tr\u00e8s pr\u00e9coce, par exemple, lorsque le multiplicateur atteint 1,1x ou 1,2x.<\/p>\n<p>Cette strat\u00e9gie minimise les risques mais r\u00e9duit \u00e9galement consid\u00e9rablement les gains potentiels. Elle convient \u00e0 ceux qui pr\u00e9f\u00e8rent un revenu plus petit mais plus stable. Le principal probl\u00e8me est qu&rsquo;il y aura toujours des tours avec des multiplicateurs de 1,00 ou 1,01, o\u00f9 le joueur est pratiquement incapable de sortir du tour avec succ\u00e8s, et le pari sera toujours perdu. Et ensuite, en jouant avec de faibles multiplicateurs, plusieurs tours r\u00e9ussis seront n\u00e9cessaires pour jouer le montant souhait\u00e9.<\/p>\n<p>M\u00eame dans de telles strat\u00e9gies, les joueurs gagnent de l&rsquo;argent avec succ\u00e8s, cependant, lors du retrait d&rsquo;un multiplicateur de 1,1 ou 1,2, cette t\u00e2che semble plus difficile.<\/p>\n<h2><strong>Conclusion sur les strat\u00e9gies de jeu Spaceman<\/strong><\/h2>\n<p>Comme vous pouvez le voir, il existe de nombreuses strat\u00e9gies pour jouer \u00e0 Spaceman. Le choix de la strat\u00e9gie d\u00e9pend des pr\u00e9f\u00e9rences personnelles de chaque joueur, de son style de jeu et de sa tol\u00e9rance<\/p>\n<p>au risque. Il est important de se rappeler que les jeux de crash sont une forme de jeu et comportent toujours le risque de perdre de l&rsquo;argent. Abordez le jeu de mani\u00e8re responsable et profitez du processus !<\/p>\n","protected":false},"excerpt":{"rendered":"<p>Jeux de crash, comme Spaceman, ont gagn\u00e9 en popularit\u00e9 en raison de leur simplicit\u00e9 et de leur dynamique excitante. Bien que les r\u00e9sultats de ces jeux d\u00e9pendent largement du hasard, il existe certaines strat\u00e9gies qui peuvent aider les joueurs \u00e0 augmenter leurs chances de succ\u00e8s. Jetons un coup d&rsquo;\u0153il \u00e0 certaines des strat\u00e9gies les plus [&hellip;]<\/p>\n","protected":false},"author":1,"featured_media":43,"parent":0,"menu_order":0,"comment_status":"closed","ping_status":"closed","template":"","meta":{"footnotes":""},"class_list":["post-18","page","type-page","status-publish","has-post-thumbnail","hentry"],"yoast_head":"<!-- This site is optimized with the Yoast SEO plugin v27.2 - https:\/\/yoast.com\/product\/yoast-seo-wordpress\/ -->\n<title>Estrategias y T\u00e1cticas del Juego Spaceman<\/title>\n<meta name=\"description\" content=\"Comment jouer et gagner de l&#039;argent r\u00e9el dans le jeu Spaceman. Meilleures strat\u00e9gies et tactiques pour le jeu. Comment choisir une strat\u00e9gie pour gagner \u00e0 Spaceman.\" \/>\n<meta name=\"robots\" content=\"index, follow, max-snippet:-1, max-image-preview:large, max-video-preview:-1\" \/>\n<link rel=\"canonical\" href=\"https:\/\/spacemanco.com\/fr\/strategies-for-playing-the-spaceman-crash-game\/\" \/>\n<meta property=\"og:locale\" content=\"fr_FR\" \/>\n<meta property=\"og:locale:alternate\" content=\"ru_RU\" \/>\n<meta property=\"og:locale:alternate\" content=\"en_US\" \/>\n<meta property=\"og:locale:alternate\" content=\"pt_PT\" \/>\n<meta property=\"og:locale:alternate\" content=\"es_ES\" \/>\n<meta property=\"og:locale:alternate\" content=\"it_IT\" \/>\n<meta property=\"og:locale:alternate\" content=\"de_DE\" \/>\n<meta property=\"og:locale:alternate\" content=\"sr_RS\" \/>\n<meta property=\"og:locale:alternate\" content=\"bg_BG\" \/>\n<meta property=\"og:locale:alternate\" content=\"ro_RO\" \/>\n<meta property=\"og:locale:alternate\" content=\"pl_PL\" \/>\n<meta property=\"og:type\" content=\"article\" \/>\n<meta property=\"og:title\" content=\"Estrategias y T\u00e1cticas del Juego Spaceman\" \/>\n<meta property=\"og:description\" content=\"C\u00f3mo jugar y ganar dinero real en el juego de choque Spaceman. Las mejores estrategias y t\u00e1cticas para el juego. C\u00f3mo elegir una estrategia para ganar en Spaceman.\" \/>\n<meta property=\"og:url\" content=\"https:\/\/spacemanco.com\/fr\/strategies-for-playing-the-spaceman-crash-game\/\" \/>\n<meta property=\"og:site_name\" content=\"Spaceman\" \/>\n<meta property=\"article:modified_time\" content=\"2024-03-20T14:38:54+00:00\" \/>\n<meta property=\"og:image\" content=\"https:\/\/spacemanco.com\/wp-content\/uploads\/Space-man.jpg\" \/>\n\t<meta property=\"og:image:width\" content=\"1600\" \/>\n\t<meta property=\"og:image:height\" content=\"900\" \/>\n\t<meta property=\"og:image:type\" content=\"image\/jpeg\" \/>\n<meta name=\"twitter:card\" content=\"summary_large_image\" \/>\n<meta name=\"twitter:label1\" content=\"Dur\u00e9e de lecture estim\u00e9e\" \/>\n\t<meta name=\"twitter:data1\" content=\"28 minutes\" \/>\n<script type=\"application\/ld+json\" class=\"yoast-schema-graph\">{\"@context\":\"https:\/\/schema.org\",\"@graph\":[{\"@type\":\"WebPage\",\"@id\":\"https:\/\/spacemanco.com\/es\/strategies-for-playing-the-spaceman-crash-game\/\",\"url\":\"https:\/\/spacemanco.com\/es\/strategies-for-playing-the-spaceman-crash-game\/\",\"name\":\"Estrategias y T\u00e1cticas del Juego Spaceman\",\"isPartOf\":{\"@id\":\"https:\/\/spacemanco.com\/#website\"},\"primaryImageOfPage\":{\"@id\":\"https:\/\/spacemanco.com\/es\/strategies-for-playing-the-spaceman-crash-game\/#primaryimage\"},\"image\":{\"@id\":\"https:\/\/spacemanco.com\/es\/strategies-for-playing-the-spaceman-crash-game\/#primaryimage\"},\"thumbnailUrl\":\"https:\/\/spacemanco.com\/wp-content\/uploads\/Space-man.jpg\",\"datePublished\":\"2024-01-30T16:58:25+00:00\",\"dateModified\":\"2024-03-20T14:38:54+00:00\",\"description\":\"C\u00f3mo jugar y ganar dinero real en el juego de choque Spaceman. Las mejores estrategias y t\u00e1cticas para el juego. C\u00f3mo elegir una estrategia para ganar en Spaceman.\",\"breadcrumb\":{\"@id\":\"https:\/\/spacemanco.com\/es\/strategies-for-playing-the-spaceman-crash-game\/#breadcrumb\"},\"inLanguage\":\"fr-FR\",\"potentialAction\":[{\"@type\":\"ReadAction\",\"target\":[\"https:\/\/spacemanco.com\/es\/strategies-for-playing-the-spaceman-crash-game\/\"]}]},{\"@type\":\"ImageObject\",\"inLanguage\":\"fr-FR\",\"@id\":\"https:\/\/spacemanco.com\/es\/strategies-for-playing-the-spaceman-crash-game\/#primaryimage\",\"url\":\"https:\/\/spacemanco.com\/wp-content\/uploads\/Space-man.jpg\",\"contentUrl\":\"https:\/\/spacemanco.com\/wp-content\/uploads\/Space-man.jpg\",\"width\":1600,\"height\":900},{\"@type\":\"BreadcrumbList\",\"@id\":\"https:\/\/spacemanco.com\/es\/strategies-for-playing-the-spaceman-crash-game\/#breadcrumb\",\"itemListElement\":[{\"@type\":\"ListItem\",\"position\":1,\"name\":\"Home\",\"item\":\"https:\/\/spacemanco.com\/\"},{\"@type\":\"ListItem\",\"position\":2,\"name\":\"Estrategias para Jugar al Juego Spaceman Crash\"}]},{\"@type\":\"WebSite\",\"@id\":\"https:\/\/spacemanco.com\/#website\",\"url\":\"https:\/\/spacemanco.com\/\",\"name\":\"Spaceman\",\"description\":\"\",\"publisher\":{\"@id\":\"https:\/\/spacemanco.com\/#organization\"},\"potentialAction\":[{\"@type\":\"SearchAction\",\"target\":{\"@type\":\"EntryPoint\",\"urlTemplate\":\"https:\/\/spacemanco.com\/?s={search_term_string}\"},\"query-input\":{\"@type\":\"PropertyValueSpecification\",\"valueRequired\":true,\"valueName\":\"search_term_string\"}}],\"inLanguage\":\"fr-FR\"},{\"@type\":\"Organization\",\"@id\":\"https:\/\/spacemanco.com\/#organization\",\"name\":\"Spaceman\",\"url\":\"https:\/\/spacemanco.com\/\",\"logo\":{\"@type\":\"ImageObject\",\"inLanguage\":\"fr-FR\",\"@id\":\"https:\/\/spacemanco.com\/#\/schema\/logo\/image\/\",\"url\":\"https:\/\/spacemanco.com\/wp-content\/uploads\/spaceman.png\",\"contentUrl\":\"https:\/\/spacemanco.com\/wp-content\/uploads\/spaceman.png\",\"width\":400,\"height\":229,\"caption\":\"Spaceman\"},\"image\":{\"@id\":\"https:\/\/spacemanco.com\/#\/schema\/logo\/image\/\"}}]}<\/script>\n<!-- \/ Yoast SEO plugin. -->","yoast_head_json":{"title":"Estrategias y T\u00e1cticas del Juego Spaceman","description":"Comment jouer et gagner de l'argent r\u00e9el dans le jeu Spaceman. Meilleures strat\u00e9gies et tactiques pour le jeu. Comment choisir une strat\u00e9gie pour gagner \u00e0 Spaceman.","robots":{"index":"index","follow":"follow","max-snippet":"max-snippet:-1","max-image-preview":"max-image-preview:large","max-video-preview":"max-video-preview:-1"},"canonical":"https:\/\/spacemanco.com\/fr\/strategies-for-playing-the-spaceman-crash-game\/","og_locale":"fr_FR","og_type":"article","og_title":"Estrategias y T\u00e1cticas del Juego Spaceman","og_description":"C\u00f3mo jugar y ganar dinero real en el juego de choque Spaceman. Las mejores estrategias y t\u00e1cticas para el juego. C\u00f3mo elegir una estrategia para ganar en Spaceman.","og_url":"https:\/\/spacemanco.com\/fr\/strategies-for-playing-the-spaceman-crash-game\/","og_site_name":"Spaceman","article_modified_time":"2024-03-20T14:38:54+00:00","og_image":[{"width":1600,"height":900,"url":"https:\/\/spacemanco.com\/wp-content\/uploads\/Space-man.jpg","type":"image\/jpeg"}],"twitter_card":"summary_large_image","twitter_misc":{"Dur\u00e9e de lecture estim\u00e9e":"28 minutes"},"schema":{"@context":"https:\/\/schema.org","@graph":[{"@type":"WebPage","@id":"https:\/\/spacemanco.com\/es\/strategies-for-playing-the-spaceman-crash-game\/","url":"https:\/\/spacemanco.com\/es\/strategies-for-playing-the-spaceman-crash-game\/","name":"Estrategias y T\u00e1cticas del Juego Spaceman","isPartOf":{"@id":"https:\/\/spacemanco.com\/#website"},"primaryImageOfPage":{"@id":"https:\/\/spacemanco.com\/es\/strategies-for-playing-the-spaceman-crash-game\/#primaryimage"},"image":{"@id":"https:\/\/spacemanco.com\/es\/strategies-for-playing-the-spaceman-crash-game\/#primaryimage"},"thumbnailUrl":"https:\/\/spacemanco.com\/wp-content\/uploads\/Space-man.jpg","datePublished":"2024-01-30T16:58:25+00:00","dateModified":"2024-03-20T14:38:54+00:00","description":"C\u00f3mo jugar y ganar dinero real en el juego de choque Spaceman. Las mejores estrategias y t\u00e1cticas para el juego. C\u00f3mo elegir una estrategia para ganar en Spaceman.","breadcrumb":{"@id":"https:\/\/spacemanco.com\/es\/strategies-for-playing-the-spaceman-crash-game\/#breadcrumb"},"inLanguage":"fr-FR","potentialAction":[{"@type":"ReadAction","target":["https:\/\/spacemanco.com\/es\/strategies-for-playing-the-spaceman-crash-game\/"]}]},{"@type":"ImageObject","inLanguage":"fr-FR","@id":"https:\/\/spacemanco.com\/es\/strategies-for-playing-the-spaceman-crash-game\/#primaryimage","url":"https:\/\/spacemanco.com\/wp-content\/uploads\/Space-man.jpg","contentUrl":"https:\/\/spacemanco.com\/wp-content\/uploads\/Space-man.jpg","width":1600,"height":900},{"@type":"BreadcrumbList","@id":"https:\/\/spacemanco.com\/es\/strategies-for-playing-the-spaceman-crash-game\/#breadcrumb","itemListElement":[{"@type":"ListItem","position":1,"name":"Home","item":"https:\/\/spacemanco.com\/"},{"@type":"ListItem","position":2,"name":"Estrategias para Jugar al Juego Spaceman Crash"}]},{"@type":"WebSite","@id":"https:\/\/spacemanco.com\/#website","url":"https:\/\/spacemanco.com\/","name":"Spaceman","description":"","publisher":{"@id":"https:\/\/spacemanco.com\/#organization"},"potentialAction":[{"@type":"SearchAction","target":{"@type":"EntryPoint","urlTemplate":"https:\/\/spacemanco.com\/?s={search_term_string}"},"query-input":{"@type":"PropertyValueSpecification","valueRequired":true,"valueName":"search_term_string"}}],"inLanguage":"fr-FR"},{"@type":"Organization","@id":"https:\/\/spacemanco.com\/#organization","name":"Spaceman","url":"https:\/\/spacemanco.com\/","logo":{"@type":"ImageObject","inLanguage":"fr-FR","@id":"https:\/\/spacemanco.com\/#\/schema\/logo\/image\/","url":"https:\/\/spacemanco.com\/wp-content\/uploads\/spaceman.png","contentUrl":"https:\/\/spacemanco.com\/wp-content\/uploads\/spaceman.png","width":400,"height":229,"caption":"Spaceman"},"image":{"@id":"https:\/\/spacemanco.com\/#\/schema\/logo\/image\/"}}]}},"_links":{"self":[{"href":"https:\/\/spacemanco.com\/fr\/wp-json\/wp\/v2\/pages\/18","targetHints":{"allow":["GET"]}}],"collection":[{"href":"https:\/\/spacemanco.com\/fr\/wp-json\/wp\/v2\/pages"}],"about":[{"href":"https:\/\/spacemanco.com\/fr\/wp-json\/wp\/v2\/types\/page"}],"author":[{"embeddable":true,"href":"https:\/\/spacemanco.com\/fr\/wp-json\/wp\/v2\/users\/1"}],"replies":[{"embeddable":true,"href":"https:\/\/spacemanco.com\/fr\/wp-json\/wp\/v2\/comments?post=18"}],"version-history":[{"count":24,"href":"https:\/\/spacemanco.com\/fr\/wp-json\/wp\/v2\/pages\/18\/revisions"}],"predecessor-version":[{"id":231,"href":"https:\/\/spacemanco.com\/fr\/wp-json\/wp\/v2\/pages\/18\/revisions\/231"}],"wp:featuredmedia":[{"embeddable":true,"href":"https:\/\/spacemanco.com\/fr\/wp-json\/wp\/v2\/media\/43"}],"wp:attachment":[{"href":"https:\/\/spacemanco.com\/fr\/wp-json\/wp\/v2\/media?parent=18"}],"curies":[{"name":"wp","href":"https:\/\/api.w.org\/{rel}","templated":true}]}}