{"id":22,"date":"2024-01-30T17:01:59","date_gmt":"2024-01-30T17:01:59","guid":{"rendered":"https:\/\/spacemanco.com\/?page_id=22"},"modified":"2024-03-20T14:44:59","modified_gmt":"2024-03-20T14:44:59","slug":"what-is-pragmatic-play","status":"publish","type":"page","link":"https:\/\/spacemanco.com\/fr\/what-is-pragmatic-play\/","title":{"rendered":"Qu&rsquo;est-ce que Pragmatic Play?"},"content":{"rendered":"<p>Pragmatic Play est un d\u00e9veloppeur de jeux de premier plan pour les casinos en ligne, connu pour sa gamme diversifi\u00e9e de produits de jeu de haute qualit\u00e9. La soci\u00e9t\u00e9 a \u00e9t\u00e9 fond\u00e9e en 2015 et s&rsquo;est rapidement impos\u00e9e comme une entreprise innovante et fiable.<\/p>\n<h2>Points cl\u00e9s de l&rsquo;histoire de Pragmatic Play :<\/h2>\n<ul>\n<li><strong>Date de fondation :<\/strong> La soci\u00e9t\u00e9 a \u00e9t\u00e9 fond\u00e9e en 2015.<\/li>\n<li><strong>Engagement envers la qualit\u00e9 :<\/strong> D\u00e8s le d\u00e9but, Pragmatic Play s&rsquo;est concentr\u00e9 sur la cr\u00e9ation de produits de jeu de haute qualit\u00e9 pour les casinos en ligne.<\/li>\n<li><strong>Croissance rapide :<\/strong> En peu de temps, Pragmatic Play a r\u00e9alis\u00e9 une croissance significative et une reconnaissance dans l&rsquo;industrie du jeu gr\u00e2ce \u00e0 son approche innovante et \u00e0 ses jeux de qualit\u00e9.<\/li>\n<li><strong>Expansion du catalogue de jeux de hasard :<\/strong> Pragmatic Play \u00e9largit continuellement sa gamme de jeux, offrant une vari\u00e9t\u00e9 de produits de jeu, y compris des machines \u00e0 sous, des tables, des jeux de cartes, et plus encore.<\/li>\n<li><strong>Succ\u00e8s international :<\/strong> La soci\u00e9t\u00e9 a rapidement gagn\u00e9 en popularit\u00e9 sur le march\u00e9 mondial et collabore avec de nombreux casinos en ligne et op\u00e9rateurs de jeux de hasard bien connus. La preuve en est les nombreux prix que Pragmatic Play a re\u00e7us lors d&rsquo;expositions et de conf\u00e9rences.<\/li>\n<li><strong>Prix et reconnaissance :<\/strong> Pragmatic Play a re\u00e7u de nombreux prix et reconnaissances pour ses produits de jeu et ses approches innovantes en mati\u00e8re de d\u00e9veloppement de jeux.<\/li>\n<li><strong>R\u00e9alisations technologiques :<\/strong> La soci\u00e9t\u00e9 met constamment en \u0153uvre des technologies avanc\u00e9es et des outils dans ses jeux pour offrir aux joueurs la meilleure exp\u00e9rience de jeu possible.<\/li>\n<li><strong>Pr\u00e9sence mondiale :<\/strong> Pragmatic Play \u00e9tend activement sa pr\u00e9sence mondiale, offrant ses jeux dans divers march\u00e9s du monde entier.<\/li>\n<li><strong>D\u00e9veloppement continu :<\/strong> La soci\u00e9t\u00e9 continue d&rsquo;investir dans le d\u00e9veloppement et l&rsquo;am\u00e9lioration de ses produits de jeu, dans le but de devenir un fournisseur de contenu de jeu de premier plan dans le monde des casinos en ligne.<\/li>\n<\/ul>\n","protected":false},"excerpt":{"rendered":"<p>Pragmatic Play est un d\u00e9veloppeur de jeux de premier plan pour les casinos en ligne, connu pour sa gamme diversifi\u00e9e de produits de jeu de haute qualit\u00e9. La soci\u00e9t\u00e9 a \u00e9t\u00e9 fond\u00e9e en 2015 et s&rsquo;est rapidement impos\u00e9e comme une entreprise innovante et fiable. Points cl\u00e9s de l&rsquo;histoire de Pragmatic Play : Date de fondation [&hellip;]<\/p>\n","protected":false},"author":1,"featured_media":43,"parent":0,"menu_order":0,"comment_status":"closed","ping_status":"closed","template":"","meta":{"footnotes":""},"class_list":["post-22","page","type-page","status-publish","has-post-thumbnail","hentry"],"yoast_head":"<!-- This site is optimized with the Yoast SEO plugin v27.2 - https:\/\/yoast.com\/product\/yoast-seo-wordpress\/ -->\n<title>\u0421\u044a\u0437\u0434\u0430\u0442\u0435\u043b \u043d\u0430 \u0438\u0433\u0440\u0430\u0442\u0430 Spaceman \u0435 Pragmatic Play<\/title>\n<meta name=\"description\" content=\"Un nouveau jeu, Spaceman, de Pragmatic Play. Jouez aux jeux Pragmatic Play pour de l&#039;argent r\u00e9el dans les casinos en ligne. Le jeu passionnant, Spaceman.\" \/>\n<meta name=\"robots\" content=\"index, follow, max-snippet:-1, max-image-preview:large, max-video-preview:-1\" \/>\n<link rel=\"canonical\" href=\"https:\/\/spacemanco.com\/fr\/what-is-pragmatic-play\/\" \/>\n<meta property=\"og:locale\" content=\"fr_FR\" \/>\n<meta property=\"og:locale:alternate\" content=\"ru_RU\" \/>\n<meta property=\"og:locale:alternate\" content=\"en_US\" \/>\n<meta property=\"og:locale:alternate\" content=\"pt_PT\" \/>\n<meta property=\"og:locale:alternate\" content=\"es_ES\" \/>\n<meta property=\"og:locale:alternate\" content=\"it_IT\" \/>\n<meta property=\"og:locale:alternate\" content=\"de_DE\" \/>\n<meta property=\"og:locale:alternate\" content=\"sr_RS\" \/>\n<meta property=\"og:locale:alternate\" content=\"bg_BG\" \/>\n<meta property=\"og:locale:alternate\" content=\"ro_RO\" \/>\n<meta property=\"og:locale:alternate\" content=\"pl_PL\" \/>\n<meta property=\"og:type\" content=\"article\" \/>\n<meta property=\"og:title\" content=\"\u0421\u044a\u0437\u0434\u0430\u0442\u0435\u043b \u043d\u0430 \u0438\u0433\u0440\u0430\u0442\u0430 Spaceman \u0435 Pragmatic Play\" \/>\n<meta property=\"og:description\" content=\"\u041d\u043e\u0432\u0430 \u0438\u0433\u0440\u0430, Spaceman, \u043e\u0442 Pragmatic Play. \u0418\u0433\u0440\u0430\u0439\u0442\u0435 \u0438\u0433\u0440\u0438 \u043d\u0430 Pragmatic Play \u0437\u0430 \u0438\u0441\u0442\u0438\u043d\u0441\u043a\u0438 \u043f\u0430\u0440\u0438 \u0432 \u043e\u043d\u043b\u0430\u0439\u043d \u043a\u0430\u0437\u0438\u043d\u0430. \u0412\u044a\u043b\u043d\u0443\u0432\u0430\u0449\u0430\u0442\u0430 \u0438\u0433\u0440\u0430, Spaceman.\" \/>\n<meta property=\"og:url\" content=\"https:\/\/spacemanco.com\/fr\/what-is-pragmatic-play\/\" \/>\n<meta property=\"og:site_name\" content=\"Spaceman\" \/>\n<meta property=\"article:modified_time\" content=\"2024-03-20T14:44:59+00:00\" \/>\n<meta property=\"og:image\" content=\"https:\/\/spacemanco.com\/wp-content\/uploads\/Space-man.jpg\" \/>\n\t<meta property=\"og:image:width\" content=\"1600\" \/>\n\t<meta property=\"og:image:height\" content=\"900\" \/>\n\t<meta property=\"og:image:type\" content=\"image\/jpeg\" \/>\n<meta name=\"twitter:card\" content=\"summary_large_image\" \/>\n<meta name=\"twitter:label1\" content=\"Dur\u00e9e de lecture estim\u00e9e\" \/>\n\t<meta name=\"twitter:data1\" content=\"12 minutes\" \/>\n<script type=\"application\/ld+json\" class=\"yoast-schema-graph\">{\"@context\":\"https:\/\/schema.org\",\"@graph\":[{\"@type\":\"WebPage\",\"@id\":\"https:\/\/spacemanco.com\/bg\/what-is-pragmatic-play\/\",\"url\":\"https:\/\/spacemanco.com\/bg\/what-is-pragmatic-play\/\",\"name\":\"\u0421\u044a\u0437\u0434\u0430\u0442\u0435\u043b \u043d\u0430 \u0438\u0433\u0440\u0430\u0442\u0430 Spaceman \u0435 Pragmatic Play\",\"isPartOf\":{\"@id\":\"https:\/\/spacemanco.com\/#website\"},\"primaryImageOfPage\":{\"@id\":\"https:\/\/spacemanco.com\/bg\/what-is-pragmatic-play\/#primaryimage\"},\"image\":{\"@id\":\"https:\/\/spacemanco.com\/bg\/what-is-pragmatic-play\/#primaryimage\"},\"thumbnailUrl\":\"https:\/\/spacemanco.com\/wp-content\/uploads\/Space-man.jpg\",\"datePublished\":\"2024-01-30T17:01:59+00:00\",\"dateModified\":\"2024-03-20T14:44:59+00:00\",\"description\":\"\u041d\u043e\u0432\u0430 \u0438\u0433\u0440\u0430, Spaceman, \u043e\u0442 Pragmatic Play. \u0418\u0433\u0440\u0430\u0439\u0442\u0435 \u0438\u0433\u0440\u0438 \u043d\u0430 Pragmatic Play \u0437\u0430 \u0438\u0441\u0442\u0438\u043d\u0441\u043a\u0438 \u043f\u0430\u0440\u0438 \u0432 \u043e\u043d\u043b\u0430\u0439\u043d \u043a\u0430\u0437\u0438\u043d\u0430. \u0412\u044a\u043b\u043d\u0443\u0432\u0430\u0449\u0430\u0442\u0430 \u0438\u0433\u0440\u0430, Spaceman.\",\"breadcrumb\":{\"@id\":\"https:\/\/spacemanco.com\/bg\/what-is-pragmatic-play\/#breadcrumb\"},\"inLanguage\":\"fr-FR\",\"potentialAction\":[{\"@type\":\"ReadAction\",\"target\":[\"https:\/\/spacemanco.com\/bg\/what-is-pragmatic-play\/\"]}]},{\"@type\":\"ImageObject\",\"inLanguage\":\"fr-FR\",\"@id\":\"https:\/\/spacemanco.com\/bg\/what-is-pragmatic-play\/#primaryimage\",\"url\":\"https:\/\/spacemanco.com\/wp-content\/uploads\/Space-man.jpg\",\"contentUrl\":\"https:\/\/spacemanco.com\/wp-content\/uploads\/Space-man.jpg\",\"width\":1600,\"height\":900},{\"@type\":\"BreadcrumbList\",\"@id\":\"https:\/\/spacemanco.com\/bg\/what-is-pragmatic-play\/#breadcrumb\",\"itemListElement\":[{\"@type\":\"ListItem\",\"position\":1,\"name\":\"Home\",\"item\":\"https:\/\/spacemanco.com\/\"},{\"@type\":\"ListItem\",\"position\":2,\"name\":\"\u041a\u0430\u043a\u0432\u043e \u0435 Pragmatic Play?\"}]},{\"@type\":\"WebSite\",\"@id\":\"https:\/\/spacemanco.com\/#website\",\"url\":\"https:\/\/spacemanco.com\/\",\"name\":\"Spaceman\",\"description\":\"\",\"publisher\":{\"@id\":\"https:\/\/spacemanco.com\/#organization\"},\"potentialAction\":[{\"@type\":\"SearchAction\",\"target\":{\"@type\":\"EntryPoint\",\"urlTemplate\":\"https:\/\/spacemanco.com\/?s={search_term_string}\"},\"query-input\":{\"@type\":\"PropertyValueSpecification\",\"valueRequired\":true,\"valueName\":\"search_term_string\"}}],\"inLanguage\":\"fr-FR\"},{\"@type\":\"Organization\",\"@id\":\"https:\/\/spacemanco.com\/#organization\",\"name\":\"Spaceman\",\"url\":\"https:\/\/spacemanco.com\/\",\"logo\":{\"@type\":\"ImageObject\",\"inLanguage\":\"fr-FR\",\"@id\":\"https:\/\/spacemanco.com\/#\/schema\/logo\/image\/\",\"url\":\"https:\/\/spacemanco.com\/wp-content\/uploads\/spaceman.png\",\"contentUrl\":\"https:\/\/spacemanco.com\/wp-content\/uploads\/spaceman.png\",\"width\":400,\"height\":229,\"caption\":\"Spaceman\"},\"image\":{\"@id\":\"https:\/\/spacemanco.com\/#\/schema\/logo\/image\/\"}}]}<\/script>\n<!-- \/ Yoast SEO plugin. -->","yoast_head_json":{"title":"\u0421\u044a\u0437\u0434\u0430\u0442\u0435\u043b \u043d\u0430 \u0438\u0433\u0440\u0430\u0442\u0430 Spaceman \u0435 Pragmatic Play","description":"Un nouveau jeu, Spaceman, de Pragmatic Play. Jouez aux jeux Pragmatic Play pour de l'argent r\u00e9el dans les casinos en ligne. Le jeu passionnant, Spaceman.","robots":{"index":"index","follow":"follow","max-snippet":"max-snippet:-1","max-image-preview":"max-image-preview:large","max-video-preview":"max-video-preview:-1"},"canonical":"https:\/\/spacemanco.com\/fr\/what-is-pragmatic-play\/","og_locale":"fr_FR","og_type":"article","og_title":"\u0421\u044a\u0437\u0434\u0430\u0442\u0435\u043b \u043d\u0430 \u0438\u0433\u0440\u0430\u0442\u0430 Spaceman \u0435 Pragmatic Play","og_description":"\u041d\u043e\u0432\u0430 \u0438\u0433\u0440\u0430, Spaceman, \u043e\u0442 Pragmatic Play. \u0418\u0433\u0440\u0430\u0439\u0442\u0435 \u0438\u0433\u0440\u0438 \u043d\u0430 Pragmatic Play \u0437\u0430 \u0438\u0441\u0442\u0438\u043d\u0441\u043a\u0438 \u043f\u0430\u0440\u0438 \u0432 \u043e\u043d\u043b\u0430\u0439\u043d \u043a\u0430\u0437\u0438\u043d\u0430. \u0412\u044a\u043b\u043d\u0443\u0432\u0430\u0449\u0430\u0442\u0430 \u0438\u0433\u0440\u0430, Spaceman.","og_url":"https:\/\/spacemanco.com\/fr\/what-is-pragmatic-play\/","og_site_name":"Spaceman","article_modified_time":"2024-03-20T14:44:59+00:00","og_image":[{"width":1600,"height":900,"url":"https:\/\/spacemanco.com\/wp-content\/uploads\/Space-man.jpg","type":"image\/jpeg"}],"twitter_card":"summary_large_image","twitter_misc":{"Dur\u00e9e de lecture estim\u00e9e":"12 minutes"},"schema":{"@context":"https:\/\/schema.org","@graph":[{"@type":"WebPage","@id":"https:\/\/spacemanco.com\/bg\/what-is-pragmatic-play\/","url":"https:\/\/spacemanco.com\/bg\/what-is-pragmatic-play\/","name":"\u0421\u044a\u0437\u0434\u0430\u0442\u0435\u043b \u043d\u0430 \u0438\u0433\u0440\u0430\u0442\u0430 Spaceman \u0435 Pragmatic Play","isPartOf":{"@id":"https:\/\/spacemanco.com\/#website"},"primaryImageOfPage":{"@id":"https:\/\/spacemanco.com\/bg\/what-is-pragmatic-play\/#primaryimage"},"image":{"@id":"https:\/\/spacemanco.com\/bg\/what-is-pragmatic-play\/#primaryimage"},"thumbnailUrl":"https:\/\/spacemanco.com\/wp-content\/uploads\/Space-man.jpg","datePublished":"2024-01-30T17:01:59+00:00","dateModified":"2024-03-20T14:44:59+00:00","description":"\u041d\u043e\u0432\u0430 \u0438\u0433\u0440\u0430, Spaceman, \u043e\u0442 Pragmatic Play. \u0418\u0433\u0440\u0430\u0439\u0442\u0435 \u0438\u0433\u0440\u0438 \u043d\u0430 Pragmatic Play \u0437\u0430 \u0438\u0441\u0442\u0438\u043d\u0441\u043a\u0438 \u043f\u0430\u0440\u0438 \u0432 \u043e\u043d\u043b\u0430\u0439\u043d \u043a\u0430\u0437\u0438\u043d\u0430. \u0412\u044a\u043b\u043d\u0443\u0432\u0430\u0449\u0430\u0442\u0430 \u0438\u0433\u0440\u0430, Spaceman.","breadcrumb":{"@id":"https:\/\/spacemanco.com\/bg\/what-is-pragmatic-play\/#breadcrumb"},"inLanguage":"fr-FR","potentialAction":[{"@type":"ReadAction","target":["https:\/\/spacemanco.com\/bg\/what-is-pragmatic-play\/"]}]},{"@type":"ImageObject","inLanguage":"fr-FR","@id":"https:\/\/spacemanco.com\/bg\/what-is-pragmatic-play\/#primaryimage","url":"https:\/\/spacemanco.com\/wp-content\/uploads\/Space-man.jpg","contentUrl":"https:\/\/spacemanco.com\/wp-content\/uploads\/Space-man.jpg","width":1600,"height":900},{"@type":"BreadcrumbList","@id":"https:\/\/spacemanco.com\/bg\/what-is-pragmatic-play\/#breadcrumb","itemListElement":[{"@type":"ListItem","position":1,"name":"Home","item":"https:\/\/spacemanco.com\/"},{"@type":"ListItem","position":2,"name":"\u041a\u0430\u043a\u0432\u043e \u0435 Pragmatic Play?"}]},{"@type":"WebSite","@id":"https:\/\/spacemanco.com\/#website","url":"https:\/\/spacemanco.com\/","name":"Spaceman","description":"","publisher":{"@id":"https:\/\/spacemanco.com\/#organization"},"potentialAction":[{"@type":"SearchAction","target":{"@type":"EntryPoint","urlTemplate":"https:\/\/spacemanco.com\/?s={search_term_string}"},"query-input":{"@type":"PropertyValueSpecification","valueRequired":true,"valueName":"search_term_string"}}],"inLanguage":"fr-FR"},{"@type":"Organization","@id":"https:\/\/spacemanco.com\/#organization","name":"Spaceman","url":"https:\/\/spacemanco.com\/","logo":{"@type":"ImageObject","inLanguage":"fr-FR","@id":"https:\/\/spacemanco.com\/#\/schema\/logo\/image\/","url":"https:\/\/spacemanco.com\/wp-content\/uploads\/spaceman.png","contentUrl":"https:\/\/spacemanco.com\/wp-content\/uploads\/spaceman.png","width":400,"height":229,"caption":"Spaceman"},"image":{"@id":"https:\/\/spacemanco.com\/#\/schema\/logo\/image\/"}}]}},"_links":{"self":[{"href":"https:\/\/spacemanco.com\/fr\/wp-json\/wp\/v2\/pages\/22","targetHints":{"allow":["GET"]}}],"collection":[{"href":"https:\/\/spacemanco.com\/fr\/wp-json\/wp\/v2\/pages"}],"about":[{"href":"https:\/\/spacemanco.com\/fr\/wp-json\/wp\/v2\/types\/page"}],"author":[{"embeddable":true,"href":"https:\/\/spacemanco.com\/fr\/wp-json\/wp\/v2\/users\/1"}],"replies":[{"embeddable":true,"href":"https:\/\/spacemanco.com\/fr\/wp-json\/wp\/v2\/comments?post=22"}],"version-history":[{"count":24,"href":"https:\/\/spacemanco.com\/fr\/wp-json\/wp\/v2\/pages\/22\/revisions"}],"predecessor-version":[{"id":70,"href":"https:\/\/spacemanco.com\/fr\/wp-json\/wp\/v2\/pages\/22\/revisions\/70"}],"wp:featuredmedia":[{"embeddable":true,"href":"https:\/\/spacemanco.com\/fr\/wp-json\/wp\/v2\/media\/43"}],"wp:attachment":[{"href":"https:\/\/spacemanco.com\/fr\/wp-json\/wp\/v2\/media?parent=22"}],"curies":[{"name":"wp","href":"https:\/\/api.w.org\/{rel}","templated":true}]}}