{"id":22,"date":"2024-01-30T17:01:59","date_gmt":"2024-01-30T17:01:59","guid":{"rendered":"https:\/\/spacemanco.com\/?page_id=22"},"modified":"2024-03-20T14:44:59","modified_gmt":"2024-03-20T14:44:59","slug":"what-is-pragmatic-play","status":"publish","type":"page","link":"https:\/\/spacemanco.com\/it\/what-is-pragmatic-play\/","title":{"rendered":"Cos&#8217;\u00e8 Pragmatic Play?"},"content":{"rendered":"<p>Pragmatic Play \u00e8 un importante sviluppatore di giochi per casin\u00f2 online, noto per la sua ampia gamma di prodotti di gioco di alta qualit\u00e0. La societ\u00e0 \u00e8 stata fondata nel 2015 e si \u00e8 rapidamente affermata come un&#8217;azienda innovativa e affidabile.<\/p>\n<h2>Punti chiave della storia di Pragmatic Play:<\/h2>\n<ul>\n<li><strong>Data di fondazione:<\/strong> La societ\u00e0 \u00e8 stata fondata nel 2015.<br \/>\nImpegno per la qualit\u00e0: Fin dall&#8217;inizio, Pragmatic Play si \u00e8 concentrata sulla creazione di prodotti di gioco di alta qualit\u00e0 per casin\u00f2 online.<\/li>\n<li><strong>Crescita rapida:<\/strong> In un breve periodo, Pragmatic Play ha raggiunto una significativa crescita e riconoscimento nell&#8217;industria del gioco grazie al suo approccio innovativo e ai giochi di qualit\u00e0.<\/li>\n<li><strong>Espansione del catalogo di giochi d&#8217;azzardo:<\/strong> Pragmatic Play continua ad ampliare la sua gamma di giochi, offrendo una variet\u00e0 di prodotti di gioco, inclusi slot, tavoli, giochi di carte e altro.<\/li>\n<li><strong>Successo internazionale:<\/strong> La societ\u00e0 ha rapidamente guadagnato popolarit\u00e0 nel mercato globale e collabora con molti casin\u00f2 online e operatori di gioco d&#8217;azzardo di fama mondiale. Evidenza di ci\u00f2 sono i numerosi premi e riconoscimenti ricevuti da Pragmatic Play in fiere e conferenze.<\/li>\n<li><strong>Premi e riconoscimenti:<\/strong> Pragmatic Play ha ricevuto numerosi premi e riconoscimenti per i suoi prodotti di gioco e per gli approcci innovativi allo sviluppo dei giochi.<\/li>\n<li><strong>Successi tecnologici:<\/strong> La societ\u00e0 implementa costantemente tecnologie avanzate e strumenti nei suoi giochi per fornire ai giocatori l&#8217;esperienza di gioco pi\u00f9 soddisfacente possibile.<\/li>\n<li><strong>Presenza globale:<\/strong> Pragmatic Play espande attivamente la propria presenza globale, offrendo i suoi giochi in vari mercati in tutto il mondo.<\/li>\n<li><strong>Sviluppo continuo:<\/strong> La societ\u00e0 continua ad investire nello sviluppo e nell&#8217;aggiornamento dei suoi prodotti di gioco, mirando a diventare un leader nella fornitura di contenuti di gioco nel mondo dei casin\u00f2 online.<\/li>\n<\/ul>\n","protected":false},"excerpt":{"rendered":"<p>Pragmatic Play \u00e8 un importante sviluppatore di giochi per casin\u00f2 online, noto per la sua ampia gamma di prodotti di gioco di alta qualit\u00e0. La societ\u00e0 \u00e8 stata fondata nel 2015 e si \u00e8 rapidamente affermata come un&#8217;azienda innovativa e affidabile. Punti chiave della storia di Pragmatic Play: Data di fondazione: La societ\u00e0 \u00e8 stata [&hellip;]<\/p>\n","protected":false},"author":1,"featured_media":43,"parent":0,"menu_order":0,"comment_status":"closed","ping_status":"closed","template":"","meta":{"footnotes":""},"class_list":["post-22","page","type-page","status-publish","has-post-thumbnail","hentry"],"yoast_head":"<!-- This site is optimized with the Yoast SEO plugin v27.2 - https:\/\/yoast.com\/product\/yoast-seo-wordpress\/ -->\n<title>\u0421\u044a\u0437\u0434\u0430\u0442\u0435\u043b \u043d\u0430 \u0438\u0433\u0440\u0430\u0442\u0430 Spaceman \u0435 Pragmatic Play<\/title>\n<meta name=\"description\" content=\"Un nuovo gioco, Spaceman, di Pragmatic Play. Gioca ai giochi di Pragmatic Play per soldi veri nei casin\u00f2 online. Il coinvolgente gioco, Spaceman.\" \/>\n<meta name=\"robots\" content=\"index, follow, max-snippet:-1, max-image-preview:large, max-video-preview:-1\" \/>\n<link rel=\"canonical\" href=\"https:\/\/spacemanco.com\/it\/what-is-pragmatic-play\/\" \/>\n<meta property=\"og:locale\" content=\"it_IT\" \/>\n<meta property=\"og:locale:alternate\" content=\"ru_RU\" \/>\n<meta property=\"og:locale:alternate\" content=\"en_US\" \/>\n<meta property=\"og:locale:alternate\" content=\"pt_PT\" \/>\n<meta property=\"og:locale:alternate\" content=\"es_ES\" \/>\n<meta property=\"og:locale:alternate\" content=\"fr_FR\" \/>\n<meta property=\"og:locale:alternate\" content=\"de_DE\" \/>\n<meta property=\"og:locale:alternate\" content=\"sr_RS\" \/>\n<meta property=\"og:locale:alternate\" content=\"bg_BG\" \/>\n<meta property=\"og:locale:alternate\" content=\"ro_RO\" \/>\n<meta property=\"og:locale:alternate\" content=\"pl_PL\" \/>\n<meta property=\"og:type\" content=\"article\" \/>\n<meta property=\"og:title\" content=\"\u0421\u044a\u0437\u0434\u0430\u0442\u0435\u043b \u043d\u0430 \u0438\u0433\u0440\u0430\u0442\u0430 Spaceman \u0435 Pragmatic Play\" \/>\n<meta property=\"og:description\" content=\"\u041d\u043e\u0432\u0430 \u0438\u0433\u0440\u0430, Spaceman, \u043e\u0442 Pragmatic Play. \u0418\u0433\u0440\u0430\u0439\u0442\u0435 \u0438\u0433\u0440\u0438 \u043d\u0430 Pragmatic Play \u0437\u0430 \u0438\u0441\u0442\u0438\u043d\u0441\u043a\u0438 \u043f\u0430\u0440\u0438 \u0432 \u043e\u043d\u043b\u0430\u0439\u043d \u043a\u0430\u0437\u0438\u043d\u0430. \u0412\u044a\u043b\u043d\u0443\u0432\u0430\u0449\u0430\u0442\u0430 \u0438\u0433\u0440\u0430, Spaceman.\" \/>\n<meta property=\"og:url\" content=\"https:\/\/spacemanco.com\/it\/what-is-pragmatic-play\/\" \/>\n<meta property=\"og:site_name\" content=\"Spaceman\" \/>\n<meta property=\"article:modified_time\" content=\"2024-03-20T14:44:59+00:00\" \/>\n<meta property=\"og:image\" content=\"https:\/\/spacemanco.com\/wp-content\/uploads\/Space-man.jpg\" \/>\n\t<meta property=\"og:image:width\" content=\"1600\" \/>\n\t<meta property=\"og:image:height\" content=\"900\" \/>\n\t<meta property=\"og:image:type\" content=\"image\/jpeg\" \/>\n<meta name=\"twitter:card\" content=\"summary_large_image\" \/>\n<meta name=\"twitter:label1\" content=\"Tempo di lettura stimato\" \/>\n\t<meta name=\"twitter:data1\" content=\"12 minuti\" \/>\n<script type=\"application\/ld+json\" class=\"yoast-schema-graph\">{\"@context\":\"https:\/\/schema.org\",\"@graph\":[{\"@type\":\"WebPage\",\"@id\":\"https:\/\/spacemanco.com\/bg\/what-is-pragmatic-play\/\",\"url\":\"https:\/\/spacemanco.com\/bg\/what-is-pragmatic-play\/\",\"name\":\"\u0421\u044a\u0437\u0434\u0430\u0442\u0435\u043b \u043d\u0430 \u0438\u0433\u0440\u0430\u0442\u0430 Spaceman \u0435 Pragmatic Play\",\"isPartOf\":{\"@id\":\"https:\/\/spacemanco.com\/#website\"},\"primaryImageOfPage\":{\"@id\":\"https:\/\/spacemanco.com\/bg\/what-is-pragmatic-play\/#primaryimage\"},\"image\":{\"@id\":\"https:\/\/spacemanco.com\/bg\/what-is-pragmatic-play\/#primaryimage\"},\"thumbnailUrl\":\"https:\/\/spacemanco.com\/wp-content\/uploads\/Space-man.jpg\",\"datePublished\":\"2024-01-30T17:01:59+00:00\",\"dateModified\":\"2024-03-20T14:44:59+00:00\",\"description\":\"\u041d\u043e\u0432\u0430 \u0438\u0433\u0440\u0430, Spaceman, \u043e\u0442 Pragmatic Play. \u0418\u0433\u0440\u0430\u0439\u0442\u0435 \u0438\u0433\u0440\u0438 \u043d\u0430 Pragmatic Play \u0437\u0430 \u0438\u0441\u0442\u0438\u043d\u0441\u043a\u0438 \u043f\u0430\u0440\u0438 \u0432 \u043e\u043d\u043b\u0430\u0439\u043d \u043a\u0430\u0437\u0438\u043d\u0430. \u0412\u044a\u043b\u043d\u0443\u0432\u0430\u0449\u0430\u0442\u0430 \u0438\u0433\u0440\u0430, Spaceman.\",\"breadcrumb\":{\"@id\":\"https:\/\/spacemanco.com\/bg\/what-is-pragmatic-play\/#breadcrumb\"},\"inLanguage\":\"it-IT\",\"potentialAction\":[{\"@type\":\"ReadAction\",\"target\":[\"https:\/\/spacemanco.com\/bg\/what-is-pragmatic-play\/\"]}]},{\"@type\":\"ImageObject\",\"inLanguage\":\"it-IT\",\"@id\":\"https:\/\/spacemanco.com\/bg\/what-is-pragmatic-play\/#primaryimage\",\"url\":\"https:\/\/spacemanco.com\/wp-content\/uploads\/Space-man.jpg\",\"contentUrl\":\"https:\/\/spacemanco.com\/wp-content\/uploads\/Space-man.jpg\",\"width\":1600,\"height\":900},{\"@type\":\"BreadcrumbList\",\"@id\":\"https:\/\/spacemanco.com\/bg\/what-is-pragmatic-play\/#breadcrumb\",\"itemListElement\":[{\"@type\":\"ListItem\",\"position\":1,\"name\":\"Home\",\"item\":\"https:\/\/spacemanco.com\/\"},{\"@type\":\"ListItem\",\"position\":2,\"name\":\"\u041a\u0430\u043a\u0432\u043e \u0435 Pragmatic Play?\"}]},{\"@type\":\"WebSite\",\"@id\":\"https:\/\/spacemanco.com\/#website\",\"url\":\"https:\/\/spacemanco.com\/\",\"name\":\"Spaceman\",\"description\":\"\",\"publisher\":{\"@id\":\"https:\/\/spacemanco.com\/#organization\"},\"potentialAction\":[{\"@type\":\"SearchAction\",\"target\":{\"@type\":\"EntryPoint\",\"urlTemplate\":\"https:\/\/spacemanco.com\/?s={search_term_string}\"},\"query-input\":{\"@type\":\"PropertyValueSpecification\",\"valueRequired\":true,\"valueName\":\"search_term_string\"}}],\"inLanguage\":\"it-IT\"},{\"@type\":\"Organization\",\"@id\":\"https:\/\/spacemanco.com\/#organization\",\"name\":\"Spaceman\",\"url\":\"https:\/\/spacemanco.com\/\",\"logo\":{\"@type\":\"ImageObject\",\"inLanguage\":\"it-IT\",\"@id\":\"https:\/\/spacemanco.com\/#\/schema\/logo\/image\/\",\"url\":\"https:\/\/spacemanco.com\/wp-content\/uploads\/spaceman.png\",\"contentUrl\":\"https:\/\/spacemanco.com\/wp-content\/uploads\/spaceman.png\",\"width\":400,\"height\":229,\"caption\":\"Spaceman\"},\"image\":{\"@id\":\"https:\/\/spacemanco.com\/#\/schema\/logo\/image\/\"}}]}<\/script>\n<!-- \/ Yoast SEO plugin. -->","yoast_head_json":{"title":"\u0421\u044a\u0437\u0434\u0430\u0442\u0435\u043b \u043d\u0430 \u0438\u0433\u0440\u0430\u0442\u0430 Spaceman \u0435 Pragmatic Play","description":"Un nuovo gioco, Spaceman, di Pragmatic Play. Gioca ai giochi di Pragmatic Play per soldi veri nei casin\u00f2 online. Il coinvolgente gioco, Spaceman.","robots":{"index":"index","follow":"follow","max-snippet":"max-snippet:-1","max-image-preview":"max-image-preview:large","max-video-preview":"max-video-preview:-1"},"canonical":"https:\/\/spacemanco.com\/it\/what-is-pragmatic-play\/","og_locale":"it_IT","og_type":"article","og_title":"\u0421\u044a\u0437\u0434\u0430\u0442\u0435\u043b \u043d\u0430 \u0438\u0433\u0440\u0430\u0442\u0430 Spaceman \u0435 Pragmatic Play","og_description":"\u041d\u043e\u0432\u0430 \u0438\u0433\u0440\u0430, Spaceman, \u043e\u0442 Pragmatic Play. \u0418\u0433\u0440\u0430\u0439\u0442\u0435 \u0438\u0433\u0440\u0438 \u043d\u0430 Pragmatic Play \u0437\u0430 \u0438\u0441\u0442\u0438\u043d\u0441\u043a\u0438 \u043f\u0430\u0440\u0438 \u0432 \u043e\u043d\u043b\u0430\u0439\u043d \u043a\u0430\u0437\u0438\u043d\u0430. \u0412\u044a\u043b\u043d\u0443\u0432\u0430\u0449\u0430\u0442\u0430 \u0438\u0433\u0440\u0430, Spaceman.","og_url":"https:\/\/spacemanco.com\/it\/what-is-pragmatic-play\/","og_site_name":"Spaceman","article_modified_time":"2024-03-20T14:44:59+00:00","og_image":[{"width":1600,"height":900,"url":"https:\/\/spacemanco.com\/wp-content\/uploads\/Space-man.jpg","type":"image\/jpeg"}],"twitter_card":"summary_large_image","twitter_misc":{"Tempo di lettura stimato":"12 minuti"},"schema":{"@context":"https:\/\/schema.org","@graph":[{"@type":"WebPage","@id":"https:\/\/spacemanco.com\/bg\/what-is-pragmatic-play\/","url":"https:\/\/spacemanco.com\/bg\/what-is-pragmatic-play\/","name":"\u0421\u044a\u0437\u0434\u0430\u0442\u0435\u043b \u043d\u0430 \u0438\u0433\u0440\u0430\u0442\u0430 Spaceman \u0435 Pragmatic Play","isPartOf":{"@id":"https:\/\/spacemanco.com\/#website"},"primaryImageOfPage":{"@id":"https:\/\/spacemanco.com\/bg\/what-is-pragmatic-play\/#primaryimage"},"image":{"@id":"https:\/\/spacemanco.com\/bg\/what-is-pragmatic-play\/#primaryimage"},"thumbnailUrl":"https:\/\/spacemanco.com\/wp-content\/uploads\/Space-man.jpg","datePublished":"2024-01-30T17:01:59+00:00","dateModified":"2024-03-20T14:44:59+00:00","description":"\u041d\u043e\u0432\u0430 \u0438\u0433\u0440\u0430, Spaceman, \u043e\u0442 Pragmatic Play. \u0418\u0433\u0440\u0430\u0439\u0442\u0435 \u0438\u0433\u0440\u0438 \u043d\u0430 Pragmatic Play \u0437\u0430 \u0438\u0441\u0442\u0438\u043d\u0441\u043a\u0438 \u043f\u0430\u0440\u0438 \u0432 \u043e\u043d\u043b\u0430\u0439\u043d \u043a\u0430\u0437\u0438\u043d\u0430. \u0412\u044a\u043b\u043d\u0443\u0432\u0430\u0449\u0430\u0442\u0430 \u0438\u0433\u0440\u0430, Spaceman.","breadcrumb":{"@id":"https:\/\/spacemanco.com\/bg\/what-is-pragmatic-play\/#breadcrumb"},"inLanguage":"it-IT","potentialAction":[{"@type":"ReadAction","target":["https:\/\/spacemanco.com\/bg\/what-is-pragmatic-play\/"]}]},{"@type":"ImageObject","inLanguage":"it-IT","@id":"https:\/\/spacemanco.com\/bg\/what-is-pragmatic-play\/#primaryimage","url":"https:\/\/spacemanco.com\/wp-content\/uploads\/Space-man.jpg","contentUrl":"https:\/\/spacemanco.com\/wp-content\/uploads\/Space-man.jpg","width":1600,"height":900},{"@type":"BreadcrumbList","@id":"https:\/\/spacemanco.com\/bg\/what-is-pragmatic-play\/#breadcrumb","itemListElement":[{"@type":"ListItem","position":1,"name":"Home","item":"https:\/\/spacemanco.com\/"},{"@type":"ListItem","position":2,"name":"\u041a\u0430\u043a\u0432\u043e \u0435 Pragmatic Play?"}]},{"@type":"WebSite","@id":"https:\/\/spacemanco.com\/#website","url":"https:\/\/spacemanco.com\/","name":"Spaceman","description":"","publisher":{"@id":"https:\/\/spacemanco.com\/#organization"},"potentialAction":[{"@type":"SearchAction","target":{"@type":"EntryPoint","urlTemplate":"https:\/\/spacemanco.com\/?s={search_term_string}"},"query-input":{"@type":"PropertyValueSpecification","valueRequired":true,"valueName":"search_term_string"}}],"inLanguage":"it-IT"},{"@type":"Organization","@id":"https:\/\/spacemanco.com\/#organization","name":"Spaceman","url":"https:\/\/spacemanco.com\/","logo":{"@type":"ImageObject","inLanguage":"it-IT","@id":"https:\/\/spacemanco.com\/#\/schema\/logo\/image\/","url":"https:\/\/spacemanco.com\/wp-content\/uploads\/spaceman.png","contentUrl":"https:\/\/spacemanco.com\/wp-content\/uploads\/spaceman.png","width":400,"height":229,"caption":"Spaceman"},"image":{"@id":"https:\/\/spacemanco.com\/#\/schema\/logo\/image\/"}}]}},"_links":{"self":[{"href":"https:\/\/spacemanco.com\/it\/wp-json\/wp\/v2\/pages\/22","targetHints":{"allow":["GET"]}}],"collection":[{"href":"https:\/\/spacemanco.com\/it\/wp-json\/wp\/v2\/pages"}],"about":[{"href":"https:\/\/spacemanco.com\/it\/wp-json\/wp\/v2\/types\/page"}],"author":[{"embeddable":true,"href":"https:\/\/spacemanco.com\/it\/wp-json\/wp\/v2\/users\/1"}],"replies":[{"embeddable":true,"href":"https:\/\/spacemanco.com\/it\/wp-json\/wp\/v2\/comments?post=22"}],"version-history":[{"count":24,"href":"https:\/\/spacemanco.com\/it\/wp-json\/wp\/v2\/pages\/22\/revisions"}],"predecessor-version":[{"id":70,"href":"https:\/\/spacemanco.com\/it\/wp-json\/wp\/v2\/pages\/22\/revisions\/70"}],"wp:featuredmedia":[{"embeddable":true,"href":"https:\/\/spacemanco.com\/it\/wp-json\/wp\/v2\/media\/43"}],"wp:attachment":[{"href":"https:\/\/spacemanco.com\/it\/wp-json\/wp\/v2\/media?parent=22"}],"curies":[{"name":"wp","href":"https:\/\/api.w.org\/{rel}","templated":true}]}}