{"id":12,"date":"2024-01-30T16:21:29","date_gmt":"2024-01-30T16:21:29","guid":{"rendered":"https:\/\/spacemanco.com\/?page_id=12"},"modified":"2024-03-20T14:13:53","modified_gmt":"2024-03-20T14:13:53","slug":"auto-play-in-the-spaceman-crash-game","status":"publish","type":"page","link":"https:\/\/spacemanco.com\/pl\/auto-play-in-the-spaceman-crash-game\/","title":{"rendered":"Auto-play w grze Spaceman Crash"},"content":{"rendered":"<h2><strong>Zalety funkcji Auto-Play w grze Spaceman<\/strong><\/h2>\n<p>Funkcja Auto-Play w grze Spaceman crash oferuje kilka zalet, kt\u00f3re mog\u0105 wzbogaci\u0107 do\u015bwiadczenie z gr\u0105 i uproszcza\u0107 proces uczestnictwa w grze. Oto kilka kluczowych zalet funkcji Auto-Play w grze Spaceman:<\/p>\n<ol>\n<li><strong>Sta\u0142o\u015b\u0107 zak\u0142ad\u00f3w:<\/strong> Funkcja Auto-Play pozwala na automatyczne zawieranie zak\u0142ad\u00f3w, zapewniaj\u0105c sta\u0142\u0105 wielko\u015b\u0107 zak\u0142adu. Mo\u017ce to by\u0107 przydatne dla okre\u015blonych strategii gracza. Na przyk\u0142ad, je\u015bli gracz wcze\u015bniej obliczy\u0142 sw\u00f3j kapita\u0142 pocz\u0105tkowy, okre\u015blenie kwoty zak\u0142adu mo\u017ce pom\u00f3c przewidzie\u0107 liczb\u0119 rund, w kt\u00f3rych gracz mo\u017ce uczestniczy\u0107.<\/li>\n<li><strong>Zarz\u0105dzanie ryzykiem:<\/strong> Korzystaj\u0105c z funkcji Auto-Play, gracze mog\u0105 z g\u00f3ry okre\u015bli\u0107 swoj\u0105 strategi\u0119 wyp\u0142at, co pomaga efektywniej zarz\u0105dza\u0107 ryzykiem. Na przyk\u0142ad mo\u017cna ustawi\u0107 automatyczne zako\u0144czenie gry po osi\u0105gni\u0119ciu okre\u015blonego mno\u017cnika wygranej. Je\u015bli gracz postanowi gra\u0107 na niskich mno\u017cnikach, Auto-Play mo\u017ce \u015bmia\u0142o pod\u0105\u017ca\u0107 za t\u0105 strategi\u0105. Trudno ci\u0105gle podejmowa\u0107 decyzje o wyp\u0142acie na przyk\u0142ad przy mno\u017cniku 1.5x. Auto-Play rozwi\u0105zuje ten problem.<\/li>\n<li><strong>Oszcz\u0119dno\u015b\u0107 czasu:<\/strong> Funkcja Auto-Play pozwala graczom zaoszcz\u0119dzi\u0107 czas na ka\u017cdej rundzie gry. Jest to szczeg\u00f3lnie przydatne, je\u015bli gracz jest zaj\u0119ty lub chce jednocze\u015bnie zajmowa\u0107 si\u0119 innymi rzeczami, takimi jak ogl\u0105danie serialu lub zmywanie naczy\u0144.<\/li>\n<li><strong>Unikanie emocjonalnych decyzji:<\/strong> Funkcja Auto-Play eliminuje czynnik emocjonalny, kt\u00f3ry cz\u0119sto prowadzi do impulsywnych decyzji podczas gry. Pomaga to zachowa\u0107 obiektywne i racjonalne podej\u015bcie do gry. Na przyk\u0142ad po kilku przegranych gracz mo\u017ce zdecydowa\u0107 si\u0119 \u015bciga\u0107 przegrane i emocjonalnie zdecydowa\u0107 si\u0119 na maksymalny mno\u017cnik, co mo\u017ce nie prowadzi\u0107 do odzyskania, ale do kolejnej przegranej. Jest to przyk\u0142ad emocjonalnej decyzji, kt\u00f3rej warto unika\u0107.<\/li>\n<li><strong>Wygodne dla pocz\u0105tkuj\u0105cych:<\/strong> Dla nowych graczy, kt\u00f3rzy jeszcze nie s\u0105 pewni swoich strategii lub nie chc\u0105 stale monitorowa\u0107 gry, funkcja Auto-Play mo\u017ce by\u0107 wygodnym sposobem na zapoznanie si\u0119 z dynamik\u0105 gry. Ustaw Auto-Play na minimalny mno\u017cnik i obserwuj wynik.<\/li>\n<li><strong>Wyb\u00f3r strategii:<\/strong> Funkcja Auto-Play pozwala graczom z g\u00f3ry wybra\u0107 swoj\u0105 strategi\u0119 na podstawie analizy poprzednich gier i statystyk, co mo\u017ce poprawi\u0107 og\u00f3ln\u0105 wydajno\u015b\u0107 gry i przynie\u015b\u0107 d\u0142ugo oczekiwan\u0105 wygran\u0105.<\/li>\n<li><strong>Zapobieganie zm\u0119czeniu:<\/strong> Przyznajmy &#8211; bardzo \u0142atwo jest si\u0119 zm\u0119czy\u0107 podczas d\u0142ugich sesji gry. Auto-Play pomaga zapobiec zm\u0119czeniu i utrzyma\u0107 koncentracj\u0119. Gracz nie pope\u0142ni b\u0142\u0119d\u00f3w w podejmowaniu decyzji.<\/li>\n<li><strong>\u0141atwo\u015b\u0107 dostosowywania:<\/strong> Wi\u0119kszo\u015b\u0107 platform do gier crash oferuje intuicyjne ustawienia Auto-Play, pozwalaj\u0105c graczom \u0142atwo dostosowa\u0107 je do swoich preferencji i strategii gry.<\/li>\n<\/ol>\n<p>Warto pami\u0119ta\u0107, \u017ce pomimo tych zalet, funkcja Auto-Play nie gwarantuje wygranej i podlega r\u00f3wnie\u017c ryzyku zwi\u0105zanemu z gr\u0105. Gracze powinni podej\u015b\u0107 do korzystania z tej funkcji ostro\u017cnie i odpowiedzialnie.<\/p>\n<h2><strong>Aktywowanie funkcji Auto-Play<\/strong><\/h2>\n<p>Aktywowanie funkcji Auto-Play jest \u0142atwe. Wystarczy postawi\u0107 zak\u0142ad, opcjonalnie w\u0142\u0105czy\u0107 opcj\u0119 &#8222;Auto-Cashout&#8221; i nacisn\u0105\u0107 przycisk &#8222;Auto-Play&#8221;. Nast\u0119pnie otworzy si\u0119 okno &#8222;Auto-Play&#8221;, wy\u015bwietlaj\u0105ce wszystkie ustawienia uruchamiania. Nale\u017cy pami\u0119ta\u0107, \u017ce ustawienia Auto-Play mog\u0105 si\u0119 r\u00f3\u017cni\u0107 w r\u00f3\u017cnych krajach ze wzgl\u0119du na wymagania prawne dotycz\u0105ce okre\u015blonych parametr\u00f3w.<\/p>\n<p>Podczas gdy okno Auto-Play jest otwarte, mo\u017cna je aktywowa\u0107 w tej samej rundzie, w kt\u00f3rej zosta\u0142o uruchomione lub w kt\u00f3rej\u015b z nast\u0119pnych rund gry. Pozosta\u0142a liczba rund Auto-Play zostanie wskazana obok przycisku &#8222;Edytuj Auto-Play&#8221;.<\/p>\n<h2><strong>Najcz\u0119\u015bciej zadawane pytania dotycz\u0105ce funkcji Auto-Play w grze Spaceman Crash<\/strong><\/h2>\n<p><strong>Czy mog\u0119 zmieni\u0107 wielko\u015b\u0107 zak\u0142adu po aktywowaniu funkcji Auto-Play w Spaceman?<\/strong><\/p>\n<p>Nie, po aktywowaniu trybu &#8222;Auto-Play&#8221; gracz nie mo\u017ce zmieni\u0107 zak\u0142adu. Aby zmieni\u0107 zak\u0142ad lub inne ustawienia, trzeba zatrzyma\u0107 Auto-Play.<\/p>\n<p><strong>Jak zatrzyma\u0107 funkcj\u0119 Auto-Play w grze Spaceman?<\/strong><\/p>\n<p>Aby zatrzyma\u0107 funkcj\u0119 Auto-Play, otw\u00f3rz okno Auto-Play i naci\u015bnij przycisk &#8222;Stop&#8221;.<\/p>\n<p><strong>Czy funkcja Auto-Play w grze Spaceman mo\u017ce zatrzyma\u0107 si\u0119 bez zgody gracza?<\/strong><\/p>\n<p>Tak, w niekt\u00f3rych przypadkach auto-play mo\u017ce zatrzyma\u0107 si\u0119 automatycznie. Stanie si\u0119 to w jednym z trzech przypadk\u00f3w:<\/p>\n<ul>\n<li>Wybrana liczba rund Auto-Play osi\u0105ga 0. W tym przypadku pojawi si\u0119 odpowiednie powiadomienie, a Auto-Play zostanie zatrzymane.<\/li>\n<li>Saldo konta gry spada do kwoty niewystarczaj\u0105cej na kolejny zak\u0142ad.<\/li>\n<li>Spe\u0142nione s\u0105 jedno lub wi\u0119cej warunk\u00f3w zatrzymania Auto-Play: saldo spada lub ro\u015bnie do okre\u015blonego limitu, pojedyncza wygrana przekracza okre\u015blon\u0105 warto\u015b\u0107.<\/li>\n<\/ul>\n","protected":false},"excerpt":{"rendered":"<p>Zalety funkcji Auto-Play w grze Spaceman Funkcja Auto-Play w grze Spaceman crash oferuje kilka zalet, kt\u00f3re mog\u0105 wzbogaci\u0107 do\u015bwiadczenie z gr\u0105 i uproszcza\u0107 proces uczestnictwa w grze. Oto kilka kluczowych zalet funkcji Auto-Play w grze Spaceman: Sta\u0142o\u015b\u0107 zak\u0142ad\u00f3w: Funkcja Auto-Play pozwala na automatyczne zawieranie zak\u0142ad\u00f3w, zapewniaj\u0105c sta\u0142\u0105 wielko\u015b\u0107 zak\u0142adu. Mo\u017ce to by\u0107 przydatne dla okre\u015blonych [&hellip;]<\/p>\n","protected":false},"author":1,"featured_media":43,"parent":0,"menu_order":0,"comment_status":"closed","ping_status":"closed","template":"","meta":{"footnotes":""},"class_list":["post-12","page","type-page","status-publish","has-post-thumbnail","hentry"],"yoast_head":"<!-- This site is optimized with the Yoast SEO plugin v27.2 - https:\/\/yoast.com\/product\/yoast-seo-wordpress\/ -->\n<title>Auto Play w grze Spaceman Crash<\/title>\n<meta name=\"description\" content=\"Jak ustawi\u0107 auto play i zak\u0142ady w trybie automatycznym w grze online Spaceman\" \/>\n<meta name=\"robots\" content=\"index, follow, max-snippet:-1, max-image-preview:large, max-video-preview:-1\" \/>\n<link rel=\"canonical\" href=\"https:\/\/spacemanco.com\/pl\/auto-play-in-the-spaceman-crash-game\/\" \/>\n<meta property=\"og:locale\" content=\"pl_PL\" \/>\n<meta property=\"og:locale:alternate\" content=\"ru_RU\" \/>\n<meta property=\"og:locale:alternate\" content=\"en_US\" \/>\n<meta property=\"og:locale:alternate\" content=\"pt_PT\" \/>\n<meta property=\"og:locale:alternate\" content=\"es_ES\" \/>\n<meta property=\"og:locale:alternate\" content=\"it_IT\" \/>\n<meta property=\"og:locale:alternate\" content=\"fr_FR\" \/>\n<meta property=\"og:locale:alternate\" content=\"de_DE\" \/>\n<meta property=\"og:locale:alternate\" content=\"sr_RS\" \/>\n<meta property=\"og:locale:alternate\" content=\"bg_BG\" \/>\n<meta property=\"og:locale:alternate\" content=\"ro_RO\" \/>\n<meta property=\"og:type\" content=\"article\" \/>\n<meta property=\"og:title\" content=\"Auto Play w grze Spaceman Crash\" \/>\n<meta property=\"og:description\" content=\"Jak ustawi\u0107 auto play i zak\u0142ady w trybie automatycznym w grze online Spaceman\" \/>\n<meta property=\"og:url\" content=\"https:\/\/spacemanco.com\/pl\/auto-play-in-the-spaceman-crash-game\/\" \/>\n<meta property=\"og:site_name\" content=\"Spaceman\" \/>\n<meta property=\"article:modified_time\" content=\"2024-03-20T14:13:53+00:00\" \/>\n<meta property=\"og:image\" content=\"https:\/\/spacemanco.com\/wp-content\/uploads\/Space-man.jpg\" \/>\n\t<meta property=\"og:image:width\" content=\"1600\" \/>\n\t<meta property=\"og:image:height\" content=\"900\" \/>\n\t<meta property=\"og:image:type\" content=\"image\/jpeg\" \/>\n<meta name=\"twitter:card\" content=\"summary_large_image\" \/>\n<meta name=\"twitter:label1\" content=\"Szacowany czas czytania\" \/>\n\t<meta name=\"twitter:data1\" content=\"31 minut\" \/>\n<script type=\"application\/ld+json\" class=\"yoast-schema-graph\">{\"@context\":\"https:\/\/schema.org\",\"@graph\":[{\"@type\":\"WebPage\",\"@id\":\"https:\/\/spacemanco.com\/pl\/auto-play-in-the-spaceman-crash-game\/\",\"url\":\"https:\/\/spacemanco.com\/pl\/auto-play-in-the-spaceman-crash-game\/\",\"name\":\"Auto Play w grze Spaceman Crash\",\"isPartOf\":{\"@id\":\"https:\/\/spacemanco.com\/#website\"},\"primaryImageOfPage\":{\"@id\":\"https:\/\/spacemanco.com\/pl\/auto-play-in-the-spaceman-crash-game\/#primaryimage\"},\"image\":{\"@id\":\"https:\/\/spacemanco.com\/pl\/auto-play-in-the-spaceman-crash-game\/#primaryimage\"},\"thumbnailUrl\":\"https:\/\/spacemanco.com\/wp-content\/uploads\/Space-man.jpg\",\"datePublished\":\"2024-01-30T16:21:29+00:00\",\"dateModified\":\"2024-03-20T14:13:53+00:00\",\"description\":\"Jak ustawi\u0107 auto play i zak\u0142ady w trybie automatycznym w grze online Spaceman\",\"breadcrumb\":{\"@id\":\"https:\/\/spacemanco.com\/pl\/auto-play-in-the-spaceman-crash-game\/#breadcrumb\"},\"inLanguage\":\"pl-PL\",\"potentialAction\":[{\"@type\":\"ReadAction\",\"target\":[\"https:\/\/spacemanco.com\/pl\/auto-play-in-the-spaceman-crash-game\/\"]}]},{\"@type\":\"ImageObject\",\"inLanguage\":\"pl-PL\",\"@id\":\"https:\/\/spacemanco.com\/pl\/auto-play-in-the-spaceman-crash-game\/#primaryimage\",\"url\":\"https:\/\/spacemanco.com\/wp-content\/uploads\/Space-man.jpg\",\"contentUrl\":\"https:\/\/spacemanco.com\/wp-content\/uploads\/Space-man.jpg\",\"width\":1600,\"height\":900},{\"@type\":\"BreadcrumbList\",\"@id\":\"https:\/\/spacemanco.com\/pl\/auto-play-in-the-spaceman-crash-game\/#breadcrumb\",\"itemListElement\":[{\"@type\":\"ListItem\",\"position\":1,\"name\":\"Home\",\"item\":\"https:\/\/spacemanco.com\/\"},{\"@type\":\"ListItem\",\"position\":2,\"name\":\"Auto-play w grze Spaceman Crash\"}]},{\"@type\":\"WebSite\",\"@id\":\"https:\/\/spacemanco.com\/#website\",\"url\":\"https:\/\/spacemanco.com\/\",\"name\":\"Spaceman\",\"description\":\"\",\"publisher\":{\"@id\":\"https:\/\/spacemanco.com\/#organization\"},\"potentialAction\":[{\"@type\":\"SearchAction\",\"target\":{\"@type\":\"EntryPoint\",\"urlTemplate\":\"https:\/\/spacemanco.com\/?s={search_term_string}\"},\"query-input\":{\"@type\":\"PropertyValueSpecification\",\"valueRequired\":true,\"valueName\":\"search_term_string\"}}],\"inLanguage\":\"pl-PL\"},{\"@type\":\"Organization\",\"@id\":\"https:\/\/spacemanco.com\/#organization\",\"name\":\"Spaceman\",\"url\":\"https:\/\/spacemanco.com\/\",\"logo\":{\"@type\":\"ImageObject\",\"inLanguage\":\"pl-PL\",\"@id\":\"https:\/\/spacemanco.com\/#\/schema\/logo\/image\/\",\"url\":\"https:\/\/spacemanco.com\/wp-content\/uploads\/spaceman.png\",\"contentUrl\":\"https:\/\/spacemanco.com\/wp-content\/uploads\/spaceman.png\",\"width\":400,\"height\":229,\"caption\":\"Spaceman\"},\"image\":{\"@id\":\"https:\/\/spacemanco.com\/#\/schema\/logo\/image\/\"}}]}<\/script>\n<!-- \/ Yoast SEO plugin. -->","yoast_head_json":{"title":"Auto Play w grze Spaceman Crash","description":"Jak ustawi\u0107 auto play i zak\u0142ady w trybie automatycznym w grze online Spaceman","robots":{"index":"index","follow":"follow","max-snippet":"max-snippet:-1","max-image-preview":"max-image-preview:large","max-video-preview":"max-video-preview:-1"},"canonical":"https:\/\/spacemanco.com\/pl\/auto-play-in-the-spaceman-crash-game\/","og_locale":"pl_PL","og_type":"article","og_title":"Auto Play w grze Spaceman Crash","og_description":"Jak ustawi\u0107 auto play i zak\u0142ady w trybie automatycznym w grze online Spaceman","og_url":"https:\/\/spacemanco.com\/pl\/auto-play-in-the-spaceman-crash-game\/","og_site_name":"Spaceman","article_modified_time":"2024-03-20T14:13:53+00:00","og_image":[{"width":1600,"height":900,"url":"https:\/\/spacemanco.com\/wp-content\/uploads\/Space-man.jpg","type":"image\/jpeg"}],"twitter_card":"summary_large_image","twitter_misc":{"Szacowany czas czytania":"31 minut"},"schema":{"@context":"https:\/\/schema.org","@graph":[{"@type":"WebPage","@id":"https:\/\/spacemanco.com\/pl\/auto-play-in-the-spaceman-crash-game\/","url":"https:\/\/spacemanco.com\/pl\/auto-play-in-the-spaceman-crash-game\/","name":"Auto Play w grze Spaceman Crash","isPartOf":{"@id":"https:\/\/spacemanco.com\/#website"},"primaryImageOfPage":{"@id":"https:\/\/spacemanco.com\/pl\/auto-play-in-the-spaceman-crash-game\/#primaryimage"},"image":{"@id":"https:\/\/spacemanco.com\/pl\/auto-play-in-the-spaceman-crash-game\/#primaryimage"},"thumbnailUrl":"https:\/\/spacemanco.com\/wp-content\/uploads\/Space-man.jpg","datePublished":"2024-01-30T16:21:29+00:00","dateModified":"2024-03-20T14:13:53+00:00","description":"Jak ustawi\u0107 auto play i zak\u0142ady w trybie automatycznym w grze online Spaceman","breadcrumb":{"@id":"https:\/\/spacemanco.com\/pl\/auto-play-in-the-spaceman-crash-game\/#breadcrumb"},"inLanguage":"pl-PL","potentialAction":[{"@type":"ReadAction","target":["https:\/\/spacemanco.com\/pl\/auto-play-in-the-spaceman-crash-game\/"]}]},{"@type":"ImageObject","inLanguage":"pl-PL","@id":"https:\/\/spacemanco.com\/pl\/auto-play-in-the-spaceman-crash-game\/#primaryimage","url":"https:\/\/spacemanco.com\/wp-content\/uploads\/Space-man.jpg","contentUrl":"https:\/\/spacemanco.com\/wp-content\/uploads\/Space-man.jpg","width":1600,"height":900},{"@type":"BreadcrumbList","@id":"https:\/\/spacemanco.com\/pl\/auto-play-in-the-spaceman-crash-game\/#breadcrumb","itemListElement":[{"@type":"ListItem","position":1,"name":"Home","item":"https:\/\/spacemanco.com\/"},{"@type":"ListItem","position":2,"name":"Auto-play w grze Spaceman Crash"}]},{"@type":"WebSite","@id":"https:\/\/spacemanco.com\/#website","url":"https:\/\/spacemanco.com\/","name":"Spaceman","description":"","publisher":{"@id":"https:\/\/spacemanco.com\/#organization"},"potentialAction":[{"@type":"SearchAction","target":{"@type":"EntryPoint","urlTemplate":"https:\/\/spacemanco.com\/?s={search_term_string}"},"query-input":{"@type":"PropertyValueSpecification","valueRequired":true,"valueName":"search_term_string"}}],"inLanguage":"pl-PL"},{"@type":"Organization","@id":"https:\/\/spacemanco.com\/#organization","name":"Spaceman","url":"https:\/\/spacemanco.com\/","logo":{"@type":"ImageObject","inLanguage":"pl-PL","@id":"https:\/\/spacemanco.com\/#\/schema\/logo\/image\/","url":"https:\/\/spacemanco.com\/wp-content\/uploads\/spaceman.png","contentUrl":"https:\/\/spacemanco.com\/wp-content\/uploads\/spaceman.png","width":400,"height":229,"caption":"Spaceman"},"image":{"@id":"https:\/\/spacemanco.com\/#\/schema\/logo\/image\/"}}]}},"_links":{"self":[{"href":"https:\/\/spacemanco.com\/pl\/wp-json\/wp\/v2\/pages\/12","targetHints":{"allow":["GET"]}}],"collection":[{"href":"https:\/\/spacemanco.com\/pl\/wp-json\/wp\/v2\/pages"}],"about":[{"href":"https:\/\/spacemanco.com\/pl\/wp-json\/wp\/v2\/types\/page"}],"author":[{"embeddable":true,"href":"https:\/\/spacemanco.com\/pl\/wp-json\/wp\/v2\/users\/1"}],"replies":[{"embeddable":true,"href":"https:\/\/spacemanco.com\/pl\/wp-json\/wp\/v2\/comments?post=12"}],"version-history":[{"count":24,"href":"https:\/\/spacemanco.com\/pl\/wp-json\/wp\/v2\/pages\/12\/revisions"}],"predecessor-version":[{"id":226,"href":"https:\/\/spacemanco.com\/pl\/wp-json\/wp\/v2\/pages\/12\/revisions\/226"}],"wp:featuredmedia":[{"embeddable":true,"href":"https:\/\/spacemanco.com\/pl\/wp-json\/wp\/v2\/media\/43"}],"wp:attachment":[{"href":"https:\/\/spacemanco.com\/pl\/wp-json\/wp\/v2\/media?parent=12"}],"curies":[{"name":"wp","href":"https:\/\/api.w.org\/{rel}","templated":true}]}}