{"id":10,"date":"2024-01-30T16:19:59","date_gmt":"2024-01-30T16:19:59","guid":{"rendered":"https:\/\/spacemanco.com\/?page_id=10"},"modified":"2024-03-20T14:25:55","modified_gmt":"2024-03-20T14:25:55","slug":"navigation-and-control-in-the-spaceman-crash-game","status":"publish","type":"page","link":"https:\/\/spacemanco.com\/pt\/navigation-and-control-in-the-spaceman-crash-game\/","title":{"rendered":"Navega\u00e7\u00e3o e Controle no Jogo Spaceman Crash"},"content":{"rendered":"<p>Jogos de crash, como o Spaceman, s\u00e3o populares devido \u00e0 sua jogabilidade emocionante e controles simples. Compreender a navega\u00e7\u00e3o e o controle desses jogos \u00e9 crucial para garantir uma experi\u00eancia de jogo agrad\u00e1vel e eficaz.<\/p>\n<h2><strong>Interface Principal do Jogo Spaceman<\/strong><\/h2>\n<ol>\n<li>Ao entrar no jogo Spaceman, a primeira coisa que voc\u00ea v\u00ea \u00e9 a tela principal do jogo. Aqui, voc\u00ea ver\u00e1 o astronauta pronto para o lan\u00e7amento e um gr\u00e1fico mostrando os multiplicadores de aposta crescentes. \u00c9 hora de fazer suas apostas.<\/li>\n<li>Na parte inferior da tela est\u00e1 o painel de controle. Aqui, voc\u00ea pode definir o tamanho da aposta, ativar o jogo autom\u00e1tico e realizar outras a\u00e7\u00f5es importantes.<\/li>\n<li>Para come\u00e7ar o jogo, a primeira coisa a fazer \u00e9 selecionar o valor da aposta. Voc\u00ea pode fazer isso usando os bot\u00f5es &#8216;+&#8217; e &#8216;-&#8216; no painel de controle.<\/li>\n<li>Normalmente, a moeda da aposta ser\u00e1 a mesma que a moeda do seu cassino.<br \/>\nN\u00e3o se esque\u00e7a da op\u00e7\u00e3o de apostas autom\u00e1ticas. Para simplificar o processo de jogo, a fun\u00e7\u00e3o de apostas autom\u00e1ticas est\u00e1 dispon\u00edvel. Voc\u00ea pode configur\u00e1-la para um determinado n\u00famero de rodadas ou at\u00e9 atingir um certo saldo.<\/li>\n<\/ol>\n<h2><strong>Iniciando o Jogo Spaceman<\/strong><\/h2>\n<ol>\n<li>Ap\u00f3s fazer a aposta, o jogo come\u00e7a com o lan\u00e7amento do astronauta. A partir deste momento, o multiplicador dos seus ganhos potenciais come\u00e7a a aumentar.<\/li>\n<li>O jogador pode retirar 50% dos ganhos ou o valor total. Para isso, bot\u00f5es correspondentes s\u00e3o fornecidos na interface.<\/li>\n<\/ol>\n<h2><strong>Saindo do Jogo Spaceman<\/strong><\/h2>\n<p>A parte mais importante do controle do Spaceman \u00e9 decidir quando sair do jogo. Para fazer isso, voc\u00ea precisa pressionar o bot\u00e3o &#8220;Retirar&#8221;, que fixa seus ganhos no n\u00edvel atual do multiplicador.<\/p>\n<h2><strong>Recursos da Interface do Jogo Spaceman<\/strong><\/h2>\n<h3><strong>Hist\u00f3rico de Apostas<\/strong><\/h3>\n<p>H\u00e1 uma se\u00e7\u00e3o para o hist\u00f3rico de apostas na tela, onde voc\u00ea pode ver os resultados das rodadas anteriores. Isso pode ajudar na tomada de decis\u00f5es sobre futuras apostas.<\/p>\n<h3><strong>Configura\u00e7\u00f5es<\/strong><\/h3>\n<p>Talvez uma das partes mais importantes da interface no jogo. Na se\u00e7\u00e3o de configura\u00e7\u00f5es, voc\u00ea pode alterar v\u00e1rios par\u00e2metros do jogo, como som, gr\u00e1ficos e velocidade do jogo.<\/p>\n<h3><strong>Servi\u00e7o de Suporte ao Jogador<\/strong><\/h3>\n<p>Se voc\u00ea tiver alguma d\u00favida ou problema, voc\u00ea sempre pode ir para a se\u00e7\u00e3o de ajuda ou entrar em contato com o servi\u00e7o de suporte ao cassino online. Especialistas da equipe de suporte responder\u00e3o \u00e0s suas perguntas. Estes s\u00e3o funcion\u00e1rios do cassino, n\u00e3o desenvolvedores do jogo Spaceman, mas eles s\u00e3o competentes para responder a qualquer pergunta.<\/p>\n<h2><strong>Conclus\u00f5es sobre a Navega\u00e7\u00e3o no Spaceman<\/strong><\/h2>\n<p>A navega\u00e7\u00e3o e o controle no Spaceman s\u00e3o intuitivos e f\u00e1ceis de aprender, mesmo para jogadores iniciantes. O princ\u00edpio de navega\u00e7\u00e3o em jogos de crash n\u00e3o difere muito. O principal \u00e9 lembrar das regras do jogo e gerenciar habilmente suas apostas e decis\u00f5es para sair do jogo. Escolher o momento certo para retirar a aposta \u00e9 a decis\u00e3o mais importante a ser tomada durante o jogo. Com gerenciamento eficaz e compreens\u00e3o da navega\u00e7\u00e3o, sua experi\u00eancia de jogo no Spaceman n\u00e3o ser\u00e1 apenas agrad\u00e1vel, mas tamb\u00e9m potencialmente lucrativa. \u00c9 importante abordar o jogo com responsabilidade e lembrar dos riscos associados ao jogo de azar.<\/p>\n","protected":false},"excerpt":{"rendered":"<p>Jogos de crash, como o Spaceman, s\u00e3o populares devido \u00e0 sua jogabilidade emocionante e controles simples. Compreender a navega\u00e7\u00e3o e o controle desses jogos \u00e9 crucial para garantir uma experi\u00eancia de jogo agrad\u00e1vel e eficaz. Interface Principal do Jogo Spaceman Ao entrar no jogo Spaceman, a primeira coisa que voc\u00ea v\u00ea \u00e9 a tela principal [&hellip;]<\/p>\n","protected":false},"author":1,"featured_media":43,"parent":0,"menu_order":0,"comment_status":"closed","ping_status":"closed","template":"","meta":{"footnotes":""},"class_list":["post-10","page","type-page","status-publish","has-post-thumbnail","hentry"],"yoast_head":"<!-- This site is optimized with the Yoast SEO plugin v27.2 - https:\/\/yoast.com\/product\/yoast-seo-wordpress\/ -->\n<title>Nawigacja w grze Spaceman<\/title>\n<meta name=\"description\" content=\"Instru\u00e7\u00f5es sobre como navegar no jogo Spaceman. Guia passo a passo. S\u00edmbolos no jogo Spaceman, configura\u00e7\u00f5es, gest\u00e3o de apostas, suporte ao cliente.\" \/>\n<meta name=\"robots\" content=\"index, follow, max-snippet:-1, max-image-preview:large, max-video-preview:-1\" \/>\n<link rel=\"canonical\" href=\"https:\/\/spacemanco.com\/pt\/navigation-and-control-in-the-spaceman-crash-game\/\" \/>\n<meta property=\"og:locale\" content=\"pt_PT\" \/>\n<meta property=\"og:locale:alternate\" content=\"ru_RU\" \/>\n<meta property=\"og:locale:alternate\" content=\"en_US\" \/>\n<meta property=\"og:locale:alternate\" content=\"es_ES\" \/>\n<meta property=\"og:locale:alternate\" content=\"it_IT\" \/>\n<meta property=\"og:locale:alternate\" content=\"fr_FR\" \/>\n<meta property=\"og:locale:alternate\" content=\"de_DE\" \/>\n<meta property=\"og:locale:alternate\" content=\"sr_RS\" \/>\n<meta property=\"og:locale:alternate\" content=\"bg_BG\" \/>\n<meta property=\"og:locale:alternate\" content=\"ro_RO\" \/>\n<meta property=\"og:locale:alternate\" content=\"pl_PL\" \/>\n<meta property=\"og:type\" content=\"article\" \/>\n<meta property=\"og:title\" content=\"Nawigacja w grze Spaceman\" \/>\n<meta property=\"og:description\" content=\"Instrukcje dotycz\u0105ce nawigacji w grze Spaceman. Przewodnik krok po kroku. Symbole w grze Spaceman, ustawienia, zarz\u0105dzanie zak\u0142adami, obs\u0142uga klienta.\" \/>\n<meta property=\"og:url\" content=\"https:\/\/spacemanco.com\/pt\/navigation-and-control-in-the-spaceman-crash-game\/\" \/>\n<meta property=\"og:site_name\" content=\"Spaceman\" \/>\n<meta property=\"article:modified_time\" content=\"2024-03-20T14:25:55+00:00\" \/>\n<meta property=\"og:image\" content=\"https:\/\/spacemanco.com\/wp-content\/uploads\/Space-man.jpg\" \/>\n\t<meta property=\"og:image:width\" content=\"1600\" \/>\n\t<meta property=\"og:image:height\" content=\"900\" \/>\n\t<meta property=\"og:image:type\" content=\"image\/jpeg\" \/>\n<meta name=\"twitter:card\" content=\"summary_large_image\" \/>\n<meta name=\"twitter:label1\" content=\"Tempo estimado de leitura\" \/>\n\t<meta name=\"twitter:data1\" content=\"21 minutos\" \/>\n<script type=\"application\/ld+json\" class=\"yoast-schema-graph\">{\"@context\":\"https:\/\/schema.org\",\"@graph\":[{\"@type\":\"WebPage\",\"@id\":\"https:\/\/spacemanco.com\/pl\/navigation-and-control-in-the-spaceman-crash-game\/\",\"url\":\"https:\/\/spacemanco.com\/pl\/navigation-and-control-in-the-spaceman-crash-game\/\",\"name\":\"Nawigacja w grze Spaceman\",\"isPartOf\":{\"@id\":\"https:\/\/spacemanco.com\/#website\"},\"primaryImageOfPage\":{\"@id\":\"https:\/\/spacemanco.com\/pl\/navigation-and-control-in-the-spaceman-crash-game\/#primaryimage\"},\"image\":{\"@id\":\"https:\/\/spacemanco.com\/pl\/navigation-and-control-in-the-spaceman-crash-game\/#primaryimage\"},\"thumbnailUrl\":\"https:\/\/spacemanco.com\/wp-content\/uploads\/Space-man.jpg\",\"datePublished\":\"2024-01-30T16:19:59+00:00\",\"dateModified\":\"2024-03-20T14:25:55+00:00\",\"description\":\"Instrukcje dotycz\u0105ce nawigacji w grze Spaceman. Przewodnik krok po kroku. Symbole w grze Spaceman, ustawienia, zarz\u0105dzanie zak\u0142adami, obs\u0142uga klienta.\",\"breadcrumb\":{\"@id\":\"https:\/\/spacemanco.com\/pl\/navigation-and-control-in-the-spaceman-crash-game\/#breadcrumb\"},\"inLanguage\":\"pt-PT\",\"potentialAction\":[{\"@type\":\"ReadAction\",\"target\":[\"https:\/\/spacemanco.com\/pl\/navigation-and-control-in-the-spaceman-crash-game\/\"]}]},{\"@type\":\"ImageObject\",\"inLanguage\":\"pt-PT\",\"@id\":\"https:\/\/spacemanco.com\/pl\/navigation-and-control-in-the-spaceman-crash-game\/#primaryimage\",\"url\":\"https:\/\/spacemanco.com\/wp-content\/uploads\/Space-man.jpg\",\"contentUrl\":\"https:\/\/spacemanco.com\/wp-content\/uploads\/Space-man.jpg\",\"width\":1600,\"height\":900},{\"@type\":\"BreadcrumbList\",\"@id\":\"https:\/\/spacemanco.com\/pl\/navigation-and-control-in-the-spaceman-crash-game\/#breadcrumb\",\"itemListElement\":[{\"@type\":\"ListItem\",\"position\":1,\"name\":\"Home\",\"item\":\"https:\/\/spacemanco.com\/\"},{\"@type\":\"ListItem\",\"position\":2,\"name\":\"Nawigacja i Kontrola w grze Spaceman Crash\"}]},{\"@type\":\"WebSite\",\"@id\":\"https:\/\/spacemanco.com\/#website\",\"url\":\"https:\/\/spacemanco.com\/\",\"name\":\"Spaceman\",\"description\":\"\",\"publisher\":{\"@id\":\"https:\/\/spacemanco.com\/#organization\"},\"potentialAction\":[{\"@type\":\"SearchAction\",\"target\":{\"@type\":\"EntryPoint\",\"urlTemplate\":\"https:\/\/spacemanco.com\/?s={search_term_string}\"},\"query-input\":{\"@type\":\"PropertyValueSpecification\",\"valueRequired\":true,\"valueName\":\"search_term_string\"}}],\"inLanguage\":\"pt-PT\"},{\"@type\":\"Organization\",\"@id\":\"https:\/\/spacemanco.com\/#organization\",\"name\":\"Spaceman\",\"url\":\"https:\/\/spacemanco.com\/\",\"logo\":{\"@type\":\"ImageObject\",\"inLanguage\":\"pt-PT\",\"@id\":\"https:\/\/spacemanco.com\/#\/schema\/logo\/image\/\",\"url\":\"https:\/\/spacemanco.com\/wp-content\/uploads\/spaceman.png\",\"contentUrl\":\"https:\/\/spacemanco.com\/wp-content\/uploads\/spaceman.png\",\"width\":400,\"height\":229,\"caption\":\"Spaceman\"},\"image\":{\"@id\":\"https:\/\/spacemanco.com\/#\/schema\/logo\/image\/\"}}]}<\/script>\n<!-- \/ Yoast SEO plugin. -->","yoast_head_json":{"title":"Nawigacja w grze Spaceman","description":"Instru\u00e7\u00f5es sobre como navegar no jogo Spaceman. Guia passo a passo. S\u00edmbolos no jogo Spaceman, configura\u00e7\u00f5es, gest\u00e3o de apostas, suporte ao cliente.","robots":{"index":"index","follow":"follow","max-snippet":"max-snippet:-1","max-image-preview":"max-image-preview:large","max-video-preview":"max-video-preview:-1"},"canonical":"https:\/\/spacemanco.com\/pt\/navigation-and-control-in-the-spaceman-crash-game\/","og_locale":"pt_PT","og_type":"article","og_title":"Nawigacja w grze Spaceman","og_description":"Instrukcje dotycz\u0105ce nawigacji w grze Spaceman. Przewodnik krok po kroku. Symbole w grze Spaceman, ustawienia, zarz\u0105dzanie zak\u0142adami, obs\u0142uga klienta.","og_url":"https:\/\/spacemanco.com\/pt\/navigation-and-control-in-the-spaceman-crash-game\/","og_site_name":"Spaceman","article_modified_time":"2024-03-20T14:25:55+00:00","og_image":[{"width":1600,"height":900,"url":"https:\/\/spacemanco.com\/wp-content\/uploads\/Space-man.jpg","type":"image\/jpeg"}],"twitter_card":"summary_large_image","twitter_misc":{"Tempo estimado de leitura":"21 minutos"},"schema":{"@context":"https:\/\/schema.org","@graph":[{"@type":"WebPage","@id":"https:\/\/spacemanco.com\/pl\/navigation-and-control-in-the-spaceman-crash-game\/","url":"https:\/\/spacemanco.com\/pl\/navigation-and-control-in-the-spaceman-crash-game\/","name":"Nawigacja w grze Spaceman","isPartOf":{"@id":"https:\/\/spacemanco.com\/#website"},"primaryImageOfPage":{"@id":"https:\/\/spacemanco.com\/pl\/navigation-and-control-in-the-spaceman-crash-game\/#primaryimage"},"image":{"@id":"https:\/\/spacemanco.com\/pl\/navigation-and-control-in-the-spaceman-crash-game\/#primaryimage"},"thumbnailUrl":"https:\/\/spacemanco.com\/wp-content\/uploads\/Space-man.jpg","datePublished":"2024-01-30T16:19:59+00:00","dateModified":"2024-03-20T14:25:55+00:00","description":"Instrukcje dotycz\u0105ce nawigacji w grze Spaceman. Przewodnik krok po kroku. Symbole w grze Spaceman, ustawienia, zarz\u0105dzanie zak\u0142adami, obs\u0142uga klienta.","breadcrumb":{"@id":"https:\/\/spacemanco.com\/pl\/navigation-and-control-in-the-spaceman-crash-game\/#breadcrumb"},"inLanguage":"pt-PT","potentialAction":[{"@type":"ReadAction","target":["https:\/\/spacemanco.com\/pl\/navigation-and-control-in-the-spaceman-crash-game\/"]}]},{"@type":"ImageObject","inLanguage":"pt-PT","@id":"https:\/\/spacemanco.com\/pl\/navigation-and-control-in-the-spaceman-crash-game\/#primaryimage","url":"https:\/\/spacemanco.com\/wp-content\/uploads\/Space-man.jpg","contentUrl":"https:\/\/spacemanco.com\/wp-content\/uploads\/Space-man.jpg","width":1600,"height":900},{"@type":"BreadcrumbList","@id":"https:\/\/spacemanco.com\/pl\/navigation-and-control-in-the-spaceman-crash-game\/#breadcrumb","itemListElement":[{"@type":"ListItem","position":1,"name":"Home","item":"https:\/\/spacemanco.com\/"},{"@type":"ListItem","position":2,"name":"Nawigacja i Kontrola w grze Spaceman Crash"}]},{"@type":"WebSite","@id":"https:\/\/spacemanco.com\/#website","url":"https:\/\/spacemanco.com\/","name":"Spaceman","description":"","publisher":{"@id":"https:\/\/spacemanco.com\/#organization"},"potentialAction":[{"@type":"SearchAction","target":{"@type":"EntryPoint","urlTemplate":"https:\/\/spacemanco.com\/?s={search_term_string}"},"query-input":{"@type":"PropertyValueSpecification","valueRequired":true,"valueName":"search_term_string"}}],"inLanguage":"pt-PT"},{"@type":"Organization","@id":"https:\/\/spacemanco.com\/#organization","name":"Spaceman","url":"https:\/\/spacemanco.com\/","logo":{"@type":"ImageObject","inLanguage":"pt-PT","@id":"https:\/\/spacemanco.com\/#\/schema\/logo\/image\/","url":"https:\/\/spacemanco.com\/wp-content\/uploads\/spaceman.png","contentUrl":"https:\/\/spacemanco.com\/wp-content\/uploads\/spaceman.png","width":400,"height":229,"caption":"Spaceman"},"image":{"@id":"https:\/\/spacemanco.com\/#\/schema\/logo\/image\/"}}]}},"_links":{"self":[{"href":"https:\/\/spacemanco.com\/pt\/wp-json\/wp\/v2\/pages\/10","targetHints":{"allow":["GET"]}}],"collection":[{"href":"https:\/\/spacemanco.com\/pt\/wp-json\/wp\/v2\/pages"}],"about":[{"href":"https:\/\/spacemanco.com\/pt\/wp-json\/wp\/v2\/types\/page"}],"author":[{"embeddable":true,"href":"https:\/\/spacemanco.com\/pt\/wp-json\/wp\/v2\/users\/1"}],"replies":[{"embeddable":true,"href":"https:\/\/spacemanco.com\/pt\/wp-json\/wp\/v2\/comments?post=10"}],"version-history":[{"count":26,"href":"https:\/\/spacemanco.com\/pt\/wp-json\/wp\/v2\/pages\/10\/revisions"}],"predecessor-version":[{"id":228,"href":"https:\/\/spacemanco.com\/pt\/wp-json\/wp\/v2\/pages\/10\/revisions\/228"}],"wp:featuredmedia":[{"embeddable":true,"href":"https:\/\/spacemanco.com\/pt\/wp-json\/wp\/v2\/media\/43"}],"wp:attachment":[{"href":"https:\/\/spacemanco.com\/pt\/wp-json\/wp\/v2\/media?parent=10"}],"curies":[{"name":"wp","href":"https:\/\/api.w.org\/{rel}","templated":true}]}}