{"id":12,"date":"2024-01-30T16:21:29","date_gmt":"2024-01-30T16:21:29","guid":{"rendered":"https:\/\/spacemanco.com\/?page_id=12"},"modified":"2024-03-20T14:13:53","modified_gmt":"2024-03-20T14:13:53","slug":"auto-play-in-the-spaceman-crash-game","status":"publish","type":"page","link":"https:\/\/spacemanco.com\/pt\/auto-play-in-the-spaceman-crash-game\/","title":{"rendered":"Auto-jogo no jogo Spaceman Crash"},"content":{"rendered":"<p><strong style=\"color: #666666; font-size: 1.25rem;\">Vantagens do Auto-Play no Spaceman<\/strong><\/p>\n<p>O Auto-Play no jogo de colis\u00e3o Spaceman oferece v\u00e1rias vantagens que podem enriquecer a experi\u00eancia de jogo e simplificar o processo de participa\u00e7\u00e3o no jogo. Aqui est\u00e3o algumas vantagens-chave do auto-play no Spaceman:<\/p>\n<ol>\n<li><strong>Consist\u00eancia das apostas:<\/strong> O Auto-Play permite fazer apostas automaticamente, garantindo consist\u00eancia no tamanho da aposta. Isso pode ser \u00fatil para certas estrat\u00e9gias de jogadores. Por exemplo, se um jogador calculou sua banca antecipadamente, determinar o valor da aposta pode ajudar a prever o n\u00famero de rodadas em que o jogador pode participar.<\/li>\n<li><strong>Gest\u00e3o de riscos:<\/strong> Ao usar o auto-play, os jogadores podem pr\u00e9-determinar sua estrat\u00e9gia de retirada de apostas, o que ajuda a gerenciar os riscos de forma mais eficaz. Por exemplo, pode-se configurar a sa\u00edda autom\u00e1tica do jogo ao atingir um determinado multiplicador de vit\u00f3ria. Se um jogador decidir jogar em pequenos multiplicadores, o auto-play pode seguir essa estrat\u00e9gia com confian\u00e7a. \u00c9 desafiador tomar constantemente decis\u00f5es sobre retirada, por exemplo, com um multiplicador de 1,5x. O auto-play resolve esse problema.<\/li>\n<li><strong>Economia de tempo:<\/strong> O Auto-Play permite que os jogadores economizem tempo em cada rodada do jogo. Isso \u00e9 especialmente \u00fatil se um jogador estiver ocupado ou quiser se envolver em outra atividade simultaneamente, como assistir a uma s\u00e9rie ou lavar a lou\u00e7a.<\/li>\n<li><strong>Evitar decis\u00f5es emocionais:<\/strong> O Auto-Play elimina o fator emocional, que frequentemente leva a decis\u00f5es impulsivas durante o jogo. Isso ajuda a manter uma abordagem objetiva e racional ao jogo. Por exemplo, ap\u00f3s algumas perdas, um jogador pode decidir perseguir as perdas e tomar uma decis\u00e3o emocional de aumentar o multiplicador ao m\u00e1ximo, o que pode n\u00e3o levar \u00e0 recupera\u00e7\u00e3o, mas sim a outra perda. Este \u00e9 um exemplo de decis\u00e3o emocional que \u00e9 aconselh\u00e1vel evitar.<\/li>\n<li><strong>Conveni\u00eancia para iniciantes:<\/strong> Para novos jogadores que ainda n\u00e3o est\u00e3o confiantes em suas estrat\u00e9gias ou n\u00e3o querem monitorar constantemente o jogo, o auto-play pode ser uma maneira conveniente de se familiarizar com a din\u00e2mica do jogo. Configure o auto-play para o multiplicador m\u00ednimo e observe o resultado.<\/li>\n<li><strong>Sele\u00e7\u00e3o de estrat\u00e9gia:<\/strong> O Auto-Play permite que os jogadores pr\u00e9-selecionem sua estrat\u00e9gia com base na an\u00e1lise de jogos anteriores e estat\u00edsticas, o que pode melhorar a efici\u00eancia geral do jogo e trazer a vit\u00f3ria t\u00e3o esperada.<\/li>\n<li><strong>Preven\u00e7\u00e3o de fadiga:<\/strong> Vamos encarar &#8211; \u00e9 muito f\u00e1cil se cansar durante longas sess\u00f5es de jogo. O Auto-Play ajuda a prevenir a fadiga e manter a concentra\u00e7\u00e3o. Um jogador n\u00e3o cometer\u00e1 erros na tomada de decis\u00f5es.<\/li>\n<li><strong>Facilidade de personaliza\u00e7\u00e3o:<\/strong> A maioria das plataformas de jogo de colis\u00e3o oferece configura\u00e7\u00f5es de auto-play intuitivas, permitindo que os jogadores as adaptem facilmente \u00e0s suas prefer\u00eancias e estrat\u00e9gias de jogo.<\/li>\n<\/ol>\n<p>\u00c9 importante lembrar que, apesar dessas vantagens, o auto-play n\u00e3o garante uma vit\u00f3ria e tamb\u00e9m est\u00e1 sujeito a riscos associados ao jogo. Os jogadores devem abordar o uso dessa fun\u00e7\u00e3o com cautela e responsabilidade.<\/p>\n<h2><strong>Ativando o recurso de Auto-Play<\/strong><\/h2>\n<p>Ativar o recurso de Auto-Play \u00e9 f\u00e1cil. Basta fazer uma aposta, opcionalmente ativar a op\u00e7\u00e3o &#8220;Auto-Cashout&#8221; e pressionar o bot\u00e3o &#8220;Auto-Play&#8221;. Depois disso, a janela &#8220;Auto-Play&#8221; ser\u00e1 aberta, exibindo todas as configura\u00e7\u00f5es para o lan\u00e7amento. Observe que as configura\u00e7\u00f5es de auto-play podem variar em diferentes pa\u00edses devido a requisitos legislativos relacionados a certos par\u00e2metros.<\/p>\n<p>Enquanto a janela de Auto-Play estiver aberta, ela pode ser ativada na mesma rodada em que foi lan\u00e7ada ou em qualquer uma das rodadas seguintes do jogo. O n\u00famero restante de rodadas de Auto-Play ser\u00e1 indicado ao lado do bot\u00e3o &#8220;Editar Auto-Play&#8221;.<\/p>\n<h2><strong>Perguntas frequentes sobre o recurso de Auto-Play no jogo de colis\u00e3o Spaceman<\/strong><\/h2>\n<p><strong>Posso alterar o tamanho da aposta ap\u00f3s ativar o Auto-Play no Spaceman?<\/strong><\/p>\n<p>N\u00e3o, ap\u00f3s ativar o modo &#8220;Auto-Play&#8221;, o jogador n\u00e3o pode alterar a aposta. Para alterar a aposta ou outras configura\u00e7\u00f5es, \u00e9 necess\u00e1rio interromper o Auto-Play.<\/p>\n<p><strong>Como parar o recurso de Auto-Play no Spaceman?<\/strong><\/p>\n<p>Para parar o recurso de Auto-Play, abra a janela de Auto-Play e pressione o bot\u00e3o &#8220;Parar&#8221;.<\/p>\n<p><strong>O recurso de Auto-Play no Spaceman pode parar sem o consentimento do jogador?<\/strong><\/p>\n<p>Sim, em alguns casos, o auto-play pode parar automaticamente. Isso acontecer\u00e1 em um dos tr\u00eas casos:<\/p>\n<ul>\n<li>O n\u00famero selecionado de rodadas de auto-play atinge 0. Nesse caso, uma notifica\u00e7\u00e3o correspondente aparecer\u00e1, e o auto-play ser\u00e1 interrompido.<\/li>\n<li>O saldo da conta de jogo cai para um valor insuficiente para a pr\u00f3xima aposta.<\/li>\n<li>Uma ou mais condi\u00e7\u00f5es de parada de auto-play s\u00e3o atendidas: o saldo diminui ou aumenta at\u00e9 um certo limite, uma \u00fanica vit\u00f3ria excede um valor especificado.<\/li>\n<\/ul>\n","protected":false},"excerpt":{"rendered":"<p>Vantagens do Auto-Play no Spaceman O Auto-Play no jogo de colis\u00e3o Spaceman oferece v\u00e1rias vantagens que podem enriquecer a experi\u00eancia de jogo e simplificar o processo de participa\u00e7\u00e3o no jogo. Aqui est\u00e3o algumas vantagens-chave do auto-play no Spaceman: Consist\u00eancia das apostas: O Auto-Play permite fazer apostas automaticamente, garantindo consist\u00eancia no tamanho da aposta. Isso pode [&hellip;]<\/p>\n","protected":false},"author":1,"featured_media":43,"parent":0,"menu_order":0,"comment_status":"closed","ping_status":"closed","template":"","meta":{"footnotes":""},"class_list":["post-12","page","type-page","status-publish","has-post-thumbnail","hentry"],"yoast_head":"<!-- This site is optimized with the Yoast SEO plugin v27.2 - https:\/\/yoast.com\/product\/yoast-seo-wordpress\/ -->\n<title>Auto Play w grze Spaceman Crash<\/title>\n<meta name=\"description\" content=\"Como configurar o modo de jogo autom\u00e1tico e as apostas em modo autom\u00e1tico no jogo online Spaceman\" \/>\n<meta name=\"robots\" content=\"index, follow, max-snippet:-1, max-image-preview:large, max-video-preview:-1\" \/>\n<link rel=\"canonical\" href=\"https:\/\/spacemanco.com\/pt\/auto-play-in-the-spaceman-crash-game\/\" \/>\n<meta property=\"og:locale\" content=\"pt_PT\" \/>\n<meta property=\"og:locale:alternate\" content=\"ru_RU\" \/>\n<meta property=\"og:locale:alternate\" content=\"en_US\" \/>\n<meta property=\"og:locale:alternate\" content=\"es_ES\" \/>\n<meta property=\"og:locale:alternate\" content=\"it_IT\" \/>\n<meta property=\"og:locale:alternate\" content=\"fr_FR\" \/>\n<meta property=\"og:locale:alternate\" content=\"de_DE\" \/>\n<meta property=\"og:locale:alternate\" content=\"sr_RS\" \/>\n<meta property=\"og:locale:alternate\" content=\"bg_BG\" \/>\n<meta property=\"og:locale:alternate\" content=\"ro_RO\" \/>\n<meta property=\"og:locale:alternate\" content=\"pl_PL\" \/>\n<meta property=\"og:type\" content=\"article\" \/>\n<meta property=\"og:title\" content=\"Auto Play w grze Spaceman Crash\" \/>\n<meta property=\"og:description\" content=\"Jak ustawi\u0107 auto play i zak\u0142ady w trybie automatycznym w grze online Spaceman\" \/>\n<meta property=\"og:url\" content=\"https:\/\/spacemanco.com\/pt\/auto-play-in-the-spaceman-crash-game\/\" \/>\n<meta property=\"og:site_name\" content=\"Spaceman\" \/>\n<meta property=\"article:modified_time\" content=\"2024-03-20T14:13:53+00:00\" \/>\n<meta property=\"og:image\" content=\"https:\/\/spacemanco.com\/wp-content\/uploads\/Space-man.jpg\" \/>\n\t<meta property=\"og:image:width\" content=\"1600\" \/>\n\t<meta property=\"og:image:height\" content=\"900\" \/>\n\t<meta property=\"og:image:type\" content=\"image\/jpeg\" \/>\n<meta name=\"twitter:card\" content=\"summary_large_image\" \/>\n<meta name=\"twitter:label1\" content=\"Tempo estimado de leitura\" \/>\n\t<meta name=\"twitter:data1\" content=\"31 minutos\" \/>\n<script type=\"application\/ld+json\" class=\"yoast-schema-graph\">{\"@context\":\"https:\/\/schema.org\",\"@graph\":[{\"@type\":\"WebPage\",\"@id\":\"https:\/\/spacemanco.com\/pl\/auto-play-in-the-spaceman-crash-game\/\",\"url\":\"https:\/\/spacemanco.com\/pl\/auto-play-in-the-spaceman-crash-game\/\",\"name\":\"Auto Play w grze Spaceman Crash\",\"isPartOf\":{\"@id\":\"https:\/\/spacemanco.com\/#website\"},\"primaryImageOfPage\":{\"@id\":\"https:\/\/spacemanco.com\/pl\/auto-play-in-the-spaceman-crash-game\/#primaryimage\"},\"image\":{\"@id\":\"https:\/\/spacemanco.com\/pl\/auto-play-in-the-spaceman-crash-game\/#primaryimage\"},\"thumbnailUrl\":\"https:\/\/spacemanco.com\/wp-content\/uploads\/Space-man.jpg\",\"datePublished\":\"2024-01-30T16:21:29+00:00\",\"dateModified\":\"2024-03-20T14:13:53+00:00\",\"description\":\"Jak ustawi\u0107 auto play i zak\u0142ady w trybie automatycznym w grze online Spaceman\",\"breadcrumb\":{\"@id\":\"https:\/\/spacemanco.com\/pl\/auto-play-in-the-spaceman-crash-game\/#breadcrumb\"},\"inLanguage\":\"pt-PT\",\"potentialAction\":[{\"@type\":\"ReadAction\",\"target\":[\"https:\/\/spacemanco.com\/pl\/auto-play-in-the-spaceman-crash-game\/\"]}]},{\"@type\":\"ImageObject\",\"inLanguage\":\"pt-PT\",\"@id\":\"https:\/\/spacemanco.com\/pl\/auto-play-in-the-spaceman-crash-game\/#primaryimage\",\"url\":\"https:\/\/spacemanco.com\/wp-content\/uploads\/Space-man.jpg\",\"contentUrl\":\"https:\/\/spacemanco.com\/wp-content\/uploads\/Space-man.jpg\",\"width\":1600,\"height\":900},{\"@type\":\"BreadcrumbList\",\"@id\":\"https:\/\/spacemanco.com\/pl\/auto-play-in-the-spaceman-crash-game\/#breadcrumb\",\"itemListElement\":[{\"@type\":\"ListItem\",\"position\":1,\"name\":\"Home\",\"item\":\"https:\/\/spacemanco.com\/\"},{\"@type\":\"ListItem\",\"position\":2,\"name\":\"Auto-play w grze Spaceman Crash\"}]},{\"@type\":\"WebSite\",\"@id\":\"https:\/\/spacemanco.com\/#website\",\"url\":\"https:\/\/spacemanco.com\/\",\"name\":\"Spaceman\",\"description\":\"\",\"publisher\":{\"@id\":\"https:\/\/spacemanco.com\/#organization\"},\"potentialAction\":[{\"@type\":\"SearchAction\",\"target\":{\"@type\":\"EntryPoint\",\"urlTemplate\":\"https:\/\/spacemanco.com\/?s={search_term_string}\"},\"query-input\":{\"@type\":\"PropertyValueSpecification\",\"valueRequired\":true,\"valueName\":\"search_term_string\"}}],\"inLanguage\":\"pt-PT\"},{\"@type\":\"Organization\",\"@id\":\"https:\/\/spacemanco.com\/#organization\",\"name\":\"Spaceman\",\"url\":\"https:\/\/spacemanco.com\/\",\"logo\":{\"@type\":\"ImageObject\",\"inLanguage\":\"pt-PT\",\"@id\":\"https:\/\/spacemanco.com\/#\/schema\/logo\/image\/\",\"url\":\"https:\/\/spacemanco.com\/wp-content\/uploads\/spaceman.png\",\"contentUrl\":\"https:\/\/spacemanco.com\/wp-content\/uploads\/spaceman.png\",\"width\":400,\"height\":229,\"caption\":\"Spaceman\"},\"image\":{\"@id\":\"https:\/\/spacemanco.com\/#\/schema\/logo\/image\/\"}}]}<\/script>\n<!-- \/ Yoast SEO plugin. -->","yoast_head_json":{"title":"Auto Play w grze Spaceman Crash","description":"Como configurar o modo de jogo autom\u00e1tico e as apostas em modo autom\u00e1tico no jogo online Spaceman","robots":{"index":"index","follow":"follow","max-snippet":"max-snippet:-1","max-image-preview":"max-image-preview:large","max-video-preview":"max-video-preview:-1"},"canonical":"https:\/\/spacemanco.com\/pt\/auto-play-in-the-spaceman-crash-game\/","og_locale":"pt_PT","og_type":"article","og_title":"Auto Play w grze Spaceman Crash","og_description":"Jak ustawi\u0107 auto play i zak\u0142ady w trybie automatycznym w grze online Spaceman","og_url":"https:\/\/spacemanco.com\/pt\/auto-play-in-the-spaceman-crash-game\/","og_site_name":"Spaceman","article_modified_time":"2024-03-20T14:13:53+00:00","og_image":[{"width":1600,"height":900,"url":"https:\/\/spacemanco.com\/wp-content\/uploads\/Space-man.jpg","type":"image\/jpeg"}],"twitter_card":"summary_large_image","twitter_misc":{"Tempo estimado de leitura":"31 minutos"},"schema":{"@context":"https:\/\/schema.org","@graph":[{"@type":"WebPage","@id":"https:\/\/spacemanco.com\/pl\/auto-play-in-the-spaceman-crash-game\/","url":"https:\/\/spacemanco.com\/pl\/auto-play-in-the-spaceman-crash-game\/","name":"Auto Play w grze Spaceman Crash","isPartOf":{"@id":"https:\/\/spacemanco.com\/#website"},"primaryImageOfPage":{"@id":"https:\/\/spacemanco.com\/pl\/auto-play-in-the-spaceman-crash-game\/#primaryimage"},"image":{"@id":"https:\/\/spacemanco.com\/pl\/auto-play-in-the-spaceman-crash-game\/#primaryimage"},"thumbnailUrl":"https:\/\/spacemanco.com\/wp-content\/uploads\/Space-man.jpg","datePublished":"2024-01-30T16:21:29+00:00","dateModified":"2024-03-20T14:13:53+00:00","description":"Jak ustawi\u0107 auto play i zak\u0142ady w trybie automatycznym w grze online Spaceman","breadcrumb":{"@id":"https:\/\/spacemanco.com\/pl\/auto-play-in-the-spaceman-crash-game\/#breadcrumb"},"inLanguage":"pt-PT","potentialAction":[{"@type":"ReadAction","target":["https:\/\/spacemanco.com\/pl\/auto-play-in-the-spaceman-crash-game\/"]}]},{"@type":"ImageObject","inLanguage":"pt-PT","@id":"https:\/\/spacemanco.com\/pl\/auto-play-in-the-spaceman-crash-game\/#primaryimage","url":"https:\/\/spacemanco.com\/wp-content\/uploads\/Space-man.jpg","contentUrl":"https:\/\/spacemanco.com\/wp-content\/uploads\/Space-man.jpg","width":1600,"height":900},{"@type":"BreadcrumbList","@id":"https:\/\/spacemanco.com\/pl\/auto-play-in-the-spaceman-crash-game\/#breadcrumb","itemListElement":[{"@type":"ListItem","position":1,"name":"Home","item":"https:\/\/spacemanco.com\/"},{"@type":"ListItem","position":2,"name":"Auto-play w grze Spaceman Crash"}]},{"@type":"WebSite","@id":"https:\/\/spacemanco.com\/#website","url":"https:\/\/spacemanco.com\/","name":"Spaceman","description":"","publisher":{"@id":"https:\/\/spacemanco.com\/#organization"},"potentialAction":[{"@type":"SearchAction","target":{"@type":"EntryPoint","urlTemplate":"https:\/\/spacemanco.com\/?s={search_term_string}"},"query-input":{"@type":"PropertyValueSpecification","valueRequired":true,"valueName":"search_term_string"}}],"inLanguage":"pt-PT"},{"@type":"Organization","@id":"https:\/\/spacemanco.com\/#organization","name":"Spaceman","url":"https:\/\/spacemanco.com\/","logo":{"@type":"ImageObject","inLanguage":"pt-PT","@id":"https:\/\/spacemanco.com\/#\/schema\/logo\/image\/","url":"https:\/\/spacemanco.com\/wp-content\/uploads\/spaceman.png","contentUrl":"https:\/\/spacemanco.com\/wp-content\/uploads\/spaceman.png","width":400,"height":229,"caption":"Spaceman"},"image":{"@id":"https:\/\/spacemanco.com\/#\/schema\/logo\/image\/"}}]}},"_links":{"self":[{"href":"https:\/\/spacemanco.com\/pt\/wp-json\/wp\/v2\/pages\/12","targetHints":{"allow":["GET"]}}],"collection":[{"href":"https:\/\/spacemanco.com\/pt\/wp-json\/wp\/v2\/pages"}],"about":[{"href":"https:\/\/spacemanco.com\/pt\/wp-json\/wp\/v2\/types\/page"}],"author":[{"embeddable":true,"href":"https:\/\/spacemanco.com\/pt\/wp-json\/wp\/v2\/users\/1"}],"replies":[{"embeddable":true,"href":"https:\/\/spacemanco.com\/pt\/wp-json\/wp\/v2\/comments?post=12"}],"version-history":[{"count":24,"href":"https:\/\/spacemanco.com\/pt\/wp-json\/wp\/v2\/pages\/12\/revisions"}],"predecessor-version":[{"id":226,"href":"https:\/\/spacemanco.com\/pt\/wp-json\/wp\/v2\/pages\/12\/revisions\/226"}],"wp:featuredmedia":[{"embeddable":true,"href":"https:\/\/spacemanco.com\/pt\/wp-json\/wp\/v2\/media\/43"}],"wp:attachment":[{"href":"https:\/\/spacemanco.com\/pt\/wp-json\/wp\/v2\/media?parent=12"}],"curies":[{"name":"wp","href":"https:\/\/api.w.org\/{rel}","templated":true}]}}