{"id":14,"date":"2024-01-30T16:27:05","date_gmt":"2024-01-30T16:27:05","guid":{"rendered":"https:\/\/spacemanco.com\/?page_id=14"},"modified":"2024-03-20T14:34:30","modified_gmt":"2024-03-20T14:34:30","slug":"player-reviews-of-the-online-spaceman-game","status":"publish","type":"page","link":"https:\/\/spacemanco.com\/pt\/player-reviews-of-the-online-spaceman-game\/","title":{"rendered":"Avalia\u00e7\u00f5es dos Jogadores sobre o Jogo Spaceman Online"},"content":{"rendered":"<p>Reunimos as opini\u00f5es dos jogadores sobre o jogo online Spaceman, que est\u00e1 se tornando cada vez mais popular entre os jogadores em todo o mundo a cada ano.<\/p>\n<p><strong>Elena, 28 anos<\/strong><\/p>\n<h3>Incr\u00edvel Aventura Espacial!<\/h3>\n<p>Eu me apaixonei por Spaceman desde o primeiro voo! Este jogo simplesmente me tira o f\u00f4lego com sua din\u00e2mica e atmosfera espacial \u00fanica. Eu experimento adrenalina real toda vez, observando minha nave subir cada vez mais alto. Eu recomendo para todos os f\u00e3s de jogos de crash!<\/p>\n<p><strong>Maxim, 35 anos<\/strong><\/p>\n<h3>O Melhor que Vi no Mundo dos Jogos de Azar!<\/h3>\n<p>Spaceman \u00e9 simplesmente incr\u00edvel! Eu tenho jogado h\u00e1 v\u00e1rios meses agora, e toda vez me surpreende com suas caracter\u00edsticas e jogabilidade emocionante. Gra\u00e7as a este jogo, sinto-me como um verdadeiro piloto espacial!<\/p>\n<p><strong>Anna, 22 anos<\/strong><\/p>\n<h3>\u00d3timo Entretenimento Depois do Trabalho!<\/h3>\n<p>Spaceman \u00e9 minha salva\u00e7\u00e3o ap\u00f3s um dia de trabalho \u00e1rduo. Este jogo me ajuda a relaxar e distrair-me das preocupa\u00e7\u00f5es do dia a dia. Eu simplesmente adoro a sensa\u00e7\u00e3o de voo e a emo\u00e7\u00e3o que traz!<\/p>\n<p><strong>Ivan, 30 anos<\/strong><\/p>\n<h3>Vit\u00f3rias Espaciais em Spaceman!<\/h3>\n<p>Eu provei minha sorte em Spaceman v\u00e1rias vezes, e nunca decepciona! N\u00e3o \u00e9 apenas um jogo; \u00e9 um verdadeiro caminho para vit\u00f3rias no espa\u00e7o. Obrigado \u00e0 equipe de desenvolvimento por essa aventura emocionante!<\/p>\n<p><strong>Alexandra, 25 anos<\/strong><\/p>\n<h3>O Pico da Excita\u00e7\u00e3o Espacial!<\/h3>\n<p>Spaceman \u00e9 algo incr\u00edvel! Estou emocionada com como cada rodada me faz experimentar emo\u00e7\u00f5es espaciais reais. \u00c9 realmente um jogo para aqueles que amam emo\u00e7\u00e3o e aventuras!<\/p>\n<p><strong>Dmitry, 40 anos<\/strong><\/p>\n<h3>Emo\u00e7\u00f5es Reais no Espa\u00e7o!<\/h3>\n<p>Spaceman \u00e9 uma verdadeira corrida de adrenalina! Eu simplesmente n\u00e3o consigo o suficiente deste jogo; toda vez ele me traz novas sensa\u00e7\u00f5es e emo\u00e7\u00f5es. Obrigado \u00e0 equipe de desenvolvimento por essa experi\u00eancia incr\u00edvel!<\/p>\n<p><strong>Ekaterina, 33 anos<\/strong><\/p>\n<h3>Um Salva-Vidas de Dias Cinzentos!<\/h3>\n<p>Spaceman \u00e9 minha salva\u00e7\u00e3o ap\u00f3s um dia de trabalho \u00e1rduo. Este jogo me ajuda a relaxar e distrair-me das preocupa\u00e7\u00f5es do dia a dia. Eu simplesmente adoro a sensa\u00e7\u00e3o de voo e a emo\u00e7\u00e3o que traz!<\/p>\n<p><strong>Artem, 31 anos<\/strong><\/p>\n<h3>Adrenalina C\u00f3smica no seu Pico!<\/h3>\n<p>Spaceman \u00e9 apenas uma explos\u00e3o de emo\u00e7\u00f5es! Eu n\u00e3o consigo o suficiente disso; toda vez que me traz novas sensa\u00e7\u00f5es e adrenalina. \u00c9 realmente um jogo para aqueles que apreciam uma emo\u00e7\u00e3o de qualidade e aventuras cativantes!<\/p>\n<p><strong>Olga, 24 anos<\/strong><\/p>\n<h3>Uma Odisseia C\u00f3smica na Tela do Meu Dispositivo!<\/h3>\n<p>Spaceman \u00e9 uma verdadeira descoberta para mim! Eu simplesmente amo o universo e as aventuras que este jogo oferece. Ele cativa desde os primeiros minutos e n\u00e3o deixa at\u00e9 o final da rodada!<\/p>\n<p><strong>Alexey, 36 anos<\/strong><\/p>\n<h3>Imers\u00e3o no Espa\u00e7o!<\/h3>\n<p>Spaceman \u00e9 simplesmente incr\u00edvel! Eu provei minha sorte neste jogo muitas vezes, e toda vez ele me surpreende com suas caracter\u00edsticas e jogabilidade. Gra\u00e7as a Spaceman, sinto-me como um verdadeiro piloto espacial!<\/p>\n<p><strong>Maria, 26 anos<\/strong><\/p>\n<h3>Decolando para o Espa\u00e7o com Spaceman!<\/h3>\n<p>Spaceman \u00e9 simplesmente incr\u00edvel! Eu n\u00e3o consigo o suficiente deste jogo; toda vez ele me traz novas emo\u00e7\u00f5es e impress\u00f5es. \u00c9 realmente um jogo para aqueles que apreciam uma emo\u00e7\u00e3o de qualidade e aventuras cativantes!<\/p>\n<p><strong>Sergey, 32 anos<\/strong><\/p>\n<h3>O Melhor Jogo de Crash que J\u00e1 Vi!<\/h3>\n<p>Spaceman \u00e9 algo incr\u00edvel! Eu simplesmente n\u00e3o consigo o suficiente disso; toda vez ele me surpreende com sua din\u00e2mica e jogabilidade emocionante. Obrigado \u00e0 equipe de desenvolvimento por essa aventura incr\u00edvel!<\/p>\n<p><strong>Evgeny, 37 anos<\/strong><\/p>\n<h3>Excita\u00e7\u00e3o Espacial no seu Dispositivo!<\/h3>\n<p>Spaceman \u00e9 simplesmente fant\u00e1stico! Eu provei minha sorte neste jogo muitas vezes, e toda vez ele me surpreende com suas caracter\u00edsticas e jogabilidade. Gra\u00e7as a Spaceman, sinto-me como um verdadeiro piloto espacial!<\/p>\n","protected":false},"excerpt":{"rendered":"<p>Reunimos as opini\u00f5es dos jogadores sobre o jogo online Spaceman, que est\u00e1 se tornando cada vez mais popular entre os jogadores em todo o mundo a cada ano. Elena, 28 anos Incr\u00edvel Aventura Espacial! Eu me apaixonei por Spaceman desde o primeiro voo! Este jogo simplesmente me tira o f\u00f4lego com sua din\u00e2mica e atmosfera [&hellip;]<\/p>\n","protected":false},"author":1,"featured_media":43,"parent":0,"menu_order":0,"comment_status":"closed","ping_status":"closed","template":"","meta":{"footnotes":""},"class_list":["post-14","page","type-page","status-publish","has-post-thumbnail","hentry"],"yoast_head":"<!-- This site is optimized with the Yoast SEO plugin v27.2 - https:\/\/yoast.com\/product\/yoast-seo-wordpress\/ -->\n<title>\u041e\u0442\u0437\u0438\u0432\u0438 \u043e\u0442 \u0438\u0433\u0440\u0430\u0447\u0438\u0442\u0435 \u043d\u0430 \u043e\u043d\u043b\u0430\u0439\u043d \u0438\u0433\u0440\u0430\u0442\u0430 Spaceman<\/title>\n<meta name=\"description\" content=\"Avalia\u00e7\u00f5es, opini\u00f5es, coment\u00e1rios de jogadores reais sobre o jogo online Spaceman. Revis\u00e3o do jogo Spaceman crash, feedback sobre o jogo.\" \/>\n<meta name=\"robots\" content=\"index, follow, max-snippet:-1, max-image-preview:large, max-video-preview:-1\" \/>\n<link rel=\"canonical\" href=\"https:\/\/spacemanco.com\/pt\/player-reviews-of-the-online-spaceman-game\/\" \/>\n<meta property=\"og:locale\" content=\"pt_PT\" \/>\n<meta property=\"og:locale:alternate\" content=\"ru_RU\" \/>\n<meta property=\"og:locale:alternate\" content=\"en_US\" \/>\n<meta property=\"og:locale:alternate\" content=\"es_ES\" \/>\n<meta property=\"og:locale:alternate\" content=\"it_IT\" \/>\n<meta property=\"og:locale:alternate\" content=\"fr_FR\" \/>\n<meta property=\"og:locale:alternate\" content=\"de_DE\" \/>\n<meta property=\"og:locale:alternate\" content=\"sr_RS\" \/>\n<meta property=\"og:locale:alternate\" content=\"bg_BG\" \/>\n<meta property=\"og:locale:alternate\" content=\"ro_RO\" \/>\n<meta property=\"og:locale:alternate\" content=\"pl_PL\" \/>\n<meta property=\"og:type\" content=\"article\" \/>\n<meta property=\"og:title\" content=\"\u041e\u0442\u0437\u0438\u0432\u0438 \u043e\u0442 \u0438\u0433\u0440\u0430\u0447\u0438\u0442\u0435 \u043d\u0430 \u043e\u043d\u043b\u0430\u0439\u043d \u0438\u0433\u0440\u0430\u0442\u0430 Spaceman\" \/>\n<meta property=\"og:description\" content=\"\u041e\u0442\u0437\u0438\u0432\u0438, \u043c\u043d\u0435\u043d\u0438\u044f, \u043a\u043e\u043c\u0435\u043d\u0442\u0430\u0440\u0438 \u043e\u0442 \u0440\u0435\u0430\u043b\u043d\u0438 \u0438\u0433\u0440\u0430\u0447\u0438 \u0437\u0430 \u043e\u043d\u043b\u0430\u0439\u043d \u0438\u0433\u0440\u0430\u0442\u0430 Spaceman. \u041f\u0440\u0435\u0433\u043b\u0435\u0434 \u043d\u0430 \u0438\u0433\u0440\u0430\u0442\u0430 Spaceman, \u043e\u0431\u0440\u0430\u0442\u043d\u0430 \u0432\u0440\u044a\u0437\u043a\u0430 \u0437\u0430 \u0438\u0433\u0440\u0430\u0442\u0430.\" \/>\n<meta property=\"og:url\" content=\"https:\/\/spacemanco.com\/pt\/player-reviews-of-the-online-spaceman-game\/\" \/>\n<meta property=\"og:site_name\" content=\"Spaceman\" \/>\n<meta property=\"article:modified_time\" content=\"2024-03-20T14:34:30+00:00\" \/>\n<meta property=\"og:image\" content=\"https:\/\/spacemanco.com\/wp-content\/uploads\/Space-man.jpg\" \/>\n\t<meta property=\"og:image:width\" content=\"1600\" \/>\n\t<meta property=\"og:image:height\" content=\"900\" \/>\n\t<meta property=\"og:image:type\" content=\"image\/jpeg\" \/>\n<meta name=\"twitter:card\" content=\"summary_large_image\" \/>\n<meta name=\"twitter:label1\" content=\"Tempo estimado de leitura\" \/>\n\t<meta name=\"twitter:data1\" content=\"25 minutos\" \/>\n<script type=\"application\/ld+json\" class=\"yoast-schema-graph\">{\"@context\":\"https:\/\/schema.org\",\"@graph\":[{\"@type\":\"WebPage\",\"@id\":\"https:\/\/spacemanco.com\/bg\/player-reviews-of-the-online-spaceman-game\/\",\"url\":\"https:\/\/spacemanco.com\/bg\/player-reviews-of-the-online-spaceman-game\/\",\"name\":\"\u041e\u0442\u0437\u0438\u0432\u0438 \u043e\u0442 \u0438\u0433\u0440\u0430\u0447\u0438\u0442\u0435 \u043d\u0430 \u043e\u043d\u043b\u0430\u0439\u043d \u0438\u0433\u0440\u0430\u0442\u0430 Spaceman\",\"isPartOf\":{\"@id\":\"https:\/\/spacemanco.com\/#website\"},\"primaryImageOfPage\":{\"@id\":\"https:\/\/spacemanco.com\/bg\/player-reviews-of-the-online-spaceman-game\/#primaryimage\"},\"image\":{\"@id\":\"https:\/\/spacemanco.com\/bg\/player-reviews-of-the-online-spaceman-game\/#primaryimage\"},\"thumbnailUrl\":\"https:\/\/spacemanco.com\/wp-content\/uploads\/Space-man.jpg\",\"datePublished\":\"2024-01-30T16:27:05+00:00\",\"dateModified\":\"2024-03-20T14:34:30+00:00\",\"description\":\"\u041e\u0442\u0437\u0438\u0432\u0438, \u043c\u043d\u0435\u043d\u0438\u044f, \u043a\u043e\u043c\u0435\u043d\u0442\u0430\u0440\u0438 \u043e\u0442 \u0440\u0435\u0430\u043b\u043d\u0438 \u0438\u0433\u0440\u0430\u0447\u0438 \u0437\u0430 \u043e\u043d\u043b\u0430\u0439\u043d \u0438\u0433\u0440\u0430\u0442\u0430 Spaceman. \u041f\u0440\u0435\u0433\u043b\u0435\u0434 \u043d\u0430 \u0438\u0433\u0440\u0430\u0442\u0430 Spaceman, \u043e\u0431\u0440\u0430\u0442\u043d\u0430 \u0432\u0440\u044a\u0437\u043a\u0430 \u0437\u0430 \u0438\u0433\u0440\u0430\u0442\u0430.\",\"breadcrumb\":{\"@id\":\"https:\/\/spacemanco.com\/bg\/player-reviews-of-the-online-spaceman-game\/#breadcrumb\"},\"inLanguage\":\"pt-PT\",\"potentialAction\":[{\"@type\":\"ReadAction\",\"target\":[\"https:\/\/spacemanco.com\/bg\/player-reviews-of-the-online-spaceman-game\/\"]}]},{\"@type\":\"ImageObject\",\"inLanguage\":\"pt-PT\",\"@id\":\"https:\/\/spacemanco.com\/bg\/player-reviews-of-the-online-spaceman-game\/#primaryimage\",\"url\":\"https:\/\/spacemanco.com\/wp-content\/uploads\/Space-man.jpg\",\"contentUrl\":\"https:\/\/spacemanco.com\/wp-content\/uploads\/Space-man.jpg\",\"width\":1600,\"height\":900},{\"@type\":\"BreadcrumbList\",\"@id\":\"https:\/\/spacemanco.com\/bg\/player-reviews-of-the-online-spaceman-game\/#breadcrumb\",\"itemListElement\":[{\"@type\":\"ListItem\",\"position\":1,\"name\":\"Home\",\"item\":\"https:\/\/spacemanco.com\/\"},{\"@type\":\"ListItem\",\"position\":2,\"name\":\"\u041e\u0442\u0437\u0438\u0432\u0438 \u043e\u0442 \u0438\u0433\u0440\u0430\u0447\u0438\u0442\u0435 \u043d\u0430 \u043e\u043d\u043b\u0430\u0439\u043d \u0438\u0433\u0440\u0430\u0442\u0430 Spaceman\"}]},{\"@type\":\"WebSite\",\"@id\":\"https:\/\/spacemanco.com\/#website\",\"url\":\"https:\/\/spacemanco.com\/\",\"name\":\"Spaceman\",\"description\":\"\",\"publisher\":{\"@id\":\"https:\/\/spacemanco.com\/#organization\"},\"potentialAction\":[{\"@type\":\"SearchAction\",\"target\":{\"@type\":\"EntryPoint\",\"urlTemplate\":\"https:\/\/spacemanco.com\/?s={search_term_string}\"},\"query-input\":{\"@type\":\"PropertyValueSpecification\",\"valueRequired\":true,\"valueName\":\"search_term_string\"}}],\"inLanguage\":\"pt-PT\"},{\"@type\":\"Organization\",\"@id\":\"https:\/\/spacemanco.com\/#organization\",\"name\":\"Spaceman\",\"url\":\"https:\/\/spacemanco.com\/\",\"logo\":{\"@type\":\"ImageObject\",\"inLanguage\":\"pt-PT\",\"@id\":\"https:\/\/spacemanco.com\/#\/schema\/logo\/image\/\",\"url\":\"https:\/\/spacemanco.com\/wp-content\/uploads\/spaceman.png\",\"contentUrl\":\"https:\/\/spacemanco.com\/wp-content\/uploads\/spaceman.png\",\"width\":400,\"height\":229,\"caption\":\"Spaceman\"},\"image\":{\"@id\":\"https:\/\/spacemanco.com\/#\/schema\/logo\/image\/\"}}]}<\/script>\n<!-- \/ Yoast SEO plugin. -->","yoast_head_json":{"title":"\u041e\u0442\u0437\u0438\u0432\u0438 \u043e\u0442 \u0438\u0433\u0440\u0430\u0447\u0438\u0442\u0435 \u043d\u0430 \u043e\u043d\u043b\u0430\u0439\u043d \u0438\u0433\u0440\u0430\u0442\u0430 Spaceman","description":"Avalia\u00e7\u00f5es, opini\u00f5es, coment\u00e1rios de jogadores reais sobre o jogo online Spaceman. Revis\u00e3o do jogo Spaceman crash, feedback sobre o jogo.","robots":{"index":"index","follow":"follow","max-snippet":"max-snippet:-1","max-image-preview":"max-image-preview:large","max-video-preview":"max-video-preview:-1"},"canonical":"https:\/\/spacemanco.com\/pt\/player-reviews-of-the-online-spaceman-game\/","og_locale":"pt_PT","og_type":"article","og_title":"\u041e\u0442\u0437\u0438\u0432\u0438 \u043e\u0442 \u0438\u0433\u0440\u0430\u0447\u0438\u0442\u0435 \u043d\u0430 \u043e\u043d\u043b\u0430\u0439\u043d \u0438\u0433\u0440\u0430\u0442\u0430 Spaceman","og_description":"\u041e\u0442\u0437\u0438\u0432\u0438, \u043c\u043d\u0435\u043d\u0438\u044f, \u043a\u043e\u043c\u0435\u043d\u0442\u0430\u0440\u0438 \u043e\u0442 \u0440\u0435\u0430\u043b\u043d\u0438 \u0438\u0433\u0440\u0430\u0447\u0438 \u0437\u0430 \u043e\u043d\u043b\u0430\u0439\u043d \u0438\u0433\u0440\u0430\u0442\u0430 Spaceman. \u041f\u0440\u0435\u0433\u043b\u0435\u0434 \u043d\u0430 \u0438\u0433\u0440\u0430\u0442\u0430 Spaceman, \u043e\u0431\u0440\u0430\u0442\u043d\u0430 \u0432\u0440\u044a\u0437\u043a\u0430 \u0437\u0430 \u0438\u0433\u0440\u0430\u0442\u0430.","og_url":"https:\/\/spacemanco.com\/pt\/player-reviews-of-the-online-spaceman-game\/","og_site_name":"Spaceman","article_modified_time":"2024-03-20T14:34:30+00:00","og_image":[{"width":1600,"height":900,"url":"https:\/\/spacemanco.com\/wp-content\/uploads\/Space-man.jpg","type":"image\/jpeg"}],"twitter_card":"summary_large_image","twitter_misc":{"Tempo estimado de leitura":"25 minutos"},"schema":{"@context":"https:\/\/schema.org","@graph":[{"@type":"WebPage","@id":"https:\/\/spacemanco.com\/bg\/player-reviews-of-the-online-spaceman-game\/","url":"https:\/\/spacemanco.com\/bg\/player-reviews-of-the-online-spaceman-game\/","name":"\u041e\u0442\u0437\u0438\u0432\u0438 \u043e\u0442 \u0438\u0433\u0440\u0430\u0447\u0438\u0442\u0435 \u043d\u0430 \u043e\u043d\u043b\u0430\u0439\u043d \u0438\u0433\u0440\u0430\u0442\u0430 Spaceman","isPartOf":{"@id":"https:\/\/spacemanco.com\/#website"},"primaryImageOfPage":{"@id":"https:\/\/spacemanco.com\/bg\/player-reviews-of-the-online-spaceman-game\/#primaryimage"},"image":{"@id":"https:\/\/spacemanco.com\/bg\/player-reviews-of-the-online-spaceman-game\/#primaryimage"},"thumbnailUrl":"https:\/\/spacemanco.com\/wp-content\/uploads\/Space-man.jpg","datePublished":"2024-01-30T16:27:05+00:00","dateModified":"2024-03-20T14:34:30+00:00","description":"\u041e\u0442\u0437\u0438\u0432\u0438, \u043c\u043d\u0435\u043d\u0438\u044f, \u043a\u043e\u043c\u0435\u043d\u0442\u0430\u0440\u0438 \u043e\u0442 \u0440\u0435\u0430\u043b\u043d\u0438 \u0438\u0433\u0440\u0430\u0447\u0438 \u0437\u0430 \u043e\u043d\u043b\u0430\u0439\u043d \u0438\u0433\u0440\u0430\u0442\u0430 Spaceman. \u041f\u0440\u0435\u0433\u043b\u0435\u0434 \u043d\u0430 \u0438\u0433\u0440\u0430\u0442\u0430 Spaceman, \u043e\u0431\u0440\u0430\u0442\u043d\u0430 \u0432\u0440\u044a\u0437\u043a\u0430 \u0437\u0430 \u0438\u0433\u0440\u0430\u0442\u0430.","breadcrumb":{"@id":"https:\/\/spacemanco.com\/bg\/player-reviews-of-the-online-spaceman-game\/#breadcrumb"},"inLanguage":"pt-PT","potentialAction":[{"@type":"ReadAction","target":["https:\/\/spacemanco.com\/bg\/player-reviews-of-the-online-spaceman-game\/"]}]},{"@type":"ImageObject","inLanguage":"pt-PT","@id":"https:\/\/spacemanco.com\/bg\/player-reviews-of-the-online-spaceman-game\/#primaryimage","url":"https:\/\/spacemanco.com\/wp-content\/uploads\/Space-man.jpg","contentUrl":"https:\/\/spacemanco.com\/wp-content\/uploads\/Space-man.jpg","width":1600,"height":900},{"@type":"BreadcrumbList","@id":"https:\/\/spacemanco.com\/bg\/player-reviews-of-the-online-spaceman-game\/#breadcrumb","itemListElement":[{"@type":"ListItem","position":1,"name":"Home","item":"https:\/\/spacemanco.com\/"},{"@type":"ListItem","position":2,"name":"\u041e\u0442\u0437\u0438\u0432\u0438 \u043e\u0442 \u0438\u0433\u0440\u0430\u0447\u0438\u0442\u0435 \u043d\u0430 \u043e\u043d\u043b\u0430\u0439\u043d \u0438\u0433\u0440\u0430\u0442\u0430 Spaceman"}]},{"@type":"WebSite","@id":"https:\/\/spacemanco.com\/#website","url":"https:\/\/spacemanco.com\/","name":"Spaceman","description":"","publisher":{"@id":"https:\/\/spacemanco.com\/#organization"},"potentialAction":[{"@type":"SearchAction","target":{"@type":"EntryPoint","urlTemplate":"https:\/\/spacemanco.com\/?s={search_term_string}"},"query-input":{"@type":"PropertyValueSpecification","valueRequired":true,"valueName":"search_term_string"}}],"inLanguage":"pt-PT"},{"@type":"Organization","@id":"https:\/\/spacemanco.com\/#organization","name":"Spaceman","url":"https:\/\/spacemanco.com\/","logo":{"@type":"ImageObject","inLanguage":"pt-PT","@id":"https:\/\/spacemanco.com\/#\/schema\/logo\/image\/","url":"https:\/\/spacemanco.com\/wp-content\/uploads\/spaceman.png","contentUrl":"https:\/\/spacemanco.com\/wp-content\/uploads\/spaceman.png","width":400,"height":229,"caption":"Spaceman"},"image":{"@id":"https:\/\/spacemanco.com\/#\/schema\/logo\/image\/"}}]}},"_links":{"self":[{"href":"https:\/\/spacemanco.com\/pt\/wp-json\/wp\/v2\/pages\/14","targetHints":{"allow":["GET"]}}],"collection":[{"href":"https:\/\/spacemanco.com\/pt\/wp-json\/wp\/v2\/pages"}],"about":[{"href":"https:\/\/spacemanco.com\/pt\/wp-json\/wp\/v2\/types\/page"}],"author":[{"embeddable":true,"href":"https:\/\/spacemanco.com\/pt\/wp-json\/wp\/v2\/users\/1"}],"replies":[{"embeddable":true,"href":"https:\/\/spacemanco.com\/pt\/wp-json\/wp\/v2\/comments?post=14"}],"version-history":[{"count":23,"href":"https:\/\/spacemanco.com\/pt\/wp-json\/wp\/v2\/pages\/14\/revisions"}],"predecessor-version":[{"id":230,"href":"https:\/\/spacemanco.com\/pt\/wp-json\/wp\/v2\/pages\/14\/revisions\/230"}],"wp:featuredmedia":[{"embeddable":true,"href":"https:\/\/spacemanco.com\/pt\/wp-json\/wp\/v2\/media\/43"}],"wp:attachment":[{"href":"https:\/\/spacemanco.com\/pt\/wp-json\/wp\/v2\/media?parent=14"}],"curies":[{"name":"wp","href":"https:\/\/api.w.org\/{rel}","templated":true}]}}