{"id":8,"date":"2024-01-30T16:17:42","date_gmt":"2024-01-30T16:17:42","guid":{"rendered":"https:\/\/spacemanco.com\/?page_id=8"},"modified":"2024-04-16T01:42:41","modified_gmt":"2024-04-16T01:42:41","slug":"the-spaceman-crash-game","status":"publish","type":"page","link":"https:\/\/spacemanco.com\/pt\/","title":{"rendered":"O Jogo Spaceman Crash"},"content":{"rendered":"<h1><strong>Jogo Crash Spaceman<\/strong><\/h1>\n<p>O jogo online Spaceman \u00e9 um jogo de crash multiplayer onde cada lan\u00e7amento \u00e9 uma nova aventura! Spaceman h\u00e1 muito tempo \u00e9 uma experi\u00eancia \u00fanica no mundo dos jogos de crash, onde a intui\u00e7\u00e3o e a decis\u00e3o do jogador podem levar a vit\u00f3rias impressionantes. Lembre-se, cada voo \u00e9 \u00fanico, e cabe ao jogador decidir quando \u00e9 hora de pressionar o bot\u00e3o &#8220;Cashout&#8221; e sacar.<\/p>\n<h2><strong>Regras do Jogo<\/strong><\/h2>\n<p>O jogo Spaceman gira em torno do crescimento do multiplicador, que come\u00e7a em 1,00 e aumenta \u00e0 medida que o astronauta em um traje espacial voa, atingindo um valor aleat\u00f3rio determinado pelo gerador de n\u00fameros aleat\u00f3rios.<\/p>\n<p>O objetivo do jogo Spaceman, como em qualquer jogo de crash, \u00e9 sacar a aposta antes que ela falhe, quando o valor do pr\u00eamio for igual ao tamanho da aposta multiplicado pelo coeficiente no momento do saque.<\/p>\n<p>Ap\u00f3s fazer uma aposta, aguarde o in\u00edcio do jogo. Quando o per\u00edodo de apostas terminar, voc\u00ea ver\u00e1 um multiplicador com um valor de 1,00. Este \u00e9 o valor inicial, ap\u00f3s o qual o multiplicador come\u00e7a a crescer. Inicialmente, o multiplicador cresce lentamente como uma forma de influenciar os jogadores que t\u00eam medo de perder para sacar nesse ponto. No entanto, gradualmente o multiplicador aumenta mais e mais r\u00e1pido.<\/p>\n<p>Quanto mais tarde um jogador solicitar um pagamento, maior ser\u00e1 a vit\u00f3ria devido ao grande coeficiente que alcan\u00e7ar\u00e1 um valor alto at\u00e9 esse momento. \u00c9 importante sacar antes da falha porque, ap\u00f3s isso, qualquer valor de aposta n\u00e3o sacado at\u00e9 esse momento ser\u00e1 perdido.<\/p>\n<h2><strong>Como Fazer Apostas no Jogo Spaceman<\/strong><\/h2>\n<p>Para come\u00e7ar, o jogador precisa selecionar o valor da aposta e confirm\u00e1-lo clicando no bot\u00e3o &#8220;Confirmar Aposta&#8221;. No entanto, mesmo ap\u00f3s fazer uma aposta, o jogador pode cancel\u00e1-la ou alter\u00e1-la. Isso pode ser feito at\u00e9 que a mensagem &#8220;Pr\u00f3xima rodada em&#8230;&#8221; ou &#8220;Aguarde a pr\u00f3xima rodada&#8221; seja exibida na tela. Mas se voc\u00ea ver a mensagem &#8220;Apostas feitas&#8221; na tela, ent\u00e3o a possibilidade de alterar ou cancelar a aposta j\u00e1 est\u00e1 fechada.<\/p>\n<h2><strong>Recursos do Jogo Spaceman<\/strong><\/h2>\n<ul>\n<li>\u00c9 poss\u00edvel sacar parcialmente os ganhos. Inicialmente, voc\u00ea pode sacar metade da aposta e o restante depois.<\/li>\n<li>Alguns crashes s\u00e3o poss\u00edveis com um multiplicador de 1,00. Nesse caso, o jogador provavelmente n\u00e3o poder\u00e1 sacar a aposta, o que significa que todas as apostas feitas nessa rodada ser\u00e3o perdidas.<\/li>\n<\/ul>\n<h2><strong>Motivos da Popularidade<\/strong><\/h2>\n<h3><strong>Excita\u00e7\u00e3o \u00danica<\/strong><\/h3>\n<p>Spaceman se destaca entre os jogos de crash com seu tema e din\u00e2mica \u00fanicos. O tema espacial e a capacidade de ver sua vit\u00f3ria aumentar em tempo real criam uma excita\u00e7\u00e3o incompar\u00e1vel.<\/p>\n<h3><strong>Comunidade de Jogadores<\/strong><\/h3>\n<p>Gra\u00e7as a uma comunidade de jogadores ativos que compartilham estrat\u00e9gias e experi\u00eancias, novos membros rapidamente se juntam ao jogo e come\u00e7am a aproveit\u00e1-lo.<\/p>\n<h3><strong>Determinando o Melhor Momento para Sacar<\/strong><\/h3>\n<p>Um dos aspectos-chave do sucesso em Spaceman \u00e9 a capacidade de determinar quando \u00e9 hora de pegar a vit\u00f3ria. Isso pode depender de muitos fatores, incluindo sua estrat\u00e9gia pessoal de risco e observa\u00e7\u00e3o de voos anteriores.<\/p>\n<h3><strong>Desenvolvendo Sua Pr\u00f3pria Estrat\u00e9gia<\/strong><\/h3>\n<p>Recomendamos come\u00e7ar com apostas pequenas e aument\u00e1-las gradualmente \u00e0 medida que voc\u00ea ganha confian\u00e7a em suas decis\u00f5es. Tamb\u00e9m \u00e9 importante definir limites para perdas e ganhos para cada sess\u00e3o de jogo.<\/p>\n<h2><strong>Jogue de Gra\u00e7a<\/strong><\/h2>\n<h3><strong>Vers\u00e3o de Teste<\/strong><\/h3>\n<p>Para iniciantes, oferecemos come\u00e7ar com a vers\u00e3o de teste do Spaceman. Esta \u00e9 uma \u00f3tima maneira de se familiarizar com o jogo sem arriscar dinheiro real.<\/p>\n<h3><strong>Transi\u00e7\u00e3o para Apostas Reais<\/strong><\/h3>\n<p>Quando estiver pronto, \u00e9 f\u00e1cil mudar para jogar com dinheiro real. Comece com apostas pequenas para se acostumar gradualmente \u00e0 din\u00e2mica do jogo.<\/p>\n<h3><strong>Seguran\u00e7a e Jogo Respons\u00e1vel<\/strong><\/h3>\n<h3><strong>Entretenimento de Jogo Respons\u00e1vel<\/strong><\/h3>\n<p>Pedimos a todos os nossos jogadores que abordem o jogo de forma respons\u00e1vel&#8230;<\/p>\n<h3><strong>Prote\u00e7\u00e3o ao Jogador<\/strong><\/h3>\n<p>Nossa plataforma garante o cumprimento de todas as medidas de seguran\u00e7a&#8230;<\/p>\n<h3><strong>Gr\u00e1ficos e Som<\/strong><\/h3>\n<h3><strong>Mergulhe no Espa\u00e7o<\/strong><\/h3>\n<p>Aproveite gr\u00e1ficos de alta qualidade e efeitos sonoros cativantes&#8230;<\/p>\n<h3><strong>Avalia\u00e7\u00f5es de Jogadores<\/strong><\/h3>\n<h3><strong>Hist\u00f3rias de Sucesso<\/strong><\/h3>\n<p>Leia as avalia\u00e7\u00f5es de nossos jogadores que compartilham suas hist\u00f3rias de jornadas emocionantes&#8230;<\/p>\n<h2><strong>Perguntas Frequentes (FAQs)<\/strong><\/h2>\n<p><strong>Qual \u00e9 o pr\u00eamio m\u00e1ximo no jogo Spaceman?<\/strong><\/p>\n<p>O pr\u00eamio m\u00e1ximo no jogo Spaceman \u00e9 determinado pelo tamanho da aposta do jogador multiplicado pelo multiplicador no momento do saque. No entanto, as regras do jogo estipulam que o pr\u00eamio n\u00e3o pode exceder 500.000 euros.<\/p>\n<p><strong>Qual \u00e9 o multiplicador m\u00e1ximo no jogo Spaceman?<\/strong><\/p>\n<p>O multiplicador m\u00e1ximo no jogo Spaceman atinge 5000x. Nesse caso, o jogo p\u00e1ra automaticamente, e todos os jogadores que permanecerem no jogo naquele momento recebem automaticamente uma vit\u00f3ria em sua conta de jogo.<\/p>\n<p><strong>\u00c9 verdade que no jogo Spaceman voc\u00ea pode sacar 50% do valor da aposta?<\/strong><\/p>\n<p>Sim, \u00e9 verdade. Ao sacar a aposta, o jogador escolhe sacar 100% do valor da aposta ou sacar 50%.<\/p>\n<p><strong>O jogo Spaceman tem a fun\u00e7\u00e3o de reprodu\u00e7\u00e3o autom\u00e1tica?<\/strong><\/p>\n<p>Sim, o jogo Spaceman tem uma fun\u00e7\u00e3o de reprodu\u00e7\u00e3o autom\u00e1tica, que permite repetir a aposta pelo n\u00famero selecionado de rodadas.<\/p>\n<p><strong>Onde posso ver os resultados mais recentes no jogo Spaceman?<\/strong><\/p>\n<p>As \u00faltimas rodadas do jogo Spaceman podem ser vistas na parte inferior da tela.<\/p>\n<p><strong>O que \u00e9 a tabela de classifica\u00e7\u00e3o no jogo de crash Spaceman?<\/strong><\/p>\n<p>A tabela de classifica\u00e7\u00e3o no jogo Spaceman \u00e9 uma lista atualizada dinamicamente de jogadores que fizeram apostas na rodada atual do jogo, os valores das apostas e os multiplicadores nos quais os jogadores sacaram suas apostas.<\/p>\n<p><strong>As decis\u00f5es sobre apostas no jogo Spaceman podem ser baseadas na tabela de classifica\u00e7\u00e3o?<\/strong><\/p>\n<p>Esta tabela de classifica\u00e7\u00e3o \u00e9 informativa. Em outras palavras, as informa\u00e7\u00f5es apresentadas nela podem ser levadas em considera\u00e7\u00e3o, mas n\u00e3o s\u00e3o de forma alguma uma garantia de vit\u00f3ria.<\/p>\n<p><strong>Perguntas sobre Estrat\u00e9gias<\/strong><\/p>\n<p>Descubra quais estrat\u00e9gias outros jogadores usam e como eles abordam o jogo.<\/p>\n<p><strong>Perguntas sobre Seguran\u00e7a<\/strong><\/p>\n<p>Aqui voc\u00ea encontrar\u00e1 respostas para suas perguntas sobre medidas de seguran\u00e7a e como protegemos sua privacidade e fundos.<\/p>\n<h2><strong>Informa\u00e7\u00f5es de Contato<\/strong><\/h2>\n<h3><strong>Contate-nos<\/strong><\/h3>\n<p>Se voc\u00ea tiver alguma d\u00favida ou sugest\u00e3o, nossa equipe de suporte est\u00e1 sempre pronta para ajudar&#8230;<\/p>\n","protected":false},"excerpt":{"rendered":"<p>Jogo Crash Spaceman O jogo online Spaceman \u00e9 um jogo de crash multiplayer onde cada lan\u00e7amento \u00e9 uma nova aventura! Spaceman h\u00e1 muito tempo \u00e9 uma experi\u00eancia \u00fanica no mundo dos jogos de crash, onde a intui\u00e7\u00e3o e a decis\u00e3o do jogador podem levar a vit\u00f3rias impressionantes. Lembre-se, cada voo \u00e9 \u00fanico, e cabe ao [&hellip;]<\/p>\n","protected":false},"author":1,"featured_media":0,"parent":0,"menu_order":0,"comment_status":"closed","ping_status":"closed","template":"page-template\/front-page.php","meta":{"footnotes":""},"class_list":["post-8","page","type-page","status-publish","hentry"],"yoast_head":"<!-- This site is optimized with the Yoast SEO plugin v27.2 - https:\/\/yoast.com\/product\/yoast-seo-wordpress\/ -->\n<title>\u0418\u0433\u0440\u0430\u0442\u044c \u0432 \u043e\u043d\u043b\u0430\u0439\u043d \u0438\u0433\u0440\u0443 Spaceman \u0432 \u043e\u043d\u043b\u0430\u0439\u043d \u043a\u0430\u0437\u0438\u043d\u043e<\/title>\n<meta name=\"description\" content=\"Jogue por dinheiro real no jogo crash Spaceman nos melhores cassinos online. Jogue e ganhe agora.\" \/>\n<meta name=\"robots\" content=\"index, follow, max-snippet:-1, max-image-preview:large, max-video-preview:-1\" \/>\n<link rel=\"canonical\" href=\"https:\/\/spacemanco.com\/pt\/\" \/>\n<meta property=\"og:locale\" content=\"pt_PT\" \/>\n<meta property=\"og:locale:alternate\" content=\"ru_RU\" \/>\n<meta property=\"og:locale:alternate\" content=\"en_US\" \/>\n<meta property=\"og:locale:alternate\" content=\"es_ES\" \/>\n<meta property=\"og:locale:alternate\" content=\"it_IT\" \/>\n<meta property=\"og:locale:alternate\" content=\"fr_FR\" \/>\n<meta property=\"og:locale:alternate\" content=\"de_DE\" \/>\n<meta property=\"og:locale:alternate\" content=\"sr_RS\" \/>\n<meta property=\"og:locale:alternate\" content=\"bg_BG\" \/>\n<meta property=\"og:locale:alternate\" content=\"ro_RO\" \/>\n<meta property=\"og:locale:alternate\" content=\"pl_PL\" \/>\n<meta property=\"og:type\" content=\"article\" \/>\n<meta property=\"og:title\" content=\"\u0418\u0433\u0440\u0430\u0442\u044c \u0432 \u043e\u043d\u043b\u0430\u0439\u043d \u0438\u0433\u0440\u0443 Spaceman \u0432 \u043e\u043d\u043b\u0430\u0439\u043d \u043a\u0430\u0437\u0438\u043d\u043e\" \/>\n<meta property=\"og:description\" content=\"\u0418\u0433\u0440\u0430\u0442\u044c \u043d\u0430 \u0440\u0435\u0430\u043b\u044c\u043d\u044b\u0435 \u0434\u0435\u043d\u044c\u0433\u0438 \u0432 \u043a\u0440\u0430\u0448 \u0438\u0433\u0440\u0443 Spaceman \u0432 \u043b\u0443\u0447\u0448\u0438\u0445 \u043e\u043d\u043b\u0430\u0439\u043d \u043a\u0430\u0437\u0438\u043d\u043e. \u0418\u0433\u0440\u0430\u0442\u044c \u0438 \u0432\u044b\u0438\u0433\u0440\u044b\u0432\u0430\u0442\u044c \u0443\u0436\u0435 \u0441\u0435\u0439\u0447\u0430\u0441.\" \/>\n<meta property=\"og:url\" content=\"https:\/\/spacemanco.com\/pt\/\" \/>\n<meta property=\"og:site_name\" content=\"Spaceman\" \/>\n<meta property=\"article:modified_time\" content=\"2024-04-16T01:42:41+00:00\" \/>\n<meta name=\"twitter:card\" content=\"summary_large_image\" \/>\n<meta name=\"twitter:label1\" content=\"Tempo estimado de leitura\" \/>\n\t<meta name=\"twitter:data1\" content=\"42 minutos\" \/>\n<script type=\"application\/ld+json\" class=\"yoast-schema-graph\">{\"@context\":\"https:\/\/schema.org\",\"@graph\":[{\"@type\":\"WebPage\",\"@id\":\"https:\/\/spacemanco.com\/\",\"url\":\"https:\/\/spacemanco.com\/\",\"name\":\"\u0418\u0433\u0440\u0430\u0442\u044c \u0432 \u043e\u043d\u043b\u0430\u0439\u043d \u0438\u0433\u0440\u0443 Spaceman \u0432 \u043e\u043d\u043b\u0430\u0439\u043d \u043a\u0430\u0437\u0438\u043d\u043e\",\"isPartOf\":{\"@id\":\"https:\/\/spacemanco.com\/#website\"},\"datePublished\":\"2024-01-30T16:17:42+00:00\",\"dateModified\":\"2024-04-16T01:42:41+00:00\",\"description\":\"\u0418\u0433\u0440\u0430\u0442\u044c \u043d\u0430 \u0440\u0435\u0430\u043b\u044c\u043d\u044b\u0435 \u0434\u0435\u043d\u044c\u0433\u0438 \u0432 \u043a\u0440\u0430\u0448 \u0438\u0433\u0440\u0443 Spaceman \u0432 \u043b\u0443\u0447\u0448\u0438\u0445 \u043e\u043d\u043b\u0430\u0439\u043d \u043a\u0430\u0437\u0438\u043d\u043e. \u0418\u0433\u0440\u0430\u0442\u044c \u0438 \u0432\u044b\u0438\u0433\u0440\u044b\u0432\u0430\u0442\u044c \u0443\u0436\u0435 \u0441\u0435\u0439\u0447\u0430\u0441.\",\"breadcrumb\":{\"@id\":\"https:\/\/spacemanco.com\/#breadcrumb\"},\"inLanguage\":\"pt-PT\",\"potentialAction\":[{\"@type\":\"ReadAction\",\"target\":[\"https:\/\/spacemanco.com\/\"]}]},{\"@type\":\"BreadcrumbList\",\"@id\":\"https:\/\/spacemanco.com\/#breadcrumb\",\"itemListElement\":[{\"@type\":\"ListItem\",\"position\":1,\"name\":\"Home\",\"item\":\"https:\/\/spacemanco.com\/\"},{\"@type\":\"ListItem\",\"position\":2,\"name\":\"\u041a\u0440\u0430\u0448 \u0438\u0433\u0440\u0430 Spaceman\"}]},{\"@type\":\"WebSite\",\"@id\":\"https:\/\/spacemanco.com\/#website\",\"url\":\"https:\/\/spacemanco.com\/\",\"name\":\"Spaceman\",\"description\":\"\",\"publisher\":{\"@id\":\"https:\/\/spacemanco.com\/#organization\"},\"potentialAction\":[{\"@type\":\"SearchAction\",\"target\":{\"@type\":\"EntryPoint\",\"urlTemplate\":\"https:\/\/spacemanco.com\/?s={search_term_string}\"},\"query-input\":{\"@type\":\"PropertyValueSpecification\",\"valueRequired\":true,\"valueName\":\"search_term_string\"}}],\"inLanguage\":\"pt-PT\"},{\"@type\":\"Organization\",\"@id\":\"https:\/\/spacemanco.com\/#organization\",\"name\":\"Spaceman\",\"url\":\"https:\/\/spacemanco.com\/\",\"logo\":{\"@type\":\"ImageObject\",\"inLanguage\":\"pt-PT\",\"@id\":\"https:\/\/spacemanco.com\/#\/schema\/logo\/image\/\",\"url\":\"https:\/\/spacemanco.com\/wp-content\/uploads\/spaceman.png\",\"contentUrl\":\"https:\/\/spacemanco.com\/wp-content\/uploads\/spaceman.png\",\"width\":400,\"height\":229,\"caption\":\"Spaceman\"},\"image\":{\"@id\":\"https:\/\/spacemanco.com\/#\/schema\/logo\/image\/\"}}]}<\/script>\n<!-- \/ Yoast SEO plugin. -->","yoast_head_json":{"title":"\u0418\u0433\u0440\u0430\u0442\u044c \u0432 \u043e\u043d\u043b\u0430\u0439\u043d \u0438\u0433\u0440\u0443 Spaceman \u0432 \u043e\u043d\u043b\u0430\u0439\u043d \u043a\u0430\u0437\u0438\u043d\u043e","description":"Jogue por dinheiro real no jogo crash Spaceman nos melhores cassinos online. Jogue e ganhe agora.","robots":{"index":"index","follow":"follow","max-snippet":"max-snippet:-1","max-image-preview":"max-image-preview:large","max-video-preview":"max-video-preview:-1"},"canonical":"https:\/\/spacemanco.com\/pt\/","og_locale":"pt_PT","og_type":"article","og_title":"\u0418\u0433\u0440\u0430\u0442\u044c \u0432 \u043e\u043d\u043b\u0430\u0439\u043d \u0438\u0433\u0440\u0443 Spaceman \u0432 \u043e\u043d\u043b\u0430\u0439\u043d \u043a\u0430\u0437\u0438\u043d\u043e","og_description":"\u0418\u0433\u0440\u0430\u0442\u044c \u043d\u0430 \u0440\u0435\u0430\u043b\u044c\u043d\u044b\u0435 \u0434\u0435\u043d\u044c\u0433\u0438 \u0432 \u043a\u0440\u0430\u0448 \u0438\u0433\u0440\u0443 Spaceman \u0432 \u043b\u0443\u0447\u0448\u0438\u0445 \u043e\u043d\u043b\u0430\u0439\u043d \u043a\u0430\u0437\u0438\u043d\u043e. \u0418\u0433\u0440\u0430\u0442\u044c \u0438 \u0432\u044b\u0438\u0433\u0440\u044b\u0432\u0430\u0442\u044c \u0443\u0436\u0435 \u0441\u0435\u0439\u0447\u0430\u0441.","og_url":"https:\/\/spacemanco.com\/pt\/","og_site_name":"Spaceman","article_modified_time":"2024-04-16T01:42:41+00:00","twitter_card":"summary_large_image","twitter_misc":{"Tempo estimado de leitura":"42 minutos"},"schema":{"@context":"https:\/\/schema.org","@graph":[{"@type":"WebPage","@id":"https:\/\/spacemanco.com\/","url":"https:\/\/spacemanco.com\/","name":"\u0418\u0433\u0440\u0430\u0442\u044c \u0432 \u043e\u043d\u043b\u0430\u0439\u043d \u0438\u0433\u0440\u0443 Spaceman \u0432 \u043e\u043d\u043b\u0430\u0439\u043d \u043a\u0430\u0437\u0438\u043d\u043e","isPartOf":{"@id":"https:\/\/spacemanco.com\/#website"},"datePublished":"2024-01-30T16:17:42+00:00","dateModified":"2024-04-16T01:42:41+00:00","description":"\u0418\u0433\u0440\u0430\u0442\u044c \u043d\u0430 \u0440\u0435\u0430\u043b\u044c\u043d\u044b\u0435 \u0434\u0435\u043d\u044c\u0433\u0438 \u0432 \u043a\u0440\u0430\u0448 \u0438\u0433\u0440\u0443 Spaceman \u0432 \u043b\u0443\u0447\u0448\u0438\u0445 \u043e\u043d\u043b\u0430\u0439\u043d \u043a\u0430\u0437\u0438\u043d\u043e. \u0418\u0433\u0440\u0430\u0442\u044c \u0438 \u0432\u044b\u0438\u0433\u0440\u044b\u0432\u0430\u0442\u044c \u0443\u0436\u0435 \u0441\u0435\u0439\u0447\u0430\u0441.","breadcrumb":{"@id":"https:\/\/spacemanco.com\/#breadcrumb"},"inLanguage":"pt-PT","potentialAction":[{"@type":"ReadAction","target":["https:\/\/spacemanco.com\/"]}]},{"@type":"BreadcrumbList","@id":"https:\/\/spacemanco.com\/#breadcrumb","itemListElement":[{"@type":"ListItem","position":1,"name":"Home","item":"https:\/\/spacemanco.com\/"},{"@type":"ListItem","position":2,"name":"\u041a\u0440\u0430\u0448 \u0438\u0433\u0440\u0430 Spaceman"}]},{"@type":"WebSite","@id":"https:\/\/spacemanco.com\/#website","url":"https:\/\/spacemanco.com\/","name":"Spaceman","description":"","publisher":{"@id":"https:\/\/spacemanco.com\/#organization"},"potentialAction":[{"@type":"SearchAction","target":{"@type":"EntryPoint","urlTemplate":"https:\/\/spacemanco.com\/?s={search_term_string}"},"query-input":{"@type":"PropertyValueSpecification","valueRequired":true,"valueName":"search_term_string"}}],"inLanguage":"pt-PT"},{"@type":"Organization","@id":"https:\/\/spacemanco.com\/#organization","name":"Spaceman","url":"https:\/\/spacemanco.com\/","logo":{"@type":"ImageObject","inLanguage":"pt-PT","@id":"https:\/\/spacemanco.com\/#\/schema\/logo\/image\/","url":"https:\/\/spacemanco.com\/wp-content\/uploads\/spaceman.png","contentUrl":"https:\/\/spacemanco.com\/wp-content\/uploads\/spaceman.png","width":400,"height":229,"caption":"Spaceman"},"image":{"@id":"https:\/\/spacemanco.com\/#\/schema\/logo\/image\/"}}]}},"_links":{"self":[{"href":"https:\/\/spacemanco.com\/pt\/wp-json\/wp\/v2\/pages\/8","targetHints":{"allow":["GET"]}}],"collection":[{"href":"https:\/\/spacemanco.com\/pt\/wp-json\/wp\/v2\/pages"}],"about":[{"href":"https:\/\/spacemanco.com\/pt\/wp-json\/wp\/v2\/types\/page"}],"author":[{"embeddable":true,"href":"https:\/\/spacemanco.com\/pt\/wp-json\/wp\/v2\/users\/1"}],"replies":[{"embeddable":true,"href":"https:\/\/spacemanco.com\/pt\/wp-json\/wp\/v2\/comments?post=8"}],"version-history":[{"count":42,"href":"https:\/\/spacemanco.com\/pt\/wp-json\/wp\/v2\/pages\/8\/revisions"}],"predecessor-version":[{"id":257,"href":"https:\/\/spacemanco.com\/pt\/wp-json\/wp\/v2\/pages\/8\/revisions\/257"}],"wp:attachment":[{"href":"https:\/\/spacemanco.com\/pt\/wp-json\/wp\/v2\/media?parent=8"}],"curies":[{"name":"wp","href":"https:\/\/api.w.org\/{rel}","templated":true}]}}