{"id":10,"date":"2024-01-30T16:19:59","date_gmt":"2024-01-30T16:19:59","guid":{"rendered":"https:\/\/spacemanco.com\/?page_id=10"},"modified":"2024-03-20T14:25:55","modified_gmt":"2024-03-20T14:25:55","slug":"navigation-and-control-in-the-spaceman-crash-game","status":"publish","type":"page","link":"https:\/\/spacemanco.com\/ro\/navigation-and-control-in-the-spaceman-crash-game\/","title":{"rendered":"Navigare \u0219i Control \u00een jocul Spaceman Crash"},"content":{"rendered":"<p>Jocurile de tip crash, precum Spaceman, sunt populare datorit\u0103 gameplay-ului lor interesant \u0219i controalelor simple. \u00cen\u021belegerea navig\u0103rii \u0219i a controlului \u00een aceste jocuri este critic\u0103 pentru a asigura o experien\u021b\u0103 de joc pl\u0103cut\u0103 \u0219i eficient\u0103.<\/p>\n<h2><strong>Interfa\u021ba Principal\u0103 a Jocului Spaceman<\/strong><\/h2>\n<ol>\n<li>C\u00e2nd intri \u00een jocul Spaceman, primul lucru pe care-l vezi este ecranul principal al jocului. Aici, vei vedea astronautul preg\u0103tit pentru lansare \u0219i un grafic care arat\u0103 multiplicatorii de pariere \u00een cre\u0219tere. Este timpul s\u0103-\u021bi plasezi pariurile.<\/li>\n<li>La partea de jos a ecranului se afl\u0103 panoul de control. Aici, po\u021bi seta dimensiunea pariului, activa modul de auto-play \u0219i efectua alte ac\u021biuni importante.<\/li>\n<li>Pentru a \u00eencepe jocul, primul lucru de f\u0103cut este s\u0103 selectezi suma pariului. Po\u021bi face acest lucru folosind butoanele &#8216;+&#8217; \u0219i &#8216;-&#8216; de pe panoul de control. \u00cen mod tipic, valuta de pariere va fi aceea\u0219i cu cea a cazinoului t\u0103u.<\/li>\n<li>Nu uita de op\u021biunea de pariere automat\u0103. Pentru a simplifica procesul de joc, este disponibil\u0103 func\u021bia de pariere automat\u0103. Po\u021bi s\u0103 o configurezi pentru un anumit num\u0103r de runde sau p\u00e2n\u0103 c\u00e2nd ajungi la un anumit sold.<\/li>\n<\/ol>\n<h2><strong>\u00cenceperea Jocului Spaceman<\/strong><\/h2>\n<ol>\n<li>Dup\u0103 plasarea pariului, jocul \u00eencepe cu lansarea astronautului. \u00cencep\u00e2nd din acest moment, multiplicatorul poten\u021bialelor tale c\u00e2\u0219tiguri \u00eencepe s\u0103 creasc\u0103.<\/li>\n<li>Juc\u0103torul poate retrage 50% din c\u00e2\u0219tiguri sau \u00eentreaga sum\u0103. \u00cen acest scop, sunt prev\u0103zute butoane corespunz\u0103toare \u00een interfa\u021b\u0103.<\/li>\n<\/ol>\n<h2><strong>Ie\u0219irea din Jocul Spaceman<\/strong><\/h2>\n<p>Partea cea mai important\u0103 a controlului Spaceman este decizia de c\u00e2nd s\u0103 ie\u0219i din joc. Pentru a face acest lucru, trebuie s\u0103 ape\u0219i butonul &#8222;Ia&#8221;, care \u00ee\u021bi fixeaz\u0103 c\u00e2\u0219tigurile la nivelul curent al multiplicatorului.<\/p>\n<h3><strong>Caracteristici ale Interfe\u021bei Jocului Spaceman<\/strong><\/h3>\n<h3><strong>Istoricul Pariurilor<\/strong><\/h3>\n<p>Exist\u0103 o sec\u021biune pentru istoricul pariurilor pe ecran, unde po\u021bi vedea rezultatele rundelor anterioare. Acest lucru te poate ajuta s\u0103 iei decizii referitoare la pariurile viitoare.<\/p>\n<h3><strong>Set\u0103ri<\/strong><\/h3>\n<p>Poate una dintre cele mai importante p\u0103r\u021bi ale interfe\u021bei \u00een joc. \u00cen sec\u021biunea de set\u0103ri, po\u021bi schimba diverse parametri ai jocului, cum ar fi sunetul, grafica \u0219i viteza jocului.<\/p>\n<h3><strong>Serviciul de Suport pentru Juc\u0103tori<\/strong><\/h3>\n<p>Dac\u0103 ai \u00eentreb\u0103ri sau probleme, po\u021bi merge \u00eentotdeauna la sec\u021biunea de ajutor sau po\u021bi contacta serviciul de suport al cazinoului online. Speciali\u0219tii din echipa de suport \u00ee\u021bi vor r\u0103spunde la \u00eentreb\u0103ri. Ace\u0219tia sunt angaja\u021bi ai cazinoului, nu dezvoltatori de jocuri Spaceman, dar sunt competen\u021bi s\u0103 r\u0103spund\u0103 la orice \u00eentrebare.<\/p>\n<h2><strong>Concluzii despre Navigarea \u00een Spaceman<\/strong><\/h2>\n<p>Navigarea \u0219i controlul \u00een Spaceman sunt intuitive \u0219i u\u0219or de \u00eenv\u0103\u021bat chiar \u0219i pentru juc\u0103torii \u00eencep\u0103tori. Principiul de navigare \u00een jocurile de tip crash nu difer\u0103 prea mult. Lucrul principal este s\u0103 \u00ee\u021bi aminte\u0219ti regulile jocului \u0219i s\u0103 administrezi cu pricepere pariurile \u0219i deciziile de ie\u0219ire din joc. Alegerea momentului potrivit pentru retragerea pariului este cea mai important\u0103 decizie de luat \u00een timpul jocului. Cu o administrare eficient\u0103 \u0219i \u00een\u021belegerea navig\u0103rii, experien\u021ba ta de joc \u00een Spaceman nu numai c\u0103 va fi pl\u0103cut\u0103, ci \u0219i poten\u021bial profitabil\u0103. Este important s\u0103 abordezi jocul responsabil \u0219i s\u0103 \u00ee\u021bi aminte\u0219ti de riscurile asociate cu jocurile de noroc.<\/p>\n","protected":false},"excerpt":{"rendered":"<p>Jocurile de tip crash, precum Spaceman, sunt populare datorit\u0103 gameplay-ului lor interesant \u0219i controalelor simple. \u00cen\u021belegerea navig\u0103rii \u0219i a controlului \u00een aceste jocuri este critic\u0103 pentru a asigura o experien\u021b\u0103 de joc pl\u0103cut\u0103 \u0219i eficient\u0103. Interfa\u021ba Principal\u0103 a Jocului Spaceman C\u00e2nd intri \u00een jocul Spaceman, primul lucru pe care-l vezi este ecranul principal al jocului. [&hellip;]<\/p>\n","protected":false},"author":1,"featured_media":43,"parent":0,"menu_order":0,"comment_status":"closed","ping_status":"closed","template":"","meta":{"footnotes":""},"class_list":["post-10","page","type-page","status-publish","has-post-thumbnail","hentry"],"yoast_head":"<!-- This site is optimized with the Yoast SEO plugin v27.2 - https:\/\/yoast.com\/product\/yoast-seo-wordpress\/ -->\n<title>Nawigacja w grze Spaceman<\/title>\n<meta name=\"description\" content=\"Instruc\u021biuni despre cum s\u0103 naviga\u021bi \u00een jocul Spaceman. Ghid pas cu pas. Simboluri \u00een jocul Spaceman, set\u0103ri, gestionarea pariurilor, suport clien\u021bi.\" \/>\n<meta name=\"robots\" content=\"index, follow, max-snippet:-1, max-image-preview:large, max-video-preview:-1\" \/>\n<link rel=\"canonical\" href=\"https:\/\/spacemanco.com\/ro\/navigation-and-control-in-the-spaceman-crash-game\/\" \/>\n<meta property=\"og:locale\" content=\"ro_RO\" \/>\n<meta property=\"og:locale:alternate\" content=\"ru_RU\" \/>\n<meta property=\"og:locale:alternate\" content=\"en_US\" \/>\n<meta property=\"og:locale:alternate\" content=\"pt_PT\" \/>\n<meta property=\"og:locale:alternate\" content=\"es_ES\" \/>\n<meta property=\"og:locale:alternate\" content=\"it_IT\" \/>\n<meta property=\"og:locale:alternate\" content=\"fr_FR\" \/>\n<meta property=\"og:locale:alternate\" content=\"de_DE\" \/>\n<meta property=\"og:locale:alternate\" content=\"sr_RS\" \/>\n<meta property=\"og:locale:alternate\" content=\"bg_BG\" \/>\n<meta property=\"og:locale:alternate\" content=\"pl_PL\" \/>\n<meta property=\"og:type\" content=\"article\" \/>\n<meta property=\"og:title\" content=\"Nawigacja w grze Spaceman\" \/>\n<meta property=\"og:description\" content=\"Instrukcje dotycz\u0105ce nawigacji w grze Spaceman. Przewodnik krok po kroku. Symbole w grze Spaceman, ustawienia, zarz\u0105dzanie zak\u0142adami, obs\u0142uga klienta.\" \/>\n<meta property=\"og:url\" content=\"https:\/\/spacemanco.com\/ro\/navigation-and-control-in-the-spaceman-crash-game\/\" \/>\n<meta property=\"og:site_name\" content=\"Spaceman\" \/>\n<meta property=\"article:modified_time\" content=\"2024-03-20T14:25:55+00:00\" \/>\n<meta property=\"og:image\" content=\"https:\/\/spacemanco.com\/wp-content\/uploads\/Space-man.jpg\" \/>\n\t<meta property=\"og:image:width\" content=\"1600\" \/>\n\t<meta property=\"og:image:height\" content=\"900\" \/>\n\t<meta property=\"og:image:type\" content=\"image\/jpeg\" \/>\n<meta name=\"twitter:card\" content=\"summary_large_image\" \/>\n<meta name=\"twitter:label1\" content=\"Timp estimat pentru citire\" \/>\n\t<meta name=\"twitter:data1\" content=\"21 de minute\" \/>\n<script type=\"application\/ld+json\" class=\"yoast-schema-graph\">{\"@context\":\"https:\/\/schema.org\",\"@graph\":[{\"@type\":\"WebPage\",\"@id\":\"https:\/\/spacemanco.com\/pl\/navigation-and-control-in-the-spaceman-crash-game\/\",\"url\":\"https:\/\/spacemanco.com\/pl\/navigation-and-control-in-the-spaceman-crash-game\/\",\"name\":\"Nawigacja w grze Spaceman\",\"isPartOf\":{\"@id\":\"https:\/\/spacemanco.com\/#website\"},\"primaryImageOfPage\":{\"@id\":\"https:\/\/spacemanco.com\/pl\/navigation-and-control-in-the-spaceman-crash-game\/#primaryimage\"},\"image\":{\"@id\":\"https:\/\/spacemanco.com\/pl\/navigation-and-control-in-the-spaceman-crash-game\/#primaryimage\"},\"thumbnailUrl\":\"https:\/\/spacemanco.com\/wp-content\/uploads\/Space-man.jpg\",\"datePublished\":\"2024-01-30T16:19:59+00:00\",\"dateModified\":\"2024-03-20T14:25:55+00:00\",\"description\":\"Instrukcje dotycz\u0105ce nawigacji w grze Spaceman. Przewodnik krok po kroku. Symbole w grze Spaceman, ustawienia, zarz\u0105dzanie zak\u0142adami, obs\u0142uga klienta.\",\"breadcrumb\":{\"@id\":\"https:\/\/spacemanco.com\/pl\/navigation-and-control-in-the-spaceman-crash-game\/#breadcrumb\"},\"inLanguage\":\"ro-RO\",\"potentialAction\":[{\"@type\":\"ReadAction\",\"target\":[\"https:\/\/spacemanco.com\/pl\/navigation-and-control-in-the-spaceman-crash-game\/\"]}]},{\"@type\":\"ImageObject\",\"inLanguage\":\"ro-RO\",\"@id\":\"https:\/\/spacemanco.com\/pl\/navigation-and-control-in-the-spaceman-crash-game\/#primaryimage\",\"url\":\"https:\/\/spacemanco.com\/wp-content\/uploads\/Space-man.jpg\",\"contentUrl\":\"https:\/\/spacemanco.com\/wp-content\/uploads\/Space-man.jpg\",\"width\":1600,\"height\":900},{\"@type\":\"BreadcrumbList\",\"@id\":\"https:\/\/spacemanco.com\/pl\/navigation-and-control-in-the-spaceman-crash-game\/#breadcrumb\",\"itemListElement\":[{\"@type\":\"ListItem\",\"position\":1,\"name\":\"Home\",\"item\":\"https:\/\/spacemanco.com\/\"},{\"@type\":\"ListItem\",\"position\":2,\"name\":\"Nawigacja i Kontrola w grze Spaceman Crash\"}]},{\"@type\":\"WebSite\",\"@id\":\"https:\/\/spacemanco.com\/#website\",\"url\":\"https:\/\/spacemanco.com\/\",\"name\":\"Spaceman\",\"description\":\"\",\"publisher\":{\"@id\":\"https:\/\/spacemanco.com\/#organization\"},\"potentialAction\":[{\"@type\":\"SearchAction\",\"target\":{\"@type\":\"EntryPoint\",\"urlTemplate\":\"https:\/\/spacemanco.com\/?s={search_term_string}\"},\"query-input\":{\"@type\":\"PropertyValueSpecification\",\"valueRequired\":true,\"valueName\":\"search_term_string\"}}],\"inLanguage\":\"ro-RO\"},{\"@type\":\"Organization\",\"@id\":\"https:\/\/spacemanco.com\/#organization\",\"name\":\"Spaceman\",\"url\":\"https:\/\/spacemanco.com\/\",\"logo\":{\"@type\":\"ImageObject\",\"inLanguage\":\"ro-RO\",\"@id\":\"https:\/\/spacemanco.com\/#\/schema\/logo\/image\/\",\"url\":\"https:\/\/spacemanco.com\/wp-content\/uploads\/spaceman.png\",\"contentUrl\":\"https:\/\/spacemanco.com\/wp-content\/uploads\/spaceman.png\",\"width\":400,\"height\":229,\"caption\":\"Spaceman\"},\"image\":{\"@id\":\"https:\/\/spacemanco.com\/#\/schema\/logo\/image\/\"}}]}<\/script>\n<!-- \/ Yoast SEO plugin. -->","yoast_head_json":{"title":"Nawigacja w grze Spaceman","description":"Instruc\u021biuni despre cum s\u0103 naviga\u021bi \u00een jocul Spaceman. Ghid pas cu pas. Simboluri \u00een jocul Spaceman, set\u0103ri, gestionarea pariurilor, suport clien\u021bi.","robots":{"index":"index","follow":"follow","max-snippet":"max-snippet:-1","max-image-preview":"max-image-preview:large","max-video-preview":"max-video-preview:-1"},"canonical":"https:\/\/spacemanco.com\/ro\/navigation-and-control-in-the-spaceman-crash-game\/","og_locale":"ro_RO","og_type":"article","og_title":"Nawigacja w grze Spaceman","og_description":"Instrukcje dotycz\u0105ce nawigacji w grze Spaceman. Przewodnik krok po kroku. Symbole w grze Spaceman, ustawienia, zarz\u0105dzanie zak\u0142adami, obs\u0142uga klienta.","og_url":"https:\/\/spacemanco.com\/ro\/navigation-and-control-in-the-spaceman-crash-game\/","og_site_name":"Spaceman","article_modified_time":"2024-03-20T14:25:55+00:00","og_image":[{"width":1600,"height":900,"url":"https:\/\/spacemanco.com\/wp-content\/uploads\/Space-man.jpg","type":"image\/jpeg"}],"twitter_card":"summary_large_image","twitter_misc":{"Timp estimat pentru citire":"21 de minute"},"schema":{"@context":"https:\/\/schema.org","@graph":[{"@type":"WebPage","@id":"https:\/\/spacemanco.com\/pl\/navigation-and-control-in-the-spaceman-crash-game\/","url":"https:\/\/spacemanco.com\/pl\/navigation-and-control-in-the-spaceman-crash-game\/","name":"Nawigacja w grze Spaceman","isPartOf":{"@id":"https:\/\/spacemanco.com\/#website"},"primaryImageOfPage":{"@id":"https:\/\/spacemanco.com\/pl\/navigation-and-control-in-the-spaceman-crash-game\/#primaryimage"},"image":{"@id":"https:\/\/spacemanco.com\/pl\/navigation-and-control-in-the-spaceman-crash-game\/#primaryimage"},"thumbnailUrl":"https:\/\/spacemanco.com\/wp-content\/uploads\/Space-man.jpg","datePublished":"2024-01-30T16:19:59+00:00","dateModified":"2024-03-20T14:25:55+00:00","description":"Instrukcje dotycz\u0105ce nawigacji w grze Spaceman. Przewodnik krok po kroku. Symbole w grze Spaceman, ustawienia, zarz\u0105dzanie zak\u0142adami, obs\u0142uga klienta.","breadcrumb":{"@id":"https:\/\/spacemanco.com\/pl\/navigation-and-control-in-the-spaceman-crash-game\/#breadcrumb"},"inLanguage":"ro-RO","potentialAction":[{"@type":"ReadAction","target":["https:\/\/spacemanco.com\/pl\/navigation-and-control-in-the-spaceman-crash-game\/"]}]},{"@type":"ImageObject","inLanguage":"ro-RO","@id":"https:\/\/spacemanco.com\/pl\/navigation-and-control-in-the-spaceman-crash-game\/#primaryimage","url":"https:\/\/spacemanco.com\/wp-content\/uploads\/Space-man.jpg","contentUrl":"https:\/\/spacemanco.com\/wp-content\/uploads\/Space-man.jpg","width":1600,"height":900},{"@type":"BreadcrumbList","@id":"https:\/\/spacemanco.com\/pl\/navigation-and-control-in-the-spaceman-crash-game\/#breadcrumb","itemListElement":[{"@type":"ListItem","position":1,"name":"Home","item":"https:\/\/spacemanco.com\/"},{"@type":"ListItem","position":2,"name":"Nawigacja i Kontrola w grze Spaceman Crash"}]},{"@type":"WebSite","@id":"https:\/\/spacemanco.com\/#website","url":"https:\/\/spacemanco.com\/","name":"Spaceman","description":"","publisher":{"@id":"https:\/\/spacemanco.com\/#organization"},"potentialAction":[{"@type":"SearchAction","target":{"@type":"EntryPoint","urlTemplate":"https:\/\/spacemanco.com\/?s={search_term_string}"},"query-input":{"@type":"PropertyValueSpecification","valueRequired":true,"valueName":"search_term_string"}}],"inLanguage":"ro-RO"},{"@type":"Organization","@id":"https:\/\/spacemanco.com\/#organization","name":"Spaceman","url":"https:\/\/spacemanco.com\/","logo":{"@type":"ImageObject","inLanguage":"ro-RO","@id":"https:\/\/spacemanco.com\/#\/schema\/logo\/image\/","url":"https:\/\/spacemanco.com\/wp-content\/uploads\/spaceman.png","contentUrl":"https:\/\/spacemanco.com\/wp-content\/uploads\/spaceman.png","width":400,"height":229,"caption":"Spaceman"},"image":{"@id":"https:\/\/spacemanco.com\/#\/schema\/logo\/image\/"}}]}},"_links":{"self":[{"href":"https:\/\/spacemanco.com\/ro\/wp-json\/wp\/v2\/pages\/10","targetHints":{"allow":["GET"]}}],"collection":[{"href":"https:\/\/spacemanco.com\/ro\/wp-json\/wp\/v2\/pages"}],"about":[{"href":"https:\/\/spacemanco.com\/ro\/wp-json\/wp\/v2\/types\/page"}],"author":[{"embeddable":true,"href":"https:\/\/spacemanco.com\/ro\/wp-json\/wp\/v2\/users\/1"}],"replies":[{"embeddable":true,"href":"https:\/\/spacemanco.com\/ro\/wp-json\/wp\/v2\/comments?post=10"}],"version-history":[{"count":26,"href":"https:\/\/spacemanco.com\/ro\/wp-json\/wp\/v2\/pages\/10\/revisions"}],"predecessor-version":[{"id":228,"href":"https:\/\/spacemanco.com\/ro\/wp-json\/wp\/v2\/pages\/10\/revisions\/228"}],"wp:featuredmedia":[{"embeddable":true,"href":"https:\/\/spacemanco.com\/ro\/wp-json\/wp\/v2\/media\/43"}],"wp:attachment":[{"href":"https:\/\/spacemanco.com\/ro\/wp-json\/wp\/v2\/media?parent=10"}],"curies":[{"name":"wp","href":"https:\/\/api.w.org\/{rel}","templated":true}]}}