{"id":12,"date":"2024-01-30T16:21:29","date_gmt":"2024-01-30T16:21:29","guid":{"rendered":"https:\/\/spacemanco.com\/?page_id=12"},"modified":"2024-03-20T14:13:53","modified_gmt":"2024-03-20T14:13:53","slug":"auto-play-in-the-spaceman-crash-game","status":"publish","type":"page","link":"https:\/\/spacemanco.com\/ro\/auto-play-in-the-spaceman-crash-game\/","title":{"rendered":"Auto-play \u00een jocul Spaceman Crash"},"content":{"rendered":"<p><strong style=\"color: #666666; font-size: 1.25rem;\">Avantajele Auto-Play \u00een Spaceman<\/strong><\/p>\n<p>Auto-Play \u00een jocul de c\u0103dere Spaceman ofer\u0103 mai multe avantaje care pot \u00eembog\u0103\u021bi experien\u021ba de joc \u0219i simplifica procesul de participare la joc. Iat\u0103 c\u00e2teva avantaje cheie ale Auto-Play \u00een Spaceman:<\/p>\n<ol>\n<li><strong>Consisten\u021ba pariurilor:<\/strong> Auto-Play permite efectuarea pariurilor automat, asigur\u00e2nd consisten\u021ba \u00een m\u0103rimea pariurilor. Acest lucru poate fi util pentru anumite strategii ale juc\u0103torilor. De exemplu, dac\u0103 un juc\u0103tor \u0219i-a calculat antemerg\u0103tor fondurile, determinarea sumei pariului poate ajuta la prognozarea num\u0103rului de runde \u00een care juc\u0103torul poate participa.<\/li>\n<li><strong>Gestionarea riscului:<\/strong> Prin utilizarea Auto-Play, juc\u0103torii \u00ee\u0219i pot pre-determina strategia de retragere a pariului, ceea ce ajut\u0103 la gestionarea riscurilor \u00een mod mai eficient. De exemplu, cineva poate seta ie\u0219irea automat\u0103 din joc la atingerea unui anumit multiplicator de c\u00e2\u0219tig. Dac\u0103 un juc\u0103tor decide s\u0103 joace pe multiplicatori mici, Auto-Play poate urma cu \u00eencredere aceast\u0103 strategie. Este dificil s\u0103 iei constant decizii despre retragere la, de exemplu, multiplicatorul 1.5x. Auto-Play rezolv\u0103 aceast\u0103 problem\u0103.<\/li>\n<li><strong>Economisirea timpului:<\/strong> Auto-Play permite juc\u0103torilor s\u0103 economiseasc\u0103 timp la fiecare rund\u0103 de joc. Acest lucru este deosebit de util dac\u0103 un juc\u0103tor este ocupat sau dore\u0219te s\u0103 se angajeze \u00een altceva \u00een acela\u0219i timp, cum ar fi vizionarea unei serii sau sp\u0103larea vaselor.<\/li>\n<li><strong>Evitarea deciziilor emo\u021bionale:<\/strong> Auto-Play elimin\u0103 factorul emo\u021bional, care adesea duce la decizii impulsive \u00een timpul jocului. Acest lucru ajut\u0103 la men\u021binerea unei abord\u0103ri obiective \u0219i ra\u021bionale a jocului. De exemplu, dup\u0103 c\u00e2teva pierderi, un juc\u0103tor poate decide s\u0103 urm\u0103reasc\u0103 pierderile \u0219i s\u0103 ia o decizie emo\u021bional\u0103 de a \u00eempinge multiplicatorul la maxim, ceea ce nu poate duce la recuperare, ci \u00een schimb la o alt\u0103 pierdere. Acesta este un exemplu de decizie emo\u021bional\u0103 pe care este recomandabil s\u0103 o evi\u021bi.<\/li>\n<li><strong>Convenien\u021ba pentru \u00eencep\u0103tori:<\/strong> Pentru juc\u0103torii noi care \u00eenc\u0103 nu sunt \u00eencrez\u0103tori \u00een strategiile lor sau nu doresc s\u0103 monitorizeze constant jocul, Auto-Play poate fi o modalitate convenabil\u0103 de a se familiariza cu dinamica jocului. Seta\u021bi Auto-Play la multiplicatorul minim \u0219i observa\u021bi rezultatul.<\/li>\n<li><strong>Selectarea strategiei:<\/strong> Auto-Play permite juc\u0103torilor s\u0103-\u0219i selec\u021bioneze \u00een prealabil strategia bazat\u0103 pe analiza jocurilor \u0219i statisticilor anterioare, ceea ce poate \u00eembun\u0103t\u0103\u021bi eficien\u021ba general\u0103 a jocului \u0219i poate aduce c\u00e2\u0219tigul mult a\u0219teptat.<\/li>\n<li><strong>Prevenirea oboselii:<\/strong> S\u0103 recunoa\u0219tem &#8211; este foarte u\u0219or s\u0103 te sim\u021bi obosit \u00een timpul sesiunilor lungi de joc. Auto-Play ajut\u0103 la prevenirea oboselii \u0219i men\u021binerea concentr\u0103rii. Un juc\u0103tor nu va face gre\u0219eli \u00een luarea deciziilor.<\/li>\n<li><strong>U\u0219urin\u021ba de personalizare:<\/strong> Cele mai multe platforme de jocuri de c\u0103dere ofer\u0103 set\u0103ri intuitive Auto-Play, permi\u021b\u00e2nd juc\u0103torilor s\u0103 le adapteze u\u0219or preferin\u021belor \u0219i strategiilor lor de joc.<\/li>\n<\/ol>\n<p>Este important s\u0103 ne amintim c\u0103 \u00een ciuda acestor avantaje, Auto-Play nu garanteaz\u0103 un c\u00e2\u0219tig \u0219i este, de asemenea, supus riscurilor asociate jocurilor de noroc. Juc\u0103torii ar trebui s\u0103 abordeze utilizarea acestei caracteristici cu pruden\u021b\u0103 \u0219i responsabilitate.<\/p>\n<h2><strong>Activarea caracteristicii Auto-Play<\/strong><\/h2>\n<p>Activarea caracteristicii Auto-Play este u\u0219oar\u0103. Pur \u0219i simplu plasa\u021bi un pariu, activa\u021bi op\u021bional op\u021biunea &#8222;Auto-Cashout&#8221; \u0219i ap\u0103sa\u021bi butonul &#8222;Auto-Play&#8221;. Dup\u0103 aceea, fereastra &#8222;Auto-Play&#8221; va fi deschis\u0103, afi\u0219\u00e2nd toate set\u0103rile pentru lansare. Re\u021bine\u021bi c\u0103 set\u0103rile Auto-Play pot varia \u00een diferite \u021b\u0103ri din cauza cerin\u021belor legislative privind anumite parametri.<\/p>\n<p>\u00cen timp ce fereastra Auto-Play este deschis\u0103, poate fi activat\u0103 \u00een aceea\u0219i rund\u0103 \u00een care a fost lansat\u0103 sau \u00een oricare dintre urm\u0103toarele runde de joc. Num\u0103rul r\u0103mas de runde Auto-Play va fi indicat l\u00e2ng\u0103 butonul &#8222;Editare Auto-Play&#8221;.<\/p>\n<h2><strong>\u00centreb\u0103ri frecvente despre caracteristica Auto-Play \u00een jocul de c\u0103dere Spaceman<\/strong><\/h2>\n<p><strong>Pot schimba m\u0103rimea pariului dup\u0103 activarea Auto-Play \u00een Spaceman?<\/strong><\/p>\n<p>Nu, dup\u0103 activarea modului &#8222;Auto-Play&#8221;, juc\u0103torul nu poate schimba pariu. Pentru a schimba pariul sau alte set\u0103ri, trebuie s\u0103 opri\u021bi Auto-Play.<\/p>\n<p><strong>Cum opresc func\u021bia Auto-Play \u00een Spaceman?<\/strong><\/p>\n<p>Pentru a opri func\u021bia Auto-Play, deschide\u021bi fereastra Auto-Play \u0219i ap\u0103sa\u021bi butonul &#8222;Oprire&#8221;.<\/p>\n<p><strong>Poate func\u021bia Auto-Play \u00een Spaceman s\u0103 se opreasc\u0103 f\u0103r\u0103 consim\u021b\u0103m\u00e2ntul juc\u0103torului?<\/strong><\/p>\n<p>Da, \u00een unele cazuri, Auto-Play se poate opri automat. Acest lucru se va \u00eent\u00e2mpla \u00een unul dintre cele trei cazuri:<\/p>\n<ul>\n<li>Num\u0103rul selectat de runde Auto-Play ajunge la 0. \u00cen acest caz, va ap\u0103rea o notificare corespunz\u0103toare, iar Auto-Play se va opri.<\/li>\n<li>Soldul contului de joc scade la o sum\u0103 insuficient\u0103 pentru urm\u0103torul pariu.<\/li>\n<li>Se \u00eendeplinesc una sau mai multe condi\u021bii de oprire a Auto-Play: soldul scade sau cre\u0219te p\u00e2n\u0103 la o anumit\u0103 limit\u0103, o singur\u0103 victorie dep\u0103\u0219e\u0219te o valoare specificat\u0103.<\/li>\n<\/ul>\n","protected":false},"excerpt":{"rendered":"<p>Avantajele Auto-Play \u00een Spaceman Auto-Play \u00een jocul de c\u0103dere Spaceman ofer\u0103 mai multe avantaje care pot \u00eembog\u0103\u021bi experien\u021ba de joc \u0219i simplifica procesul de participare la joc. Iat\u0103 c\u00e2teva avantaje cheie ale Auto-Play \u00een Spaceman: Consisten\u021ba pariurilor: Auto-Play permite efectuarea pariurilor automat, asigur\u00e2nd consisten\u021ba \u00een m\u0103rimea pariurilor. Acest lucru poate fi util pentru anumite strategii [&hellip;]<\/p>\n","protected":false},"author":1,"featured_media":43,"parent":0,"menu_order":0,"comment_status":"closed","ping_status":"closed","template":"","meta":{"footnotes":""},"class_list":["post-12","page","type-page","status-publish","has-post-thumbnail","hentry"],"yoast_head":"<!-- This site is optimized with the Yoast SEO plugin v27.2 - https:\/\/yoast.com\/product\/yoast-seo-wordpress\/ -->\n<title>Auto Play w grze Spaceman Crash<\/title>\n<meta name=\"description\" content=\"Cum s\u0103 seta\u021bi auto play-ul \u0219i pariurile \u00een mod automat \u00een jocul online Spaceman\" \/>\n<meta name=\"robots\" content=\"index, follow, max-snippet:-1, max-image-preview:large, max-video-preview:-1\" \/>\n<link rel=\"canonical\" href=\"https:\/\/spacemanco.com\/ro\/auto-play-in-the-spaceman-crash-game\/\" \/>\n<meta property=\"og:locale\" content=\"ro_RO\" \/>\n<meta property=\"og:locale:alternate\" content=\"ru_RU\" \/>\n<meta property=\"og:locale:alternate\" content=\"en_US\" \/>\n<meta property=\"og:locale:alternate\" content=\"pt_PT\" \/>\n<meta property=\"og:locale:alternate\" content=\"es_ES\" \/>\n<meta property=\"og:locale:alternate\" content=\"it_IT\" \/>\n<meta property=\"og:locale:alternate\" content=\"fr_FR\" \/>\n<meta property=\"og:locale:alternate\" content=\"de_DE\" \/>\n<meta property=\"og:locale:alternate\" content=\"sr_RS\" \/>\n<meta property=\"og:locale:alternate\" content=\"bg_BG\" \/>\n<meta property=\"og:locale:alternate\" content=\"pl_PL\" \/>\n<meta property=\"og:type\" content=\"article\" \/>\n<meta property=\"og:title\" content=\"Auto Play w grze Spaceman Crash\" \/>\n<meta property=\"og:description\" content=\"Jak ustawi\u0107 auto play i zak\u0142ady w trybie automatycznym w grze online Spaceman\" \/>\n<meta property=\"og:url\" content=\"https:\/\/spacemanco.com\/ro\/auto-play-in-the-spaceman-crash-game\/\" \/>\n<meta property=\"og:site_name\" content=\"Spaceman\" \/>\n<meta property=\"article:modified_time\" content=\"2024-03-20T14:13:53+00:00\" \/>\n<meta property=\"og:image\" content=\"https:\/\/spacemanco.com\/wp-content\/uploads\/Space-man.jpg\" \/>\n\t<meta property=\"og:image:width\" content=\"1600\" \/>\n\t<meta property=\"og:image:height\" content=\"900\" \/>\n\t<meta property=\"og:image:type\" content=\"image\/jpeg\" \/>\n<meta name=\"twitter:card\" content=\"summary_large_image\" \/>\n<meta name=\"twitter:label1\" content=\"Timp estimat pentru citire\" \/>\n\t<meta name=\"twitter:data1\" content=\"31 de minute\" \/>\n<script type=\"application\/ld+json\" class=\"yoast-schema-graph\">{\"@context\":\"https:\/\/schema.org\",\"@graph\":[{\"@type\":\"WebPage\",\"@id\":\"https:\/\/spacemanco.com\/pl\/auto-play-in-the-spaceman-crash-game\/\",\"url\":\"https:\/\/spacemanco.com\/pl\/auto-play-in-the-spaceman-crash-game\/\",\"name\":\"Auto Play w grze Spaceman Crash\",\"isPartOf\":{\"@id\":\"https:\/\/spacemanco.com\/#website\"},\"primaryImageOfPage\":{\"@id\":\"https:\/\/spacemanco.com\/pl\/auto-play-in-the-spaceman-crash-game\/#primaryimage\"},\"image\":{\"@id\":\"https:\/\/spacemanco.com\/pl\/auto-play-in-the-spaceman-crash-game\/#primaryimage\"},\"thumbnailUrl\":\"https:\/\/spacemanco.com\/wp-content\/uploads\/Space-man.jpg\",\"datePublished\":\"2024-01-30T16:21:29+00:00\",\"dateModified\":\"2024-03-20T14:13:53+00:00\",\"description\":\"Jak ustawi\u0107 auto play i zak\u0142ady w trybie automatycznym w grze online Spaceman\",\"breadcrumb\":{\"@id\":\"https:\/\/spacemanco.com\/pl\/auto-play-in-the-spaceman-crash-game\/#breadcrumb\"},\"inLanguage\":\"ro-RO\",\"potentialAction\":[{\"@type\":\"ReadAction\",\"target\":[\"https:\/\/spacemanco.com\/pl\/auto-play-in-the-spaceman-crash-game\/\"]}]},{\"@type\":\"ImageObject\",\"inLanguage\":\"ro-RO\",\"@id\":\"https:\/\/spacemanco.com\/pl\/auto-play-in-the-spaceman-crash-game\/#primaryimage\",\"url\":\"https:\/\/spacemanco.com\/wp-content\/uploads\/Space-man.jpg\",\"contentUrl\":\"https:\/\/spacemanco.com\/wp-content\/uploads\/Space-man.jpg\",\"width\":1600,\"height\":900},{\"@type\":\"BreadcrumbList\",\"@id\":\"https:\/\/spacemanco.com\/pl\/auto-play-in-the-spaceman-crash-game\/#breadcrumb\",\"itemListElement\":[{\"@type\":\"ListItem\",\"position\":1,\"name\":\"Home\",\"item\":\"https:\/\/spacemanco.com\/\"},{\"@type\":\"ListItem\",\"position\":2,\"name\":\"Auto-play w grze Spaceman Crash\"}]},{\"@type\":\"WebSite\",\"@id\":\"https:\/\/spacemanco.com\/#website\",\"url\":\"https:\/\/spacemanco.com\/\",\"name\":\"Spaceman\",\"description\":\"\",\"publisher\":{\"@id\":\"https:\/\/spacemanco.com\/#organization\"},\"potentialAction\":[{\"@type\":\"SearchAction\",\"target\":{\"@type\":\"EntryPoint\",\"urlTemplate\":\"https:\/\/spacemanco.com\/?s={search_term_string}\"},\"query-input\":{\"@type\":\"PropertyValueSpecification\",\"valueRequired\":true,\"valueName\":\"search_term_string\"}}],\"inLanguage\":\"ro-RO\"},{\"@type\":\"Organization\",\"@id\":\"https:\/\/spacemanco.com\/#organization\",\"name\":\"Spaceman\",\"url\":\"https:\/\/spacemanco.com\/\",\"logo\":{\"@type\":\"ImageObject\",\"inLanguage\":\"ro-RO\",\"@id\":\"https:\/\/spacemanco.com\/#\/schema\/logo\/image\/\",\"url\":\"https:\/\/spacemanco.com\/wp-content\/uploads\/spaceman.png\",\"contentUrl\":\"https:\/\/spacemanco.com\/wp-content\/uploads\/spaceman.png\",\"width\":400,\"height\":229,\"caption\":\"Spaceman\"},\"image\":{\"@id\":\"https:\/\/spacemanco.com\/#\/schema\/logo\/image\/\"}}]}<\/script>\n<!-- \/ Yoast SEO plugin. -->","yoast_head_json":{"title":"Auto Play w grze Spaceman Crash","description":"Cum s\u0103 seta\u021bi auto play-ul \u0219i pariurile \u00een mod automat \u00een jocul online Spaceman","robots":{"index":"index","follow":"follow","max-snippet":"max-snippet:-1","max-image-preview":"max-image-preview:large","max-video-preview":"max-video-preview:-1"},"canonical":"https:\/\/spacemanco.com\/ro\/auto-play-in-the-spaceman-crash-game\/","og_locale":"ro_RO","og_type":"article","og_title":"Auto Play w grze Spaceman Crash","og_description":"Jak ustawi\u0107 auto play i zak\u0142ady w trybie automatycznym w grze online Spaceman","og_url":"https:\/\/spacemanco.com\/ro\/auto-play-in-the-spaceman-crash-game\/","og_site_name":"Spaceman","article_modified_time":"2024-03-20T14:13:53+00:00","og_image":[{"width":1600,"height":900,"url":"https:\/\/spacemanco.com\/wp-content\/uploads\/Space-man.jpg","type":"image\/jpeg"}],"twitter_card":"summary_large_image","twitter_misc":{"Timp estimat pentru citire":"31 de minute"},"schema":{"@context":"https:\/\/schema.org","@graph":[{"@type":"WebPage","@id":"https:\/\/spacemanco.com\/pl\/auto-play-in-the-spaceman-crash-game\/","url":"https:\/\/spacemanco.com\/pl\/auto-play-in-the-spaceman-crash-game\/","name":"Auto Play w grze Spaceman Crash","isPartOf":{"@id":"https:\/\/spacemanco.com\/#website"},"primaryImageOfPage":{"@id":"https:\/\/spacemanco.com\/pl\/auto-play-in-the-spaceman-crash-game\/#primaryimage"},"image":{"@id":"https:\/\/spacemanco.com\/pl\/auto-play-in-the-spaceman-crash-game\/#primaryimage"},"thumbnailUrl":"https:\/\/spacemanco.com\/wp-content\/uploads\/Space-man.jpg","datePublished":"2024-01-30T16:21:29+00:00","dateModified":"2024-03-20T14:13:53+00:00","description":"Jak ustawi\u0107 auto play i zak\u0142ady w trybie automatycznym w grze online Spaceman","breadcrumb":{"@id":"https:\/\/spacemanco.com\/pl\/auto-play-in-the-spaceman-crash-game\/#breadcrumb"},"inLanguage":"ro-RO","potentialAction":[{"@type":"ReadAction","target":["https:\/\/spacemanco.com\/pl\/auto-play-in-the-spaceman-crash-game\/"]}]},{"@type":"ImageObject","inLanguage":"ro-RO","@id":"https:\/\/spacemanco.com\/pl\/auto-play-in-the-spaceman-crash-game\/#primaryimage","url":"https:\/\/spacemanco.com\/wp-content\/uploads\/Space-man.jpg","contentUrl":"https:\/\/spacemanco.com\/wp-content\/uploads\/Space-man.jpg","width":1600,"height":900},{"@type":"BreadcrumbList","@id":"https:\/\/spacemanco.com\/pl\/auto-play-in-the-spaceman-crash-game\/#breadcrumb","itemListElement":[{"@type":"ListItem","position":1,"name":"Home","item":"https:\/\/spacemanco.com\/"},{"@type":"ListItem","position":2,"name":"Auto-play w grze Spaceman Crash"}]},{"@type":"WebSite","@id":"https:\/\/spacemanco.com\/#website","url":"https:\/\/spacemanco.com\/","name":"Spaceman","description":"","publisher":{"@id":"https:\/\/spacemanco.com\/#organization"},"potentialAction":[{"@type":"SearchAction","target":{"@type":"EntryPoint","urlTemplate":"https:\/\/spacemanco.com\/?s={search_term_string}"},"query-input":{"@type":"PropertyValueSpecification","valueRequired":true,"valueName":"search_term_string"}}],"inLanguage":"ro-RO"},{"@type":"Organization","@id":"https:\/\/spacemanco.com\/#organization","name":"Spaceman","url":"https:\/\/spacemanco.com\/","logo":{"@type":"ImageObject","inLanguage":"ro-RO","@id":"https:\/\/spacemanco.com\/#\/schema\/logo\/image\/","url":"https:\/\/spacemanco.com\/wp-content\/uploads\/spaceman.png","contentUrl":"https:\/\/spacemanco.com\/wp-content\/uploads\/spaceman.png","width":400,"height":229,"caption":"Spaceman"},"image":{"@id":"https:\/\/spacemanco.com\/#\/schema\/logo\/image\/"}}]}},"_links":{"self":[{"href":"https:\/\/spacemanco.com\/ro\/wp-json\/wp\/v2\/pages\/12","targetHints":{"allow":["GET"]}}],"collection":[{"href":"https:\/\/spacemanco.com\/ro\/wp-json\/wp\/v2\/pages"}],"about":[{"href":"https:\/\/spacemanco.com\/ro\/wp-json\/wp\/v2\/types\/page"}],"author":[{"embeddable":true,"href":"https:\/\/spacemanco.com\/ro\/wp-json\/wp\/v2\/users\/1"}],"replies":[{"embeddable":true,"href":"https:\/\/spacemanco.com\/ro\/wp-json\/wp\/v2\/comments?post=12"}],"version-history":[{"count":24,"href":"https:\/\/spacemanco.com\/ro\/wp-json\/wp\/v2\/pages\/12\/revisions"}],"predecessor-version":[{"id":226,"href":"https:\/\/spacemanco.com\/ro\/wp-json\/wp\/v2\/pages\/12\/revisions\/226"}],"wp:featuredmedia":[{"embeddable":true,"href":"https:\/\/spacemanco.com\/ro\/wp-json\/wp\/v2\/media\/43"}],"wp:attachment":[{"href":"https:\/\/spacemanco.com\/ro\/wp-json\/wp\/v2\/media?parent=12"}],"curies":[{"name":"wp","href":"https:\/\/api.w.org\/{rel}","templated":true}]}}