{"id":18,"date":"2024-01-30T16:58:25","date_gmt":"2024-01-30T16:58:25","guid":{"rendered":"https:\/\/spacemanco.com\/?page_id=18"},"modified":"2024-03-20T14:38:54","modified_gmt":"2024-03-20T14:38:54","slug":"strategies-for-playing-the-spaceman-crash-game","status":"publish","type":"page","link":"https:\/\/spacemanco.com\/ro\/strategies-for-playing-the-spaceman-crash-game\/","title":{"rendered":"Strategii pentru a juca jocul Spaceman Crash"},"content":{"rendered":"<p>Jocurile de tip crash, cum ar fi Spaceman, au c\u00e2\u0219tigat popularitate datorit\u0103 simplit\u0103\u021bii \u0219i dinamicii lor interesante. De\u0219i rezultatele \u00een aceste jocuri depind \u00een mare m\u0103sur\u0103 de noroc, exist\u0103 anumite strategii care pot ajuta juc\u0103torii s\u0103-\u0219i creasc\u0103 \u0219ansele de succes. S\u0103 vedem c\u00e2teva dintre cele mai populare strategii pentru jocul Spaceman.<\/p>\n<h2><strong>Principii Cheie ale Jocului Spaceman<\/strong><\/h2>\n<p>\u00cenainte de a explora strategiile, este important s\u0103 \u00een\u021belegem principiile de baz\u0103 ale jocului crash Spaceman. \u00cen acest joc, juc\u0103torii plaseaz\u0103 pariuri \u0219i urm\u0103resc cum multiplicatorul poten\u021bial al c\u00e2\u0219tigurilor cre\u0219te \u00een timp ce astronautul \u00ee\u0219i continu\u0103 zborul. Obiectivul principal este s\u0103 ie\u0219i\u021bi din joc (s\u0103 lua\u021bi pariul) \u00eenainte de a avea loc o pr\u0103bu\u0219ire. Pe baza acestui lucru, putem formula c\u00e2teva principii de baz\u0103 ale jocului:<\/p>\n<ul>\n<li>Jocul Spaceman se bazeaz\u0103 pe un generator de numere aleatorii, deci este important s\u0103 \u00een\u021belegem c\u0103 rezultatul jocului este imprevizibil.<\/li>\n<li>\u00cen jocul Spaceman crash, juc\u0103torii pot c\u00e2\u0219tiga bani reali.<\/li>\n<li>Este important s\u0103 alege\u021bi o strategie de joc, \u00een\u021beleg\u00e2nd obiectivele \u0219i capacit\u0103\u021bile financiare.<\/li>\n<\/ul>\n<h2><strong>Strategia Multiplicatorului Fix<\/strong><\/h2>\n<p>Aceast\u0103 strategie de joc Spaceman implic\u0103 \u00eentotdeauna ie\u0219irea din joc c\u00e2nd se atinge un anumit multiplicator pre-stabilit. De exemplu, un juc\u0103tor poate lua \u00eentotdeauna pariul c\u00e2nd multiplicatorul ajunge la 2x.<\/p>\n<p>Avantajul acestei strategii const\u0103 \u00een simplitatea \u0219i previzibilitatea sa. Cu aceast\u0103 strategie, pute\u021bi folosi chiar \u0219i func\u021bia de auto-play. Cu toate acestea, nu ia \u00een considerare dinamica fiec\u0103rui tur individual \u0219i poate duce la pierderea unor c\u00e2\u0219tiguri mai mari. Cu toate acestea, este o strategie eficient\u0103 care, atunci c\u00e2nd se alege un multiplicator mic ca fix, poate duce la c\u00e2\u0219tiguri bune.<\/p>\n<h2><strong>Strategia Martingale<\/strong><\/h2>\n<p>Multe s-au spus despre aceast\u0103 strategie de joc. Strategia Martingale implic\u0103 dublarea pariului dup\u0103 fiecare pierdere. Scopul este de a recupera pierderile \u0219i de a ie\u0219i \u00een avantaj cu prima victorie.<\/p>\n<p>Aceast\u0103 strategie poate fi eficient\u0103 pentru recuperarea pierderilor, dar necesit\u0103 un sold semnificativ al contului de joc \u0219i poate fi riscuri, mai ales \u00een jocurile cu volatilitate mare, cum ar fi Spaceman. Mai mult, mul\u021bi juc\u0103tori pot g\u0103si dificil din punct de vedere emo\u021bional s\u0103-\u0219i dubleze pariul dup\u0103 fiecare pierdere.<\/p>\n<h2><strong>Strategia Sc\u0103rii<\/strong><\/h2>\n<p>Strategia Sc\u0103rii este foarte similar\u0103 cu strategia Martingale \u0219i implic\u0103 cre\u0219terea gradual\u0103 a multiplicatorului pentru a ie\u0219i din joc. De exemplu, un juc\u0103tor \u00eencepe cu 1.5x, apoi trece la 2x, \u0219i tot a\u0219a.<\/p>\n<p>Aceast\u0103 strategie permite juc\u0103torilor s\u0103 se adapteze la schimb\u0103rile \u00een dinamica jocului \u0219i poate duce la c\u00e2\u0219tiguri mari. Cu toate acestea, necesit\u0103 r\u0103bdare \u0219i o bun\u0103 \u00een\u021belegere a tendin\u021belor jocului. \u00cen esen\u021b\u0103, juc\u0103torul trebuie s\u0103 fie complet implicat \u00een joc \u00een tot timpul.<\/p>\n<h2><strong>Strategia Ie\u0219irii Timpurii<\/strong><\/h2>\n<p>Strategia implic\u0103 \u00eentotdeauna ie\u0219irea din joc \u00eentr-un stadiu foarte timpuriu, de exemplu, atunci c\u00e2nd multiplicatorul ajunge la 1.1x sau 1.2x.<\/p>\n<p>Aceast\u0103 strategie minimizeaz\u0103 riscurile, dar reduce \u0219i semnificativ c\u00e2\u0219tigurile poten\u021biale. Este potrivit\u0103 pentru cei care prefer\u0103 un venit mic, dar mai stabil. Problema principal\u0103 este<\/p>\n<p>c\u0103 vor exista totu\u0219i runde cu multiplicatori de 1.00 sau 1.01, \u00een care juc\u0103torul este practic incapabil s\u0103 ias\u0103 cu succes din rund\u0103, iar pariul tot va fi pierdut. \u0218i apoi, juc\u00e2nd la multiplicatori mici, vor fi necesare mai multe runde de succes pentru a recupera suma dorit\u0103.<\/p>\n<p>Chiar \u0219i \u00een cadrul unei astfel de strategii, juc\u0103torii fac bani cu succes, cu toate acestea, atunci c\u00e2nd retrag un multiplicator de 1.1 sau 1.2, aceast\u0103 sarcin\u0103 pare mai dificil\u0103.<\/p>\n<h2><strong>Concluzie despre Strategiile Jocului Spaceman<\/strong><\/h2>\n<p>Dup\u0103 cum pute\u021bi vedea, exist\u0103 multe strategii pentru jocul Spaceman. Alegerea strategiei depinde de preferin\u021bele personale ale fiec\u0103rui juc\u0103tor, stilul de joc \u0219i toleran\u021ba la riscuri. Este important s\u0103 re\u021bine\u021bi c\u0103 jocurile crash sunt o form\u0103 de jocuri de noroc \u0219i implic\u0103 \u00eentotdeauna riscul de a pierde bani. Aborda\u021bi jocul responsabil \u0219i bucura\u021bi-v\u0103 de proces!<\/p>\n","protected":false},"excerpt":{"rendered":"<p>Jocurile de tip crash, cum ar fi Spaceman, au c\u00e2\u0219tigat popularitate datorit\u0103 simplit\u0103\u021bii \u0219i dinamicii lor interesante. De\u0219i rezultatele \u00een aceste jocuri depind \u00een mare m\u0103sur\u0103 de noroc, exist\u0103 anumite strategii care pot ajuta juc\u0103torii s\u0103-\u0219i creasc\u0103 \u0219ansele de succes. S\u0103 vedem c\u00e2teva dintre cele mai populare strategii pentru jocul Spaceman. Principii Cheie ale Jocului [&hellip;]<\/p>\n","protected":false},"author":1,"featured_media":43,"parent":0,"menu_order":0,"comment_status":"closed","ping_status":"closed","template":"","meta":{"footnotes":""},"class_list":["post-18","page","type-page","status-publish","has-post-thumbnail","hentry"],"yoast_head":"<!-- This site is optimized with the Yoast SEO plugin v27.2 - https:\/\/yoast.com\/product\/yoast-seo-wordpress\/ -->\n<title>Estrategias y T\u00e1cticas del Juego Spaceman<\/title>\n<meta name=\"description\" content=\"Cum s\u0103 joci \u0219i s\u0103 c\u00e2\u0219tigi bani reali \u00een jocul Spaceman. Cele mai bune strategii \u0219i tactici pentru joc. Cum s\u0103 alegi o strategie pentru a c\u00e2\u0219tiga \u00een Spaceman.\" \/>\n<meta name=\"robots\" content=\"index, follow, max-snippet:-1, max-image-preview:large, max-video-preview:-1\" \/>\n<link rel=\"canonical\" href=\"https:\/\/spacemanco.com\/ro\/strategies-for-playing-the-spaceman-crash-game\/\" \/>\n<meta property=\"og:locale\" content=\"ro_RO\" \/>\n<meta property=\"og:locale:alternate\" content=\"ru_RU\" \/>\n<meta property=\"og:locale:alternate\" content=\"en_US\" \/>\n<meta property=\"og:locale:alternate\" content=\"pt_PT\" \/>\n<meta property=\"og:locale:alternate\" content=\"es_ES\" \/>\n<meta property=\"og:locale:alternate\" content=\"it_IT\" \/>\n<meta property=\"og:locale:alternate\" content=\"fr_FR\" \/>\n<meta property=\"og:locale:alternate\" content=\"de_DE\" \/>\n<meta property=\"og:locale:alternate\" content=\"sr_RS\" \/>\n<meta property=\"og:locale:alternate\" content=\"bg_BG\" \/>\n<meta property=\"og:locale:alternate\" content=\"pl_PL\" \/>\n<meta property=\"og:type\" content=\"article\" \/>\n<meta property=\"og:title\" content=\"Estrategias y T\u00e1cticas del Juego Spaceman\" \/>\n<meta property=\"og:description\" content=\"C\u00f3mo jugar y ganar dinero real en el juego de choque Spaceman. Las mejores estrategias y t\u00e1cticas para el juego. C\u00f3mo elegir una estrategia para ganar en Spaceman.\" \/>\n<meta property=\"og:url\" content=\"https:\/\/spacemanco.com\/ro\/strategies-for-playing-the-spaceman-crash-game\/\" \/>\n<meta property=\"og:site_name\" content=\"Spaceman\" \/>\n<meta property=\"article:modified_time\" content=\"2024-03-20T14:38:54+00:00\" \/>\n<meta property=\"og:image\" content=\"https:\/\/spacemanco.com\/wp-content\/uploads\/Space-man.jpg\" \/>\n\t<meta property=\"og:image:width\" content=\"1600\" \/>\n\t<meta property=\"og:image:height\" content=\"900\" \/>\n\t<meta property=\"og:image:type\" content=\"image\/jpeg\" \/>\n<meta name=\"twitter:card\" content=\"summary_large_image\" \/>\n<meta name=\"twitter:label1\" content=\"Timp estimat pentru citire\" \/>\n\t<meta name=\"twitter:data1\" content=\"28 de minute\" \/>\n<script type=\"application\/ld+json\" class=\"yoast-schema-graph\">{\"@context\":\"https:\/\/schema.org\",\"@graph\":[{\"@type\":\"WebPage\",\"@id\":\"https:\/\/spacemanco.com\/es\/strategies-for-playing-the-spaceman-crash-game\/\",\"url\":\"https:\/\/spacemanco.com\/es\/strategies-for-playing-the-spaceman-crash-game\/\",\"name\":\"Estrategias y T\u00e1cticas del Juego Spaceman\",\"isPartOf\":{\"@id\":\"https:\/\/spacemanco.com\/#website\"},\"primaryImageOfPage\":{\"@id\":\"https:\/\/spacemanco.com\/es\/strategies-for-playing-the-spaceman-crash-game\/#primaryimage\"},\"image\":{\"@id\":\"https:\/\/spacemanco.com\/es\/strategies-for-playing-the-spaceman-crash-game\/#primaryimage\"},\"thumbnailUrl\":\"https:\/\/spacemanco.com\/wp-content\/uploads\/Space-man.jpg\",\"datePublished\":\"2024-01-30T16:58:25+00:00\",\"dateModified\":\"2024-03-20T14:38:54+00:00\",\"description\":\"C\u00f3mo jugar y ganar dinero real en el juego de choque Spaceman. Las mejores estrategias y t\u00e1cticas para el juego. C\u00f3mo elegir una estrategia para ganar en Spaceman.\",\"breadcrumb\":{\"@id\":\"https:\/\/spacemanco.com\/es\/strategies-for-playing-the-spaceman-crash-game\/#breadcrumb\"},\"inLanguage\":\"ro-RO\",\"potentialAction\":[{\"@type\":\"ReadAction\",\"target\":[\"https:\/\/spacemanco.com\/es\/strategies-for-playing-the-spaceman-crash-game\/\"]}]},{\"@type\":\"ImageObject\",\"inLanguage\":\"ro-RO\",\"@id\":\"https:\/\/spacemanco.com\/es\/strategies-for-playing-the-spaceman-crash-game\/#primaryimage\",\"url\":\"https:\/\/spacemanco.com\/wp-content\/uploads\/Space-man.jpg\",\"contentUrl\":\"https:\/\/spacemanco.com\/wp-content\/uploads\/Space-man.jpg\",\"width\":1600,\"height\":900},{\"@type\":\"BreadcrumbList\",\"@id\":\"https:\/\/spacemanco.com\/es\/strategies-for-playing-the-spaceman-crash-game\/#breadcrumb\",\"itemListElement\":[{\"@type\":\"ListItem\",\"position\":1,\"name\":\"Home\",\"item\":\"https:\/\/spacemanco.com\/\"},{\"@type\":\"ListItem\",\"position\":2,\"name\":\"Estrategias para Jugar al Juego Spaceman Crash\"}]},{\"@type\":\"WebSite\",\"@id\":\"https:\/\/spacemanco.com\/#website\",\"url\":\"https:\/\/spacemanco.com\/\",\"name\":\"Spaceman\",\"description\":\"\",\"publisher\":{\"@id\":\"https:\/\/spacemanco.com\/#organization\"},\"potentialAction\":[{\"@type\":\"SearchAction\",\"target\":{\"@type\":\"EntryPoint\",\"urlTemplate\":\"https:\/\/spacemanco.com\/?s={search_term_string}\"},\"query-input\":{\"@type\":\"PropertyValueSpecification\",\"valueRequired\":true,\"valueName\":\"search_term_string\"}}],\"inLanguage\":\"ro-RO\"},{\"@type\":\"Organization\",\"@id\":\"https:\/\/spacemanco.com\/#organization\",\"name\":\"Spaceman\",\"url\":\"https:\/\/spacemanco.com\/\",\"logo\":{\"@type\":\"ImageObject\",\"inLanguage\":\"ro-RO\",\"@id\":\"https:\/\/spacemanco.com\/#\/schema\/logo\/image\/\",\"url\":\"https:\/\/spacemanco.com\/wp-content\/uploads\/spaceman.png\",\"contentUrl\":\"https:\/\/spacemanco.com\/wp-content\/uploads\/spaceman.png\",\"width\":400,\"height\":229,\"caption\":\"Spaceman\"},\"image\":{\"@id\":\"https:\/\/spacemanco.com\/#\/schema\/logo\/image\/\"}}]}<\/script>\n<!-- \/ Yoast SEO plugin. -->","yoast_head_json":{"title":"Estrategias y T\u00e1cticas del Juego Spaceman","description":"Cum s\u0103 joci \u0219i s\u0103 c\u00e2\u0219tigi bani reali \u00een jocul Spaceman. Cele mai bune strategii \u0219i tactici pentru joc. Cum s\u0103 alegi o strategie pentru a c\u00e2\u0219tiga \u00een Spaceman.","robots":{"index":"index","follow":"follow","max-snippet":"max-snippet:-1","max-image-preview":"max-image-preview:large","max-video-preview":"max-video-preview:-1"},"canonical":"https:\/\/spacemanco.com\/ro\/strategies-for-playing-the-spaceman-crash-game\/","og_locale":"ro_RO","og_type":"article","og_title":"Estrategias y T\u00e1cticas del Juego Spaceman","og_description":"C\u00f3mo jugar y ganar dinero real en el juego de choque Spaceman. Las mejores estrategias y t\u00e1cticas para el juego. C\u00f3mo elegir una estrategia para ganar en Spaceman.","og_url":"https:\/\/spacemanco.com\/ro\/strategies-for-playing-the-spaceman-crash-game\/","og_site_name":"Spaceman","article_modified_time":"2024-03-20T14:38:54+00:00","og_image":[{"width":1600,"height":900,"url":"https:\/\/spacemanco.com\/wp-content\/uploads\/Space-man.jpg","type":"image\/jpeg"}],"twitter_card":"summary_large_image","twitter_misc":{"Timp estimat pentru citire":"28 de minute"},"schema":{"@context":"https:\/\/schema.org","@graph":[{"@type":"WebPage","@id":"https:\/\/spacemanco.com\/es\/strategies-for-playing-the-spaceman-crash-game\/","url":"https:\/\/spacemanco.com\/es\/strategies-for-playing-the-spaceman-crash-game\/","name":"Estrategias y T\u00e1cticas del Juego Spaceman","isPartOf":{"@id":"https:\/\/spacemanco.com\/#website"},"primaryImageOfPage":{"@id":"https:\/\/spacemanco.com\/es\/strategies-for-playing-the-spaceman-crash-game\/#primaryimage"},"image":{"@id":"https:\/\/spacemanco.com\/es\/strategies-for-playing-the-spaceman-crash-game\/#primaryimage"},"thumbnailUrl":"https:\/\/spacemanco.com\/wp-content\/uploads\/Space-man.jpg","datePublished":"2024-01-30T16:58:25+00:00","dateModified":"2024-03-20T14:38:54+00:00","description":"C\u00f3mo jugar y ganar dinero real en el juego de choque Spaceman. Las mejores estrategias y t\u00e1cticas para el juego. C\u00f3mo elegir una estrategia para ganar en Spaceman.","breadcrumb":{"@id":"https:\/\/spacemanco.com\/es\/strategies-for-playing-the-spaceman-crash-game\/#breadcrumb"},"inLanguage":"ro-RO","potentialAction":[{"@type":"ReadAction","target":["https:\/\/spacemanco.com\/es\/strategies-for-playing-the-spaceman-crash-game\/"]}]},{"@type":"ImageObject","inLanguage":"ro-RO","@id":"https:\/\/spacemanco.com\/es\/strategies-for-playing-the-spaceman-crash-game\/#primaryimage","url":"https:\/\/spacemanco.com\/wp-content\/uploads\/Space-man.jpg","contentUrl":"https:\/\/spacemanco.com\/wp-content\/uploads\/Space-man.jpg","width":1600,"height":900},{"@type":"BreadcrumbList","@id":"https:\/\/spacemanco.com\/es\/strategies-for-playing-the-spaceman-crash-game\/#breadcrumb","itemListElement":[{"@type":"ListItem","position":1,"name":"Home","item":"https:\/\/spacemanco.com\/"},{"@type":"ListItem","position":2,"name":"Estrategias para Jugar al Juego Spaceman Crash"}]},{"@type":"WebSite","@id":"https:\/\/spacemanco.com\/#website","url":"https:\/\/spacemanco.com\/","name":"Spaceman","description":"","publisher":{"@id":"https:\/\/spacemanco.com\/#organization"},"potentialAction":[{"@type":"SearchAction","target":{"@type":"EntryPoint","urlTemplate":"https:\/\/spacemanco.com\/?s={search_term_string}"},"query-input":{"@type":"PropertyValueSpecification","valueRequired":true,"valueName":"search_term_string"}}],"inLanguage":"ro-RO"},{"@type":"Organization","@id":"https:\/\/spacemanco.com\/#organization","name":"Spaceman","url":"https:\/\/spacemanco.com\/","logo":{"@type":"ImageObject","inLanguage":"ro-RO","@id":"https:\/\/spacemanco.com\/#\/schema\/logo\/image\/","url":"https:\/\/spacemanco.com\/wp-content\/uploads\/spaceman.png","contentUrl":"https:\/\/spacemanco.com\/wp-content\/uploads\/spaceman.png","width":400,"height":229,"caption":"Spaceman"},"image":{"@id":"https:\/\/spacemanco.com\/#\/schema\/logo\/image\/"}}]}},"_links":{"self":[{"href":"https:\/\/spacemanco.com\/ro\/wp-json\/wp\/v2\/pages\/18","targetHints":{"allow":["GET"]}}],"collection":[{"href":"https:\/\/spacemanco.com\/ro\/wp-json\/wp\/v2\/pages"}],"about":[{"href":"https:\/\/spacemanco.com\/ro\/wp-json\/wp\/v2\/types\/page"}],"author":[{"embeddable":true,"href":"https:\/\/spacemanco.com\/ro\/wp-json\/wp\/v2\/users\/1"}],"replies":[{"embeddable":true,"href":"https:\/\/spacemanco.com\/ro\/wp-json\/wp\/v2\/comments?post=18"}],"version-history":[{"count":24,"href":"https:\/\/spacemanco.com\/ro\/wp-json\/wp\/v2\/pages\/18\/revisions"}],"predecessor-version":[{"id":231,"href":"https:\/\/spacemanco.com\/ro\/wp-json\/wp\/v2\/pages\/18\/revisions\/231"}],"wp:featuredmedia":[{"embeddable":true,"href":"https:\/\/spacemanco.com\/ro\/wp-json\/wp\/v2\/media\/43"}],"wp:attachment":[{"href":"https:\/\/spacemanco.com\/ro\/wp-json\/wp\/v2\/media?parent=18"}],"curies":[{"name":"wp","href":"https:\/\/api.w.org\/{rel}","templated":true}]}}