{"id":8,"date":"2024-01-30T16:17:42","date_gmt":"2024-01-30T16:17:42","guid":{"rendered":"https:\/\/spacemanco.com\/?page_id=8"},"modified":"2024-04-16T01:42:41","modified_gmt":"2024-04-16T01:42:41","slug":"the-spaceman-crash-game","status":"publish","type":"page","link":"https:\/\/spacemanco.com\/ro\/","title":{"rendered":"Jocul Spaceman Crash"},"content":{"rendered":"<h1><strong>Jocul Spaceman Crash<\/strong><\/h1>\n<p>Jocul Spaceman este un joc online de pr\u0103bu\u0219ire multiplayer \u00een care fiecare lansare este o nou\u0103 aventur\u0103! Spaceman a fost \u00eentotdeauna o experien\u021b\u0103 unic\u0103 \u00een lumea jocurilor de pr\u0103bu\u0219ire, unde intui\u021bia \u0219i hot\u0103r\u00e2rea unui juc\u0103tor pot duce la c\u00e2\u0219tiguri uimitoare. Aminte\u0219te-\u021bi, fiecare zbor este unic, iar juc\u0103torul decide c\u00e2nd este momentul s\u0103 apese butonul &#8222;Retragere&#8221; \u0219i s\u0103 scoat\u0103 banii.<\/p>\n<h2><strong>Regulile jocului<\/strong><\/h2>\n<p>Jocul Spaceman se \u00eenv\u00e2rte \u00een jurul cre\u0219terii multiplicatorului, care \u00eencepe de la 1.00 \u0219i cre\u0219te pe m\u0103sur\u0103 ce spacemanul \u00een costum spa\u021bial zboar\u0103, ajung\u00e2nd la o valoare aleatorie determinat\u0103 de generatorul de numere aleatorii.<\/p>\n<p>Scopul jocului Spaceman, la fel ca \u00een orice alt joc de pr\u0103bu\u0219ire, este s\u0103 retragi pariul \u00eenainte de pr\u0103bu\u0219ire, c\u00e2nd suma c\u00e2\u0219tigului este egal\u0103 cu m\u0103rimea pariului \u00eenmul\u021bit\u0103 cu coeficientul la momentul retragerii.<\/p>\n<p>Dup\u0103 ce plasezi un pariu, a\u0219teapt\u0103 ca jocul s\u0103 \u00eenceap\u0103. C\u00e2nd se \u00eencheie perioada de pariere, vei vedea un multiplicator cu o valoare de 1.00. Aceasta este valoarea de pornire, dup\u0103 care multiplicatorul \u00eencepe s\u0103 creasc\u0103. Ini\u021bial, multiplicatorul cre\u0219te \u00eencet pentru a influen\u021ba juc\u0103torii care se tem s\u0103 piard\u0103 \u0219i s\u0103 retrag\u0103 la acest punct. Cu toate acestea, treptat, multiplicatorul cre\u0219te din ce \u00een ce mai rapid.<\/p>\n<p>Cu c\u00e2t un juc\u0103tor solicit\u0103 mai t\u00e2rziu o plat\u0103, cu at\u00e2t c\u00e2\u0219tigul va fi mai mare datorit\u0103 coeficientului mare care va atinge o valoare ridicat\u0103 p\u00e2n\u0103 atunci. Este important s\u0103 retragi banii \u00eenainte de pr\u0103bu\u0219ire, deoarece dup\u0103 aceea, orice sum\u0103 de pariu neextras\u0103 p\u00e2n\u0103 atunci se va pierde.<\/p>\n<h2><strong>Cum s\u0103 plasezi pariuri \u00een jocul Spaceman<\/strong><\/h2>\n<p>Pentru a \u00eencepe, juc\u0103torul trebuie s\u0103 selecteze suma pariului \u0219i s\u0103 o confirme ap\u0103s\u00e2nd butonul &#8222;Confirmare pariu&#8221;. Cu toate acestea, chiar \u0219i dup\u0103 plasarea unui pariu, juc\u0103torul poate s\u0103-l anuleze sau s\u0103-l schimbe. Acest lucru se poate face p\u00e2n\u0103 c\u00e2nd mesajul &#8222;Urm\u0103toarea rund\u0103 \u00een&#8230;&#8221; sau &#8222;A\u0219tepta\u021bi pentru urm\u0103toarea rund\u0103&#8221; este afi\u0219at pe ecran. Dar dac\u0103 vezi mesajul &#8222;Pariuri plasate&#8221; pe ecran, atunci posibilitatea de a schimba sau anula pariul este deja \u00eenchis\u0103.<\/p>\n<h3><strong>Caracteristici ale jocului Spaceman <\/strong><\/h3>\n<ul>\n<li>Retragerea par\u021bial\u0103 a c\u00e2\u0219tigurilor este posibil\u0103. Ini\u021bial, po\u021bi retrage jum\u0103tate din valoarea pariului, iar restul mai t\u00e2rziu.<\/li>\n<li>Unele pr\u0103bu\u0219iri sunt posibile la un multiplicator de 1.00. \u00cen acest caz, juc\u0103torul probabil nu va putea s\u0103 retrag\u0103 pariul, ceea ce \u00eenseamn\u0103 c\u0103 toate pariurile f\u0103cute \u00eentr-o astfel de rund\u0103 vor fi pierdute.<\/li>\n<\/ul>\n<h2><strong>Motivele popularit\u0103\u021bii <\/strong><\/h2>\n<h3><strong>Excitare unic\u0103<\/strong><\/h3>\n<p>Spaceman se remarc\u0103 printre jocurile de pr\u0103bu\u0219ire cu tema sa unic\u0103 \u0219i dinamica sa. Tema spa\u021bial\u0103 \u0219i capacitatea de a vedea c\u00e2\u0219tigul cre\u0219te \u00een timp real creeaz\u0103 o excitare f\u0103r\u0103 precedent.<\/p>\n<h3><strong>Comunitatea juc\u0103torilor<\/strong><\/h3>\n<p>Datorit\u0103 unei comunit\u0103\u021bi active de juc\u0103tori care \u00eemp\u0103rt\u0103\u0219esc strategii \u0219i experien\u021be, noii membri se al\u0103tur\u0103 rapid jocului \u0219i \u00eencep s\u0103 se bucure de el.<\/p>\n<h3><strong>Determinarea momentului potrivit pentru retragerea banilor<\/strong><\/h3>\n<p>Unul dintre aspectele cheie ale succesului \u00een Spaceman este capacitatea de a determina c\u00e2nd este momentul s\u0103 \u00ee\u021bi iei c\u00e2\u0219tigul. Acest lucru poate depinde de multe factori, inclusiv de strategia personal\u0103 de gestionare a riscului \u0219i de observarea zborurilor anterioare.<\/p>\n<h3><strong>Dezvoltarea propriei strategii<\/strong><\/h3>\n<p>Recomand\u0103m s\u0103 \u00eencepi cu mici pariuri \u0219i s\u0103 le cre\u0219ti treptat pe m\u0103sur\u0103 ce \u00ee\u021bi c\u00e2\u0219tigi \u00eencrederea \u00een deciziile tale. De asemenea, este important s\u0103 stabile\u0219ti limite pentru pierderi \u0219i c\u00e2\u0219tiguri pentru fiecare sesiune de joc.<\/p>\n<h3><strong>Joac\u0103 gratuit Versiune de \u00eencercare<\/strong><\/h3>\n<p>Pentru \u00eencep\u0103tori, oferim s\u0103 \u00eencepe\u021bi cu versiunea de \u00eencercare a jocului Spaceman. Acesta este un mod excelent de a te familiariza cu jocul f\u0103r\u0103 a risca bani reali.<\/p>\n<h3><strong>Trecerea la pariuri reale<\/strong><\/h3>\n<p>C\u00e2nd e\u0219ti preg\u0103tit, este u\u0219or s\u0103 treci la jocul pentru bani reali. \u00cencepe cu mici pariuri pentru a te obi\u0219nui treptat cu dinamica jocului.<\/p>\n<h3><strong>Siguran\u021ba \u0219i jocul responsabil<\/strong><\/h3>\n<p>Divertisment prin joc responsabil<\/p>\n<p>\u00cendemn\u0103m to\u021bi juc\u0103torii s\u0103 abordeze jocul responsabil&#8230;<\/p>\n<h3><strong>Protec\u021bia juc\u0103torilor<\/strong><\/h3>\n<p>Platforma noastr\u0103 asigur\u0103 conformitatea cu toate m\u0103surile de securitate&#8230;<\/p>\n<h3><strong>Grafic\u0103 \u0219i sunet<\/strong><\/h3>\n<p>\u00cenfrunte-te \u00een spa\u021biu<\/p>\n<p>Bucur\u0103-te de grafic\u0103 de \u00eenalt\u0103 calitate \u0219i efecte sonore captivante&#8230;<\/p>\n<h3><strong>Recenziile juc\u0103torilor<\/strong><\/h3>\n<p>Pove\u0219ti de succes<\/p>\n<p>Cite\u0219te recenziile juc\u0103torilor no\u0219tri care \u00ee\u0219i \u00eemp\u0103rt\u0103\u0219esc pove\u0219tile c\u0103l\u0103toriilor captivante&#8230;<\/p>\n<h2><strong>\u00centreb\u0103ri frecvente (FAQ)<\/strong><\/h2>\n<p><strong>Care este c\u00e2\u0219tigul maxim \u00een jocul Spaceman?<\/strong><\/p>\n<p>C\u00e2\u0219tigul maxim \u00een jocul Spaceman este determinat de m\u0103rimea pariului juc\u0103torului \u00eenmul\u021bit\u0103 cu multiplicatorul la momentul retragerii. Cu toate acestea, regulile jocului stipuleaz\u0103 c\u0103 c\u00e2\u0219tigul nu poate dep\u0103\u0219i 500.000 de euro.<\/p>\n<p><strong>Care este multiplicatorul maxim \u00een jocul Spaceman?<\/strong><\/p>\n<p>Multiplicatorul maxim \u00een jocul Spaceman ajunge la 5000x. \u00cen acest caz, jocul se opre\u0219te automat, iar to\u021bi juc\u0103torii r\u0103ma\u0219i \u00een joc \u00een acel moment primesc automat o c\u00e2\u0219tig la contul lor de joc.<\/p>\n<p><strong>Este adev\u0103rat c\u0103 \u00een jocul Spaceman po\u021bi retrage 50% din valoarea pariului?<\/strong><\/p>\n<p>Da, este adev\u0103rat. \u00cen momentul retragerii pariului, juc\u0103torul poate alege s\u0103 retrag\u0103 100% din valoarea pariului sau s\u0103 retrag\u0103 50%.<\/p>\n<p><strong>Are jocul Spaceman o func\u021bie de autoplay?<\/strong><\/p>\n<p>Da, jocul Spaceman are o func\u021bie de autoplay, care \u00ee\u021bi permite s\u0103 repe\u021bi pariul pentru num\u0103rul selectat de runde.<\/p>\n<p><strong>Unde pot vedea cele mai recente rezultate \u00een jocul Spaceman?<\/strong><\/p>\n<p>Cele mai recente runde ale jocului Spaceman pot fi vizualizate \u00een partea de jos a ecranului.<\/p>\n<p><strong>Ce este clasamentul \u00een jocul Spaceman?<\/strong><\/p>\n<p>Clasamentul \u00een jocul Spaceman este o list\u0103 actualizat\u0103 dinamic a juc\u0103torilor care au plasat pariuri \u00een runda curent\u0103 a jocului, sumele pariurilor \u0219i multiplicatorii la care juc\u0103torii au retras pariurile lor.<\/p>\n<p><strong>Pot fi deciziile despre pariuri \u00een jocul Spaceman bazate pe clasament?<\/strong><\/p>\n<p>Acest clasament este informativ. \u00cen alte cuvinte, informa\u021biile prezentate \u00een el pot fi luate \u00een considerare, dar nu reprezint\u0103 \u00een niciun caz o garan\u021bie de c\u00e2\u0219tig.<\/p>\n<h3><strong>\u00centreb\u0103ri despre strategii<\/strong><\/h3>\n<p>Afl\u0103 ce strategii folosesc al\u021bi juc\u0103tori \u0219i cum abordeaz\u0103 ei jocul.<\/p>\n<h3><strong>\u00centreb\u0103ri despre securitate<\/strong><\/h3>\n<p>Aici vei g\u0103si r\u0103spunsuri la \u00eentreb\u0103rile tale despre m\u0103surile de securitate \u0219i modul \u00een care ne protej\u0103m confiden\u021bialitatea \u0219i fondurile.<\/p>\n<h3><strong>Informa\u021bii de contact<\/strong><\/h3>\n<p>Contacteaz\u0103-ne<\/p>\n<p>Dac\u0103 ai \u00eentreb\u0103ri sau sugestii, echipa noastr\u0103 de suport este \u00eentotdeauna gata s\u0103 te ajute&#8230;<\/p>\n","protected":false},"excerpt":{"rendered":"<p>Jocul Spaceman Crash Jocul Spaceman este un joc online de pr\u0103bu\u0219ire multiplayer \u00een care fiecare lansare este o nou\u0103 aventur\u0103! Spaceman a fost \u00eentotdeauna o experien\u021b\u0103 unic\u0103 \u00een lumea jocurilor de pr\u0103bu\u0219ire, unde intui\u021bia \u0219i hot\u0103r\u00e2rea unui juc\u0103tor pot duce la c\u00e2\u0219tiguri uimitoare. Aminte\u0219te-\u021bi, fiecare zbor este unic, iar juc\u0103torul decide c\u00e2nd este momentul s\u0103 [&hellip;]<\/p>\n","protected":false},"author":1,"featured_media":0,"parent":0,"menu_order":0,"comment_status":"closed","ping_status":"closed","template":"page-template\/front-page.php","meta":{"footnotes":""},"class_list":["post-8","page","type-page","status-publish","hentry"],"yoast_head":"<!-- This site is optimized with the Yoast SEO plugin v27.2 - https:\/\/yoast.com\/product\/yoast-seo-wordpress\/ -->\n<title>\u0418\u0433\u0440\u0430\u0442\u044c \u0432 \u043e\u043d\u043b\u0430\u0439\u043d \u0438\u0433\u0440\u0443 Spaceman \u0432 \u043e\u043d\u043b\u0430\u0439\u043d \u043a\u0430\u0437\u0438\u043d\u043e<\/title>\n<meta name=\"description\" content=\"Juca\u021bi pentru bani reali \u00een jocul de pr\u0103bu\u0219ire Spaceman la cele mai bune cazinouri online. Juca\u021bi \u0219i c\u00e2\u0219tiga\u021bi acum.\" \/>\n<meta name=\"robots\" content=\"index, follow, max-snippet:-1, max-image-preview:large, max-video-preview:-1\" \/>\n<link rel=\"canonical\" href=\"https:\/\/spacemanco.com\/ro\/\" \/>\n<meta property=\"og:locale\" content=\"ro_RO\" \/>\n<meta property=\"og:locale:alternate\" content=\"ru_RU\" \/>\n<meta property=\"og:locale:alternate\" content=\"en_US\" \/>\n<meta property=\"og:locale:alternate\" content=\"pt_PT\" \/>\n<meta property=\"og:locale:alternate\" content=\"es_ES\" \/>\n<meta property=\"og:locale:alternate\" content=\"it_IT\" \/>\n<meta property=\"og:locale:alternate\" content=\"fr_FR\" \/>\n<meta property=\"og:locale:alternate\" content=\"de_DE\" \/>\n<meta property=\"og:locale:alternate\" content=\"sr_RS\" \/>\n<meta property=\"og:locale:alternate\" content=\"bg_BG\" \/>\n<meta property=\"og:locale:alternate\" content=\"pl_PL\" \/>\n<meta property=\"og:type\" content=\"article\" \/>\n<meta property=\"og:title\" content=\"\u0418\u0433\u0440\u0430\u0442\u044c \u0432 \u043e\u043d\u043b\u0430\u0439\u043d \u0438\u0433\u0440\u0443 Spaceman \u0432 \u043e\u043d\u043b\u0430\u0439\u043d \u043a\u0430\u0437\u0438\u043d\u043e\" \/>\n<meta property=\"og:description\" content=\"\u0418\u0433\u0440\u0430\u0442\u044c \u043d\u0430 \u0440\u0435\u0430\u043b\u044c\u043d\u044b\u0435 \u0434\u0435\u043d\u044c\u0433\u0438 \u0432 \u043a\u0440\u0430\u0448 \u0438\u0433\u0440\u0443 Spaceman \u0432 \u043b\u0443\u0447\u0448\u0438\u0445 \u043e\u043d\u043b\u0430\u0439\u043d \u043a\u0430\u0437\u0438\u043d\u043e. \u0418\u0433\u0440\u0430\u0442\u044c \u0438 \u0432\u044b\u0438\u0433\u0440\u044b\u0432\u0430\u0442\u044c \u0443\u0436\u0435 \u0441\u0435\u0439\u0447\u0430\u0441.\" \/>\n<meta property=\"og:url\" content=\"https:\/\/spacemanco.com\/ro\/\" \/>\n<meta property=\"og:site_name\" content=\"Spaceman\" \/>\n<meta property=\"article:modified_time\" content=\"2024-04-16T01:42:41+00:00\" \/>\n<meta name=\"twitter:card\" content=\"summary_large_image\" \/>\n<meta name=\"twitter:label1\" content=\"Timp estimat pentru citire\" \/>\n\t<meta name=\"twitter:data1\" content=\"42 de minute\" \/>\n<script type=\"application\/ld+json\" class=\"yoast-schema-graph\">{\"@context\":\"https:\/\/schema.org\",\"@graph\":[{\"@type\":\"WebPage\",\"@id\":\"https:\/\/spacemanco.com\/\",\"url\":\"https:\/\/spacemanco.com\/\",\"name\":\"\u0418\u0433\u0440\u0430\u0442\u044c \u0432 \u043e\u043d\u043b\u0430\u0439\u043d \u0438\u0433\u0440\u0443 Spaceman \u0432 \u043e\u043d\u043b\u0430\u0439\u043d \u043a\u0430\u0437\u0438\u043d\u043e\",\"isPartOf\":{\"@id\":\"https:\/\/spacemanco.com\/#website\"},\"datePublished\":\"2024-01-30T16:17:42+00:00\",\"dateModified\":\"2024-04-16T01:42:41+00:00\",\"description\":\"\u0418\u0433\u0440\u0430\u0442\u044c \u043d\u0430 \u0440\u0435\u0430\u043b\u044c\u043d\u044b\u0435 \u0434\u0435\u043d\u044c\u0433\u0438 \u0432 \u043a\u0440\u0430\u0448 \u0438\u0433\u0440\u0443 Spaceman \u0432 \u043b\u0443\u0447\u0448\u0438\u0445 \u043e\u043d\u043b\u0430\u0439\u043d \u043a\u0430\u0437\u0438\u043d\u043e. \u0418\u0433\u0440\u0430\u0442\u044c \u0438 \u0432\u044b\u0438\u0433\u0440\u044b\u0432\u0430\u0442\u044c \u0443\u0436\u0435 \u0441\u0435\u0439\u0447\u0430\u0441.\",\"breadcrumb\":{\"@id\":\"https:\/\/spacemanco.com\/#breadcrumb\"},\"inLanguage\":\"ro-RO\",\"potentialAction\":[{\"@type\":\"ReadAction\",\"target\":[\"https:\/\/spacemanco.com\/\"]}]},{\"@type\":\"BreadcrumbList\",\"@id\":\"https:\/\/spacemanco.com\/#breadcrumb\",\"itemListElement\":[{\"@type\":\"ListItem\",\"position\":1,\"name\":\"Home\",\"item\":\"https:\/\/spacemanco.com\/\"},{\"@type\":\"ListItem\",\"position\":2,\"name\":\"\u041a\u0440\u0430\u0448 \u0438\u0433\u0440\u0430 Spaceman\"}]},{\"@type\":\"WebSite\",\"@id\":\"https:\/\/spacemanco.com\/#website\",\"url\":\"https:\/\/spacemanco.com\/\",\"name\":\"Spaceman\",\"description\":\"\",\"publisher\":{\"@id\":\"https:\/\/spacemanco.com\/#organization\"},\"potentialAction\":[{\"@type\":\"SearchAction\",\"target\":{\"@type\":\"EntryPoint\",\"urlTemplate\":\"https:\/\/spacemanco.com\/?s={search_term_string}\"},\"query-input\":{\"@type\":\"PropertyValueSpecification\",\"valueRequired\":true,\"valueName\":\"search_term_string\"}}],\"inLanguage\":\"ro-RO\"},{\"@type\":\"Organization\",\"@id\":\"https:\/\/spacemanco.com\/#organization\",\"name\":\"Spaceman\",\"url\":\"https:\/\/spacemanco.com\/\",\"logo\":{\"@type\":\"ImageObject\",\"inLanguage\":\"ro-RO\",\"@id\":\"https:\/\/spacemanco.com\/#\/schema\/logo\/image\/\",\"url\":\"https:\/\/spacemanco.com\/wp-content\/uploads\/spaceman.png\",\"contentUrl\":\"https:\/\/spacemanco.com\/wp-content\/uploads\/spaceman.png\",\"width\":400,\"height\":229,\"caption\":\"Spaceman\"},\"image\":{\"@id\":\"https:\/\/spacemanco.com\/#\/schema\/logo\/image\/\"}}]}<\/script>\n<!-- \/ Yoast SEO plugin. -->","yoast_head_json":{"title":"\u0418\u0433\u0440\u0430\u0442\u044c \u0432 \u043e\u043d\u043b\u0430\u0439\u043d \u0438\u0433\u0440\u0443 Spaceman \u0432 \u043e\u043d\u043b\u0430\u0439\u043d \u043a\u0430\u0437\u0438\u043d\u043e","description":"Juca\u021bi pentru bani reali \u00een jocul de pr\u0103bu\u0219ire Spaceman la cele mai bune cazinouri online. Juca\u021bi \u0219i c\u00e2\u0219tiga\u021bi acum.","robots":{"index":"index","follow":"follow","max-snippet":"max-snippet:-1","max-image-preview":"max-image-preview:large","max-video-preview":"max-video-preview:-1"},"canonical":"https:\/\/spacemanco.com\/ro\/","og_locale":"ro_RO","og_type":"article","og_title":"\u0418\u0433\u0440\u0430\u0442\u044c \u0432 \u043e\u043d\u043b\u0430\u0439\u043d \u0438\u0433\u0440\u0443 Spaceman \u0432 \u043e\u043d\u043b\u0430\u0439\u043d \u043a\u0430\u0437\u0438\u043d\u043e","og_description":"\u0418\u0433\u0440\u0430\u0442\u044c \u043d\u0430 \u0440\u0435\u0430\u043b\u044c\u043d\u044b\u0435 \u0434\u0435\u043d\u044c\u0433\u0438 \u0432 \u043a\u0440\u0430\u0448 \u0438\u0433\u0440\u0443 Spaceman \u0432 \u043b\u0443\u0447\u0448\u0438\u0445 \u043e\u043d\u043b\u0430\u0439\u043d \u043a\u0430\u0437\u0438\u043d\u043e. \u0418\u0433\u0440\u0430\u0442\u044c \u0438 \u0432\u044b\u0438\u0433\u0440\u044b\u0432\u0430\u0442\u044c \u0443\u0436\u0435 \u0441\u0435\u0439\u0447\u0430\u0441.","og_url":"https:\/\/spacemanco.com\/ro\/","og_site_name":"Spaceman","article_modified_time":"2024-04-16T01:42:41+00:00","twitter_card":"summary_large_image","twitter_misc":{"Timp estimat pentru citire":"42 de minute"},"schema":{"@context":"https:\/\/schema.org","@graph":[{"@type":"WebPage","@id":"https:\/\/spacemanco.com\/","url":"https:\/\/spacemanco.com\/","name":"\u0418\u0433\u0440\u0430\u0442\u044c \u0432 \u043e\u043d\u043b\u0430\u0439\u043d \u0438\u0433\u0440\u0443 Spaceman \u0432 \u043e\u043d\u043b\u0430\u0439\u043d \u043a\u0430\u0437\u0438\u043d\u043e","isPartOf":{"@id":"https:\/\/spacemanco.com\/#website"},"datePublished":"2024-01-30T16:17:42+00:00","dateModified":"2024-04-16T01:42:41+00:00","description":"\u0418\u0433\u0440\u0430\u0442\u044c \u043d\u0430 \u0440\u0435\u0430\u043b\u044c\u043d\u044b\u0435 \u0434\u0435\u043d\u044c\u0433\u0438 \u0432 \u043a\u0440\u0430\u0448 \u0438\u0433\u0440\u0443 Spaceman \u0432 \u043b\u0443\u0447\u0448\u0438\u0445 \u043e\u043d\u043b\u0430\u0439\u043d \u043a\u0430\u0437\u0438\u043d\u043e. \u0418\u0433\u0440\u0430\u0442\u044c \u0438 \u0432\u044b\u0438\u0433\u0440\u044b\u0432\u0430\u0442\u044c \u0443\u0436\u0435 \u0441\u0435\u0439\u0447\u0430\u0441.","breadcrumb":{"@id":"https:\/\/spacemanco.com\/#breadcrumb"},"inLanguage":"ro-RO","potentialAction":[{"@type":"ReadAction","target":["https:\/\/spacemanco.com\/"]}]},{"@type":"BreadcrumbList","@id":"https:\/\/spacemanco.com\/#breadcrumb","itemListElement":[{"@type":"ListItem","position":1,"name":"Home","item":"https:\/\/spacemanco.com\/"},{"@type":"ListItem","position":2,"name":"\u041a\u0440\u0430\u0448 \u0438\u0433\u0440\u0430 Spaceman"}]},{"@type":"WebSite","@id":"https:\/\/spacemanco.com\/#website","url":"https:\/\/spacemanco.com\/","name":"Spaceman","description":"","publisher":{"@id":"https:\/\/spacemanco.com\/#organization"},"potentialAction":[{"@type":"SearchAction","target":{"@type":"EntryPoint","urlTemplate":"https:\/\/spacemanco.com\/?s={search_term_string}"},"query-input":{"@type":"PropertyValueSpecification","valueRequired":true,"valueName":"search_term_string"}}],"inLanguage":"ro-RO"},{"@type":"Organization","@id":"https:\/\/spacemanco.com\/#organization","name":"Spaceman","url":"https:\/\/spacemanco.com\/","logo":{"@type":"ImageObject","inLanguage":"ro-RO","@id":"https:\/\/spacemanco.com\/#\/schema\/logo\/image\/","url":"https:\/\/spacemanco.com\/wp-content\/uploads\/spaceman.png","contentUrl":"https:\/\/spacemanco.com\/wp-content\/uploads\/spaceman.png","width":400,"height":229,"caption":"Spaceman"},"image":{"@id":"https:\/\/spacemanco.com\/#\/schema\/logo\/image\/"}}]}},"_links":{"self":[{"href":"https:\/\/spacemanco.com\/ro\/wp-json\/wp\/v2\/pages\/8","targetHints":{"allow":["GET"]}}],"collection":[{"href":"https:\/\/spacemanco.com\/ro\/wp-json\/wp\/v2\/pages"}],"about":[{"href":"https:\/\/spacemanco.com\/ro\/wp-json\/wp\/v2\/types\/page"}],"author":[{"embeddable":true,"href":"https:\/\/spacemanco.com\/ro\/wp-json\/wp\/v2\/users\/1"}],"replies":[{"embeddable":true,"href":"https:\/\/spacemanco.com\/ro\/wp-json\/wp\/v2\/comments?post=8"}],"version-history":[{"count":42,"href":"https:\/\/spacemanco.com\/ro\/wp-json\/wp\/v2\/pages\/8\/revisions"}],"predecessor-version":[{"id":257,"href":"https:\/\/spacemanco.com\/ro\/wp-json\/wp\/v2\/pages\/8\/revisions\/257"}],"wp:attachment":[{"href":"https:\/\/spacemanco.com\/ro\/wp-json\/wp\/v2\/media?parent=8"}],"curies":[{"name":"wp","href":"https:\/\/api.w.org\/{rel}","templated":true}]}}